{"id":23305,"date":"2025-07-11T19:45:59","date_gmt":"2025-07-12T02:45:59","guid":{"rendered":"https:\/\/gotouchup.com\/?post_type=product&#038;p=23305"},"modified":"2026-04-06T09:38:40","modified_gmt":"2026-04-06T16:38:40","slug":"tesla-touch-up-paint-and-scratch-repair-kit","status":"publish","type":"product","link":"https:\/\/gotouchup.com\/sv\/product\/tesla-touch-up-paint-and-scratch-repair-kit\/","title":{"rendered":"Teslas kit f\u00f6r b\u00e4ttringslack och repreparation"},"content":{"rendered":"<p>Reparationssatsen f\u00f6r reparation av f\u00e4rg och repor f\u00f6r Tesla \u00e4r den ultimata l\u00f6sningen f\u00f6r att fixa mindre repor och nagg. Detta allt-i-ett-kit hj\u00e4lper till att \u00e5terst\u00e4lla din bils ursprungliga finish och ger ett professionellt utseende med l\u00e4tthet.<\/p>\n<p><img fetchpriority=\"high\" decoding=\"async\" class=\"alignnone wp-image-10536 size-large\" src=\"https:\/\/gotouchup.com\/wp-content\/uploads\/2024\/11\/\u786e\u8ba4\u8f66\u8eabGTU-1024x475.jpg\" alt=\"\" width=\"1024\" height=\"475\" srcset=\"https:\/\/gotouchup.com\/wp-content\/uploads\/2024\/11\/\u786e\u8ba4\u8f66\u8eabGTU-1024x475.jpg 1024w, https:\/\/gotouchup.com\/wp-content\/uploads\/2024\/11\/\u786e\u8ba4\u8f66\u8eabGTU-300x139.jpg 300w, https:\/\/gotouchup.com\/wp-content\/uploads\/2024\/11\/\u786e\u8ba4\u8f66\u8eabGTU-768x356.jpg 768w, https:\/\/gotouchup.com\/wp-content\/uploads\/2024\/11\/\u786e\u8ba4\u8f66\u8eabGTU-1536x713.jpg 1536w, https:\/\/gotouchup.com\/wp-content\/uploads\/2024\/11\/\u786e\u8ba4\u8f66\u8eabGTU-1200x557.jpg 1200w, https:\/\/gotouchup.com\/wp-content\/uploads\/2024\/11\/\u786e\u8ba4\u8f66\u8eabGTU-148x69.jpg 148w, https:\/\/gotouchup.com\/wp-content\/uploads\/2024\/11\/\u786e\u8ba4\u8f66\u8eabGTU.jpg 1940w\" sizes=\"(max-width: 1024px) 100vw, 1024px\" \/><\/p>\n<p><strong>Drag:<\/strong><\/p>\n<ul>\n<li><strong>Tesla-matchade f\u00e4rger<\/strong>: S\u00e4kerst\u00e4ller en s\u00f6ml\u00f6s matchning med Teslas fabriksf\u00e4rg.<\/li>\n<li><strong>Komplett kit<\/strong>: Inkluderar kittsatser, elektrisk spruta och slipverktyg f\u00f6r en professionell reparation.<\/li>\n<li><strong>Enkel applikation<\/strong>: Designad f\u00f6r enkel anv\u00e4ndning, \u00e4ven f\u00f6r nyb\u00f6rjare.<\/li>\n<li><strong>L\u00e5ngvarigt skydd<\/strong>: F\u00f6rhindrar rost och bibeh\u00e5ller ett polerat utseende.<\/li>\n<li><strong>B\u00e4rbar och bekv\u00e4m<\/strong>: Kompakt kit, perfekt f\u00f6r snabba reparationer n\u00e4r som helst, var som helst.<\/li>\n<\/ul>\n<p>&nbsp;<\/p>\n<p><strong>Bruksanvisning:<\/strong><\/p>\n<ul>\n<li>Touch Up Paint<\/li>\n<\/ul>\n<p><img decoding=\"async\" src=\"https:\/\/gotouchup.com\/wp-content\/uploads\/products-image\/Audi\/General\/instructions_1.webp\" width=\"700\" \/><\/p>\n<ul>\n<li>B\u00e4ttringssatser f\u00f6r f\u00e4rg och spackel<\/li>\n<\/ul>\n<p><img decoding=\"async\" src=\"https:\/\/gotouchup.com\/wp-content\/uploads\/products-image\/Audi\/General\/instructions_2.webp\" width=\"700\" \/><\/p>\n<ul>\n<li>Touch Up Paint &amp; Electric Sprayer<\/li>\n<\/ul>\n<p><img decoding=\"async\" src=\"https:\/\/gotouchup.com\/wp-content\/uploads\/products-image\/Audi\/General\/instructions_3.webp\" width=\"700\" \/><\/p>\n<p><strong>Notera:<\/strong><\/p>\n<ul>\n<li>Kontrollera f\u00e4rgkoden p\u00e5 flaskan f\u00f6re anv\u00e4ndning f\u00f6r att s\u00e4kerst\u00e4lla att den matchar ditt fordons f\u00e4rgkod.<\/li>\n<li>Skaka b\u00e4ttringspennan kraftigt i minst 30 sekunder f\u00f6re applicering f\u00f6r att s\u00e4kerst\u00e4lla att f\u00e4rgen \u00e4r ordentligt blandad.<\/li>\n<li>Testa f\u00f6rst f\u00e4rgen p\u00e5 ett papper. N\u00e4r den torkat, j\u00e4mf\u00f6r den med din bils f\u00e4rg f\u00f6r att bekr\u00e4fta att den matchar.<\/li>\n<li>Undvik att applicera tjocka lager p\u00e5 en g\u00e5ng. Applicera ist\u00e4llet tunna lager flera g\u00e5nger f\u00f6r att uppn\u00e5 en j\u00e4mnare och j\u00e4mnare finish.<\/li>\n<\/ul>\n<p>&nbsp;<\/p>\n<p><strong>F\u00e4rgkod:<\/strong><\/p>\n<ul>\n<li>PBSB, PMNG, PPSB, PMSS, PPSW, PPMR, PR01, PN01, PR00, PN00, NEU-296E, 4NA8, PX00<\/li>\n<\/ul>\n<p>&nbsp;<\/p>\n<p><strong>Kompatibla fordon:<\/strong><\/p>\n<ul>\n<li>Modell X, Modell S, Modell Y, Modell 3<\/li>\n<\/ul>","protected":false},"excerpt":{"rendered":"<p>Teslas reparationssats f\u00f6r b\u00e4ttringslack och repor \u00e4r den ultimata l\u00f6sningen f\u00f6r att laga mindre repor och stenskott.<\/p>","protected":false},"featured_media":23356,"comment_status":"open","ping_status":"closed","template":"","meta":{"_acf_changed":false,"_monsterinsights_skip_tracking":false,"_monsterinsights_sitenote_active":false,"_monsterinsights_sitenote_note":"","_monsterinsights_sitenote_category":0},"product_brand":[187],"product_cat":[123],"product_tag":[148,133,23191],"class_list":{"0":"post-23305","1":"product","2":"type-product","3":"status-publish","4":"has-post-thumbnail","6":"product_brand-gotouchup","7":"product_cat-touch-up-paint-for-tesla","8":"product_tag-touch-up-paint-for-car","9":"product_tag-tsl","10":"product_tag-universal","11":"tm-has-options","13":"first","14":"instock","15":"shipping-taxable","16":"purchasable","17":"product-type-variable"},"acf":[],"yoast_head":"<!-- This site is optimized with the Yoast SEO Premium plugin v25.7.1 (Yoast SEO v25.7) - https:\/\/yoast.com\/wordpress\/plugins\/seo\/ -->\n<title>Tesla Touch Up Paint and Scratch Repair Kit - GoTouchUp<\/title>\n<meta name=\"robots\" content=\"index, follow, max-snippet:-1, max-image-preview:large, max-video-preview:-1\" \/>\n<link rel=\"canonical\" href=\"https:\/\/gotouchup.com\/sv\/product\/tesla-touch-up-paint-and-scratch-repair-kit\/\" \/>\n<meta property=\"og:locale\" content=\"sv_SE\" \/>\n<meta property=\"og:type\" content=\"article\" \/>\n<meta property=\"og:title\" content=\"Tesla Touch Up Paint and Scratch Repair Kit\" \/>\n<meta property=\"og:description\" content=\"The Touch-Up Paint and Scratch Repair Kit for Tesla is the ultimate solution for fixing minor scratches and chips. This\" \/>\n<meta property=\"og:url\" content=\"https:\/\/gotouchup.com\/sv\/product\/tesla-touch-up-paint-and-scratch-repair-kit\/\" \/>\n<meta property=\"og:site_name\" content=\"GoTouchUp\" \/>\n<meta property=\"article:modified_time\" content=\"2026-04-06T16:38:40+00:00\" \/>\n<meta property=\"og:image\" content=\"https:\/\/gotouchup.com\/wp-content\/uploads\/2025\/07\/1.-MS-BLACK-PBSB.webp\" \/>\n\t<meta property=\"og:image:width\" content=\"1000\" \/>\n\t<meta property=\"og:image:height\" content=\"1000\" \/>\n\t<meta property=\"og:image:type\" content=\"image\/webp\" \/>\n<meta name=\"twitter:card\" content=\"summary_large_image\" \/>\n<meta name=\"twitter:label1\" content=\"Est. reading time\" \/>\n\t<meta name=\"twitter:data1\" content=\"2 minuter\" \/>\n<script type=\"application\/ld+json\" class=\"yoast-schema-graph\">{\"@context\":\"https:\/\/schema.org\",\"@graph\":[{\"@type\":\"WebPage\",\"@id\":\"https:\/\/gotouchup.com\/product\/tesla-touch-up-paint-and-scratch-repair-kit\/\",\"url\":\"https:\/\/gotouchup.com\/product\/tesla-touch-up-paint-and-scratch-repair-kit\/\",\"name\":\"Tesla Touch Up Paint and Scratch Repair Kit - GoTouchUp\",\"isPartOf\":{\"@id\":\"https:\/\/gotouchup.com\/#website\"},\"primaryImageOfPage\":{\"@id\":\"https:\/\/gotouchup.com\/product\/tesla-touch-up-paint-and-scratch-repair-kit\/#primaryimage\"},\"image\":{\"@id\":\"https:\/\/gotouchup.com\/product\/tesla-touch-up-paint-and-scratch-repair-kit\/#primaryimage\"},\"thumbnailUrl\":\"https:\/\/gotouchup.com\/wp-content\/uploads\/2025\/07\/1.-MS-BLACK-PBSB.webp\",\"datePublished\":\"2025-07-12T02:45:59+00:00\",\"dateModified\":\"2026-04-06T16:38:40+00:00\",\"breadcrumb\":{\"@id\":\"https:\/\/gotouchup.com\/product\/tesla-touch-up-paint-and-scratch-repair-kit\/#breadcrumb\"},\"inLanguage\":\"sv-SE\",\"potentialAction\":[{\"@type\":\"ReadAction\",\"target\":[\"https:\/\/gotouchup.com\/product\/tesla-touch-up-paint-and-scratch-repair-kit\/\"]}]},{\"@type\":\"ImageObject\",\"inLanguage\":\"sv-SE\",\"@id\":\"https:\/\/gotouchup.com\/product\/tesla-touch-up-paint-and-scratch-repair-kit\/#primaryimage\",\"url\":\"https:\/\/gotouchup.com\/wp-content\/uploads\/2025\/07\/1.-MS-BLACK-PBSB.webp\",\"contentUrl\":\"https:\/\/gotouchup.com\/wp-content\/uploads\/2025\/07\/1.-MS-BLACK-PBSB.webp\",\"width\":1000,\"height\":1000},{\"@type\":\"BreadcrumbList\",\"@id\":\"https:\/\/gotouchup.com\/product\/tesla-touch-up-paint-and-scratch-repair-kit\/#breadcrumb\",\"itemListElement\":[{\"@type\":\"ListItem\",\"position\":1,\"name\":\"Home\",\"item\":\"https:\/\/gotouchup.com\/\"},{\"@type\":\"ListItem\",\"position\":2,\"name\":\"Shop\",\"item\":\"https:\/\/gotouchup.com\/shop\/\"},{\"@type\":\"ListItem\",\"position\":3,\"name\":\"Tesla Touch Up Paint and Scratch Repair Kit\"}]},{\"@type\":\"WebSite\",\"@id\":\"https:\/\/gotouchup.com\/#website\",\"url\":\"https:\/\/gotouchup.com\/\",\"name\":\"GoTouchUp\",\"description\":\"Revive Your Finish with GoTouchUp\",\"publisher\":{\"@id\":\"https:\/\/gotouchup.com\/#organization\"},\"potentialAction\":[{\"@type\":\"SearchAction\",\"target\":{\"@type\":\"EntryPoint\",\"urlTemplate\":\"https:\/\/gotouchup.com\/?s={search_term_string}\"},\"query-input\":{\"@type\":\"PropertyValueSpecification\",\"valueRequired\":true,\"valueName\":\"search_term_string\"}}],\"inLanguage\":\"sv-SE\"},{\"@type\":\"Organization\",\"@id\":\"https:\/\/gotouchup.com\/#organization\",\"name\":\"GTUSTECH LLC\",\"url\":\"https:\/\/gotouchup.com\/\",\"logo\":{\"@type\":\"ImageObject\",\"inLanguage\":\"sv-SE\",\"@id\":\"https:\/\/gotouchup.com\/#\/schema\/logo\/image\/\",\"url\":\"https:\/\/gotouchup.com\/wp-content\/uploads\/2024\/10\/Asset-1@5x.png\",\"contentUrl\":\"https:\/\/gotouchup.com\/wp-content\/uploads\/2024\/10\/Asset-1@5x.png\",\"width\":1060,\"height\":246,\"caption\":\"GTUSTECH LLC\"},\"image\":{\"@id\":\"https:\/\/gotouchup.com\/#\/schema\/logo\/image\/\"}}]}<\/script>\n<!-- \/ Yoast SEO Premium plugin. -->","yoast_head_json":{"title":"Tesla Touch Up Paint and Scratch Repair Kit - GoTouchUp","robots":{"index":"index","follow":"follow","max-snippet":"max-snippet:-1","max-image-preview":"max-image-preview:large","max-video-preview":"max-video-preview:-1"},"canonical":"https:\/\/gotouchup.com\/sv\/product\/tesla-touch-up-paint-and-scratch-repair-kit\/","og_locale":"sv_SE","og_type":"article","og_title":"Tesla Touch Up Paint and Scratch Repair Kit","og_description":"The Touch-Up Paint and Scratch Repair Kit for Tesla is the ultimate solution for fixing minor scratches and chips. This","og_url":"https:\/\/gotouchup.com\/sv\/product\/tesla-touch-up-paint-and-scratch-repair-kit\/","og_site_name":"GoTouchUp","article_modified_time":"2026-04-06T16:38:40+00:00","og_image":[{"width":1000,"height":1000,"url":"https:\/\/gotouchup.com\/wp-content\/uploads\/2025\/07\/1.-MS-BLACK-PBSB.webp","type":"image\/webp"}],"twitter_card":"summary_large_image","twitter_misc":{"Est. reading time":"2 minuter"},"schema":{"@context":"https:\/\/schema.org","@graph":[{"@type":"WebPage","@id":"https:\/\/gotouchup.com\/product\/tesla-touch-up-paint-and-scratch-repair-kit\/","url":"https:\/\/gotouchup.com\/product\/tesla-touch-up-paint-and-scratch-repair-kit\/","name":"Tesla Touch Up Paint and Scratch Repair Kit - GoTouchUp","isPartOf":{"@id":"https:\/\/gotouchup.com\/#website"},"primaryImageOfPage":{"@id":"https:\/\/gotouchup.com\/product\/tesla-touch-up-paint-and-scratch-repair-kit\/#primaryimage"},"image":{"@id":"https:\/\/gotouchup.com\/product\/tesla-touch-up-paint-and-scratch-repair-kit\/#primaryimage"},"thumbnailUrl":"https:\/\/gotouchup.com\/wp-content\/uploads\/2025\/07\/1.-MS-BLACK-PBSB.webp","datePublished":"2025-07-12T02:45:59+00:00","dateModified":"2026-04-06T16:38:40+00:00","breadcrumb":{"@id":"https:\/\/gotouchup.com\/product\/tesla-touch-up-paint-and-scratch-repair-kit\/#breadcrumb"},"inLanguage":"sv-SE","potentialAction":[{"@type":"ReadAction","target":["https:\/\/gotouchup.com\/product\/tesla-touch-up-paint-and-scratch-repair-kit\/"]}]},{"@type":"ImageObject","inLanguage":"sv-SE","@id":"https:\/\/gotouchup.com\/product\/tesla-touch-up-paint-and-scratch-repair-kit\/#primaryimage","url":"https:\/\/gotouchup.com\/wp-content\/uploads\/2025\/07\/1.-MS-BLACK-PBSB.webp","contentUrl":"https:\/\/gotouchup.com\/wp-content\/uploads\/2025\/07\/1.-MS-BLACK-PBSB.webp","width":1000,"height":1000},{"@type":"BreadcrumbList","@id":"https:\/\/gotouchup.com\/product\/tesla-touch-up-paint-and-scratch-repair-kit\/#breadcrumb","itemListElement":[{"@type":"ListItem","position":1,"name":"Home","item":"https:\/\/gotouchup.com\/"},{"@type":"ListItem","position":2,"name":"Shop","item":"https:\/\/gotouchup.com\/shop\/"},{"@type":"ListItem","position":3,"name":"Tesla Touch Up Paint and Scratch Repair Kit"}]},{"@type":"WebSite","@id":"https:\/\/gotouchup.com\/#website","url":"https:\/\/gotouchup.com\/","name":"GoTouchUp","description":"\u00c5teruppliva din finish med GoTouchUp","publisher":{"@id":"https:\/\/gotouchup.com\/#organization"},"potentialAction":[{"@type":"SearchAction","target":{"@type":"EntryPoint","urlTemplate":"https:\/\/gotouchup.com\/?s={search_term_string}"},"query-input":{"@type":"PropertyValueSpecification","valueRequired":true,"valueName":"search_term_string"}}],"inLanguage":"sv-SE"},{"@type":"Organization","@id":"https:\/\/gotouchup.com\/#organization","name":"GTUSTECH LLC","url":"https:\/\/gotouchup.com\/","logo":{"@type":"ImageObject","inLanguage":"sv-SE","@id":"https:\/\/gotouchup.com\/#\/schema\/logo\/image\/","url":"https:\/\/gotouchup.com\/wp-content\/uploads\/2024\/10\/Asset-1@5x.png","contentUrl":"https:\/\/gotouchup.com\/wp-content\/uploads\/2024\/10\/Asset-1@5x.png","width":1060,"height":246,"caption":"GTUSTECH LLC"},"image":{"@id":"https:\/\/gotouchup.com\/#\/schema\/logo\/image\/"}}]}},"_links":{"self":[{"href":"https:\/\/gotouchup.com\/sv\/wp-json\/wp\/v2\/product\/23305","targetHints":{"allow":["GET"]}}],"collection":[{"href":"https:\/\/gotouchup.com\/sv\/wp-json\/wp\/v2\/product"}],"about":[{"href":"https:\/\/gotouchup.com\/sv\/wp-json\/wp\/v2\/types\/product"}],"replies":[{"embeddable":true,"href":"https:\/\/gotouchup.com\/sv\/wp-json\/wp\/v2\/comments?post=23305"}],"version-history":[{"count":0,"href":"https:\/\/gotouchup.com\/sv\/wp-json\/wp\/v2\/product\/23305\/revisions"}],"wp:featuredmedia":[{"embeddable":true,"href":"https:\/\/gotouchup.com\/sv\/wp-json\/wp\/v2\/media\/23356"}],"wp:attachment":[{"href":"https:\/\/gotouchup.com\/sv\/wp-json\/wp\/v2\/media?parent=23305"}],"wp:term":[{"taxonomy":"product_brand","embeddable":true,"href":"https:\/\/gotouchup.com\/sv\/wp-json\/wp\/v2\/product_brand?post=23305"},{"taxonomy":"product_cat","embeddable":true,"href":"https:\/\/gotouchup.com\/sv\/wp-json\/wp\/v2\/product_cat?post=23305"},{"taxonomy":"product_tag","embeddable":true,"href":"https:\/\/gotouchup.com\/sv\/wp-json\/wp\/v2\/product_tag?post=23305"}],"curies":[{"name":"wp","href":"https:\/\/api.w.org\/{rel}","templated":true}]}}