{"id":19013,"date":"2025-06-25T23:51:31","date_gmt":"2025-06-26T06:51:31","guid":{"rendered":"https:\/\/gotouchup.com\/?post_type=product&#038;p=19013"},"modified":"2025-06-29T21:20:55","modified_gmt":"2025-06-30T04:20:55","slug":"touch-up-paint-and-scratch-repair-kit-for-infiniti-q40","status":"publish","type":"product","link":"https:\/\/gotouchup.com\/sv\/product\/touch-up-paint-and-scratch-repair-kit-for-infiniti-q40\/","title":{"rendered":"Reparationssats f\u00f6r Infiniti Q40, b\u00e4ttringslack och repor"},"content":{"rendered":"<p><strong>The Touch-Up Paint and Scratch Repair Kit for Infiniti Q40 is the ultimate solution for fixing minor scratches and chips. This all-in-one kit restores your vehicle\u2018s original finish with precisely matched factory colors, delivering a seamless repair. Designed for super-easy, low-cost application, it gives your Q40 a professional look with minimal effort\u2014no experience required.<\/strong><\/p>\n<p><strong>Drag:<\/strong><\/p>\n<ul>\n<li><strong>Perfekt f\u00e4rgmatchning:<\/strong> Specifically formulated for the Infiniti Q40, our touch-up paint delivers a precise match to the original factory color, ensuring smooth, seamless repairs with a professional finish. Forget mismatched tones\u2014your Infiniti Q40 will look flawless again.<\/li>\n<li><strong>L\u00e4tt att anv\u00e4nda:<\/strong> Att reparera repor har aldrig varit enklare. Reng\u00f6r bara det drabbade omr\u00e5det, applicera b\u00e4ttringsf\u00e4rgen med den medf\u00f6ljande borsten och l\u00e5t den torka naturligt \u2013 inga specialverktyg eller f\u00e4rdigheter kr\u00e4vs. Med bara n\u00e5gra f\u00e5 enkla steg kommer ditt fordon att \u00e5terf\u00e5 sitt ursprungliga utseende, vilket sparar tid och dyra resor till verkstaden.<\/li>\n<li><strong>Tillverkad f\u00f6r l\u00e5ngvarig h\u00e5llbarhet:<\/strong> V\u00e5r b\u00e4ttringsf\u00e4rg \u00e4r tillverkad med f\u00f6rstklassiga metallpigment och \u00e4r konstruerad f\u00f6r att motst\u00e5 extrema temperaturer och tuffa f\u00f6rh\u00e5llanden \u2013 oavsett om det \u00e4r intensiv v\u00e4rme, iskall kyla eller h\u00f6gtryckstv\u00e4ttar. Dess blekningsbest\u00e4ndiga och flisskyddande formula garanterar en stark bindning som inte flagnar eller lossnar, vilket h\u00e5ller din bils finish fr\u00e4sch och felfri i m\u00e5nga \u00e5r fram\u00f6ver.<\/li>\n<li><strong>L\u00e5ng h\u00e5llbarhet och \u00e5teranv\u00e4ndbar:<\/strong> Tack vare v\u00e5r patenterade f\u00e4rg- och flaskteknik h\u00e5ller varje kit sig fr\u00e4scht och effektivt i upp till 3 \u00e5r. Oavsett om det \u00e4r din f\u00f6rsta repa eller en framtida, kan du \u00e5teranv\u00e4nda samma kit utan att oroa dig f\u00f6r att torka ut eller f\u00f6rlora kvalitet \u2013 du beh\u00f6ver inte k\u00f6pa om varje g\u00e5ng.<\/li>\n<li><strong>Flera kitalternativ:<\/strong> Vi erbjuder ett utbud av reparationskit anpassade f\u00f6r olika grader av skador. F\u00f6r l\u00e4tta ytrepor ger v\u00e5r precisionsreflexpenna snabba och exakta reparationer. F\u00f6r djupare m\u00e4rken kan ett spackelkit hj\u00e4lpa till att fylla i omr\u00e5det f\u00f6r att f\u00f6rb\u00e4ttra reparationsresultatet. Och f\u00f6r st\u00f6rre eller mer synliga repor s\u00e4kerst\u00e4ller v\u00e5rt elektriska spraysystem en j\u00e4mn, professionell t\u00e4ckning.<\/li>\n<\/ul>\n<p><strong>S\u00e5 h\u00e4r hittar du din bils f\u00e4rgkod:<\/strong><\/p>\n<ul>\n<li>Din bils f\u00e4rgkod finns vanligtvis p\u00e5 en tillverkaretikett n\u00e5gonstans p\u00e5 fordonet. Den exakta platsen kan dock variera beroende p\u00e5 m\u00e4rke och model. Se bilden nedan f\u00f6r v\u00e4gledning.<\/li>\n<\/ul>\n<p><img decoding=\"async\" src=\"https:\/\/gotouchup.com\/wp-content\/uploads\/products-image\/Infiniti\/General\/color_code_pos.webp\" width=\"700\" \/><\/p>\n<p><strong>Bruksanvisning:<\/strong><\/p>\n<ul>\n<li>Touch Up Paint<\/li>\n<\/ul>\n<p><img decoding=\"async\" src=\"https:\/\/gotouchup.com\/wp-content\/uploads\/products-image\/Infiniti\/General\/instructions_1.webp\" width=\"700\" \/><\/p>\n<ul>\n<li>B\u00e4ttringssatser f\u00f6r f\u00e4rg och spackel<\/li>\n<\/ul>\n<p><img decoding=\"async\" src=\"https:\/\/gotouchup.com\/wp-content\/uploads\/products-image\/Infiniti\/General\/instructions_2.webp\" width=\"700\" \/><\/p>\n<ul>\n<li>Touch Up Paint &amp; Electric Sprayer<\/li>\n<\/ul>\n<p><img decoding=\"async\" src=\"https:\/\/gotouchup.com\/wp-content\/uploads\/products-image\/Infiniti\/General\/instructions_3.webp\" width=\"700\" \/><\/p>\n<p><strong>Notera:<\/strong><\/p>\n<ul>\n<li>Kontrollera f\u00e4rgkoden p\u00e5 flaskan f\u00f6re anv\u00e4ndning f\u00f6r att s\u00e4kerst\u00e4lla att den matchar ditt fordons f\u00e4rgkod.<\/li>\n<li>Skaka b\u00e4ttringspennan kraftigt i minst 30 sekunder f\u00f6re applicering f\u00f6r att s\u00e4kerst\u00e4lla att f\u00e4rgen \u00e4r ordentligt blandad.<\/li>\n<li>Testa f\u00f6rst f\u00e4rgen p\u00e5 ett papper. N\u00e4r den torkat, j\u00e4mf\u00f6r den med din bils f\u00e4rg f\u00f6r att bekr\u00e4fta att den matchar.<\/li>\n<li>Undvik att applicera tjocka lager p\u00e5 en g\u00e5ng. Applicera ist\u00e4llet tunna lager flera g\u00e5nger f\u00f6r att uppn\u00e5 en j\u00e4mnare och j\u00e4mnare finish.<\/li>\n<\/ul>","protected":false},"excerpt":{"rendered":"<p>The Touch-Up Paint and Scratch Repair Kit for Infiniti Q40 is the ultimate solution for fixing minor scratches and chips.<\/p>","protected":false},"featured_media":19039,"comment_status":"open","ping_status":"closed","template":"","meta":{"_acf_changed":false,"_monsterinsights_skip_tracking":false,"_monsterinsights_sitenote_active":false,"_monsterinsights_sitenote_note":"","_monsterinsights_sitenote_category":0},"product_brand":[187],"product_cat":[11611],"product_tag":[11612,11631,148],"class_list":{"0":"post-19013","1":"product","2":"type-product","3":"status-publish","4":"has-post-thumbnail","6":"product_brand-gotouchup","7":"product_cat-touch-up-paint-for-infiniti","8":"product_tag-infiniti","9":"product_tag-q40","10":"product_tag-touch-up-paint-for-car","11":"tm-has-options","13":"first","14":"instock","15":"shipping-taxable","16":"purchasable","17":"product-type-variable"},"acf":[],"yoast_head":"<!-- This site is optimized with the Yoast SEO Premium plugin v25.7.1 (Yoast SEO v25.7) - https:\/\/yoast.com\/wordpress\/plugins\/seo\/ -->\n<title>Touch Up Paint and Scratch Repair Kit for Infiniti Q40 - GoTouchUp<\/title>\n<meta name=\"robots\" content=\"index, follow, max-snippet:-1, max-image-preview:large, max-video-preview:-1\" \/>\n<link rel=\"canonical\" href=\"https:\/\/gotouchup.com\/sv\/product\/touch-up-paint-and-scratch-repair-kit-for-infiniti-q40\/\" \/>\n<meta property=\"og:locale\" content=\"sv_SE\" \/>\n<meta property=\"og:type\" content=\"article\" \/>\n<meta property=\"og:title\" content=\"Touch Up Paint and Scratch Repair Kit for Infiniti Q40\" \/>\n<meta property=\"og:description\" content=\"The Touch-Up Paint and Scratch Repair Kit for Infiniti Q40 is the ultimate solution for fixing minor scratches and chips.\" \/>\n<meta property=\"og:url\" content=\"https:\/\/gotouchup.com\/sv\/product\/touch-up-paint-and-scratch-repair-kit-for-infiniti-q40\/\" \/>\n<meta property=\"og:site_name\" content=\"GoTouchUp\" \/>\n<meta property=\"article:modified_time\" content=\"2025-06-30T04:20:55+00:00\" \/>\n<meta property=\"og:image\" content=\"https:\/\/gotouchup.com\/wp-content\/uploads\/2025\/06\/GTU-AB-INFINITI-K23-SET1-Q40.webp\" \/>\n\t<meta property=\"og:image:width\" content=\"1000\" \/>\n\t<meta property=\"og:image:height\" content=\"1000\" \/>\n\t<meta property=\"og:image:type\" content=\"image\/webp\" \/>\n<meta name=\"twitter:card\" content=\"summary_large_image\" \/>\n<meta name=\"twitter:label1\" content=\"Est. reading time\" \/>\n\t<meta name=\"twitter:data1\" content=\"4 minuter\" \/>\n<script type=\"application\/ld+json\" class=\"yoast-schema-graph\">{\"@context\":\"https:\/\/schema.org\",\"@graph\":[{\"@type\":\"WebPage\",\"@id\":\"https:\/\/gotouchup.com\/product\/touch-up-paint-and-scratch-repair-kit-for-infiniti-q40\/\",\"url\":\"https:\/\/gotouchup.com\/product\/touch-up-paint-and-scratch-repair-kit-for-infiniti-q40\/\",\"name\":\"Touch Up Paint and Scratch Repair Kit for Infiniti Q40 - GoTouchUp\",\"isPartOf\":{\"@id\":\"https:\/\/gotouchup.com\/#website\"},\"primaryImageOfPage\":{\"@id\":\"https:\/\/gotouchup.com\/product\/touch-up-paint-and-scratch-repair-kit-for-infiniti-q40\/#primaryimage\"},\"image\":{\"@id\":\"https:\/\/gotouchup.com\/product\/touch-up-paint-and-scratch-repair-kit-for-infiniti-q40\/#primaryimage\"},\"thumbnailUrl\":\"https:\/\/gotouchup.com\/wp-content\/uploads\/2025\/06\/GTU-AB-INFINITI-K23-SET1-Q40.webp\",\"datePublished\":\"2025-06-26T06:51:31+00:00\",\"dateModified\":\"2025-06-30T04:20:55+00:00\",\"breadcrumb\":{\"@id\":\"https:\/\/gotouchup.com\/product\/touch-up-paint-and-scratch-repair-kit-for-infiniti-q40\/#breadcrumb\"},\"inLanguage\":\"sv-SE\",\"potentialAction\":[{\"@type\":\"ReadAction\",\"target\":[\"https:\/\/gotouchup.com\/product\/touch-up-paint-and-scratch-repair-kit-for-infiniti-q40\/\"]}]},{\"@type\":\"ImageObject\",\"inLanguage\":\"sv-SE\",\"@id\":\"https:\/\/gotouchup.com\/product\/touch-up-paint-and-scratch-repair-kit-for-infiniti-q40\/#primaryimage\",\"url\":\"https:\/\/gotouchup.com\/wp-content\/uploads\/2025\/06\/GTU-AB-INFINITI-K23-SET1-Q40.webp\",\"contentUrl\":\"https:\/\/gotouchup.com\/wp-content\/uploads\/2025\/06\/GTU-AB-INFINITI-K23-SET1-Q40.webp\",\"width\":1000,\"height\":1000},{\"@type\":\"BreadcrumbList\",\"@id\":\"https:\/\/gotouchup.com\/product\/touch-up-paint-and-scratch-repair-kit-for-infiniti-q40\/#breadcrumb\",\"itemListElement\":[{\"@type\":\"ListItem\",\"position\":1,\"name\":\"Home\",\"item\":\"https:\/\/gotouchup.com\/\"},{\"@type\":\"ListItem\",\"position\":2,\"name\":\"Shop\",\"item\":\"https:\/\/gotouchup.com\/shop\/\"},{\"@type\":\"ListItem\",\"position\":3,\"name\":\"Touch Up Paint and Scratch Repair Kit for Infiniti Q40\"}]},{\"@type\":\"WebSite\",\"@id\":\"https:\/\/gotouchup.com\/#website\",\"url\":\"https:\/\/gotouchup.com\/\",\"name\":\"GoTouchUp\",\"description\":\"Revive Your Finish with GoTouchUp\",\"publisher\":{\"@id\":\"https:\/\/gotouchup.com\/#organization\"},\"potentialAction\":[{\"@type\":\"SearchAction\",\"target\":{\"@type\":\"EntryPoint\",\"urlTemplate\":\"https:\/\/gotouchup.com\/?s={search_term_string}\"},\"query-input\":{\"@type\":\"PropertyValueSpecification\",\"valueRequired\":true,\"valueName\":\"search_term_string\"}}],\"inLanguage\":\"sv-SE\"},{\"@type\":\"Organization\",\"@id\":\"https:\/\/gotouchup.com\/#organization\",\"name\":\"GTUSTECH LLC\",\"url\":\"https:\/\/gotouchup.com\/\",\"logo\":{\"@type\":\"ImageObject\",\"inLanguage\":\"sv-SE\",\"@id\":\"https:\/\/gotouchup.com\/#\/schema\/logo\/image\/\",\"url\":\"https:\/\/gotouchup.com\/wp-content\/uploads\/2024\/10\/Asset-1@5x.png\",\"contentUrl\":\"https:\/\/gotouchup.com\/wp-content\/uploads\/2024\/10\/Asset-1@5x.png\",\"width\":1060,\"height\":246,\"caption\":\"GTUSTECH LLC\"},\"image\":{\"@id\":\"https:\/\/gotouchup.com\/#\/schema\/logo\/image\/\"}}]}<\/script>\n<!-- \/ Yoast SEO Premium plugin. -->","yoast_head_json":{"title":"Touch Up Paint and Scratch Repair Kit for Infiniti Q40 - GoTouchUp","robots":{"index":"index","follow":"follow","max-snippet":"max-snippet:-1","max-image-preview":"max-image-preview:large","max-video-preview":"max-video-preview:-1"},"canonical":"https:\/\/gotouchup.com\/sv\/product\/touch-up-paint-and-scratch-repair-kit-for-infiniti-q40\/","og_locale":"sv_SE","og_type":"article","og_title":"Touch Up Paint and Scratch Repair Kit for Infiniti Q40","og_description":"The Touch-Up Paint and Scratch Repair Kit for Infiniti Q40 is the ultimate solution for fixing minor scratches and chips.","og_url":"https:\/\/gotouchup.com\/sv\/product\/touch-up-paint-and-scratch-repair-kit-for-infiniti-q40\/","og_site_name":"GoTouchUp","article_modified_time":"2025-06-30T04:20:55+00:00","og_image":[{"width":1000,"height":1000,"url":"https:\/\/gotouchup.com\/wp-content\/uploads\/2025\/06\/GTU-AB-INFINITI-K23-SET1-Q40.webp","type":"image\/webp"}],"twitter_card":"summary_large_image","twitter_misc":{"Est. reading time":"4 minuter"},"schema":{"@context":"https:\/\/schema.org","@graph":[{"@type":"WebPage","@id":"https:\/\/gotouchup.com\/product\/touch-up-paint-and-scratch-repair-kit-for-infiniti-q40\/","url":"https:\/\/gotouchup.com\/product\/touch-up-paint-and-scratch-repair-kit-for-infiniti-q40\/","name":"Touch Up Paint and Scratch Repair Kit for Infiniti Q40 - GoTouchUp","isPartOf":{"@id":"https:\/\/gotouchup.com\/#website"},"primaryImageOfPage":{"@id":"https:\/\/gotouchup.com\/product\/touch-up-paint-and-scratch-repair-kit-for-infiniti-q40\/#primaryimage"},"image":{"@id":"https:\/\/gotouchup.com\/product\/touch-up-paint-and-scratch-repair-kit-for-infiniti-q40\/#primaryimage"},"thumbnailUrl":"https:\/\/gotouchup.com\/wp-content\/uploads\/2025\/06\/GTU-AB-INFINITI-K23-SET1-Q40.webp","datePublished":"2025-06-26T06:51:31+00:00","dateModified":"2025-06-30T04:20:55+00:00","breadcrumb":{"@id":"https:\/\/gotouchup.com\/product\/touch-up-paint-and-scratch-repair-kit-for-infiniti-q40\/#breadcrumb"},"inLanguage":"sv-SE","potentialAction":[{"@type":"ReadAction","target":["https:\/\/gotouchup.com\/product\/touch-up-paint-and-scratch-repair-kit-for-infiniti-q40\/"]}]},{"@type":"ImageObject","inLanguage":"sv-SE","@id":"https:\/\/gotouchup.com\/product\/touch-up-paint-and-scratch-repair-kit-for-infiniti-q40\/#primaryimage","url":"https:\/\/gotouchup.com\/wp-content\/uploads\/2025\/06\/GTU-AB-INFINITI-K23-SET1-Q40.webp","contentUrl":"https:\/\/gotouchup.com\/wp-content\/uploads\/2025\/06\/GTU-AB-INFINITI-K23-SET1-Q40.webp","width":1000,"height":1000},{"@type":"BreadcrumbList","@id":"https:\/\/gotouchup.com\/product\/touch-up-paint-and-scratch-repair-kit-for-infiniti-q40\/#breadcrumb","itemListElement":[{"@type":"ListItem","position":1,"name":"Home","item":"https:\/\/gotouchup.com\/"},{"@type":"ListItem","position":2,"name":"Shop","item":"https:\/\/gotouchup.com\/shop\/"},{"@type":"ListItem","position":3,"name":"Touch Up Paint and Scratch Repair Kit for Infiniti Q40"}]},{"@type":"WebSite","@id":"https:\/\/gotouchup.com\/#website","url":"https:\/\/gotouchup.com\/","name":"GoTouchUp","description":"\u00c5teruppliva din finish med GoTouchUp","publisher":{"@id":"https:\/\/gotouchup.com\/#organization"},"potentialAction":[{"@type":"SearchAction","target":{"@type":"EntryPoint","urlTemplate":"https:\/\/gotouchup.com\/?s={search_term_string}"},"query-input":{"@type":"PropertyValueSpecification","valueRequired":true,"valueName":"search_term_string"}}],"inLanguage":"sv-SE"},{"@type":"Organization","@id":"https:\/\/gotouchup.com\/#organization","name":"GTUSTECH LLC","url":"https:\/\/gotouchup.com\/","logo":{"@type":"ImageObject","inLanguage":"sv-SE","@id":"https:\/\/gotouchup.com\/#\/schema\/logo\/image\/","url":"https:\/\/gotouchup.com\/wp-content\/uploads\/2024\/10\/Asset-1@5x.png","contentUrl":"https:\/\/gotouchup.com\/wp-content\/uploads\/2024\/10\/Asset-1@5x.png","width":1060,"height":246,"caption":"GTUSTECH LLC"},"image":{"@id":"https:\/\/gotouchup.com\/#\/schema\/logo\/image\/"}}]}},"_links":{"self":[{"href":"https:\/\/gotouchup.com\/sv\/wp-json\/wp\/v2\/product\/19013","targetHints":{"allow":["GET"]}}],"collection":[{"href":"https:\/\/gotouchup.com\/sv\/wp-json\/wp\/v2\/product"}],"about":[{"href":"https:\/\/gotouchup.com\/sv\/wp-json\/wp\/v2\/types\/product"}],"replies":[{"embeddable":true,"href":"https:\/\/gotouchup.com\/sv\/wp-json\/wp\/v2\/comments?post=19013"}],"version-history":[{"count":0,"href":"https:\/\/gotouchup.com\/sv\/wp-json\/wp\/v2\/product\/19013\/revisions"}],"wp:featuredmedia":[{"embeddable":true,"href":"https:\/\/gotouchup.com\/sv\/wp-json\/wp\/v2\/media\/19039"}],"wp:attachment":[{"href":"https:\/\/gotouchup.com\/sv\/wp-json\/wp\/v2\/media?parent=19013"}],"wp:term":[{"taxonomy":"product_brand","embeddable":true,"href":"https:\/\/gotouchup.com\/sv\/wp-json\/wp\/v2\/product_brand?post=19013"},{"taxonomy":"product_cat","embeddable":true,"href":"https:\/\/gotouchup.com\/sv\/wp-json\/wp\/v2\/product_cat?post=19013"},{"taxonomy":"product_tag","embeddable":true,"href":"https:\/\/gotouchup.com\/sv\/wp-json\/wp\/v2\/product_tag?post=19013"}],"curies":[{"name":"wp","href":"https:\/\/api.w.org\/{rel}","templated":true}]}}