{"id":16262,"date":"2025-05-14T01:35:38","date_gmt":"2025-05-14T08:35:38","guid":{"rendered":"https:\/\/gotouchup.com\/?post_type=product&#038;p=16262"},"modified":"2025-06-20T22:58:19","modified_gmt":"2025-06-21T05:58:19","slug":"touch-up-paint-and-scratch-repair-kit-for-toyota-crown-signia","status":"publish","type":"product","link":"https:\/\/gotouchup.com\/pl\/product\/touch-up-paint-and-scratch-repair-kit-for-toyota-crown-signia\/","title":{"rendered":"Zestaw do naprawy lakieru i zarysowa\u0144 dla Toyota Crown Signia"},"content":{"rendered":"<p><strong>Zestaw do naprawy lakieru i zarysowa\u0144 do Toyota Crown Signia to najlepsze rozwi\u0105zanie do naprawy drobnych zarysowa\u0144 i odprysk\u00f3w. Ten uniwersalny zestaw przywraca oryginalne wyko\u0144czenie pojazdu za pomoc\u0105 precyzyjnie dopasowanych kolor\u00f3w fabrycznych, zapewniaj\u0105c bezproblemow\u0105 napraw\u0119. Zaprojektowany do super\u0142atwej, niedrogiej aplikacji, nadaje Twojemu Crown Signia profesjonalny wygl\u0105d przy minimalnym wysi\u0142ku \u2014 nie wymaga do\u015bwiadczenia.<\/strong><\/p>\n<p><strong>Cechy:<\/strong><\/p>\n<ul>\n<li><strong>Idealne dopasowanie kolor\u00f3w:<\/strong> Specjalnie opracowana dla Toyota Crown Signia, nasza farba poprawkowa zapewnia dok\u0142adne dopasowanie do oryginalnego koloru fabrycznego, zapewniaj\u0105c g\u0142adkie, bezproblemowe naprawy z profesjonalnym wyko\u0144czeniem. Zapomnij o niedopasowanych odcieniach \u2014 Twoja Toyota Crown Signia zn\u00f3w b\u0119dzie wygl\u0105da\u0107 nieskazitelnie.<\/li>\n<li><strong>\u0141atwy w u\u017cyciu:<\/strong> Naprawa zarysowa\u0144 nigdy nie by\u0142a \u0142atwiejsza. Wystarczy oczy\u015bci\u0107 uszkodzony obszar, na\u0142o\u017cy\u0107 farb\u0119 poprawkow\u0105 za pomoc\u0105 do\u0142\u0105czonego p\u0119dzla i pozwoli\u0107 jej wyschn\u0105\u0107 naturalnie \u2014 nie s\u0105 wymagane \u017cadne specjalne narz\u0119dzia ani umiej\u0119tno\u015bci. W zaledwie kilku prostych krokach Tw\u00f3j pojazd odzyska sw\u00f3j pierwotny wygl\u0105d, oszcz\u0119dzaj\u0105c Ci czasu i kosztownych wizyt w warsztacie blacharskim.<\/li>\n<li><strong>Zaprojektowane z my\u015bl\u0105 o d\u0142ugotrwa\u0142ej trwa\u0142o\u015bci:<\/strong> Wykonana z najwy\u017cszej jako\u015bci pigment\u00f3w metalicznych, nasza farba poprawkowa jest zaprojektowana tak, aby wytrzyma\u0107 ekstremalne temperatury i trudne warunki \u2014 czy to intensywne ciep\u0142o, mr\u00f3z, czy mycie samochodu pod wysokim ci\u015bnieniem. Jej odporna na blakni\u0119cie i odpryskiwanie formu\u0142a zapewnia mocne wi\u0105zanie, kt\u00f3re nie b\u0119dzie si\u0119 \u0142uszczy\u0107 ani odpryskiwa\u0107, dzi\u0119ki czemu wyko\u0144czenie Twojego pojazdu b\u0119dzie wygl\u0105da\u0107 \u015bwie\u017co i nieskazitelnie przez wiele lat.<\/li>\n<li><strong>D\u0142ugi okres przydatno\u015bci do spo\u017cycia i mo\u017cliwo\u015b\u0107 ponownego u\u017cycia:<\/strong> Dzi\u0119ki naszej opatentowanej technologii farb i butelek ka\u017cdy zestaw pozostaje \u015bwie\u017cy i skuteczny przez okres do 3 lat. Niezale\u017cnie od tego, czy jest to Twoje pierwsze zadrapanie, czy kolejne, mo\u017cesz ponownie u\u017cy\u0107 tego samego zestawu, nie martwi\u0105c si\u0119 o wyschni\u0119cie lub utrat\u0119 jako\u015bci \u2014 nie ma potrzeby ponownego zakupu za ka\u017cdym razem.<\/li>\n<li><strong>R\u00f3\u017cne opcje zestawu:<\/strong> Oferujemy szereg zestaw\u00f3w naprawczych dostosowanych do r\u00f3\u017cnych poziom\u00f3w uszkodze\u0144. W przypadku lekkich zarysowa\u0144 powierzchniowych nasz precyzyjny pisak do poprawek zapewnia szybkie i dok\u0142adne naprawy. W przypadku g\u0142\u0119bszych \u015blad\u00f3w zestaw szpachli mo\u017ce pom\u00f3c wype\u0142ni\u0107 obszar, aby poprawi\u0107 rezultaty naprawy. A w przypadku wi\u0119kszych lub bardziej widocznych zarysowa\u0144 nasz elektryczny system natryskowy zapewnia g\u0142adkie, profesjonalne pokrycie.<\/li>\n<\/ul>\n<p><strong>Jak znale\u017a\u0107 kod lakieru swojego pojazdu:<\/strong><\/p>\n<ul>\n<li>Kod lakieru Twojego samochodu zazwyczaj znajduje si\u0119 na etykiecie producenta gdzie\u015b na poje\u017adzie. Jednak dok\u0142adna lokalizacja mo\u017ce si\u0119 r\u00f3\u017cni\u0107 w zale\u017cno\u015bci od marki i model. Zapoznaj si\u0119 z poni\u017cszym obrazkiem, aby uzyska\u0107 wskaz\u00f3wki.<\/li>\n<\/ul>\n<p><img decoding=\"async\" src=\"https:\/\/gotouchup.com\/wp-content\/uploads\/products-image\/Toyota\/General\/color_code_pos.webp\" width=\"700\" \/><\/p>\n<p><strong>Instrukcja u\u017cytkowania:<\/strong><\/p>\n<ul>\n<li>Lakier do poprawek<\/li>\n<\/ul>\n<p><img decoding=\"async\" src=\"https:\/\/gotouchup.com\/wp-content\/uploads\/products-image\/Toyota\/General\/instructions_1.webp\" width=\"700\" \/><\/p>\n<ul>\n<li>Zestawy do poprawek lakierniczych i szpachli<\/li>\n<\/ul>\n<p><img decoding=\"async\" src=\"https:\/\/gotouchup.com\/wp-content\/uploads\/products-image\/Toyota\/General\/instructions_2.webp\" width=\"700\" \/><\/p>\n<ul>\n<li>Lakier do poprawek i elektryczny opryskiwacz<\/li>\n<\/ul>\n<p><img decoding=\"async\" src=\"https:\/\/gotouchup.com\/wp-content\/uploads\/products-image\/Toyota\/General\/instructions_3.webp\" width=\"700\" \/><\/p>\n<p><strong>Notatka:<\/strong><\/p>\n<ul>\n<li>Przed u\u017cyciem sprawd\u017a kod koloru na butelce, aby upewni\u0107 si\u0119, \u017ce jest zgodny z kodem koloru Twojego pojazdu.<\/li>\n<li>Przed u\u017cyciem wstrz\u0105\u015bnij energicznie pisakiem przez co najmniej 30 sekund, aby mie\u0107 pewno\u015b\u0107, \u017ce farba zosta\u0142a dok\u0142adnie wymieszana.<\/li>\n<li>Najpierw przetestuj farb\u0119 na kawa\u0142ku papieru. Gdy wyschnie, por\u00f3wnaj j\u0105 z kolorem swojego samochodu, aby potwierdzi\u0107 zgodno\u015b\u0107.<\/li>\n<li>Unikaj nak\u0142adania grubych warstw na raz. Zamiast tego nak\u0142adaj cienkie warstwy wielokrotnie, aby uzyska\u0107 g\u0142adsze i bardziej r\u00f3wnomierne wyko\u0144czenie.<\/li>\n<\/ul>","protected":false},"excerpt":{"rendered":"<p>Zestaw do naprawy lakieru i zarysowa\u0144 do Toyoty Crown Signia to najlepsze rozwi\u0105zanie do usuwania drobnych zarysowa\u0144 i<\/p>","protected":false},"featured_media":16278,"comment_status":"open","ping_status":"closed","template":"","meta":{"_acf_changed":false,"_monsterinsights_skip_tracking":false,"_monsterinsights_sitenote_active":false,"_monsterinsights_sitenote_note":"","_monsterinsights_sitenote_category":0},"product_brand":[187],"product_cat":[145],"product_tag":[188,148,146],"class_list":{"0":"post-16262","1":"product","2":"type-product","3":"status-publish","4":"has-post-thumbnail","6":"product_brand-gotouchup","7":"product_cat-touch-up-paint-for-toyota","8":"product_tag-crown-signia","9":"product_tag-touch-up-paint-for-car","10":"product_tag-toyota","11":"tm-has-options","13":"first","14":"instock","15":"shipping-taxable","16":"purchasable","17":"product-type-variable"},"acf":[],"yoast_head":"<!-- This site is optimized with the Yoast SEO Premium plugin v25.7.1 (Yoast SEO v25.7) - https:\/\/yoast.com\/wordpress\/plugins\/seo\/ -->\n<title>Touch Up Paint and Scratch Repair Kit for Toyota Crown Signia - GoTouchUp<\/title>\n<meta name=\"robots\" content=\"index, follow, max-snippet:-1, max-image-preview:large, max-video-preview:-1\" \/>\n<link rel=\"canonical\" href=\"https:\/\/gotouchup.com\/pl\/product\/touch-up-paint-and-scratch-repair-kit-for-toyota-crown-signia\/\" \/>\n<meta property=\"og:locale\" content=\"pl_PL\" \/>\n<meta property=\"og:type\" content=\"article\" \/>\n<meta property=\"og:title\" content=\"Touch Up Paint and Scratch Repair Kit for Toyota Crown Signia\" \/>\n<meta property=\"og:description\" content=\"The Touch-Up Paint and Scratch Repair Kit for Toyota Crown Signia is the ultimate solution for fixing minor scratches and\" \/>\n<meta property=\"og:url\" content=\"https:\/\/gotouchup.com\/pl\/product\/touch-up-paint-and-scratch-repair-kit-for-toyota-crown-signia\/\" \/>\n<meta property=\"og:site_name\" content=\"GoTouchUp\" \/>\n<meta property=\"article:modified_time\" content=\"2025-06-21T05:58:19+00:00\" \/>\n<meta property=\"og:image\" content=\"https:\/\/gotouchup.com\/wp-content\/uploads\/2025\/05\/GTU-AB-TOYOTA-202-SET1-CROWN_SIGNIA.webp\" \/>\n\t<meta property=\"og:image:width\" content=\"1000\" \/>\n\t<meta property=\"og:image:height\" content=\"1000\" \/>\n\t<meta property=\"og:image:type\" content=\"image\/webp\" \/>\n<meta name=\"twitter:card\" content=\"summary_large_image\" \/>\n<meta name=\"twitter:label1\" content=\"Est. reading time\" \/>\n\t<meta name=\"twitter:data1\" content=\"4 minuty\" \/>\n<script type=\"application\/ld+json\" class=\"yoast-schema-graph\">{\"@context\":\"https:\/\/schema.org\",\"@graph\":[{\"@type\":\"WebPage\",\"@id\":\"https:\/\/gotouchup.com\/product\/touch-up-paint-and-scratch-repair-kit-for-toyota-crown-signia\/\",\"url\":\"https:\/\/gotouchup.com\/product\/touch-up-paint-and-scratch-repair-kit-for-toyota-crown-signia\/\",\"name\":\"Touch Up Paint and Scratch Repair Kit for Toyota Crown Signia - GoTouchUp\",\"isPartOf\":{\"@id\":\"https:\/\/gotouchup.com\/#website\"},\"primaryImageOfPage\":{\"@id\":\"https:\/\/gotouchup.com\/product\/touch-up-paint-and-scratch-repair-kit-for-toyota-crown-signia\/#primaryimage\"},\"image\":{\"@id\":\"https:\/\/gotouchup.com\/product\/touch-up-paint-and-scratch-repair-kit-for-toyota-crown-signia\/#primaryimage\"},\"thumbnailUrl\":\"https:\/\/gotouchup.com\/wp-content\/uploads\/2025\/05\/GTU-AB-TOYOTA-202-SET1-CROWN_SIGNIA.webp\",\"datePublished\":\"2025-05-14T08:35:38+00:00\",\"dateModified\":\"2025-06-21T05:58:19+00:00\",\"breadcrumb\":{\"@id\":\"https:\/\/gotouchup.com\/product\/touch-up-paint-and-scratch-repair-kit-for-toyota-crown-signia\/#breadcrumb\"},\"inLanguage\":\"pl-PL\",\"potentialAction\":[{\"@type\":\"ReadAction\",\"target\":[\"https:\/\/gotouchup.com\/product\/touch-up-paint-and-scratch-repair-kit-for-toyota-crown-signia\/\"]}]},{\"@type\":\"ImageObject\",\"inLanguage\":\"pl-PL\",\"@id\":\"https:\/\/gotouchup.com\/product\/touch-up-paint-and-scratch-repair-kit-for-toyota-crown-signia\/#primaryimage\",\"url\":\"https:\/\/gotouchup.com\/wp-content\/uploads\/2025\/05\/GTU-AB-TOYOTA-202-SET1-CROWN_SIGNIA.webp\",\"contentUrl\":\"https:\/\/gotouchup.com\/wp-content\/uploads\/2025\/05\/GTU-AB-TOYOTA-202-SET1-CROWN_SIGNIA.webp\",\"width\":1000,\"height\":1000},{\"@type\":\"BreadcrumbList\",\"@id\":\"https:\/\/gotouchup.com\/product\/touch-up-paint-and-scratch-repair-kit-for-toyota-crown-signia\/#breadcrumb\",\"itemListElement\":[{\"@type\":\"ListItem\",\"position\":1,\"name\":\"Home\",\"item\":\"https:\/\/gotouchup.com\/\"},{\"@type\":\"ListItem\",\"position\":2,\"name\":\"Shop\",\"item\":\"https:\/\/gotouchup.com\/shop\/\"},{\"@type\":\"ListItem\",\"position\":3,\"name\":\"Touch Up Paint and Scratch Repair Kit for Toyota Crown Signia\"}]},{\"@type\":\"WebSite\",\"@id\":\"https:\/\/gotouchup.com\/#website\",\"url\":\"https:\/\/gotouchup.com\/\",\"name\":\"GoTouchUp\",\"description\":\"Revive Your Finish with GoTouchUp\",\"publisher\":{\"@id\":\"https:\/\/gotouchup.com\/#organization\"},\"potentialAction\":[{\"@type\":\"SearchAction\",\"target\":{\"@type\":\"EntryPoint\",\"urlTemplate\":\"https:\/\/gotouchup.com\/?s={search_term_string}\"},\"query-input\":{\"@type\":\"PropertyValueSpecification\",\"valueRequired\":true,\"valueName\":\"search_term_string\"}}],\"inLanguage\":\"pl-PL\"},{\"@type\":\"Organization\",\"@id\":\"https:\/\/gotouchup.com\/#organization\",\"name\":\"GTUSTECH LLC\",\"url\":\"https:\/\/gotouchup.com\/\",\"logo\":{\"@type\":\"ImageObject\",\"inLanguage\":\"pl-PL\",\"@id\":\"https:\/\/gotouchup.com\/#\/schema\/logo\/image\/\",\"url\":\"https:\/\/gotouchup.com\/wp-content\/uploads\/2024\/10\/Asset-1@5x.png\",\"contentUrl\":\"https:\/\/gotouchup.com\/wp-content\/uploads\/2024\/10\/Asset-1@5x.png\",\"width\":1060,\"height\":246,\"caption\":\"GTUSTECH LLC\"},\"image\":{\"@id\":\"https:\/\/gotouchup.com\/#\/schema\/logo\/image\/\"}}]}<\/script>\n<!-- \/ Yoast SEO Premium plugin. -->","yoast_head_json":{"title":"Zestaw do naprawy lakieru i zarysowa\u0144 do Toyoty Crown Signia - GoTouchUp","robots":{"index":"index","follow":"follow","max-snippet":"max-snippet:-1","max-image-preview":"max-image-preview:large","max-video-preview":"max-video-preview:-1"},"canonical":"https:\/\/gotouchup.com\/pl\/product\/touch-up-paint-and-scratch-repair-kit-for-toyota-crown-signia\/","og_locale":"pl_PL","og_type":"article","og_title":"Touch Up Paint and Scratch Repair Kit for Toyota Crown Signia","og_description":"The Touch-Up Paint and Scratch Repair Kit for Toyota Crown Signia is the ultimate solution for fixing minor scratches and","og_url":"https:\/\/gotouchup.com\/pl\/product\/touch-up-paint-and-scratch-repair-kit-for-toyota-crown-signia\/","og_site_name":"GoTouchUp","article_modified_time":"2025-06-21T05:58:19+00:00","og_image":[{"width":1000,"height":1000,"url":"https:\/\/gotouchup.com\/wp-content\/uploads\/2025\/05\/GTU-AB-TOYOTA-202-SET1-CROWN_SIGNIA.webp","type":"image\/webp"}],"twitter_card":"summary_large_image","twitter_misc":{"Est. reading time":"4 minuty"},"schema":{"@context":"https:\/\/schema.org","@graph":[{"@type":"WebPage","@id":"https:\/\/gotouchup.com\/product\/touch-up-paint-and-scratch-repair-kit-for-toyota-crown-signia\/","url":"https:\/\/gotouchup.com\/product\/touch-up-paint-and-scratch-repair-kit-for-toyota-crown-signia\/","name":"Zestaw do naprawy lakieru i zarysowa\u0144 do Toyoty Crown Signia - GoTouchUp","isPartOf":{"@id":"https:\/\/gotouchup.com\/#website"},"primaryImageOfPage":{"@id":"https:\/\/gotouchup.com\/product\/touch-up-paint-and-scratch-repair-kit-for-toyota-crown-signia\/#primaryimage"},"image":{"@id":"https:\/\/gotouchup.com\/product\/touch-up-paint-and-scratch-repair-kit-for-toyota-crown-signia\/#primaryimage"},"thumbnailUrl":"https:\/\/gotouchup.com\/wp-content\/uploads\/2025\/05\/GTU-AB-TOYOTA-202-SET1-CROWN_SIGNIA.webp","datePublished":"2025-05-14T08:35:38+00:00","dateModified":"2025-06-21T05:58:19+00:00","breadcrumb":{"@id":"https:\/\/gotouchup.com\/product\/touch-up-paint-and-scratch-repair-kit-for-toyota-crown-signia\/#breadcrumb"},"inLanguage":"pl-PL","potentialAction":[{"@type":"ReadAction","target":["https:\/\/gotouchup.com\/product\/touch-up-paint-and-scratch-repair-kit-for-toyota-crown-signia\/"]}]},{"@type":"ImageObject","inLanguage":"pl-PL","@id":"https:\/\/gotouchup.com\/product\/touch-up-paint-and-scratch-repair-kit-for-toyota-crown-signia\/#primaryimage","url":"https:\/\/gotouchup.com\/wp-content\/uploads\/2025\/05\/GTU-AB-TOYOTA-202-SET1-CROWN_SIGNIA.webp","contentUrl":"https:\/\/gotouchup.com\/wp-content\/uploads\/2025\/05\/GTU-AB-TOYOTA-202-SET1-CROWN_SIGNIA.webp","width":1000,"height":1000},{"@type":"BreadcrumbList","@id":"https:\/\/gotouchup.com\/product\/touch-up-paint-and-scratch-repair-kit-for-toyota-crown-signia\/#breadcrumb","itemListElement":[{"@type":"ListItem","position":1,"name":"Home","item":"https:\/\/gotouchup.com\/"},{"@type":"ListItem","position":2,"name":"Shop","item":"https:\/\/gotouchup.com\/shop\/"},{"@type":"ListItem","position":3,"name":"Touch Up Paint and Scratch Repair Kit for Toyota Crown Signia"}]},{"@type":"WebSite","@id":"https:\/\/gotouchup.com\/#website","url":"https:\/\/gotouchup.com\/","name":"GoTouchUp","description":"Od\u015bwie\u017c swoje wyko\u0144czenie dzi\u0119ki GoTouchUp","publisher":{"@id":"https:\/\/gotouchup.com\/#organization"},"potentialAction":[{"@type":"SearchAction","target":{"@type":"EntryPoint","urlTemplate":"https:\/\/gotouchup.com\/?s={search_term_string}"},"query-input":{"@type":"PropertyValueSpecification","valueRequired":true,"valueName":"search_term_string"}}],"inLanguage":"pl-PL"},{"@type":"Organization","@id":"https:\/\/gotouchup.com\/#organization","name":"GTUSTECH Sp. z o.o.","url":"https:\/\/gotouchup.com\/","logo":{"@type":"ImageObject","inLanguage":"pl-PL","@id":"https:\/\/gotouchup.com\/#\/schema\/logo\/image\/","url":"https:\/\/gotouchup.com\/wp-content\/uploads\/2024\/10\/Asset-1@5x.png","contentUrl":"https:\/\/gotouchup.com\/wp-content\/uploads\/2024\/10\/Asset-1@5x.png","width":1060,"height":246,"caption":"GTUSTECH LLC"},"image":{"@id":"https:\/\/gotouchup.com\/#\/schema\/logo\/image\/"}}]}},"_links":{"self":[{"href":"https:\/\/gotouchup.com\/pl\/wp-json\/wp\/v2\/product\/16262","targetHints":{"allow":["GET"]}}],"collection":[{"href":"https:\/\/gotouchup.com\/pl\/wp-json\/wp\/v2\/product"}],"about":[{"href":"https:\/\/gotouchup.com\/pl\/wp-json\/wp\/v2\/types\/product"}],"replies":[{"embeddable":true,"href":"https:\/\/gotouchup.com\/pl\/wp-json\/wp\/v2\/comments?post=16262"}],"version-history":[{"count":0,"href":"https:\/\/gotouchup.com\/pl\/wp-json\/wp\/v2\/product\/16262\/revisions"}],"wp:featuredmedia":[{"embeddable":true,"href":"https:\/\/gotouchup.com\/pl\/wp-json\/wp\/v2\/media\/16278"}],"wp:attachment":[{"href":"https:\/\/gotouchup.com\/pl\/wp-json\/wp\/v2\/media?parent=16262"}],"wp:term":[{"taxonomy":"product_brand","embeddable":true,"href":"https:\/\/gotouchup.com\/pl\/wp-json\/wp\/v2\/product_brand?post=16262"},{"taxonomy":"product_cat","embeddable":true,"href":"https:\/\/gotouchup.com\/pl\/wp-json\/wp\/v2\/product_cat?post=16262"},{"taxonomy":"product_tag","embeddable":true,"href":"https:\/\/gotouchup.com\/pl\/wp-json\/wp\/v2\/product_tag?post=16262"}],"curies":[{"name":"wp","href":"https:\/\/api.w.org\/{rel}","templated":true}]}}