{"id":3,"date":"2024-10-16T10:03:22","date_gmt":"2024-10-16T10:03:22","guid":{"rendered":"https:\/\/gotouchup.com\/?page_id=3"},"modified":"2024-11-05T19:49:02","modified_gmt":"2024-11-06T03:49:02","slug":"privacy-policy","status":"publish","type":"page","link":"https:\/\/gotouchup.com\/it\/privacy-policy\/","title":{"rendered":"politica sulla riservatezza"},"content":{"rendered":"<h3 class=\"wp-block-heading\"><strong>Politica sulla riservatezza<\/strong><\/h3>\n\n\n\n<p>Si prega di leggere la presente informativa sulla privacy (<strong>&quot;Politica&quot;<\/strong>) attentamente per comprendere come utilizzeremo e proteggeremo le tue informazioni personali. La presente Informativa sulla privacy si applica alle informazioni che raccogliamo su di te nei nostri negozi, tramite i nostri siti Web e applicazioni mobili e ovunque interagiamo con te. Utilizzando uno qualsiasi dei nostri siti Web, applicazioni mobili o condividendo le tue informazioni con noi, accetti e acconsenti alle pratiche descritte nella presente Informativa sulla privacy.<\/p>\n\n\n\n<p>Questa politica si applica a&nbsp;<strong>gotouchup.com<\/strong>&nbsp;sito web (il \u201c<a href=\"https:\/\/www.zalap.com\/\">Sito web<\/a>&#8220;).&nbsp;<\/p>\n\n\n\n<h3 class=\"wp-block-heading\" id=\"pp-sources\">Fonti di informazioni personali<\/h3>\n\n\n\n<p>Raccogliamo informazioni dalle seguenti fonti:<\/p>\n\n\n\n<p>Raccogliamo informazioni direttamente da te<em>.<\/em>&nbsp;Raccogliamo informazioni di contatto e demografiche direttamente da te. Raccogliamo anche informazioni di pagamento da te.<\/p>\n\n\n\n<p>Raccogliamo informazioni su di te da terze parti<em>.<\/em>&nbsp;Raccogliamo le tue informazioni personali da terze parti, come siti di social media e cooperative di dati. Utilizziamo il servizio Google Maps sui nostri siti Web e potremmo utilizzare il servizio Google Maps e altri servizi per raccogliere dati di geolocalizzazione. Utilizziamo queste informazioni per creare una maggiore facilit\u00e0 d&#039;uso nel nostro checkout, incluso per suggerire il tuo indirizzo di spedizione e fatturazione o per aiutarti a trovare il punto vendita pi\u00f9 vicino. Il servizio Google Maps \u00e8 regolato dall&#039;informativa sulla privacy di Google disponibile all&#039;indirizzo&nbsp;<a href=\"https:\/\/www.google.com\/policies\/privacy\" target=\"_blank\" rel=\"noreferrer noopener\">www.google.com\/policies\/privacy<\/a>. Potremmo raccogliere le tue informazioni identificative da Facebook, in conformit\u00e0 con i loro termini di utilizzo e la loro politica sulla privacy. Acquistiamo e scambiamo informazioni di contatto, informazioni demografiche, informazioni commerciali e attivit\u00e0 Internet ed elettroniche con cooperative di dati e altri aggregatori di dati di terze parti.<\/p>\n\n\n\n<p>Raccogliamo informazioni da te in modo passivo. Raccogliamo attivit\u00e0 Internet o altre attivit\u00e0 elettroniche in modo passivo utilizzando strumenti come i cookie del browser. Questa attivit\u00e0 \u00e8 descritta pi\u00f9 dettagliatamente nella sezione Pubblicit\u00e0 e monitoraggio online di seguito.<\/p>\n\n\n\n<h3 class=\"wp-block-heading\">Combinazione di informazioni<\/h3>\n\n\n\n<p>Potremmo combinare le informazioni che ci fornisci online, nei nostri negozi o tramite i nostri cataloghi. Potremmo anche combinare tali informazioni con informazioni disponibili al pubblico e informazioni che riceviamo da o con riferimenti incrociati con terze parti. Utilizziamo tali informazioni combinate per migliorare e personalizzare la tua esperienza di acquisto con noi, per comunicare direttamente con te sui nostri prodotti ed eventi che potrebbero interessarti e per altri scopi promozionali e commerciali.<\/p>\n\n\n\n<h3 class=\"wp-block-heading\">Categorie e tipi di informazioni personali che raccogliamo<\/h3>\n\n\n\n<p>Raccogliamo le seguenti categorie e tipologie di informazioni personali:<\/p>\n\n\n\n<ul class=\"wp-block-list\">\n<li>Informazioni di contatto: nome e cognome, indirizzo postale, indirizzo e-mail e numero di telefono;<\/li>\n\n\n\n<li>Altre informazioni identificative: indirizzo IP, nomi utente dei social media, password e altre informazioni di sicurezza per l&#039;autenticazione e l&#039;accesso;<\/li>\n\n\n\n<li>Informazioni finanziarie: informazioni sulla carta di credito, sulla carta di debito e sul conto bancario;<\/li>\n\n\n\n<li>Informazioni demografiche: sesso, et\u00e0, informazioni sull&#039;occupazione e informazioni sullo stipendio;<\/li>\n\n\n\n<li>Dati di geolocalizzazione;<\/li>\n\n\n\n<li>Attivit\u00e0 Internet o altre attivit\u00e0 elettroniche: la cronologia di navigazione e di clic, comprese informazioni su come navighi all&#039;interno dei nostri servizi e quali elementi dei nostri servizi utilizzi di pi\u00f9;<\/li>\n\n\n\n<li>Informazioni commerciali: prodotti acquistati o visionati sul nostro sito web;<\/li>\n\n\n\n<li>Informazioni audio e visive: i tuoi video e le tue foto<\/li>\n\n\n\n<li>Inferenze tratte dalle categorie descritte sopra per creare un profilo su di te che rifletta le tue preferenze, caratteristiche, comportamento e atteggiamento.<\/li>\n<\/ul>\n\n\n\n<h3 class=\"wp-block-heading\"><strong>Come utilizziamo le tue informazioni?<\/strong><\/h3>\n\n\n\n<p>Il nostro obiettivo principale nel raccogliere le tue informazioni \u00e8 di fornirti un&#039;esperienza personalizzata, pertinente e positiva con questo sito Web. Utilizziamo le informazioni personali che fornisci su te stesso, ad esempio, quando effettui un ordine per il Servizio. GoTouchUp non vender\u00e0, affitter\u00e0 o ceder\u00e0 in leasing le tue informazioni personali ad altri, se non nella misura necessaria per soddisfare il tuo ordine per il Servizio, per fornirti altri servizi o come stabilito in questa politica. GoTouchUp non vender\u00e0 le informazioni di contatto degli utenti e non utilizzer\u00e0 le informazioni personali o le immagini degli utenti per la pubblicit\u00e0 senza il consenso dell&#039;utente.<br><br>Informazioni che ci fornisci. Utilizzeremo queste informazioni per adempiere ai nostri obblighi derivanti da qualsiasi contratto stipulato tra te e noi e per fornirti le informazioni, i prodotti e i servizi che ci richiedi. Potremmo condividere le tue informazioni con partner commerciali, fornitori e subappaltatori per l&#039;esecuzione di qualsiasi contratto stipulato con loro o con te.<br><br>Informazioni che raccogliamo su di te. Utilizzeremo parti pseudonimizzate e\/o aggregate delle tue informazioni:<br>per amministrare il Sito Web e per operazioni interne, tra cui analisi dei dati, test, ricerche, scopi statistici e di sondaggio; per migliorare il Sito Web per garantire che il contenuto sia presentato nel modo pi\u00f9 efficace per te e per il tuo computer; e come parte dei nostri sforzi per mantenere il Sito Web sicuro e protetto.<\/p>\n\n\n\n<p>Ti chiediamo, a meno che non venga espressamente richiesto, di non inviarci e di non divulgare alcuna informazione personale sensibile (ad esempio, numeri di previdenza sociale, informazioni relative all&#039;origine razziale o etnica, opinioni politiche, religione o altre convinzioni, salute, dati biometrici o caratteristiche genetiche, precedenti penali o appartenenza sindacale) sul sito web o tramite esso o in altro modo.<br><br>Potremmo combinare i dati personali raccolti su questo sito Web con altre informazioni che ci hai fornito tramite altre fonti o con informazioni non personali che abbiamo raccolto automaticamente su questo sito Web (come ulteriormente descritto nella presente informativa).<br><br>Utilizziamo il tuo indirizzo email per rispondere alle email che riceviamo da te e per fornire aggiornamenti sullo stato del Servizio. Non condivideremo il tuo indirizzo email con terze parti, salvo quanto stabilito nella presente politica.<br><br>Web beacon di terze parti. Potremmo utilizzare web beacon di terze parti per raccogliere dati non identificabili e\/o pseudonimizzati per analizzare dove vanno i visitatori e cosa fanno mentre visitano il nostro sito Web, dati non identificabili che potrebbero essere condivisi con terze parti. Potremmo anche utilizzare dati non identificabili e\/o pseudonimizzati sulle tue visite a questo e ad altri siti Web per migliorare i nostri prodotti e servizi e fornire beni e servizi che potrebbero interessarti.<br><br>Richiediamo a tutte le terze parti con cui condividiamo dati identificabili di trattare i tuoi dati personali in modo del tutto confidenziale e di rispettare pienamente tutte le leggi e i regolamenti sulla privacy applicabili.<br><br>Potremmo divulgare le tue informazioni personali a terzi:<br>Se veniamo acquisiti da una terza parte, in tal caso i dati personali in nostro possesso sui nostri clienti saranno una delle attivit\u00e0 trasferite.<br>Se sostanzialmente tutti i nostri asset venissero acquisiti da una terza parte, in tal caso i dati personali in nostro possesso sui nostri clienti potrebbero essere uno degli asset trasferiti.<br>Se siamo tenuti a divulgare o condividere i tuoi dati personali per ottemperare a qualsiasi obbligo legale, o per far rispettare o applicare i nostri termini di utilizzo del sito web o i termini e le condizioni di fornitura e altri accordi; o per proteggere i diritti, la propriet\u00e0 o la sicurezza nostri, dei nostri clienti o di altri.<br><br>Opting-in per le email promozionali. Puoi registrarti su questo sito Web per ricevere promozioni e aggiornamenti su nuovi prodotti e servizi, o per essere contattato per scopi di ricerca di mercato. Le informazioni di contatto che invii non saranno utilizzate per questi scopi a meno che tu non &quot;opti&quot; specificamente. Puoi controllare le tue preferenze sulla privacy per quanto riguarda tali comunicazioni di marketing.<br><br>Concorsi e lotterie. Di tanto in tanto, potresti essere invitato a partecipare a sondaggi o concorsi facoltativi per i clienti e GoTouchUp potrebbe richiederti di fornire alcune o tutte le informazioni personali sopra elencate in tali sondaggi o concorsi. Utilizziamo le informazioni raccolte tramite concorsi per contattare i vincitori e assegnare i premi. La tua partecipazione ai concorsi potrebbe anche farti scegliere di ricevere comunicazioni tramite newsletter, da cui puoi annullare l&#039;iscrizione in qualsiasi momento. Utilizziamo inoltre le informazioni raccolte dai sondaggi per conoscere i nostri clienti al fine di migliorare i nostri servizi e sviluppare nuovi prodotti e servizi di interesse per i nostri clienti.<br><br>GoTouchUp utilizza indirizzi IP, cookie, clear gif, rilevamento del browser e weblog per offrire un&#039;esperienza migliore su questo Sito e per fornirci informazioni commerciali utili. Anche tecnologie di terze parti come i cookie possono essere utilizzate per gli stessi scopi.<br><br>GoTouchUp pu\u00f2 anche stipulare contratti con terze parti non affiliate per fornire servizi per il Sito, come software per le funzionalit\u00e0 del Sito, comunicazioni con i clienti, lotterie e assegnazione di premi, analisi e valutazione delle informazioni che raccogliamo e altri servizi. Quando lo facciamo, possiamo fornire le tue informazioni di identificazione personale a terze parti solo per fornire tali servizi e non sono autorizzate a utilizzare le tue informazioni di identificazione personale per nessun altro scopo.<\/p>\n\n\n\n<h3 class=\"wp-block-heading\">Il nostro impegno per la sicurezza dei dati<\/h3>\n\n\n\n<p>L&#039;accesso ai tuoi dati \u00e8 limitato al personale autorizzato di GoTouchUp e ai venditori e limitato da meccanismi di protezione tramite password. Elaboriamo tutti gli ordini di Servizio su un server sicuro che crittografa tutte le informazioni finanziarie tramite Secure Sockets Layer (SSL). Sebbene la sicurezza totale non esista su Internet, GoTouchUp compir\u00e0 sforzi commercialmente ragionevoli per salvaguardare le informazioni che invii a GoTouchUp. Non memorizzeremo le informazioni della tua carta di credito nel nostro database a meno che tu non ci fornisca tali informazioni per l&#039;uso con il Servizio. I numeri di carta di credito vengono utilizzati solo per l&#039;elaborazione dei pagamenti e per nessun altro scopo.<\/p>\n\n\n\n<h3 class=\"wp-block-heading\">I tuoi diritti sul trattamento dei dati<\/h3>\n\n\n\n<p>Adottiamo misure ragionevoli per garantire che le informazioni personali che raccogliamo da te siano accurate, complete e aggiornate. Puoi richiedere l&#039;accesso alle tue informazioni personali e richiedere che le informazioni personali errate o inaccurate vengano aggiornate. Puoi anche richiedere che le tue informazioni personali e il tuo account del sito Web vengano eliminati. Puoi invocare questi diritti contattandoci via e-mail all&#039;indirizzo support@gotouchup.com. Risponderemo prontamente alle tue richieste in conformit\u00e0 con la legge applicabile. Per la tua protezione, potremmo implementare solo richieste relative alle informazioni personali associate all&#039;indirizzo e-mail che utilizzi per inviarci la tua richiesta e potremmo dover verificare la tua identit\u00e0 prima di implementare la tua richiesta. Potremmo rifiutarci di elaborare richieste che mettono a repentaglio la privacy di altri, sono estremamente poco pratiche o ci costringerebbero a intraprendere azioni non consentite dalle leggi applicabili. Inoltre, come consentito dalle leggi applicabili, potremmo dover conservare determinate informazioni personali per un periodo pi\u00f9 lungo per scopi di archiviazione, come la conservazione dei registri relativi ai tuoi acquisti per scopi di garanzia o contabili.<\/p>\n\n\n\n<h3 class=\"wp-block-heading\">Come posso rimuovere le mie informazioni dagli elenchi di posta elettronica, telefonici e postali?<\/h3>\n\n\n\n<p>Vogliamo comunicare con te solo se vuoi avere nostre notizie. Se preferisci non ricevere informazioni da noi, faccelo sapere in qualsiasi momento tramite e-mail o posta ordinaria, oppure utilizzando il link &quot;opt-out&quot; fornito in fondo a ogni e-mail promozionale. Se ci contatti tramite e-mail o posta ordinaria, assicurati di includere il tuo indirizzo e-mail e il tuo nome completo.<br><br>Inoltre, se ci chiedi di rimuovere il tuo nome e indirizzo dalla nostra mailing list o dalla nostra mailing list postale, dovremo mantenere il tuo nome in un file &quot;da non contattare&quot; per garantire che possiamo soddisfare la tua richiesta.<\/p>\n\n\n\n<h3 class=\"wp-block-heading\">Che dire dei link ad altri siti web e servizi?<\/h3>\n\n\n\n<p>Il sito Web potrebbe contenere link ad altri siti che non sono sotto il nostro controllo. Questi siti Web hanno le proprie policy in materia di privacy. Dovresti esaminare tali policy prima di visitare i siti Web. Non abbiamo alcuna responsabilit\u00e0 per i siti Web collegati e forniamo questi link esclusivamente per la comodit\u00e0 e l&#039;informazione dei nostri visitatori.<\/p>\n\n\n\n<h3 class=\"wp-block-heading\">Non tracciare<\/h3>\n\n\n\n<p>Hai la possibilit\u00e0 di abilitare le impostazioni del tuo browser su &quot;Non tracciare&quot;. In questo modo invii un segnale a siti web, reti pubblicitarie e provider di plug-in sulle tue preferenze di navigazione. Questo sito web al momento non risponde al segnale del browser &quot;Non tracciare&quot;.<\/p>\n\n\n\n<h3 class=\"wp-block-heading\" id=\"pp-cookies\">Biscotti<\/h3>\n\n\n\n<p>Quando visiti i nostri siti web, inviamo uno o pi\u00f9 cookie al tuo computer o altro dispositivo. Potremmo anche utilizzare cookie e altre tecnologie simili nelle e-mail che ricevi da noi. Un cookie \u00e8 un piccolo file di dati che viene inserito sul disco rigido del tuo computer quando visiti un sito web. Un cookie di sessione scade immediatamente quando termini la sessione (ad esempio, chiudi il browser). Un cookie persistente memorizza le informazioni sul disco rigido, quindi quando termini la sessione e torni allo stesso sito web in un secondo momento, le informazioni del cookie sono ancora disponibili. Utilizziamo i cookie per migliorare la qualit\u00e0 del nostro servizio quando visiti il nostro sito web e altri siti web di tuo interesse. Utilizziamo inoltre i cookie per ricordarci chi sei, adattare i nostri prodotti, servizi e pubblicit\u00e0 in base ai tuoi interessi personali e a quelli di altri, stimare le dimensioni del nostro pubblico, aiutare i nostri commercianti online a tracciare le visite e le vendite sui nostri siti web e a elaborare il tuo ordine, tracciare il tuo stato nelle nostre promozioni, concorsi e lotterie e\/o analizzare i tuoi modelli di visita e interazione e-mail.<\/p>\n\n\n\n<p>Se desideri rinunciare del tutto all&#039;accettazione dei cookie, puoi generalmente impostare il tuo browser in modo che non accetti i cookie o che ti avvisi quando ti viene inviato un cookie, dandoti la possibilit\u00e0 di decidere se accettarlo o meno. Tuttavia, alcune funzionalit\u00e0 dei nostri siti Web o di altri servizi potrebbero non funzionare se elimini o disabiliti i cookie.<\/p>\n\n\n\n<p>Utilizziamo Google Analytics sui nostri siti web per raccogliere dati di utilizzo, per analizzare come gli utenti utilizzano i siti web e per fornirti pubblicit\u00e0 su altri siti web. Per maggiori informazioni su come rinunciare all&#039;utilizzo delle tue informazioni da parte di Google Analytics, visita&nbsp;<a href=\"https:\/\/tools.google.com\/dlpage\/gaoptout\/\" target=\"_blank\" rel=\"noreferrer noopener\">https:\/\/tools.google.com\/dlpage\/gaoptout\/<\/a>.<\/p>\n\n\n\n<p>Le presenti Condizioni d&#039;uso sulla privacy e tutti gli accordi separati tramite i quali le forniamo saranno disciplinati e interpretati in conformit\u00e0 alle leggi degli Stati Uniti.<\/p>\n\n\n\n<h3 class=\"wp-block-heading\">Conformit\u00e0 al GDPR<\/h3>\n\n\n\n<p>In GoTouchUp, ci impegniamo a rispettare il Regolamento generale sulla protezione dei dati (GDPR) per proteggere la privacy e i dati personali dei nostri clienti dell&#039;Unione Europea (UE). Se ti trovi nell&#039;UE, hai diritti specifici in merito ai tuoi dati personali ai sensi del GDPR, tra cui:<\/p>\n\n\n\n<p>Diritto di accesso: hai il diritto di richiedere l&#039;accesso ai tuoi dati personali che conserviamo ed elaboriamo.<br>Diritto di rettifica: puoi richiedere la correzione di eventuali dati personali inesatti o incompleti che conserviamo su di te.<br>Diritto alla cancellazione: puoi richiedere la cancellazione dei tuoi dati personali, a condizione che non siano pi\u00f9 necessari per le finalit\u00e0 per le quali sono stati raccolti o se revochi il consenso.<br>Diritto alla limitazione del trattamento: puoi chiederci di limitare il modo in cui utilizziamo i tuoi dati in determinate situazioni.<br>Diritto alla portabilit\u00e0 dei dati: puoi richiedere una copia dei tuoi dati personali in un formato strutturato e leggibile da dispositivo automatico e di trasferirli a un altro titolare del trattamento.<br>Diritto di opposizione: puoi opporti al trattamento dei tuoi dati personali in determinate circostanze, ad esempio nel caso di marketing diretto.<\/p>\n\n\n\n<p>Elaboriamo i tuoi dati in base a interessi legittimi o al tuo consenso e adottiamo tutte le misure di sicurezza appropriate per salvaguardare le tue informazioni. Se hai domande su come vengono gestiti i tuoi dati o se desideri esercitare uno qualsiasi dei tuoi diritti, ti preghiamo di contattarci all&#039;indirizzo support@gotouchup.com.<\/p>\n\n\n\n<p>Se ritieni che i tuoi diritti sui dati siano stati violati, hai anche il diritto di presentare un reclamo all&#039;autorit\u00e0 locale per la protezione dei dati.<\/p>\n\n\n\n<h3 class=\"wp-block-heading\"><strong>Contatto<\/strong><\/h3>\n\n\n\n<p>Se hai domande sulla nostra politica sulla privacy, puoi sempre contattare il nostro servizio clienti tramite&nbsp;<strong>supporto@gotouchup.com<\/strong>.<\/p>\n\n\n\n<p><\/p>","protected":false},"excerpt":{"rendered":"<p>Informativa sulla privacy Si prega di leggere attentamente la presente informativa sulla privacy (&quot;Informativa&quot;) per comprendere come utilizzeremo e proteggeremo le vostre informazioni personali.<\/p>","protected":false},"author":1,"featured_media":0,"parent":0,"menu_order":0,"comment_status":"closed","ping_status":"open","template":"","meta":{"_acf_changed":false,"_monsterinsights_skip_tracking":false,"_monsterinsights_sitenote_active":false,"_monsterinsights_sitenote_note":"","_monsterinsights_sitenote_category":0,"footnotes":""},"class_list":["post-3","page","type-page","status-publish","hentry"],"acf":[],"yoast_head":"<!-- This site is optimized with the Yoast SEO Premium plugin v25.7.1 (Yoast SEO v25.7) - https:\/\/yoast.com\/wordpress\/plugins\/seo\/ -->\n<title>Privacy Policy - GoTouchUp<\/title>\n<meta name=\"robots\" content=\"index, follow, max-snippet:-1, max-image-preview:large, max-video-preview:-1\" \/>\n<link rel=\"canonical\" href=\"https:\/\/gotouchup.com\/it\/privacy-policy\/\" \/>\n<meta property=\"og:locale\" content=\"it_IT\" \/>\n<meta property=\"og:type\" content=\"article\" \/>\n<meta property=\"og:title\" content=\"Privacy Policy\" \/>\n<meta property=\"og:description\" content=\"Privacy policy Please read this privacy policy (&#8220;Policy&#8221;) carefully to understand how we will use and protect your personal information.&nbsp;This\" \/>\n<meta property=\"og:url\" content=\"https:\/\/gotouchup.com\/it\/privacy-policy\/\" \/>\n<meta property=\"og:site_name\" content=\"GoTouchUp\" \/>\n<meta property=\"article:modified_time\" content=\"2024-11-06T03:49:02+00:00\" \/>\n<meta name=\"twitter:card\" content=\"summary_large_image\" \/>\n<meta name=\"twitter:label1\" content=\"Est. reading time\" \/>\n\t<meta name=\"twitter:data1\" content=\"11 minuti\" \/>\n<script type=\"application\/ld+json\" class=\"yoast-schema-graph\">{\"@context\":\"https:\/\/schema.org\",\"@graph\":[{\"@type\":\"WebPage\",\"@id\":\"https:\/\/gotouchup.com\/privacy-policy\/\",\"url\":\"https:\/\/gotouchup.com\/privacy-policy\/\",\"name\":\"Privacy Policy - GoTouchUp\",\"isPartOf\":{\"@id\":\"https:\/\/gotouchup.com\/#website\"},\"datePublished\":\"2024-10-16T10:03:22+00:00\",\"dateModified\":\"2024-11-06T03:49:02+00:00\",\"breadcrumb\":{\"@id\":\"https:\/\/gotouchup.com\/privacy-policy\/#breadcrumb\"},\"inLanguage\":\"it-IT\",\"potentialAction\":[{\"@type\":\"ReadAction\",\"target\":[\"https:\/\/gotouchup.com\/privacy-policy\/\"]}]},{\"@type\":\"BreadcrumbList\",\"@id\":\"https:\/\/gotouchup.com\/privacy-policy\/#breadcrumb\",\"itemListElement\":[{\"@type\":\"ListItem\",\"position\":1,\"name\":\"Home\",\"item\":\"https:\/\/gotouchup.com\/\"},{\"@type\":\"ListItem\",\"position\":2,\"name\":\"Privacy Policy\"}]},{\"@type\":\"WebSite\",\"@id\":\"https:\/\/gotouchup.com\/#website\",\"url\":\"https:\/\/gotouchup.com\/\",\"name\":\"GoTouchUp\",\"description\":\"Revive Your Finish with GoTouchUp\",\"publisher\":{\"@id\":\"https:\/\/gotouchup.com\/#organization\"},\"potentialAction\":[{\"@type\":\"SearchAction\",\"target\":{\"@type\":\"EntryPoint\",\"urlTemplate\":\"https:\/\/gotouchup.com\/?s={search_term_string}\"},\"query-input\":{\"@type\":\"PropertyValueSpecification\",\"valueRequired\":true,\"valueName\":\"search_term_string\"}}],\"inLanguage\":\"it-IT\"},{\"@type\":\"Organization\",\"@id\":\"https:\/\/gotouchup.com\/#organization\",\"name\":\"GTUSTECH LLC\",\"url\":\"https:\/\/gotouchup.com\/\",\"logo\":{\"@type\":\"ImageObject\",\"inLanguage\":\"it-IT\",\"@id\":\"https:\/\/gotouchup.com\/#\/schema\/logo\/image\/\",\"url\":\"https:\/\/gotouchup.com\/wp-content\/uploads\/2024\/10\/Asset-1@5x.png\",\"contentUrl\":\"https:\/\/gotouchup.com\/wp-content\/uploads\/2024\/10\/Asset-1@5x.png\",\"width\":1060,\"height\":246,\"caption\":\"GTUSTECH LLC\"},\"image\":{\"@id\":\"https:\/\/gotouchup.com\/#\/schema\/logo\/image\/\"}}]}<\/script>\n<!-- \/ Yoast SEO Premium plugin. -->","yoast_head_json":{"title":"Informativa sulla privacy - GoTouchUp","robots":{"index":"index","follow":"follow","max-snippet":"max-snippet:-1","max-image-preview":"max-image-preview:large","max-video-preview":"max-video-preview:-1"},"canonical":"https:\/\/gotouchup.com\/it\/privacy-policy\/","og_locale":"it_IT","og_type":"article","og_title":"Privacy Policy","og_description":"Privacy policy Please read this privacy policy (&#8220;Policy&#8221;) carefully to understand how we will use and protect your personal information.&nbsp;This","og_url":"https:\/\/gotouchup.com\/it\/privacy-policy\/","og_site_name":"GoTouchUp","article_modified_time":"2024-11-06T03:49:02+00:00","twitter_card":"summary_large_image","twitter_misc":{"Est. reading time":"11 minuti"},"schema":{"@context":"https:\/\/schema.org","@graph":[{"@type":"WebPage","@id":"https:\/\/gotouchup.com\/privacy-policy\/","url":"https:\/\/gotouchup.com\/privacy-policy\/","name":"Informativa sulla privacy - GoTouchUp","isPartOf":{"@id":"https:\/\/gotouchup.com\/#website"},"datePublished":"2024-10-16T10:03:22+00:00","dateModified":"2024-11-06T03:49:02+00:00","breadcrumb":{"@id":"https:\/\/gotouchup.com\/privacy-policy\/#breadcrumb"},"inLanguage":"it-IT","potentialAction":[{"@type":"ReadAction","target":["https:\/\/gotouchup.com\/privacy-policy\/"]}]},{"@type":"BreadcrumbList","@id":"https:\/\/gotouchup.com\/privacy-policy\/#breadcrumb","itemListElement":[{"@type":"ListItem","position":1,"name":"Home","item":"https:\/\/gotouchup.com\/"},{"@type":"ListItem","position":2,"name":"Privacy Policy"}]},{"@type":"WebSite","@id":"https:\/\/gotouchup.com\/#website","url":"https:\/\/gotouchup.com\/","name":"VaiRitocca","description":"Ravviva la tua finitura con GoTouchUp","publisher":{"@id":"https:\/\/gotouchup.com\/#organization"},"potentialAction":[{"@type":"SearchAction","target":{"@type":"EntryPoint","urlTemplate":"https:\/\/gotouchup.com\/?s={search_term_string}"},"query-input":{"@type":"PropertyValueSpecification","valueRequired":true,"valueName":"search_term_string"}}],"inLanguage":"it-IT"},{"@type":"Organization","@id":"https:\/\/gotouchup.com\/#organization","name":"GTUSTECH LLC","url":"https:\/\/gotouchup.com\/","logo":{"@type":"ImageObject","inLanguage":"it-IT","@id":"https:\/\/gotouchup.com\/#\/schema\/logo\/image\/","url":"https:\/\/gotouchup.com\/wp-content\/uploads\/2024\/10\/Asset-1@5x.png","contentUrl":"https:\/\/gotouchup.com\/wp-content\/uploads\/2024\/10\/Asset-1@5x.png","width":1060,"height":246,"caption":"GTUSTECH LLC"},"image":{"@id":"https:\/\/gotouchup.com\/#\/schema\/logo\/image\/"}}]}},"_links":{"self":[{"href":"https:\/\/gotouchup.com\/it\/wp-json\/wp\/v2\/pages\/3","targetHints":{"allow":["GET"]}}],"collection":[{"href":"https:\/\/gotouchup.com\/it\/wp-json\/wp\/v2\/pages"}],"about":[{"href":"https:\/\/gotouchup.com\/it\/wp-json\/wp\/v2\/types\/page"}],"author":[{"embeddable":true,"href":"https:\/\/gotouchup.com\/it\/wp-json\/wp\/v2\/users\/1"}],"replies":[{"embeddable":true,"href":"https:\/\/gotouchup.com\/it\/wp-json\/wp\/v2\/comments?post=3"}],"version-history":[{"count":0,"href":"https:\/\/gotouchup.com\/it\/wp-json\/wp\/v2\/pages\/3\/revisions"}],"wp:attachment":[{"href":"https:\/\/gotouchup.com\/it\/wp-json\/wp\/v2\/media?parent=3"}],"curies":[{"name":"parola chiave","href":"https:\/\/api.w.org\/{rel}","templated":true}]}}