{"id":11,"date":"2024-10-19T08:25:19","date_gmt":"2024-10-19T08:25:19","guid":{"rendered":"https:\/\/gotouchup.com\/?page_id=11"},"modified":"2024-12-18T23:39:33","modified_gmt":"2024-12-19T07:39:33","slug":"refund_returns","status":"publish","type":"page","link":"https:\/\/gotouchup.com\/it\/refund_returns\/","title":{"rendered":"Politica di rimborso e restituzione"},"content":{"rendered":"<h3 class=\"wp-block-heading\">Politica di rimborso e restituzione<\/h3>\n\n\n\n<p>La soddisfazione del cliente \u00e8 molto importante per noi. Se ci sono problemi con i nostri articoli, ti preghiamo di contattarci il prima possibile. Siamo sempre al tuo servizio.<\/p>\n\n\n\n<p>Abbiamo una politica di reso di 30 giorni, il che significa che hai 30 giorni dal ricevimento della merce per richiedere un reso.<\/p>\n\n\n\n<h3 class=\"wp-block-heading\">Resi + Annullamenti<\/h3>\n\n\n\n<h4 class=\"wp-block-heading\"><strong>Cancellazioni<\/strong><\/h4>\n\n\n\n<p>Una volta ricevuto il tuo ordine, ci mettiamo subito al lavoro, quindi potrebbe non essere possibile annullare un ordine in corso. Per richiedere un annullamento, contatta il Servizio Clienti all&#039;indirizzo support@goutouchup.com entro 24 ore e cercheremo di interrompere o modificare l&#039;ordine. Una volta che un articolo \u00e8 stato prodotto o spedito, l&#039;annullamento non \u00e8 possibile. Nella maggior parte dei casi, gli articoli personalizzati, su ordinazione speciale e non restituibili non possono essere annullati. Le richieste di annullamento potrebbero richiedere diversi giorni per essere elaborate e ti verr\u00e0 inviata un&#039;e-mail al momento della conferma.<\/p>\n\n\n\n<h4 class=\"wp-block-heading\"><strong>Resi Generali<\/strong><\/h4>\n\n\n\n<p>Gli articoli restituiti che soddisfano le seguenti linee guida saranno rimborsati per intero per il costo della merce. Le spese di spedizione originali non possono essere rimborsate.<br>\u2022 Restituito entro 30 giorni dal ricevimento<br>\u2022 Deve essere in condizioni di rivendibilit\u00e0<br>\u2022 Deve essere privo di graffi e\/o difetti<br>\u2022Non deve essere stato installato<br>\u2022 Deve essere nella scatola e nell&#039;imballaggio originali del produttore<br>\u2022Non deve avere alcuna scritta sulla confezione originale<br>\u2022Non devono mancare pezzi<br>\u2022Non deve essere liquidazione\/chiusura<br><br>Gli articoli che non soddisfano i criteri di cui sopra non possono essere restituiti. I consumatori non sono tenuti a pagare alcuna commissione di gestione per gli articoli restituibili idonei.<\/p>\n\n\n\n<p>Gli articoli personalizzati non possono essere restituiti.&nbsp;<\/p>\n\n\n\n<h3 class=\"wp-block-heading\">Scambio<\/h3>\n\n\n\n<p>Offriamo cambi gratuiti per garantire un&#039;esperienza di acquisto soddisfacente. Se il cambio \u00e8 dovuto a un problema di qualit\u00e0 o di prodotto, copriremo tutti i costi di spedizione. Tuttavia, se il cambio \u00e8 richiesto per motivi del cliente (come cambio di colore, taglia o stile), il cliente \u00e8 responsabile sia dei costi di reso che di rispedizione. Si prega di contattare il nostro team del servizio clienti per assistenza prima di procedere con qualsiasi cambio.<\/p>\n\n\n\n<h3 class=\"wp-block-heading\"><strong>Indirizzo di ritorno<\/strong><\/h3>\n\n\n\n<p>L&#039;indirizzo per la restituzione verr\u00e0 fornito al cliente via e-mail una volta inviata la richiesta di reso e dopo che avremo confermato che il cliente rispetta la politica sui resi.<br>Non esitate a contattare il nostro servizio clienti all&#039;indirizzo\u00a0<strong>support@gotouchup.com.<\/strong><\/p>\n\n\n\n<h3 class=\"wp-block-heading\"><strong>Costi di spedizione<\/strong><\/h3>\n\n\n\n<p>I consumatori non sono tenuti a pagare le spese di spedizione per la restituzione dei prodotti difettosi. Per i resi di responsabilit\u00e0 del consumatore, i consumatori sono responsabili dei costi effettivi di spedizione per la restituzione.<\/p>\n\n\n\n<h3 class=\"wp-block-heading\"><strong>Costi di reso e rimborso<\/strong><\/h3>\n\n\n\n<p>Oltre alla responsabilit\u00e0 del reso del cliente, i clienti devono pagare il costo di spedizione del reso. In altri casi, resi e rimborsi non avranno costi, non ci sono spese di gestione.<\/p>\n\n\n\n<h3 class=\"wp-block-heading\">Danni<\/h3>\n\n\n\n<p>Purtroppo, gli articoli fragili a volte vengono danneggiati durante la spedizione. Comprendiamo anche la necessit\u00e0 di preordinare e pianificare le tue esigenze di progettazione. Come parte di tale processo, ti chiediamo di ispezionare tutti gli articoli singolarmente una volta arrivati, in modo che eventuali reclami per danni possano essere presentati immediatamente. Se il tuo articolo arriva danneggiato o con parti mancanti, devi avvisarci entro 3 giorni dal ricevimento dell&#039;articolo\/degli articoli. Organizzeremo una pronta sostituzione dell&#039;articolo. Ti chiederemo inoltre di fornire foto di eventuali prodotti danneggiati, insieme alla confezione del prodotto. Contatta il nostro team del servizio clienti e saremo lieti di sostituire l&#039;articolo o inviare parti sostitutive il prima possibile. In alcuni casi \u00e8 possibile riparare danni e\/o difetti con parti sostitutive. Quando questo \u00e8 il caso, ci riserviamo il diritto di utilizzare questa come soluzione.<\/p>\n\n\n\n<h3 class=\"wp-block-heading\"><strong>Procedura di rimborso<\/strong><\/h3>\n\n\n\n<p>I rimborsi di tutti i tipi vengono sempre elaborati tramite la modalit\u00e0 di pagamento originale e, al momento, non abbiamo la possibilit\u00e0 di modificare il metodo di pagamento.<br>\u2022 In genere ci vogliono fino a 7 giorni lavorativi per elaborare un rimborso. Una volta elaborato il rimborso da parte nostra, ti invieremo una conferma via e-mail.<br>\u2022 Per gli articoli restituiti che necessitano di un rimborso, il pacco deve prima essere elaborato nuovamente nel nostro magazzino dopo che lo riceviamo. Di solito ci vogliono circa 10 giorni per ricevere il pacco e gestire il rimborso.<br>\u2022 Tutti i pagamenti PayPal possono essere rimborsati solo tramite PayPal, tutti i pagamenti con carta di credito verranno rimborsati solo sulla carta di credito originale.<br>Nel caso improbabile in cui non avessi ricevuto un&#039;e-mail entro il periodo di tempo sopra indicato, ti preghiamo di contattarci e ti risponderemo il prima possibile.<\/p>\n\n\n\n<p>Se non hai ancora ricevuto un rimborso, controlla nuovamente il tuo conto bancario.<br>Contatta quindi la societ\u00e0 della tua carta di credito, potrebbe volerci del tempo prima che il rimborso venga ufficialmente registrato. Quindi contatta la tua banca. Spesso c&#039;\u00e8 del tempo di elaborazione prima che un rimborso venga registrato. Se hai fatto tutto questo e non hai ancora ricevuto il rimborso, contattaci a<strong>&nbsp;supporto<\/strong>@<strong>gotouchup.com.<\/strong><\/p>\n\n\n\n<h3 class=\"wp-block-heading\"><strong>Contattaci<\/strong><\/h3>\n\n\n\n<p>E-mail: support@gotouchup.com<br>Tel: +1(253)283-4096<br>Orario d&#039;ufficio: dal luned\u00ec al sabato dalle 10:00 alle 20:00 (PST)<\/p>","protected":false},"excerpt":{"rendered":"<p>Politica di rimborso e restituzione La soddisfazione del cliente \u00e8 molto importante per noi. Se ci sono problemi con i nostri articoli, per favore<\/p>","protected":false},"author":1,"featured_media":0,"parent":0,"menu_order":0,"comment_status":"closed","ping_status":"closed","template":"","meta":{"_acf_changed":false,"_monsterinsights_skip_tracking":false,"_monsterinsights_sitenote_active":false,"_monsterinsights_sitenote_note":"","_monsterinsights_sitenote_category":0,"footnotes":""},"class_list":["post-11","page","type-page","status-publish","hentry"],"acf":[],"yoast_head":"<!-- This site is optimized with the Yoast SEO Premium plugin v25.7.1 (Yoast SEO v25.7) - https:\/\/yoast.com\/wordpress\/plugins\/seo\/ -->\n<title>Refund and Returns Policy - GoTouchUp<\/title>\n<meta name=\"robots\" content=\"index, follow, max-snippet:-1, max-image-preview:large, max-video-preview:-1\" \/>\n<link rel=\"canonical\" href=\"https:\/\/gotouchup.com\/it\/refund_returns\/\" \/>\n<meta property=\"og:locale\" content=\"it_IT\" \/>\n<meta property=\"og:type\" content=\"article\" \/>\n<meta property=\"og:title\" content=\"Refund and Returns Policy\" \/>\n<meta property=\"og:description\" content=\"Refund and Returns Policy Customer satisfaction is very important to us. If there are any problems with our items, please\" \/>\n<meta property=\"og:url\" content=\"https:\/\/gotouchup.com\/it\/refund_returns\/\" \/>\n<meta property=\"og:site_name\" content=\"GoTouchUp\" \/>\n<meta property=\"article:modified_time\" content=\"2024-12-19T07:39:33+00:00\" \/>\n<meta name=\"twitter:card\" content=\"summary_large_image\" \/>\n<meta name=\"twitter:label1\" content=\"Est. reading time\" \/>\n\t<meta name=\"twitter:data1\" content=\"4 minuti\" \/>\n<script type=\"application\/ld+json\" class=\"yoast-schema-graph\">{\"@context\":\"https:\/\/schema.org\",\"@graph\":[{\"@type\":\"WebPage\",\"@id\":\"https:\/\/gotouchup.com\/refund_returns\/\",\"url\":\"https:\/\/gotouchup.com\/refund_returns\/\",\"name\":\"Refund and Returns Policy - GoTouchUp\",\"isPartOf\":{\"@id\":\"https:\/\/gotouchup.com\/#website\"},\"datePublished\":\"2024-10-19T08:25:19+00:00\",\"dateModified\":\"2024-12-19T07:39:33+00:00\",\"breadcrumb\":{\"@id\":\"https:\/\/gotouchup.com\/refund_returns\/#breadcrumb\"},\"inLanguage\":\"it-IT\",\"potentialAction\":[{\"@type\":\"ReadAction\",\"target\":[\"https:\/\/gotouchup.com\/refund_returns\/\"]}]},{\"@type\":\"BreadcrumbList\",\"@id\":\"https:\/\/gotouchup.com\/refund_returns\/#breadcrumb\",\"itemListElement\":[{\"@type\":\"ListItem\",\"position\":1,\"name\":\"Home\",\"item\":\"https:\/\/gotouchup.com\/\"},{\"@type\":\"ListItem\",\"position\":2,\"name\":\"Refund and Returns Policy\"}]},{\"@type\":\"WebSite\",\"@id\":\"https:\/\/gotouchup.com\/#website\",\"url\":\"https:\/\/gotouchup.com\/\",\"name\":\"GoTouchUp\",\"description\":\"Revive Your Finish with GoTouchUp\",\"publisher\":{\"@id\":\"https:\/\/gotouchup.com\/#organization\"},\"potentialAction\":[{\"@type\":\"SearchAction\",\"target\":{\"@type\":\"EntryPoint\",\"urlTemplate\":\"https:\/\/gotouchup.com\/?s={search_term_string}\"},\"query-input\":{\"@type\":\"PropertyValueSpecification\",\"valueRequired\":true,\"valueName\":\"search_term_string\"}}],\"inLanguage\":\"it-IT\"},{\"@type\":\"Organization\",\"@id\":\"https:\/\/gotouchup.com\/#organization\",\"name\":\"GTUSTECH LLC\",\"url\":\"https:\/\/gotouchup.com\/\",\"logo\":{\"@type\":\"ImageObject\",\"inLanguage\":\"it-IT\",\"@id\":\"https:\/\/gotouchup.com\/#\/schema\/logo\/image\/\",\"url\":\"https:\/\/gotouchup.com\/wp-content\/uploads\/2024\/10\/Asset-1@5x.png\",\"contentUrl\":\"https:\/\/gotouchup.com\/wp-content\/uploads\/2024\/10\/Asset-1@5x.png\",\"width\":1060,\"height\":246,\"caption\":\"GTUSTECH LLC\"},\"image\":{\"@id\":\"https:\/\/gotouchup.com\/#\/schema\/logo\/image\/\"}}]}<\/script>\n<!-- \/ Yoast SEO Premium plugin. -->","yoast_head_json":{"title":"Politica di rimborsi e resi - GoTouchUp","robots":{"index":"index","follow":"follow","max-snippet":"max-snippet:-1","max-image-preview":"max-image-preview:large","max-video-preview":"max-video-preview:-1"},"canonical":"https:\/\/gotouchup.com\/it\/refund_returns\/","og_locale":"it_IT","og_type":"article","og_title":"Refund and Returns Policy","og_description":"Refund and Returns Policy Customer satisfaction is very important to us. If there are any problems with our items, please","og_url":"https:\/\/gotouchup.com\/it\/refund_returns\/","og_site_name":"GoTouchUp","article_modified_time":"2024-12-19T07:39:33+00:00","twitter_card":"summary_large_image","twitter_misc":{"Est. reading time":"4 minuti"},"schema":{"@context":"https:\/\/schema.org","@graph":[{"@type":"WebPage","@id":"https:\/\/gotouchup.com\/refund_returns\/","url":"https:\/\/gotouchup.com\/refund_returns\/","name":"Politica di rimborsi e resi - GoTouchUp","isPartOf":{"@id":"https:\/\/gotouchup.com\/#website"},"datePublished":"2024-10-19T08:25:19+00:00","dateModified":"2024-12-19T07:39:33+00:00","breadcrumb":{"@id":"https:\/\/gotouchup.com\/refund_returns\/#breadcrumb"},"inLanguage":"it-IT","potentialAction":[{"@type":"ReadAction","target":["https:\/\/gotouchup.com\/refund_returns\/"]}]},{"@type":"BreadcrumbList","@id":"https:\/\/gotouchup.com\/refund_returns\/#breadcrumb","itemListElement":[{"@type":"ListItem","position":1,"name":"Home","item":"https:\/\/gotouchup.com\/"},{"@type":"ListItem","position":2,"name":"Refund and Returns Policy"}]},{"@type":"WebSite","@id":"https:\/\/gotouchup.com\/#website","url":"https:\/\/gotouchup.com\/","name":"VaiRitocca","description":"Ravviva la tua finitura con GoTouchUp","publisher":{"@id":"https:\/\/gotouchup.com\/#organization"},"potentialAction":[{"@type":"SearchAction","target":{"@type":"EntryPoint","urlTemplate":"https:\/\/gotouchup.com\/?s={search_term_string}"},"query-input":{"@type":"PropertyValueSpecification","valueRequired":true,"valueName":"search_term_string"}}],"inLanguage":"it-IT"},{"@type":"Organization","@id":"https:\/\/gotouchup.com\/#organization","name":"GTUSTECH LLC","url":"https:\/\/gotouchup.com\/","logo":{"@type":"ImageObject","inLanguage":"it-IT","@id":"https:\/\/gotouchup.com\/#\/schema\/logo\/image\/","url":"https:\/\/gotouchup.com\/wp-content\/uploads\/2024\/10\/Asset-1@5x.png","contentUrl":"https:\/\/gotouchup.com\/wp-content\/uploads\/2024\/10\/Asset-1@5x.png","width":1060,"height":246,"caption":"GTUSTECH LLC"},"image":{"@id":"https:\/\/gotouchup.com\/#\/schema\/logo\/image\/"}}]}},"_links":{"self":[{"href":"https:\/\/gotouchup.com\/it\/wp-json\/wp\/v2\/pages\/11","targetHints":{"allow":["GET"]}}],"collection":[{"href":"https:\/\/gotouchup.com\/it\/wp-json\/wp\/v2\/pages"}],"about":[{"href":"https:\/\/gotouchup.com\/it\/wp-json\/wp\/v2\/types\/page"}],"author":[{"embeddable":true,"href":"https:\/\/gotouchup.com\/it\/wp-json\/wp\/v2\/users\/1"}],"replies":[{"embeddable":true,"href":"https:\/\/gotouchup.com\/it\/wp-json\/wp\/v2\/comments?post=11"}],"version-history":[{"count":0,"href":"https:\/\/gotouchup.com\/it\/wp-json\/wp\/v2\/pages\/11\/revisions"}],"wp:attachment":[{"href":"https:\/\/gotouchup.com\/it\/wp-json\/wp\/v2\/media?parent=11"}],"curies":[{"name":"parola chiave","href":"https:\/\/api.w.org\/{rel}","templated":true}]}}