{"id":10006,"date":"2024-10-19T09:25:32","date_gmt":"2024-10-19T09:25:32","guid":{"rendered":"https:\/\/gotouchup.com\/?page_id=10006"},"modified":"2024-10-19T09:25:33","modified_gmt":"2024-10-19T09:25:33","slug":"terms-of-service","status":"publish","type":"page","link":"https:\/\/gotouchup.com\/it\/terms-of-service\/","title":{"rendered":"Termini di servizio"},"content":{"rendered":"<h2 class=\"wp-block-heading\">Termini di servizio<\/h2>\n\n\n\n<p>Benvenuti sul sito web di gotouchup.com. Ti forniamo i nostri servizi in base alle notifiche, ai termini e alle condizioni stabiliti nel presente contratto (il &quot;Contratto&quot;). Inoltre, quando utilizzi un qualsiasi servizio di gotouchup.com (ad esempio, Recensioni dei clienti), sarai soggetto alle regole, alle linee guida, alle politiche, ai termini e alle condizioni applicabili a tali servizi, che sono incorporati nel presente Contratto tramite questo riferimento. Gotouchup.com si riserva il diritto di modificare questo sito e questi termini e condizioni in qualsiasi momento.<br><br>L&#039;accesso, la navigazione o l&#039;utilizzo del sito indicano l&#039;accettazione di tutti i termini e le condizioni del presente accordo. Si prega di leggere attentamente il presente accordo prima di procedere.<\/p>\n\n\n\n<h3 class=\"wp-block-heading\">Utilizzo del sito<\/h3>\n\n\n\n<p>Dichiari e garantisci di avere almeno 18 anni o di visitare il Sito sotto la supervisione di un genitore o tutore. Fatti salvi i termini e le condizioni del presente Contratto, gotouchup.com ti concede una licenza limitata, revocabile, non trasferibile e non esclusiva per accedere e utilizzare il Sito visualizzandolo sul tuo browser Internet solo allo scopo di acquistare articoli personali venduti sul Sito e non per alcun uso commerciale o per conto di terzi, salvo quanto esplicitamente consentito in anticipo da gotouchup.com. Qualsiasi violazione del presente Contratto comporter\u00e0 l&#039;immediata revoca della licenza concessa in questo paragrafo senza preavviso.<br><br>Salvo quanto consentito nel paragrafo precedente, non \u00e8 possibile riprodurre, distribuire, visualizzare, vendere, affittare, trasmettere, creare lavori derivati da, tradurre, modificare, sottoporre a reverse engineering, disassemblare, decompilare o altrimenti sfruttare questo Sito o qualsiasi sua parte, a meno che non sia espressamente consentito da gotouchup.com per iscritto. Non \u00e8 possibile fare alcun uso commerciale di alcuna delle informazioni fornite sul Sito o fare alcun uso del Sito a beneficio di un&#039;altra attivit\u00e0, a meno che non sia esplicitamente consentito da gotouchup.com in anticipo. Gotouchup.com si riserva il diritto di rifiutare il servizio, chiudere account e\/o annullare ordini a sua discrezione, incluso, senza limitazioni, se gotouchup.com ritiene che la condotta del cliente violi la legge applicabile o sia dannosa per gli interessi di gotouchup.com.<br><br>Non \u00e8 consentito caricare, distribuire o altrimenti pubblicare tramite questo Sito alcun Contenuto, informazione o altro materiale che (a) violi o infranga i diritti d&#039;autore, brevetti, marchi commerciali, marchi di servizio, segreti commerciali o altri diritti proprietari di qualsiasi persona; (b) sia diffamatorio, minaccioso, osceno, indecente, pornografico o possa dare origine a qualsiasi responsabilit\u00e0 civile o penale ai sensi del diritto statunitense o internazionale; o (c) includa bug, virus, worm, trap door, trojan horse o altri codici o propriet\u00e0 dannosi. Gotouchup.com pu\u00f2 assegnarti una password e un&#039;identificazione dell&#039;account per consentirti di accedere e utilizzare determinate parti di questo Sito. Ogni volta che utilizzi una password o un&#039;identificazione, sarai ritenuto autorizzato ad accedere e utilizzare il Sito in modo coerente con i termini e le condizioni del presente Contratto e gotouchup.com non ha alcun obbligo di indagare sull&#039;autorizzazione o sulla fonte di tale accesso o utilizzo del Sito.<br><br>Sarai il solo responsabile di tutti gli accessi e utilizzi di questo sito da parte di chiunque utilizzi la password e l&#039;identificazione a te originariamente assegnate, indipendentemente dal fatto che tale accesso e utilizzo di questo sito siano effettivamente autorizzati da te, inclusi, senza limitazioni, tutte le comunicazioni e le trasmissioni e tutti gli obblighi (inclusi, senza limitazioni, gli obblighi finanziari) sostenuti tramite tale accesso o utilizzo. Sei il solo responsabile della protezione della sicurezza e della riservatezza della password e dell&#039;identificazione a te assegnate. Dovrai immediatamente notificare a gotouchup.com qualsiasi utilizzo non autorizzato della tua password o identificazione o qualsiasi altra violazione o minaccia di violazione della sicurezza di questo sito.<\/p>\n\n\n\n<h3 class=\"wp-block-heading\"><strong>Recensioni e commenti<\/strong><\/h3>\n\n\n\n<p>Salvo quanto diversamente previsto altrove nel presente Contratto o sul sito, tutto ci\u00f2 che invii o pubblichi sul sito e\/o fornisci a gotouchup.com, inclusi, senza limitazioni, idee, know-how, tecniche, domande, recensioni, commenti e suggerimenti (collettivamente, &quot;Invii&quot;) \u00e8 e sar\u00e0 trattato come non riservato e non proprietario e, inviando o pubblicando, accetti di concedere in licenza irrevocabilmente la voce e tutti i diritti di propriet\u00e0 intellettuale correlati (esclusi i diritti morali come il diritto di autore) a gotouchup.com senza alcun costo e gotouchup.com avr\u00e0 il diritto esente da royalty, mondiale, perpetuo, irrevocabile e trasferibile di utilizzare, copiare, distribuire, visualizzare, pubblicare, eseguire, vendere, affittare, trasmettere, adattare, creare lavori derivati da tali Invii con qualsiasi mezzo e in qualsiasi forma e di tradurre, modificare, sottoporre a reverse engineering, disassemblare o decompilare tali Invii. Tutti i Contributi diventeranno automaticamente di propriet\u00e0 esclusiva di gotouchup.com e non ti saranno restituiti e accetti di non sollevare alcuna controversia in relazione a qualsiasi utilizzo del contributo da parte di gotouchup.com in futuro.<br><br>Garantisci che i tuoi Invii, in tutto o in parte, sono chiari e privi di qualsiasi violazione dei diritti di propriet\u00e0 intellettuale, controversie o rivendicazioni di terze parti. Gotouchup.com non si assume alcuna responsabilit\u00e0 per qualsiasi uso improprio del copyright o di qualsiasi altro diritto di terze parti da parte tua. Ti impegni a difendere e indennizzare lo Sponsor da qualsiasi perdita causata dall&#039;uso delle voci per qualsiasi scopo.<br><br>Oltre ai diritti applicabili a qualsiasi Invio, quando pubblichi commenti o recensioni sul sito, concedi anche a gotouchup.com il diritto di utilizzare il nome che invii con qualsiasi recensione, commento o altro Contenuto, se presente, in relazione a tale recensione, commento o altro contenuto. Dichiari e garantisci di possedere o altrimenti controllare tutti i diritti sulle recensioni, commenti e altri Contenuti che pubblichi su questo sito e che l&#039;uso delle tue recensioni, commenti o altri Contenuti da parte di gotouchup.com non violer\u00e0 i diritti di terze parti. Non utilizzerai un falso indirizzo e-mail, fingerai di essere una persona diversa da te stesso o in altro modo ingannerai gotouchup.com o terze parti in merito all&#039;origine di qualsiasi Invio o Contenuto. Gotouchup.com pu\u00f2, ma non sar\u00e0 obbligato a rimuovere o modificare qualsiasi Invio (inclusi commenti o recensioni) per qualsiasi motivo.<\/p>\n\n\n\n<h3 class=\"wp-block-heading\"><strong>Copyright<\/strong><\/h3>\n\n\n\n<p>Tutto il testo, la grafica, le fotografie o altre immagini, le icone dei pulsanti, le clip audio, i loghi, gli slogan, i nomi commerciali o il software di testo e altri contenuti sul sito Web di gotouchup.com (collettivamente, &quot;Contenuto&quot;), appartengono esclusivamente a gotouchup.com o ai suoi fornitori di contenuti appropriati. Non \u00e8 possibile utilizzare, riprodurre, copiare, modificare, trasmettere, visualizzare, pubblicare, vendere, concedere in licenza, eseguire pubblicamente, distribuire o sfruttare commercialmente alcuno dei Contenuti o altrimenti disporre di alcuno dei Contenuti in un modo non consentito da gotouchup.com, senza l&#039;espresso consenso scritto di gotouchup.com. L&#039;uso di data mining, robot o simili strumenti di raccolta ed estrazione dati su gotouchup.com nonch\u00e9 l&#039;uso di marchi commerciali o marchi di servizio gotouchup.com nei meta-tag \u00e8 severamente vietato. \u00c8 possibile visualizzare e utilizzare il Contenuto solo per le proprie informazioni personali e per fare acquisti e ordinare sul sito e per nessun altro scopo. La raccolta, la disposizione e l&#039;assemblaggio di tutti i contenuti di questo sito (la &quot;Compilazione&quot;) appartengono esclusivamente a gotouchup.com. Non puoi utilizzare i Contenuti o la Compilazione di gotouchup.com in alcun modo che denigri o screditi gotouchup.com o in alcun modo che possa causare confusione o violazione di qualsiasi legge o regolamento applicabile. Tutto il software utilizzato su questo Sito (il &quot;Software&quot;) \u00e8 di propriet\u00e0 di gotouchup.com e\/o dei suoi fornitori di Software. I Contenuti, la Compilazione e il Software sono tutti protetti dalle leggi statali, nazionali e internazionali sul copyright. Tutti i diritti non espressamente concessi sono riservati a gotouchup.com. I trasgressori saranno perseguiti a norma di legge.<\/p>\n\n\n\n<h2 class=\"wp-block-heading\">Termini di utilizzo<\/h2>\n\n\n\n<h3 class=\"wp-block-heading\">Risoluzione ed effetto della risoluzione<\/h3>\n\n\n\n<p>Oltre a qualsiasi altro rimedio legale o di equit\u00e0, gotouchup.com, senza preavviso, risolver\u00e0 immediatamente il Contratto o revocher\u00e0 uno o tutti i diritti concessi ai sensi del presente Contratto. In caso di risoluzione del presente Contratto, cesserai immediatamente ogni accesso e utilizzo del sito e gotouchup.com, oltre a qualsiasi altro rimedio legale o di equit\u00e0, revocher\u00e0 immediatamente tutte le password e l&#039;identificazione dell&#039;account rilasciati a te e negher\u00e0 l&#039;accesso e l&#039;utilizzo di questo Sito in tutto o in parte. Qualsiasi risoluzione del presente Contratto non influir\u00e0 sui rispettivi diritti e obblighi (inclusi, senza limitazioni, gli obblighi di pagamento) delle parti sorti prima della data di risoluzione.<\/p>\n\n\n\n<h3 class=\"wp-block-heading\">Accettazione dell&#039;ordine<\/h3>\n\n\n\n<p>Si prega di notare che potrebbero esserci determinati ordini che non siamo in grado di accettare e che dobbiamo annullare. Gotouchup.com si riserva il diritto, a sola discrezione, di rifiutare o annullare qualsiasi ordine per qualsiasi motivo. Alcune situazioni che potrebbero comportare l&#039;annullamento del tuo ordine includono limitazioni sulle quantit\u00e0 disponibili per l&#039;acquisto, inesattezze o errori nelle informazioni sui prodotti o sui prezzi o problemi identificati dal nostro dipartimento di prevenzione delle frodi e del credito. Potremmo anche richiedere ulteriori verifiche o informazioni prima di accettare qualsiasi ordine. Ti contatteremo se tutto o una parte del tuo ordine viene annullato o se sono necessarie ulteriori informazioni per accettare il tuo ordine.<\/p>\n\n\n\n<h3 class=\"wp-block-heading\">Errori tipografici<\/h3>\n\n\n\n<p>Sebbene gotouchup.com si sforzi di fornire informazioni accurate su prodotti e prezzi, potrebbero verificarsi errori di prezzo o tipografici. Gotouchup.com non pu\u00f2 confermare il prezzo di un articolo prima che tu abbia effettuato l&#039;ordine. Nel caso in cui un articolo sia elencato a un prezzo errato o con informazioni errate a causa di un errore nel prezzo o nelle informazioni sul prodotto, gotouchup.com avr\u00e0 il diritto, a nostra esclusiva discrezione, di rifiutare o annullare qualsiasi ordine effettuato per quell&#039;articolo. Nel caso in cui un articolo abbia un prezzo errato, gotouchup.com pu\u00f2, a nostra discrezione, contattarti per istruzioni o annullare il tuo ordine e notificarti tale annullamento.<\/p>\n\n\n\n<h3 class=\"wp-block-heading\">Rimedi<\/h3>\n\n\n\n<p>L&#039;utente accetta che il rimedio legale di gotouchup.com per qualsiasi violazione effettiva o minacciata del presente Contratto sarebbe inadeguato e che gotouchup.com avr\u00e0 diritto all&#039;esecuzione specifica o a un provvedimento ingiuntivo, o ad entrambi, oltre a qualsiasi danno che gotouchup.com potrebbe essere legalmente autorizzato a recuperare, insieme alle spese ragionevoli di qualsiasi forma di risoluzione delle controversie, comprese, senza limitazioni, le spese legali.<br><br>Nessun diritto o rimedio di gotouchup.com escluder\u00e0 qualsiasi altro, sia per legge che per equit\u00e0, inclusi, senza limitazioni, danni, provvedimenti ingiuntivi, spese legali e onorari.<br><br>Nessuna rinuncia da parte di gotouchup.com ai propri diritti o rimedi ai sensi dei presenti termini e condizioni implicher\u00e0 alcun obbligo di concedere alcuna rinuncia simile, futura o di altro tipo.<\/p>\n\n\n\n<p>I presenti Termini di servizio e tutti gli accordi separati tramite i quali li forniamo saranno disciplinati e interpretati in conformit\u00e0 alle leggi degli Stati Uniti.<\/p>","protected":false},"excerpt":{"rendered":"<p>Termini di servizio Benvenuti sul sito web di gotouchup.com. Vi forniamo i nostri servizi soggetti alle seguenti informative, termini e condizioni.<\/p>","protected":false},"author":1,"featured_media":0,"parent":0,"menu_order":0,"comment_status":"closed","ping_status":"closed","template":"","meta":{"_acf_changed":false,"_monsterinsights_skip_tracking":false,"_monsterinsights_sitenote_active":false,"_monsterinsights_sitenote_note":"","_monsterinsights_sitenote_category":0,"footnotes":""},"class_list":["post-10006","page","type-page","status-publish","hentry"],"acf":[],"yoast_head":"<!-- This site is optimized with the Yoast SEO Premium plugin v25.7.1 (Yoast SEO v25.7) - https:\/\/yoast.com\/wordpress\/plugins\/seo\/ -->\n<title>Terms of Service - GoTouchUp<\/title>\n<meta name=\"robots\" content=\"index, follow, max-snippet:-1, max-image-preview:large, max-video-preview:-1\" \/>\n<link rel=\"canonical\" href=\"https:\/\/gotouchup.com\/it\/terms-of-service\/\" \/>\n<meta property=\"og:locale\" content=\"it_IT\" \/>\n<meta property=\"og:type\" content=\"article\" \/>\n<meta property=\"og:title\" content=\"Terms of Service\" \/>\n<meta property=\"og:description\" content=\"Terms of Service Welcome to the website of gotouchup.com. We provides its services to you subject to the notices, terms,\" \/>\n<meta property=\"og:url\" content=\"https:\/\/gotouchup.com\/it\/terms-of-service\/\" \/>\n<meta property=\"og:site_name\" content=\"GoTouchUp\" \/>\n<meta property=\"article:modified_time\" content=\"2024-10-19T09:25:33+00:00\" \/>\n<meta name=\"twitter:card\" content=\"summary_large_image\" \/>\n<meta name=\"twitter:label1\" content=\"Est. reading time\" \/>\n\t<meta name=\"twitter:data1\" content=\"9 minuti\" \/>\n<script type=\"application\/ld+json\" class=\"yoast-schema-graph\">{\"@context\":\"https:\/\/schema.org\",\"@graph\":[{\"@type\":\"WebPage\",\"@id\":\"https:\/\/gotouchup.com\/terms-of-service\/\",\"url\":\"https:\/\/gotouchup.com\/terms-of-service\/\",\"name\":\"Terms of Service - GoTouchUp\",\"isPartOf\":{\"@id\":\"https:\/\/gotouchup.com\/#website\"},\"datePublished\":\"2024-10-19T09:25:32+00:00\",\"dateModified\":\"2024-10-19T09:25:33+00:00\",\"breadcrumb\":{\"@id\":\"https:\/\/gotouchup.com\/terms-of-service\/#breadcrumb\"},\"inLanguage\":\"it-IT\",\"potentialAction\":[{\"@type\":\"ReadAction\",\"target\":[\"https:\/\/gotouchup.com\/terms-of-service\/\"]}]},{\"@type\":\"BreadcrumbList\",\"@id\":\"https:\/\/gotouchup.com\/terms-of-service\/#breadcrumb\",\"itemListElement\":[{\"@type\":\"ListItem\",\"position\":1,\"name\":\"Home\",\"item\":\"https:\/\/gotouchup.com\/\"},{\"@type\":\"ListItem\",\"position\":2,\"name\":\"Terms of Service\"}]},{\"@type\":\"WebSite\",\"@id\":\"https:\/\/gotouchup.com\/#website\",\"url\":\"https:\/\/gotouchup.com\/\",\"name\":\"GoTouchUp\",\"description\":\"Revive Your Finish with GoTouchUp\",\"publisher\":{\"@id\":\"https:\/\/gotouchup.com\/#organization\"},\"potentialAction\":[{\"@type\":\"SearchAction\",\"target\":{\"@type\":\"EntryPoint\",\"urlTemplate\":\"https:\/\/gotouchup.com\/?s={search_term_string}\"},\"query-input\":{\"@type\":\"PropertyValueSpecification\",\"valueRequired\":true,\"valueName\":\"search_term_string\"}}],\"inLanguage\":\"it-IT\"},{\"@type\":\"Organization\",\"@id\":\"https:\/\/gotouchup.com\/#organization\",\"name\":\"GTUSTECH LLC\",\"url\":\"https:\/\/gotouchup.com\/\",\"logo\":{\"@type\":\"ImageObject\",\"inLanguage\":\"it-IT\",\"@id\":\"https:\/\/gotouchup.com\/#\/schema\/logo\/image\/\",\"url\":\"https:\/\/gotouchup.com\/wp-content\/uploads\/2024\/10\/Asset-1@5x.png\",\"contentUrl\":\"https:\/\/gotouchup.com\/wp-content\/uploads\/2024\/10\/Asset-1@5x.png\",\"width\":1060,\"height\":246,\"caption\":\"GTUSTECH LLC\"},\"image\":{\"@id\":\"https:\/\/gotouchup.com\/#\/schema\/logo\/image\/\"}}]}<\/script>\n<!-- \/ Yoast SEO Premium plugin. -->","yoast_head_json":{"title":"Termini di servizio - GoTouchUp","robots":{"index":"index","follow":"follow","max-snippet":"max-snippet:-1","max-image-preview":"max-image-preview:large","max-video-preview":"max-video-preview:-1"},"canonical":"https:\/\/gotouchup.com\/it\/terms-of-service\/","og_locale":"it_IT","og_type":"article","og_title":"Terms of Service","og_description":"Terms of Service Welcome to the website of gotouchup.com. We provides its services to you subject to the notices, terms,","og_url":"https:\/\/gotouchup.com\/it\/terms-of-service\/","og_site_name":"GoTouchUp","article_modified_time":"2024-10-19T09:25:33+00:00","twitter_card":"summary_large_image","twitter_misc":{"Est. reading time":"9 minuti"},"schema":{"@context":"https:\/\/schema.org","@graph":[{"@type":"WebPage","@id":"https:\/\/gotouchup.com\/terms-of-service\/","url":"https:\/\/gotouchup.com\/terms-of-service\/","name":"Termini di servizio - GoTouchUp","isPartOf":{"@id":"https:\/\/gotouchup.com\/#website"},"datePublished":"2024-10-19T09:25:32+00:00","dateModified":"2024-10-19T09:25:33+00:00","breadcrumb":{"@id":"https:\/\/gotouchup.com\/terms-of-service\/#breadcrumb"},"inLanguage":"it-IT","potentialAction":[{"@type":"ReadAction","target":["https:\/\/gotouchup.com\/terms-of-service\/"]}]},{"@type":"BreadcrumbList","@id":"https:\/\/gotouchup.com\/terms-of-service\/#breadcrumb","itemListElement":[{"@type":"ListItem","position":1,"name":"Home","item":"https:\/\/gotouchup.com\/"},{"@type":"ListItem","position":2,"name":"Terms of Service"}]},{"@type":"WebSite","@id":"https:\/\/gotouchup.com\/#website","url":"https:\/\/gotouchup.com\/","name":"VaiRitocca","description":"Ravviva la tua finitura con GoTouchUp","publisher":{"@id":"https:\/\/gotouchup.com\/#organization"},"potentialAction":[{"@type":"SearchAction","target":{"@type":"EntryPoint","urlTemplate":"https:\/\/gotouchup.com\/?s={search_term_string}"},"query-input":{"@type":"PropertyValueSpecification","valueRequired":true,"valueName":"search_term_string"}}],"inLanguage":"it-IT"},{"@type":"Organization","@id":"https:\/\/gotouchup.com\/#organization","name":"GTUSTECH LLC","url":"https:\/\/gotouchup.com\/","logo":{"@type":"ImageObject","inLanguage":"it-IT","@id":"https:\/\/gotouchup.com\/#\/schema\/logo\/image\/","url":"https:\/\/gotouchup.com\/wp-content\/uploads\/2024\/10\/Asset-1@5x.png","contentUrl":"https:\/\/gotouchup.com\/wp-content\/uploads\/2024\/10\/Asset-1@5x.png","width":1060,"height":246,"caption":"GTUSTECH LLC"},"image":{"@id":"https:\/\/gotouchup.com\/#\/schema\/logo\/image\/"}}]}},"_links":{"self":[{"href":"https:\/\/gotouchup.com\/it\/wp-json\/wp\/v2\/pages\/10006","targetHints":{"allow":["GET"]}}],"collection":[{"href":"https:\/\/gotouchup.com\/it\/wp-json\/wp\/v2\/pages"}],"about":[{"href":"https:\/\/gotouchup.com\/it\/wp-json\/wp\/v2\/types\/page"}],"author":[{"embeddable":true,"href":"https:\/\/gotouchup.com\/it\/wp-json\/wp\/v2\/users\/1"}],"replies":[{"embeddable":true,"href":"https:\/\/gotouchup.com\/it\/wp-json\/wp\/v2\/comments?post=10006"}],"version-history":[{"count":0,"href":"https:\/\/gotouchup.com\/it\/wp-json\/wp\/v2\/pages\/10006\/revisions"}],"wp:attachment":[{"href":"https:\/\/gotouchup.com\/it\/wp-json\/wp\/v2\/media?parent=10006"}],"curies":[{"name":"parola chiave","href":"https:\/\/api.w.org\/{rel}","templated":true}]}}