{"id":10006,"date":"2024-10-19T09:25:32","date_gmt":"2024-10-19T09:25:32","guid":{"rendered":"https:\/\/gotouchup.com\/?page_id=10006"},"modified":"2024-10-19T09:25:33","modified_gmt":"2024-10-19T09:25:33","slug":"terms-of-service","status":"publish","type":"page","link":"https:\/\/gotouchup.com\/fr\/terms-of-service\/","title":{"rendered":"Conditions d&#039;utilisation"},"content":{"rendered":"<h2 class=\"wp-block-heading\">Conditions d&#039;utilisation<\/h2>\n\n\n\n<p>Bienvenue sur le site Web de gotouchup.com. Nous vous fournissons nos services sous r\u00e9serve des avis, termes et conditions \u00e9nonc\u00e9s dans le pr\u00e9sent accord (le \u00ab Contrat \u00bb). En outre, lorsque vous utilisez un service gotouchup.com (par exemple, les avis clients), vous serez soumis aux r\u00e8gles, directives, politiques, termes et conditions applicables \u00e0 ces services, et ils sont int\u00e9gr\u00e9s au pr\u00e9sent Contrat par cette r\u00e9f\u00e9rence. Gotouchup.com se r\u00e9serve le droit de modifier ce site et ces termes et conditions \u00e0 tout moment.<br><br>L&#039;acc\u00e8s, la navigation ou toute autre utilisation du site implique votre acceptation de tous les termes et conditions de cet accord. Veuillez lire attentivement cet accord avant de continuer.<\/p>\n\n\n\n<h3 class=\"wp-block-heading\">Utilisation du site<\/h3>\n\n\n\n<p>Vous d\u00e9clarez et garantissez que vous avez au moins 18 ans ou que vous visitez le Site sous la surveillance d&#039;un parent ou d&#039;un tuteur. Sous r\u00e9serve des termes et conditions du pr\u00e9sent Contrat, gotouchup.com vous accorde par la pr\u00e9sente une licence limit\u00e9e, r\u00e9vocable, non transf\u00e9rable et non exclusive pour acc\u00e9der et utiliser le Site en l&#039;affichant sur votre navigateur Internet uniquement dans le but d&#039;acheter des articles personnels vendus sur le Site et non pour une utilisation commerciale ou pour le compte d&#039;un tiers, sauf autorisation explicite pr\u00e9alable de gotouchup.com. Toute violation du pr\u00e9sent Contrat entra\u00eenera la r\u00e9vocation imm\u00e9diate de la licence accord\u00e9e dans ce paragraphe sans pr\u00e9avis.<br><br>Sauf autorisation expresse dans le paragraphe ci-dessus, vous ne pouvez pas reproduire, distribuer, afficher, vendre, louer, transmettre, cr\u00e9er des \u0153uvres d\u00e9riv\u00e9es, traduire, modifier, proc\u00e9der \u00e0 une r\u00e9tro-ing\u00e9nierie, d\u00e9sassembler, d\u00e9compiler ou exploiter de toute autre mani\u00e8re ce Site ou toute partie de celui-ci, sauf autorisation expresse \u00e9crite de gotouchup.com. Vous ne pouvez faire aucun usage commercial des informations fournies sur le Site ni utiliser le Site au profit d&#039;une autre entreprise, sauf autorisation expresse pr\u00e9alable de gotouchup.com. Gotouchup.com se r\u00e9serve le droit de refuser le service, de r\u00e9silier des comptes et\/ou d&#039;annuler des commandes \u00e0 sa discr\u00e9tion, y compris, sans limitation, si gotouchup.com estime que la conduite du client viole la loi applicable ou est pr\u00e9judiciable aux int\u00e9r\u00eats de gotouchup.com.<br><br>Vous ne devez pas t\u00e9l\u00e9charger, distribuer ou publier de quelque autre mani\u00e8re que ce soit sur ce Site tout Contenu, information ou autre mat\u00e9riel qui (a) viole ou enfreint les droits d&#039;auteur, brevets, marques d\u00e9pos\u00e9es, marques de service, secrets commerciaux ou autres droits de propri\u00e9t\u00e9 de toute personne ; (b) est calomnieux, mena\u00e7ant, diffamatoire, obsc\u00e8ne, ind\u00e9cent, pornographique ou pourrait donner lieu \u00e0 une responsabilit\u00e9 civile ou p\u00e9nale en vertu du droit am\u00e9ricain ou international ; ou (c) comprend des bugs, virus, vers, trappes, chevaux de Troie ou autres codes ou propri\u00e9t\u00e9s nuisibles. Gotouchup.com peut vous attribuer un mot de passe et une identification de compte pour vous permettre d&#039;acc\u00e9der et d&#039;utiliser certaines parties de ce Site. Chaque fois que vous utilisez un mot de passe ou une identification, vous serez r\u00e9put\u00e9 autoris\u00e9 \u00e0 acc\u00e9der et \u00e0 utiliser le Site d&#039;une mani\u00e8re conforme aux termes et conditions du pr\u00e9sent Contrat, et gotouchup.com n&#039;a aucune obligation d&#039;enqu\u00eater sur l&#039;autorisation ou la source d&#039;un tel acc\u00e8s ou utilisation du Site.<br><br>Vous serez seul responsable de tout acc\u00e8s et de toute utilisation de ce site par toute personne utilisant le mot de passe et l&#039;identification qui vous ont \u00e9t\u00e9 attribu\u00e9s \u00e0 l&#039;origine, que cet acc\u00e8s et cette utilisation de ce site soient ou non autoris\u00e9s par vous, y compris, sans limitation, toutes les communications et transmissions et toutes les obligations (y compris, sans limitation, les obligations financi\u00e8res) encourues par cet acc\u00e8s ou cette utilisation. Vous \u00eates seul responsable de la protection de la s\u00e9curit\u00e9 et de la confidentialit\u00e9 du mot de passe et de l&#039;identification qui vous ont \u00e9t\u00e9 attribu\u00e9s. Vous devez imm\u00e9diatement informer gotouchup.com de toute utilisation non autoris\u00e9e de votre mot de passe ou de votre identification ou de toute autre violation ou menace de violation de la s\u00e9curit\u00e9 de ce site.<\/p>\n\n\n\n<h3 class=\"wp-block-heading\"><strong>Avis et commentaires<\/strong><\/h3>\n\n\n\n<p>Sauf disposition contraire ailleurs dans le pr\u00e9sent Contrat ou sur le site, tout ce que vous soumettez ou publiez sur le site et\/ou fournissez \u00e0 gotouchup.com, y compris, sans limitation, les id\u00e9es, le savoir-faire, les techniques, les questions, les critiques, les commentaires et les suggestions (collectivement, les \u00ab Soumissions \u00bb) est et sera trait\u00e9 comme non confidentiel et non exclusif, et en soumettant ou en publiant, vous acceptez de conc\u00e9der sous licence irr\u00e9vocable l&#039;entr\u00e9e et tous les droits de propri\u00e9t\u00e9 intellectuelle qui y sont li\u00e9s (\u00e0 l&#039;exclusion des droits moraux tels que le droit d&#039;auteur) \u00e0 gotouchup.com sans frais et gotouchup.com aura le droit libre de redevance, mondial, perp\u00e9tuel, irr\u00e9vocable et transf\u00e9rable d&#039;utiliser, copier, distribuer, afficher, publier, ex\u00e9cuter, vendre, louer, transmettre, adapter, cr\u00e9er des \u0153uvres d\u00e9riv\u00e9es \u00e0 partir de ces Soumissions par tout moyen et sous toute forme, et de traduire, modifier, r\u00e9troconcevoir, d\u00e9sassembler ou d\u00e9compiler ces Soumissions. Toutes les soumissions deviendront automatiquement la propri\u00e9t\u00e9 unique et exclusive de gotouchup.com et ne vous seront pas retourn\u00e9es et vous acceptez de ne pas soulever de litige en rapport avec toute utilisation de l&#039;entr\u00e9e par gotouchup.com \u00e0 l&#039;avenir.<br><br>Vous garantissez que vos soumissions, en tout ou en partie, sont claires et exemptes de toute violation de droits de propri\u00e9t\u00e9 intellectuelle, de litiges ou de r\u00e9clamations de tiers. Gotouchup.com n&#039;assume aucune responsabilit\u00e9 pour toute utilisation abusive des droits d&#039;auteur ou de tout autre droit de tiers par vous. Vous vous engagez \u00e0 d\u00e9fendre et \u00e0 indemniser le sponsor contre toute perte caus\u00e9e par l&#039;utilisation des participations \u00e0 quelque fin que ce soit.<br><br>En plus des droits applicables \u00e0 toute soumission, lorsque vous publiez des commentaires ou des critiques sur le site, vous accordez \u00e9galement \u00e0 gotouchup.com le droit d&#039;utiliser le nom que vous soumettez avec toute critique, commentaire ou autre contenu, le cas \u00e9ch\u00e9ant, en relation avec cette critique, ce commentaire ou tout autre contenu. Vous d\u00e9clarez et garantissez que vous poss\u00e9dez ou contr\u00f4lez par ailleurs tous les droits sur les critiques, commentaires et autres contenus que vous publiez sur ce site et que l&#039;utilisation de vos critiques, commentaires ou autres contenus par gotouchup.com ne portera pas atteinte aux droits d&#039;un tiers. Vous ne devez pas utiliser une fausse adresse e-mail, pr\u00e9tendre \u00eatre quelqu&#039;un d&#039;autre que vous-m\u00eame ou induire en erreur gotouchup.com ou des tiers quant \u00e0 l&#039;origine de toute soumission ou contenu. Gotouchup.com peut, mais n&#039;est pas oblig\u00e9 de supprimer ou de modifier toute soumission (y compris les commentaires ou les critiques) pour quelque raison que ce soit.<\/p>\n\n\n\n<h3 class=\"wp-block-heading\"><strong>Droits d&#039;auteur<\/strong><\/h3>\n\n\n\n<p>Tous les textes, graphiques, photographies ou autres images, ic\u00f4nes de boutons, clips audio, logos, slogans, noms commerciaux ou logiciels de texte et autres contenus du site Web de gotouchup.com (collectivement, le \u00ab Contenu \u00bb) appartiennent exclusivement \u00e0 gotouchup.com ou \u00e0 ses fournisseurs de contenu appropri\u00e9s. Vous ne pouvez pas utiliser, reproduire, copier, modifier, transmettre, afficher, publier, vendre, conc\u00e9der sous licence, ex\u00e9cuter publiquement, distribuer ou exploiter commercialement tout Contenu ou autrement disposer de tout Contenu d&#039;une mani\u00e8re non autoris\u00e9e par gotouchup.com, sans le consentement \u00e9crit pr\u00e9alable expr\u00e8s de gotouchup.com. L&#039;utilisation d&#039;exploration de donn\u00e9es, de robots ou d&#039;outils similaires de collecte et d&#039;extraction de donn\u00e9es sur gotouchup.com ainsi que l&#039;utilisation des marques commerciales ou des marques de service de gotouchup.com dans les m\u00e9tabalises sont strictement interdites. Vous ne pouvez consulter et utiliser le Contenu que pour vos informations personnelles et pour effectuer des achats et des commandes sur le site et \u00e0 aucune autre fin. La collecte, l&#039;agencement et l&#039;assemblage de tout le contenu de ce site (la \u00ab Compilation \u00bb) appartiennent exclusivement \u00e0 gotouchup.com. Vous ne pouvez pas utiliser le Contenu ou la Compilation de gotouchup.com d&#039;une mani\u00e8re qui d\u00e9nigre ou discr\u00e9dite gotouchup.com ou d&#039;une mani\u00e8re qui est susceptible de provoquer une confusion ou une violation des lois ou r\u00e9glementations applicables. Tous les logiciels utilis\u00e9s sur ce Site (le \u00ab Logiciel \u00bb) sont la propri\u00e9t\u00e9 de gotouchup.com et\/ou de ses fournisseurs de Logiciels. Le Contenu, la Compilation et le Logiciel sont tous prot\u00e9g\u00e9s par les lois nationales, \u00e9tatiques et internationales sur le droit d&#039;auteur. Tous les droits non express\u00e9ment accord\u00e9s sont r\u00e9serv\u00e9s par gotouchup.com. Les contrevenants seront poursuivis dans toute la mesure de la loi.<\/p>\n\n\n\n<h2 class=\"wp-block-heading\">Conditions d&#039;utilisation<\/h2>\n\n\n\n<h3 class=\"wp-block-heading\">R\u00e9siliation et effet de la r\u00e9siliation<\/h3>\n\n\n\n<p>Outre tout autre recours l\u00e9gal ou \u00e9quitable, gotouchup.com, sans pr\u00e9avis, r\u00e9silie imm\u00e9diatement le Contrat ou r\u00e9voque tout ou partie de vos droits accord\u00e9s en vertu du pr\u00e9sent Contrat. En cas de r\u00e9siliation du pr\u00e9sent Contrat, vous cesserez imm\u00e9diatement tout acc\u00e8s et toute utilisation du site et gotouchup.com, en plus de tout autre recours l\u00e9gal ou \u00e9quitable, r\u00e9voquera imm\u00e9diatement tous les mots de passe et identifiants de compte qui vous ont \u00e9t\u00e9 d\u00e9livr\u00e9s et vous refusera l&#039;acc\u00e8s et l&#039;utilisation de ce Site en tout ou en partie. Toute r\u00e9siliation du pr\u00e9sent Contrat n&#039;affectera pas les droits et obligations respectifs (y compris, sans limitation, les obligations de paiement) des parties n\u00e9s avant la date de r\u00e9siliation.<\/p>\n\n\n\n<h3 class=\"wp-block-heading\">Acceptation de la commande<\/h3>\n\n\n\n<p>Veuillez noter qu&#039;il est possible que nous ne puissions pas accepter certaines commandes et que nous devions les annuler. Gotouchup.com se r\u00e9serve le droit, \u00e0 sa seule discr\u00e9tion, de refuser ou d&#039;annuler toute commande pour quelque raison que ce soit. Certaines situations pouvant entra\u00eener l&#039;annulation de votre commande incluent des limitations sur les quantit\u00e9s disponibles \u00e0 l&#039;achat, des inexactitudes ou des erreurs dans les informations sur les produits ou les prix, ou des probl\u00e8mes identifi\u00e9s par notre service de cr\u00e9dit et de pr\u00e9vention des fraudes. Nous pouvons \u00e9galement exiger des v\u00e9rifications ou des informations suppl\u00e9mentaires avant d&#039;accepter une commande. Nous vous contacterons si tout ou partie de votre commande est annul\u00e9e ou si des informations suppl\u00e9mentaires sont n\u00e9cessaires pour accepter votre commande.<\/p>\n\n\n\n<h3 class=\"wp-block-heading\">Erreurs typographiques<\/h3>\n\n\n\n<p>Bien que gotouchup.com s&#039;efforce de fournir des informations exactes sur les produits et les prix, des erreurs de prix ou de typographie peuvent survenir. Gotouchup.com ne peut pas confirmer le prix d&#039;un article avant que vous n&#039;ayez pass\u00e9 commande. Dans le cas o\u00f9 un article est r\u00e9pertori\u00e9 \u00e0 un prix incorrect ou avec des informations incorrectes en raison d&#039;une erreur de prix ou d&#039;informations sur le produit, gotouchup.com aura le droit, \u00e0 sa seule discr\u00e9tion, de refuser ou d&#039;annuler toute commande pass\u00e9e pour cet article. Dans le cas o\u00f9 le prix d&#039;un article est erron\u00e9, gotouchup.com peut, \u00e0 sa discr\u00e9tion, vous contacter pour obtenir des instructions ou annuler votre commande et vous informer de cette annulation.<\/p>\n\n\n\n<h3 class=\"wp-block-heading\">Rem\u00e8des<\/h3>\n\n\n\n<p>Vous acceptez que le recours l\u00e9gal de gotouchup.com pour toute violation r\u00e9elle ou menac\u00e9e du pr\u00e9sent Contrat serait inad\u00e9quat et que gotouchup.com aura droit \u00e0 une ex\u00e9cution sp\u00e9cifique ou \u00e0 une injonction, ou aux deux, en plus de tous dommages et int\u00e9r\u00eats que gotouchup.com peut \u00eatre l\u00e9galement en droit de recouvrer, ainsi que des frais raisonnables de toute forme de r\u00e9solution de litige, y compris, sans limitation, les honoraires d&#039;avocat.<br><br>Aucun droit ou recours de gotouchup.com ne sera exclusif de tout autre, que ce soit en droit ou en \u00e9quit\u00e9, y compris, sans limitation, les dommages-int\u00e9r\u00eats, les injonctions, les honoraires d&#039;avocat et les frais.<br><br>Aucune renonciation par gotouchup.com \u00e0 ses droits ou recours en vertu des pr\u00e9sentes conditions g\u00e9n\u00e9rales n&#039;impliquera aucune obligation d&#039;accorder une renonciation similaire, future ou autre.<\/p>\n\n\n\n<p>Les pr\u00e9sentes conditions d\u2019utilisation et tout accord s\u00e9par\u00e9 par lequel nous vous les fournissons seront r\u00e9gis et interpr\u00e9t\u00e9s conform\u00e9ment aux lois des \u00c9tats-Unis.<\/p>","protected":false},"excerpt":{"rendered":"<p>Terms of Service Welcome to the website of gotouchup.com. We provides its services to you subject to the notices, terms,<\/p>","protected":false},"author":1,"featured_media":0,"parent":0,"menu_order":0,"comment_status":"closed","ping_status":"closed","template":"","meta":{"_acf_changed":false,"_monsterinsights_skip_tracking":false,"_monsterinsights_sitenote_active":false,"_monsterinsights_sitenote_note":"","_monsterinsights_sitenote_category":0,"footnotes":""},"class_list":["post-10006","page","type-page","status-publish","hentry"],"acf":[],"yoast_head":"<!-- This site is optimized with the Yoast SEO Premium plugin v25.7.1 (Yoast SEO v25.7) - https:\/\/yoast.com\/wordpress\/plugins\/seo\/ -->\n<title>Terms of Service - GoTouchUp<\/title>\n<meta name=\"robots\" content=\"index, follow, max-snippet:-1, max-image-preview:large, max-video-preview:-1\" \/>\n<link rel=\"canonical\" href=\"https:\/\/gotouchup.com\/fr\/terms-of-service\/\" \/>\n<meta property=\"og:locale\" content=\"fr_FR\" \/>\n<meta property=\"og:type\" content=\"article\" \/>\n<meta property=\"og:title\" content=\"Terms of Service\" \/>\n<meta property=\"og:description\" content=\"Terms of Service Welcome to the website of gotouchup.com. We provides its services to you subject to the notices, terms,\" \/>\n<meta property=\"og:url\" content=\"https:\/\/gotouchup.com\/fr\/terms-of-service\/\" \/>\n<meta property=\"og:site_name\" content=\"GoTouchUp\" \/>\n<meta property=\"article:modified_time\" content=\"2024-10-19T09:25:33+00:00\" \/>\n<meta name=\"twitter:card\" content=\"summary_large_image\" \/>\n<meta name=\"twitter:label1\" content=\"Est. reading time\" \/>\n\t<meta name=\"twitter:data1\" content=\"9 minutes\" \/>\n<script type=\"application\/ld+json\" class=\"yoast-schema-graph\">{\"@context\":\"https:\/\/schema.org\",\"@graph\":[{\"@type\":\"WebPage\",\"@id\":\"https:\/\/gotouchup.com\/terms-of-service\/\",\"url\":\"https:\/\/gotouchup.com\/terms-of-service\/\",\"name\":\"Terms of Service - GoTouchUp\",\"isPartOf\":{\"@id\":\"https:\/\/gotouchup.com\/#website\"},\"datePublished\":\"2024-10-19T09:25:32+00:00\",\"dateModified\":\"2024-10-19T09:25:33+00:00\",\"breadcrumb\":{\"@id\":\"https:\/\/gotouchup.com\/terms-of-service\/#breadcrumb\"},\"inLanguage\":\"fr-FR\",\"potentialAction\":[{\"@type\":\"ReadAction\",\"target\":[\"https:\/\/gotouchup.com\/terms-of-service\/\"]}]},{\"@type\":\"BreadcrumbList\",\"@id\":\"https:\/\/gotouchup.com\/terms-of-service\/#breadcrumb\",\"itemListElement\":[{\"@type\":\"ListItem\",\"position\":1,\"name\":\"Home\",\"item\":\"https:\/\/gotouchup.com\/\"},{\"@type\":\"ListItem\",\"position\":2,\"name\":\"Terms of Service\"}]},{\"@type\":\"WebSite\",\"@id\":\"https:\/\/gotouchup.com\/#website\",\"url\":\"https:\/\/gotouchup.com\/\",\"name\":\"GoTouchUp\",\"description\":\"Revive Your Finish with GoTouchUp\",\"publisher\":{\"@id\":\"https:\/\/gotouchup.com\/#organization\"},\"potentialAction\":[{\"@type\":\"SearchAction\",\"target\":{\"@type\":\"EntryPoint\",\"urlTemplate\":\"https:\/\/gotouchup.com\/?s={search_term_string}\"},\"query-input\":{\"@type\":\"PropertyValueSpecification\",\"valueRequired\":true,\"valueName\":\"search_term_string\"}}],\"inLanguage\":\"fr-FR\"},{\"@type\":\"Organization\",\"@id\":\"https:\/\/gotouchup.com\/#organization\",\"name\":\"GTUSTECH LLC\",\"url\":\"https:\/\/gotouchup.com\/\",\"logo\":{\"@type\":\"ImageObject\",\"inLanguage\":\"fr-FR\",\"@id\":\"https:\/\/gotouchup.com\/#\/schema\/logo\/image\/\",\"url\":\"https:\/\/gotouchup.com\/wp-content\/uploads\/2024\/10\/Asset-1@5x.png\",\"contentUrl\":\"https:\/\/gotouchup.com\/wp-content\/uploads\/2024\/10\/Asset-1@5x.png\",\"width\":1060,\"height\":246,\"caption\":\"GTUSTECH LLC\"},\"image\":{\"@id\":\"https:\/\/gotouchup.com\/#\/schema\/logo\/image\/\"}}]}<\/script>\n<!-- \/ Yoast SEO Premium plugin. -->","yoast_head_json":{"title":"Terms of Service - GoTouchUp","robots":{"index":"index","follow":"follow","max-snippet":"max-snippet:-1","max-image-preview":"max-image-preview:large","max-video-preview":"max-video-preview:-1"},"canonical":"https:\/\/gotouchup.com\/fr\/terms-of-service\/","og_locale":"fr_FR","og_type":"article","og_title":"Terms of Service","og_description":"Terms of Service Welcome to the website of gotouchup.com. We provides its services to you subject to the notices, terms,","og_url":"https:\/\/gotouchup.com\/fr\/terms-of-service\/","og_site_name":"GoTouchUp","article_modified_time":"2024-10-19T09:25:33+00:00","twitter_card":"summary_large_image","twitter_misc":{"Est. reading time":"9 minutes"},"schema":{"@context":"https:\/\/schema.org","@graph":[{"@type":"WebPage","@id":"https:\/\/gotouchup.com\/terms-of-service\/","url":"https:\/\/gotouchup.com\/terms-of-service\/","name":"Terms of Service - GoTouchUp","isPartOf":{"@id":"https:\/\/gotouchup.com\/#website"},"datePublished":"2024-10-19T09:25:32+00:00","dateModified":"2024-10-19T09:25:33+00:00","breadcrumb":{"@id":"https:\/\/gotouchup.com\/terms-of-service\/#breadcrumb"},"inLanguage":"fr-FR","potentialAction":[{"@type":"ReadAction","target":["https:\/\/gotouchup.com\/terms-of-service\/"]}]},{"@type":"BreadcrumbList","@id":"https:\/\/gotouchup.com\/terms-of-service\/#breadcrumb","itemListElement":[{"@type":"ListItem","position":1,"name":"Home","item":"https:\/\/gotouchup.com\/"},{"@type":"ListItem","position":2,"name":"Terms of Service"}]},{"@type":"WebSite","@id":"https:\/\/gotouchup.com\/#website","url":"https:\/\/gotouchup.com\/","name":"AllerRetoucher","description":"Ravivez votre finition avec GoTouchUp","publisher":{"@id":"https:\/\/gotouchup.com\/#organization"},"potentialAction":[{"@type":"SearchAction","target":{"@type":"EntryPoint","urlTemplate":"https:\/\/gotouchup.com\/?s={search_term_string}"},"query-input":{"@type":"PropertyValueSpecification","valueRequired":true,"valueName":"search_term_string"}}],"inLanguage":"fr-FR"},{"@type":"Organization","@id":"https:\/\/gotouchup.com\/#organization","name":"GTUSTECH LLC","url":"https:\/\/gotouchup.com\/","logo":{"@type":"ImageObject","inLanguage":"fr-FR","@id":"https:\/\/gotouchup.com\/#\/schema\/logo\/image\/","url":"https:\/\/gotouchup.com\/wp-content\/uploads\/2024\/10\/Asset-1@5x.png","contentUrl":"https:\/\/gotouchup.com\/wp-content\/uploads\/2024\/10\/Asset-1@5x.png","width":1060,"height":246,"caption":"GTUSTECH LLC"},"image":{"@id":"https:\/\/gotouchup.com\/#\/schema\/logo\/image\/"}}]}},"_links":{"self":[{"href":"https:\/\/gotouchup.com\/fr\/wp-json\/wp\/v2\/pages\/10006","targetHints":{"allow":["GET"]}}],"collection":[{"href":"https:\/\/gotouchup.com\/fr\/wp-json\/wp\/v2\/pages"}],"about":[{"href":"https:\/\/gotouchup.com\/fr\/wp-json\/wp\/v2\/types\/page"}],"author":[{"embeddable":true,"href":"https:\/\/gotouchup.com\/fr\/wp-json\/wp\/v2\/users\/1"}],"replies":[{"embeddable":true,"href":"https:\/\/gotouchup.com\/fr\/wp-json\/wp\/v2\/comments?post=10006"}],"version-history":[{"count":0,"href":"https:\/\/gotouchup.com\/fr\/wp-json\/wp\/v2\/pages\/10006\/revisions"}],"wp:attachment":[{"href":"https:\/\/gotouchup.com\/fr\/wp-json\/wp\/v2\/media?parent=10006"}],"curies":[{"name":"wp","href":"https:\/\/api.w.org\/{rel}","templated":true}]}}