{"id":10003,"date":"2024-10-19T08:52:35","date_gmt":"2024-10-19T08:52:35","guid":{"rendered":"https:\/\/gotouchup.com\/?page_id=10003"},"modified":"2024-10-19T08:53:35","modified_gmt":"2024-10-19T08:53:35","slug":"shipping-policy","status":"publish","type":"page","link":"https:\/\/gotouchup.com\/fr\/shipping-policy\/","title":{"rendered":"Politique d&#039;exp\u00e9dition"},"content":{"rendered":"<h3 class=\"wp-block-heading\">Politique d&#039;exp\u00e9dition<\/h3>\n\n\n\n<p>Le d\u00e9lai de livraison d\u00e9pend du produit.<\/p>\n\n\n\n<p>Livraison gratuite sur toutes les commandes&nbsp;<strong>$59+&nbsp;<\/strong>mondial!&nbsp;<\/p>\n\n\n\n<p>Pour toutes les commandes inf\u00e9rieures \u00e0 $59, les frais d&#039;exp\u00e9dition sont de $5,99.<\/p>\n\n\n\n<h3 class=\"wp-block-heading\"><strong>D\u00e9lais de livraison<\/strong><\/h3>\n\n\n\n<figure class=\"wp-block-table\"><table class=\"has-fixed-layout\"><tbody><tr><td>Type de produit<\/td><td>Temps de traitement<\/td><td>D\u00e9lai de livraison<\/td><\/tr><tr><td>Produit standard<\/td><td>1 \u00e0 2 jours calendaires<\/td><td>3 \u00e0 7 jours calendaires<\/td><\/tr><\/tbody><\/table><\/figure>\n\n\n\n<p>Nous ferons tout notre possible pour livrer votre colis dans les plus brefs d\u00e9lais. Toutefois, un d\u00e9lai suppl\u00e9mentaire peut \u00eatre n\u00e9cessaire en raison d&#039;adresses non valides et de probl\u00e8mes de d\u00e9douanement.<\/p>\n\n\n\n<p>Nous avons de nombreuses soci\u00e9t\u00e9s de transport express coop\u00e9ratives, telles que DHL, EMS, FedEx, HK Post et UPS. Nous choisirons le mode de transport le plus adapt\u00e9 \u00e0 votre pays.<\/p>\n\n\n\n<h3 class=\"wp-block-heading\"><strong>Exclusions d&#039;exp\u00e9dition :<\/strong><\/h3>\n\n\n\n<p>Veuillez noter que l&#039;adresse des bo\u00eetes postales est disponible (<strong>\u00e0 l&#039;exclusion des adresses APO\/FPO\/DPO<\/strong>). Veuillez saisir une adresse r\u00e9sidentielle ou professionnelle lors du paiement.<\/p>\n\n\n\n<h3 class=\"wp-block-heading\">Qui paie les droits de douane\/taxes ?<\/h3>\n\n\n\n<p>Chaque pays a ses propres r\u00e8gles et politiques douani\u00e8res. Veuillez contacter les douanes locales pour plus d&#039;informations. Si, dans de rares cas, des droits ou taxes d&#039;importation sont factur\u00e9s, le client est responsable de leur paiement.<\/p>\n\n\n\n<h3 class=\"wp-block-heading\"><strong>Que faire si je n\u2019ai jamais re\u00e7u ma commande ?<\/strong><\/h3>\n\n\n\n<p>Il peut arriver que des colis soient perdus pendant le transport, livr\u00e9s \u00e0 une adresse incorrecte, arrivent dans des colis s\u00e9par\u00e9s ou soient laiss\u00e9s \u00e0 un endroit diff\u00e9rent de votre domicile.<br><br>Si votre commande a d\u00e9pass\u00e9 la date de livraison estim\u00e9e ou a \u00e9t\u00e9 marqu\u00e9e comme livr\u00e9e mais ne peut pas \u00eatre localis\u00e9e, veuillez contacter le service client pour obtenir de l&#039;aide. Contactez-nous :<strong>&nbsp;support@gotouchup.com<\/strong><\/p>\n\n\n\n<h4 class=\"wp-block-heading\">Que faire en cas de retard ?<\/h4>\n\n\n\n<p>Il est tout \u00e0 fait possible que votre colis soit retard\u00e9 en raison des conditions m\u00e9t\u00e9orologiques ou d&#039;autres facteurs de force majeure. Si le retard affecte votre utilisation, veuillez contacter notre service des douanes via&nbsp;<strong>support@gotouchup.com<\/strong>&nbsp;pour compensation.<\/p>","protected":false},"excerpt":{"rendered":"<p>Shipping policy Shipping time depends on the product. Free shipping on all orders&nbsp;$59+&nbsp;worldwide!&nbsp; For all orders under $59, the shipping<\/p>","protected":false},"author":1,"featured_media":0,"parent":0,"menu_order":0,"comment_status":"closed","ping_status":"closed","template":"","meta":{"_acf_changed":false,"_monsterinsights_skip_tracking":false,"_monsterinsights_sitenote_active":false,"_monsterinsights_sitenote_note":"","_monsterinsights_sitenote_category":0,"footnotes":""},"class_list":["post-10003","page","type-page","status-publish","hentry"],"acf":[],"yoast_head":"<!-- This site is optimized with the Yoast SEO Premium plugin v25.7.1 (Yoast SEO v25.7) - https:\/\/yoast.com\/wordpress\/plugins\/seo\/ -->\n<title>Shipping Policy - GoTouchUp<\/title>\n<meta name=\"robots\" content=\"index, follow, max-snippet:-1, max-image-preview:large, max-video-preview:-1\" \/>\n<link rel=\"canonical\" href=\"https:\/\/gotouchup.com\/fr\/shipping-policy\/\" \/>\n<meta property=\"og:locale\" content=\"fr_FR\" \/>\n<meta property=\"og:type\" content=\"article\" \/>\n<meta property=\"og:title\" content=\"Shipping Policy\" \/>\n<meta property=\"og:description\" content=\"Shipping policy Shipping time depends on the product. Free shipping on all orders&nbsp;$59+&nbsp;worldwide!&nbsp; For all orders under $59, the shipping\" \/>\n<meta property=\"og:url\" content=\"https:\/\/gotouchup.com\/fr\/shipping-policy\/\" \/>\n<meta property=\"og:site_name\" content=\"GoTouchUp\" \/>\n<meta property=\"article:modified_time\" content=\"2024-10-19T08:53:35+00:00\" \/>\n<meta name=\"twitter:card\" content=\"summary_large_image\" \/>\n<meta name=\"twitter:label1\" content=\"Est. reading time\" \/>\n\t<meta name=\"twitter:data1\" content=\"1 minute\" \/>\n<script type=\"application\/ld+json\" class=\"yoast-schema-graph\">{\"@context\":\"https:\/\/schema.org\",\"@graph\":[{\"@type\":\"WebPage\",\"@id\":\"https:\/\/gotouchup.com\/shipping-policy\/\",\"url\":\"https:\/\/gotouchup.com\/shipping-policy\/\",\"name\":\"Shipping Policy - GoTouchUp\",\"isPartOf\":{\"@id\":\"https:\/\/gotouchup.com\/#website\"},\"datePublished\":\"2024-10-19T08:52:35+00:00\",\"dateModified\":\"2024-10-19T08:53:35+00:00\",\"breadcrumb\":{\"@id\":\"https:\/\/gotouchup.com\/shipping-policy\/#breadcrumb\"},\"inLanguage\":\"fr-FR\",\"potentialAction\":[{\"@type\":\"ReadAction\",\"target\":[\"https:\/\/gotouchup.com\/shipping-policy\/\"]}]},{\"@type\":\"BreadcrumbList\",\"@id\":\"https:\/\/gotouchup.com\/shipping-policy\/#breadcrumb\",\"itemListElement\":[{\"@type\":\"ListItem\",\"position\":1,\"name\":\"Home\",\"item\":\"https:\/\/gotouchup.com\/\"},{\"@type\":\"ListItem\",\"position\":2,\"name\":\"Shipping Policy\"}]},{\"@type\":\"WebSite\",\"@id\":\"https:\/\/gotouchup.com\/#website\",\"url\":\"https:\/\/gotouchup.com\/\",\"name\":\"GoTouchUp\",\"description\":\"Revive Your Finish with GoTouchUp\",\"publisher\":{\"@id\":\"https:\/\/gotouchup.com\/#organization\"},\"potentialAction\":[{\"@type\":\"SearchAction\",\"target\":{\"@type\":\"EntryPoint\",\"urlTemplate\":\"https:\/\/gotouchup.com\/?s={search_term_string}\"},\"query-input\":{\"@type\":\"PropertyValueSpecification\",\"valueRequired\":true,\"valueName\":\"search_term_string\"}}],\"inLanguage\":\"fr-FR\"},{\"@type\":\"Organization\",\"@id\":\"https:\/\/gotouchup.com\/#organization\",\"name\":\"GTUSTECH LLC\",\"url\":\"https:\/\/gotouchup.com\/\",\"logo\":{\"@type\":\"ImageObject\",\"inLanguage\":\"fr-FR\",\"@id\":\"https:\/\/gotouchup.com\/#\/schema\/logo\/image\/\",\"url\":\"https:\/\/gotouchup.com\/wp-content\/uploads\/2024\/10\/Asset-1@5x.png\",\"contentUrl\":\"https:\/\/gotouchup.com\/wp-content\/uploads\/2024\/10\/Asset-1@5x.png\",\"width\":1060,\"height\":246,\"caption\":\"GTUSTECH LLC\"},\"image\":{\"@id\":\"https:\/\/gotouchup.com\/#\/schema\/logo\/image\/\"}}]}<\/script>\n<!-- \/ Yoast SEO Premium plugin. -->","yoast_head_json":{"title":"Shipping Policy - GoTouchUp","robots":{"index":"index","follow":"follow","max-snippet":"max-snippet:-1","max-image-preview":"max-image-preview:large","max-video-preview":"max-video-preview:-1"},"canonical":"https:\/\/gotouchup.com\/fr\/shipping-policy\/","og_locale":"fr_FR","og_type":"article","og_title":"Shipping Policy","og_description":"Shipping policy Shipping time depends on the product. Free shipping on all orders&nbsp;$59+&nbsp;worldwide!&nbsp; For all orders under $59, the shipping","og_url":"https:\/\/gotouchup.com\/fr\/shipping-policy\/","og_site_name":"GoTouchUp","article_modified_time":"2024-10-19T08:53:35+00:00","twitter_card":"summary_large_image","twitter_misc":{"Est. reading time":"1 minute"},"schema":{"@context":"https:\/\/schema.org","@graph":[{"@type":"WebPage","@id":"https:\/\/gotouchup.com\/shipping-policy\/","url":"https:\/\/gotouchup.com\/shipping-policy\/","name":"Shipping Policy - GoTouchUp","isPartOf":{"@id":"https:\/\/gotouchup.com\/#website"},"datePublished":"2024-10-19T08:52:35+00:00","dateModified":"2024-10-19T08:53:35+00:00","breadcrumb":{"@id":"https:\/\/gotouchup.com\/shipping-policy\/#breadcrumb"},"inLanguage":"fr-FR","potentialAction":[{"@type":"ReadAction","target":["https:\/\/gotouchup.com\/shipping-policy\/"]}]},{"@type":"BreadcrumbList","@id":"https:\/\/gotouchup.com\/shipping-policy\/#breadcrumb","itemListElement":[{"@type":"ListItem","position":1,"name":"Home","item":"https:\/\/gotouchup.com\/"},{"@type":"ListItem","position":2,"name":"Shipping Policy"}]},{"@type":"WebSite","@id":"https:\/\/gotouchup.com\/#website","url":"https:\/\/gotouchup.com\/","name":"AllerRetoucher","description":"Ravivez votre finition avec GoTouchUp","publisher":{"@id":"https:\/\/gotouchup.com\/#organization"},"potentialAction":[{"@type":"SearchAction","target":{"@type":"EntryPoint","urlTemplate":"https:\/\/gotouchup.com\/?s={search_term_string}"},"query-input":{"@type":"PropertyValueSpecification","valueRequired":true,"valueName":"search_term_string"}}],"inLanguage":"fr-FR"},{"@type":"Organization","@id":"https:\/\/gotouchup.com\/#organization","name":"GTUSTECH LLC","url":"https:\/\/gotouchup.com\/","logo":{"@type":"ImageObject","inLanguage":"fr-FR","@id":"https:\/\/gotouchup.com\/#\/schema\/logo\/image\/","url":"https:\/\/gotouchup.com\/wp-content\/uploads\/2024\/10\/Asset-1@5x.png","contentUrl":"https:\/\/gotouchup.com\/wp-content\/uploads\/2024\/10\/Asset-1@5x.png","width":1060,"height":246,"caption":"GTUSTECH LLC"},"image":{"@id":"https:\/\/gotouchup.com\/#\/schema\/logo\/image\/"}}]}},"_links":{"self":[{"href":"https:\/\/gotouchup.com\/fr\/wp-json\/wp\/v2\/pages\/10003","targetHints":{"allow":["GET"]}}],"collection":[{"href":"https:\/\/gotouchup.com\/fr\/wp-json\/wp\/v2\/pages"}],"about":[{"href":"https:\/\/gotouchup.com\/fr\/wp-json\/wp\/v2\/types\/page"}],"author":[{"embeddable":true,"href":"https:\/\/gotouchup.com\/fr\/wp-json\/wp\/v2\/users\/1"}],"replies":[{"embeddable":true,"href":"https:\/\/gotouchup.com\/fr\/wp-json\/wp\/v2\/comments?post=10003"}],"version-history":[{"count":0,"href":"https:\/\/gotouchup.com\/fr\/wp-json\/wp\/v2\/pages\/10003\/revisions"}],"wp:attachment":[{"href":"https:\/\/gotouchup.com\/fr\/wp-json\/wp\/v2\/media?parent=10003"}],"curies":[{"name":"wp","href":"https:\/\/api.w.org\/{rel}","templated":true}]}}