{"id":23245,"date":"2025-07-11T19:46:00","date_gmt":"2025-07-12T02:46:00","guid":{"rendered":"https:\/\/gotouchup.com\/?post_type=product&#038;p=23245"},"modified":"2026-01-19T17:50:50","modified_gmt":"2026-01-20T01:50:50","slug":"honda-touch-up-paint-and-scratch-repair-kit","status":"publish","type":"product","link":"https:\/\/gotouchup.com\/fi\/product\/honda-touch-up-paint-and-scratch-repair-kit\/","title":{"rendered":"Hondan maalipinnan ja naarmujen korjaussarja"},"content":{"rendered":"<p><a href=\"https:\/\/gotouchup.com\/wp-content\/uploads\/2025\/01\/honda-2.png\"><img fetchpriority=\"high\" decoding=\"async\" class=\"alignnone size-full wp-image-13385\" src=\"https:\/\/gotouchup.com\/wp-content\/uploads\/2025\/01\/honda-2.png\" alt=\"\" width=\"800\" height=\"400\" srcset=\"https:\/\/gotouchup.com\/wp-content\/uploads\/2025\/01\/honda-2.png 800w, https:\/\/gotouchup.com\/wp-content\/uploads\/2025\/01\/honda-2-300x150.png 300w, https:\/\/gotouchup.com\/wp-content\/uploads\/2025\/01\/honda-2-768x384.png 768w, https:\/\/gotouchup.com\/wp-content\/uploads\/2025\/01\/honda-2-18x9.png 18w, https:\/\/gotouchup.com\/wp-content\/uploads\/2025\/01\/honda-2-148x74.png 148w\" sizes=\"(max-width: 800px) 100vw, 800px\" \/><\/a><\/p>\n<p>Hondan Touch-Up Paint and Scratch Repair Kit on t\u00e4ydellinen ratkaisu pienten naarmujen ja lohkeamien korjaamiseen. T\u00e4m\u00e4 all-in-one-sarja palauttaa helposti autosi alkuper\u00e4isen viimeistelyn ja antaa sille ammattimaisen ilmeen minimaalisella vaivalla.<\/p>\n<p><strong>Ominaisuudet:<\/strong><\/p>\n<ul>\n<li><strong>Hondan yhteensopivat v\u00e4rit:<\/strong> Sopii t\u00e4ydellisesti Hondan alkuper\u00e4isen tehdasmaalin kanssa saumattomaan korjaukseen.<\/li>\n<li><strong>T\u00e4ydellinen sarja:<\/strong> Sis\u00e4lt\u00e4\u00e4 kitin, s\u00e4hk\u00f6ruiskun ja hiomaty\u00f6kalut ammattimaiseen viimeistelyyn.<\/li>\n<li><strong>Vaivaton sovellus:<\/strong> Helppok\u00e4ytt\u00f6inen muotoilu aloittelijoille ja kokeneille k\u00e4ytt\u00e4jille takaavat ammattimaiset tulokset.<\/li>\n<li><strong>Pitk\u00e4kestoinen suojaus:<\/strong> Est\u00e4\u00e4 ruostetta, haalistumista ja s\u00e4ilytt\u00e4\u00e4 kiillotetun, uudenveroisen pinnan.<\/li>\n<li><strong>Kompakti ja k\u00e4tev\u00e4:<\/strong> Kannettava sarja, ihanteellinen nopeaan, tien p\u00e4\u00e4ll\u00e4 tapahtuvaan korjaukseen.<\/li>\n<\/ul>\n<p><strong>Ohjeet:<\/strong><\/p>\n<ul>\n<li>Touch Up Paint<\/li>\n<\/ul>\n<p><a href=\"https:\/\/gotouchup.com\/wp-content\/uploads\/2024\/12\/5.\u5355\u652f-4.png\"><img decoding=\"async\" class=\"alignnone wp-image-13008\" src=\"https:\/\/gotouchup.com\/wp-content\/uploads\/2024\/12\/5.\u5355\u652f-4.png\" alt=\"\" width=\"800\" height=\"800\" srcset=\"https:\/\/gotouchup.com\/wp-content\/uploads\/2024\/12\/5.\u5355\u652f-4.png 1000w, https:\/\/gotouchup.com\/wp-content\/uploads\/2024\/12\/5.\u5355\u652f-4-300x300.png 300w, https:\/\/gotouchup.com\/wp-content\/uploads\/2024\/12\/5.\u5355\u652f-4-150x150.png 150w, https:\/\/gotouchup.com\/wp-content\/uploads\/2024\/12\/5.\u5355\u652f-4-768x768.png 768w, https:\/\/gotouchup.com\/wp-content\/uploads\/2024\/12\/5.\u5355\u652f-4-12x12.png 12w, https:\/\/gotouchup.com\/wp-content\/uploads\/2024\/12\/5.\u5355\u652f-4-600x600.png 600w, https:\/\/gotouchup.com\/wp-content\/uploads\/2024\/12\/5.\u5355\u652f-4-148x148.png 148w, https:\/\/gotouchup.com\/wp-content\/uploads\/2024\/12\/5.\u5355\u652f-4-50x50.png 50w, https:\/\/gotouchup.com\/wp-content\/uploads\/2024\/12\/5.\u5355\u652f-4-100x100.png 100w\" sizes=\"(max-width: 800px) 100vw, 800px\" \/><\/a><\/p>\n<ul>\n<li>Korjaa maali- ja kittisarjat<\/li>\n<\/ul>\n<p><a href=\"https:\/\/gotouchup.com\/wp-content\/uploads\/2024\/12\/6.\u5957\u88c5-3.png\"><img decoding=\"async\" class=\"alignnone wp-image-13009\" src=\"https:\/\/gotouchup.com\/wp-content\/uploads\/2024\/12\/6.\u5957\u88c5-3.png\" alt=\"\" width=\"800\" height=\"800\" srcset=\"https:\/\/gotouchup.com\/wp-content\/uploads\/2024\/12\/6.\u5957\u88c5-3.png 1000w, https:\/\/gotouchup.com\/wp-content\/uploads\/2024\/12\/6.\u5957\u88c5-3-300x300.png 300w, https:\/\/gotouchup.com\/wp-content\/uploads\/2024\/12\/6.\u5957\u88c5-3-150x150.png 150w, https:\/\/gotouchup.com\/wp-content\/uploads\/2024\/12\/6.\u5957\u88c5-3-768x768.png 768w, https:\/\/gotouchup.com\/wp-content\/uploads\/2024\/12\/6.\u5957\u88c5-3-12x12.png 12w, https:\/\/gotouchup.com\/wp-content\/uploads\/2024\/12\/6.\u5957\u88c5-3-600x600.png 600w, https:\/\/gotouchup.com\/wp-content\/uploads\/2024\/12\/6.\u5957\u88c5-3-148x148.png 148w, https:\/\/gotouchup.com\/wp-content\/uploads\/2024\/12\/6.\u5957\u88c5-3-50x50.png 50w, https:\/\/gotouchup.com\/wp-content\/uploads\/2024\/12\/6.\u5957\u88c5-3-100x100.png 100w\" sizes=\"(max-width: 800px) 100vw, 800px\" \/><\/a><\/p>\n<ul>\n<li>Touch Up Paint &amp; Electric Spray<\/li>\n<\/ul>\n<p><a href=\"https:\/\/gotouchup.com\/wp-content\/uploads\/2024\/12\/7-4.png\"><img loading=\"lazy\" decoding=\"async\" class=\"alignnone wp-image-13010\" src=\"https:\/\/gotouchup.com\/wp-content\/uploads\/2024\/12\/7-4.png\" alt=\"\" width=\"800\" height=\"800\" srcset=\"https:\/\/gotouchup.com\/wp-content\/uploads\/2024\/12\/7-4.png 1000w, https:\/\/gotouchup.com\/wp-content\/uploads\/2024\/12\/7-4-300x300.png 300w, https:\/\/gotouchup.com\/wp-content\/uploads\/2024\/12\/7-4-150x150.png 150w, https:\/\/gotouchup.com\/wp-content\/uploads\/2024\/12\/7-4-768x768.png 768w, https:\/\/gotouchup.com\/wp-content\/uploads\/2024\/12\/7-4-12x12.png 12w, https:\/\/gotouchup.com\/wp-content\/uploads\/2024\/12\/7-4-600x600.png 600w, https:\/\/gotouchup.com\/wp-content\/uploads\/2024\/12\/7-4-148x148.png 148w, https:\/\/gotouchup.com\/wp-content\/uploads\/2024\/12\/7-4-50x50.png 50w, https:\/\/gotouchup.com\/wp-content\/uploads\/2024\/12\/7-4-100x100.png 100w\" sizes=\"(max-width: 800px) 100vw, 800px\" \/><\/a><\/p>\n<p><strong>Huomautus:<\/strong> Ruisku ei sis\u00e4ll\u00e4 sis\u00e4\u00e4nrakennettua akkua. K\u00e4yt\u00e4 mukana toimitettua USB-kaapelia liitt\u00e4\u00e4ksesi sen virtal\u00e4hteeseen.<\/p>\n<p>&nbsp;<\/p>\n<p><strong>V\u00e4rikoodi:<\/strong><\/p>\n<ul>\n<li>NH-731P, NH-700M, NH-797M, NH-578, NH-737M, NH-830M, B-588P, NH-603P, NH-788P, R-529P, B-593M, YR-578M, R-513, B-607M, NH-701M, NH-877P, NH-883P, NH-904M<\/li>\n<\/ul>\n<p>&nbsp;<\/p>\n<p><strong>Yhteensopivat ajoneuvot:<\/strong><\/p>\n<ul>\n<li>Accord, Civic, CR-V, Fit, HR-V, Odyssey, Passport, Pilot, Ridgeline<\/li>\n<\/ul>","protected":false},"excerpt":{"rendered":"<p>Hondan korjaussarja maalin ja naarmujen korjaukseen on t\u00e4ydellinen ratkaisu pienten naarmujen ja lohkeamien korjaamiseen.<\/p>","protected":false},"featured_media":23304,"comment_status":"open","ping_status":"closed","template":"","meta":{"_acf_changed":false,"_monsterinsights_skip_tracking":false,"_monsterinsights_sitenote_active":false,"_monsterinsights_sitenote_note":"","_monsterinsights_sitenote_category":0},"product_brand":[187],"product_cat":[140],"product_tag":[141,148,23191],"class_list":{"0":"post-23245","1":"product","2":"type-product","3":"status-publish","4":"has-post-thumbnail","6":"product_brand-gotouchup","7":"product_cat-touch-up-paint-for-honda","8":"product_tag-honda","9":"product_tag-touch-up-paint-for-car","10":"product_tag-universal","11":"tm-has-options","13":"first","14":"instock","15":"shipping-taxable","16":"purchasable","17":"product-type-variable"},"acf":[],"yoast_head":"<!-- This site is optimized with the Yoast SEO Premium plugin v25.7.1 (Yoast SEO v25.7) - https:\/\/yoast.com\/wordpress\/plugins\/seo\/ -->\n<title>Honda Touch Up Paint and Scratch Repair Kit - GoTouchUp<\/title>\n<meta name=\"robots\" content=\"index, follow, max-snippet:-1, max-image-preview:large, max-video-preview:-1\" \/>\n<link rel=\"canonical\" href=\"https:\/\/gotouchup.com\/fi\/product\/honda-touch-up-paint-and-scratch-repair-kit\/\" \/>\n<meta property=\"og:locale\" content=\"fi_FI\" \/>\n<meta property=\"og:type\" content=\"article\" \/>\n<meta property=\"og:title\" content=\"Honda Touch Up Paint and Scratch Repair Kit\" \/>\n<meta property=\"og:description\" content=\"The Touch-Up Paint and Scratch Repair Kit for the Honda is the ultimate solution for fixing minor scratches and chips.\" \/>\n<meta property=\"og:url\" content=\"https:\/\/gotouchup.com\/fi\/product\/honda-touch-up-paint-and-scratch-repair-kit\/\" \/>\n<meta property=\"og:site_name\" content=\"GoTouchUp\" \/>\n<meta property=\"article:modified_time\" content=\"2026-01-20T01:50:50+00:00\" \/>\n<meta property=\"og:image\" content=\"https:\/\/gotouchup.com\/wp-content\/uploads\/2025\/07\/GTU-AB-HONDA-NH-731P-SET1-1.webp\" \/>\n\t<meta property=\"og:image:width\" content=\"1000\" \/>\n\t<meta property=\"og:image:height\" content=\"1000\" \/>\n\t<meta property=\"og:image:type\" content=\"image\/webp\" \/>\n<meta name=\"twitter:card\" content=\"summary_large_image\" \/>\n<meta name=\"twitter:label1\" content=\"Est. reading time\" \/>\n\t<meta name=\"twitter:data1\" content=\"2 minuuttia\" \/>\n<script type=\"application\/ld+json\" class=\"yoast-schema-graph\">{\"@context\":\"https:\/\/schema.org\",\"@graph\":[{\"@type\":\"WebPage\",\"@id\":\"https:\/\/gotouchup.com\/product\/honda-touch-up-paint-and-scratch-repair-kit\/\",\"url\":\"https:\/\/gotouchup.com\/product\/honda-touch-up-paint-and-scratch-repair-kit\/\",\"name\":\"Honda Touch Up Paint and Scratch Repair Kit - GoTouchUp\",\"isPartOf\":{\"@id\":\"https:\/\/gotouchup.com\/#website\"},\"primaryImageOfPage\":{\"@id\":\"https:\/\/gotouchup.com\/product\/honda-touch-up-paint-and-scratch-repair-kit\/#primaryimage\"},\"image\":{\"@id\":\"https:\/\/gotouchup.com\/product\/honda-touch-up-paint-and-scratch-repair-kit\/#primaryimage\"},\"thumbnailUrl\":\"https:\/\/gotouchup.com\/wp-content\/uploads\/2025\/07\/GTU-AB-HONDA-NH-731P-SET1-1.webp\",\"datePublished\":\"2025-07-12T02:46:00+00:00\",\"dateModified\":\"2026-01-20T01:50:50+00:00\",\"breadcrumb\":{\"@id\":\"https:\/\/gotouchup.com\/product\/honda-touch-up-paint-and-scratch-repair-kit\/#breadcrumb\"},\"inLanguage\":\"fi\",\"potentialAction\":[{\"@type\":\"ReadAction\",\"target\":[\"https:\/\/gotouchup.com\/product\/honda-touch-up-paint-and-scratch-repair-kit\/\"]}]},{\"@type\":\"ImageObject\",\"inLanguage\":\"fi\",\"@id\":\"https:\/\/gotouchup.com\/product\/honda-touch-up-paint-and-scratch-repair-kit\/#primaryimage\",\"url\":\"https:\/\/gotouchup.com\/wp-content\/uploads\/2025\/07\/GTU-AB-HONDA-NH-731P-SET1-1.webp\",\"contentUrl\":\"https:\/\/gotouchup.com\/wp-content\/uploads\/2025\/07\/GTU-AB-HONDA-NH-731P-SET1-1.webp\",\"width\":1000,\"height\":1000},{\"@type\":\"BreadcrumbList\",\"@id\":\"https:\/\/gotouchup.com\/product\/honda-touch-up-paint-and-scratch-repair-kit\/#breadcrumb\",\"itemListElement\":[{\"@type\":\"ListItem\",\"position\":1,\"name\":\"Home\",\"item\":\"https:\/\/gotouchup.com\/\"},{\"@type\":\"ListItem\",\"position\":2,\"name\":\"Shop\",\"item\":\"https:\/\/gotouchup.com\/shop\/\"},{\"@type\":\"ListItem\",\"position\":3,\"name\":\"Honda Touch Up Paint and Scratch Repair Kit\"}]},{\"@type\":\"WebSite\",\"@id\":\"https:\/\/gotouchup.com\/#website\",\"url\":\"https:\/\/gotouchup.com\/\",\"name\":\"GoTouchUp\",\"description\":\"Revive Your Finish with GoTouchUp\",\"publisher\":{\"@id\":\"https:\/\/gotouchup.com\/#organization\"},\"potentialAction\":[{\"@type\":\"SearchAction\",\"target\":{\"@type\":\"EntryPoint\",\"urlTemplate\":\"https:\/\/gotouchup.com\/?s={search_term_string}\"},\"query-input\":{\"@type\":\"PropertyValueSpecification\",\"valueRequired\":true,\"valueName\":\"search_term_string\"}}],\"inLanguage\":\"fi\"},{\"@type\":\"Organization\",\"@id\":\"https:\/\/gotouchup.com\/#organization\",\"name\":\"GTUSTECH LLC\",\"url\":\"https:\/\/gotouchup.com\/\",\"logo\":{\"@type\":\"ImageObject\",\"inLanguage\":\"fi\",\"@id\":\"https:\/\/gotouchup.com\/#\/schema\/logo\/image\/\",\"url\":\"https:\/\/gotouchup.com\/wp-content\/uploads\/2024\/10\/Asset-1@5x.png\",\"contentUrl\":\"https:\/\/gotouchup.com\/wp-content\/uploads\/2024\/10\/Asset-1@5x.png\",\"width\":1060,\"height\":246,\"caption\":\"GTUSTECH LLC\"},\"image\":{\"@id\":\"https:\/\/gotouchup.com\/#\/schema\/logo\/image\/\"}}]}<\/script>\n<!-- \/ Yoast SEO Premium plugin. -->","yoast_head_json":{"title":"Honda Touch Up Paint and Scratch Repair Kit - GoTouchUp","robots":{"index":"index","follow":"follow","max-snippet":"max-snippet:-1","max-image-preview":"max-image-preview:large","max-video-preview":"max-video-preview:-1"},"canonical":"https:\/\/gotouchup.com\/fi\/product\/honda-touch-up-paint-and-scratch-repair-kit\/","og_locale":"fi_FI","og_type":"article","og_title":"Honda Touch Up Paint and Scratch Repair Kit","og_description":"The Touch-Up Paint and Scratch Repair Kit for the Honda is the ultimate solution for fixing minor scratches and chips.","og_url":"https:\/\/gotouchup.com\/fi\/product\/honda-touch-up-paint-and-scratch-repair-kit\/","og_site_name":"GoTouchUp","article_modified_time":"2026-01-20T01:50:50+00:00","og_image":[{"width":1000,"height":1000,"url":"https:\/\/gotouchup.com\/wp-content\/uploads\/2025\/07\/GTU-AB-HONDA-NH-731P-SET1-1.webp","type":"image\/webp"}],"twitter_card":"summary_large_image","twitter_misc":{"Est. reading time":"2 minuuttia"},"schema":{"@context":"https:\/\/schema.org","@graph":[{"@type":"WebPage","@id":"https:\/\/gotouchup.com\/product\/honda-touch-up-paint-and-scratch-repair-kit\/","url":"https:\/\/gotouchup.com\/product\/honda-touch-up-paint-and-scratch-repair-kit\/","name":"Honda Touch Up Paint and Scratch Repair Kit - GoTouchUp","isPartOf":{"@id":"https:\/\/gotouchup.com\/#website"},"primaryImageOfPage":{"@id":"https:\/\/gotouchup.com\/product\/honda-touch-up-paint-and-scratch-repair-kit\/#primaryimage"},"image":{"@id":"https:\/\/gotouchup.com\/product\/honda-touch-up-paint-and-scratch-repair-kit\/#primaryimage"},"thumbnailUrl":"https:\/\/gotouchup.com\/wp-content\/uploads\/2025\/07\/GTU-AB-HONDA-NH-731P-SET1-1.webp","datePublished":"2025-07-12T02:46:00+00:00","dateModified":"2026-01-20T01:50:50+00:00","breadcrumb":{"@id":"https:\/\/gotouchup.com\/product\/honda-touch-up-paint-and-scratch-repair-kit\/#breadcrumb"},"inLanguage":"fi","potentialAction":[{"@type":"ReadAction","target":["https:\/\/gotouchup.com\/product\/honda-touch-up-paint-and-scratch-repair-kit\/"]}]},{"@type":"ImageObject","inLanguage":"fi","@id":"https:\/\/gotouchup.com\/product\/honda-touch-up-paint-and-scratch-repair-kit\/#primaryimage","url":"https:\/\/gotouchup.com\/wp-content\/uploads\/2025\/07\/GTU-AB-HONDA-NH-731P-SET1-1.webp","contentUrl":"https:\/\/gotouchup.com\/wp-content\/uploads\/2025\/07\/GTU-AB-HONDA-NH-731P-SET1-1.webp","width":1000,"height":1000},{"@type":"BreadcrumbList","@id":"https:\/\/gotouchup.com\/product\/honda-touch-up-paint-and-scratch-repair-kit\/#breadcrumb","itemListElement":[{"@type":"ListItem","position":1,"name":"Home","item":"https:\/\/gotouchup.com\/"},{"@type":"ListItem","position":2,"name":"Shop","item":"https:\/\/gotouchup.com\/shop\/"},{"@type":"ListItem","position":3,"name":"Honda Touch Up Paint and Scratch Repair Kit"}]},{"@type":"WebSite","@id":"https:\/\/gotouchup.com\/#website","url":"https:\/\/gotouchup.com\/","name":"GoTouchUp","description":"Elvyt\u00e4 viimeistelysi GoTouchUpilla","publisher":{"@id":"https:\/\/gotouchup.com\/#organization"},"potentialAction":[{"@type":"SearchAction","target":{"@type":"EntryPoint","urlTemplate":"https:\/\/gotouchup.com\/?s={search_term_string}"},"query-input":{"@type":"PropertyValueSpecification","valueRequired":true,"valueName":"search_term_string"}}],"inLanguage":"fi"},{"@type":"Organization","@id":"https:\/\/gotouchup.com\/#organization","name":"GTUSTECH LLC","url":"https:\/\/gotouchup.com\/","logo":{"@type":"ImageObject","inLanguage":"fi","@id":"https:\/\/gotouchup.com\/#\/schema\/logo\/image\/","url":"https:\/\/gotouchup.com\/wp-content\/uploads\/2024\/10\/Asset-1@5x.png","contentUrl":"https:\/\/gotouchup.com\/wp-content\/uploads\/2024\/10\/Asset-1@5x.png","width":1060,"height":246,"caption":"GTUSTECH LLC"},"image":{"@id":"https:\/\/gotouchup.com\/#\/schema\/logo\/image\/"}}]}},"_links":{"self":[{"href":"https:\/\/gotouchup.com\/fi\/wp-json\/wp\/v2\/product\/23245","targetHints":{"allow":["GET"]}}],"collection":[{"href":"https:\/\/gotouchup.com\/fi\/wp-json\/wp\/v2\/product"}],"about":[{"href":"https:\/\/gotouchup.com\/fi\/wp-json\/wp\/v2\/types\/product"}],"replies":[{"embeddable":true,"href":"https:\/\/gotouchup.com\/fi\/wp-json\/wp\/v2\/comments?post=23245"}],"version-history":[{"count":0,"href":"https:\/\/gotouchup.com\/fi\/wp-json\/wp\/v2\/product\/23245\/revisions"}],"wp:featuredmedia":[{"embeddable":true,"href":"https:\/\/gotouchup.com\/fi\/wp-json\/wp\/v2\/media\/23304"}],"wp:attachment":[{"href":"https:\/\/gotouchup.com\/fi\/wp-json\/wp\/v2\/media?parent=23245"}],"wp:term":[{"taxonomy":"product_brand","embeddable":true,"href":"https:\/\/gotouchup.com\/fi\/wp-json\/wp\/v2\/product_brand?post=23245"},{"taxonomy":"product_cat","embeddable":true,"href":"https:\/\/gotouchup.com\/fi\/wp-json\/wp\/v2\/product_cat?post=23245"},{"taxonomy":"product_tag","embeddable":true,"href":"https:\/\/gotouchup.com\/fi\/wp-json\/wp\/v2\/product_tag?post=23245"}],"curies":[{"name":"wp","href":"https:\/\/api.w.org\/{rel}","templated":true}]}}