{"id":20217,"date":"2025-06-26T01:03:16","date_gmt":"2025-06-26T08:03:16","guid":{"rendered":"https:\/\/gotouchup.com\/?post_type=product&#038;p=20217"},"modified":"2025-06-29T20:49:16","modified_gmt":"2025-06-30T03:49:16","slug":"touch-up-paint-and-scratch-repair-kit-for-chevrolet-hhr","status":"publish","type":"product","link":"https:\/\/gotouchup.com\/fi\/product\/touch-up-paint-and-scratch-repair-kit-for-chevrolet-hhr\/","title":{"rendered":"Maalin ja naarmujen korjaussarja Chevrolet Hhr:lle"},"content":{"rendered":"<p><strong>Chevrolet Hhr:n korjaussarja maalille ja naarmuille on t\u00e4ydellinen ratkaisu pienten naarmujen ja lohkeamien korjaamiseen. T\u00e4m\u00e4 all-in-one-sarja palauttaa ajoneuvosi alkuper\u00e4isen viimeistelyn tarkasti sovitetuilla tehdasv\u00e4reill\u00e4 ja takaa saumattoman korjauksen. Se on suunniteltu eritt\u00e4in helppoon ja edulliseen asennukseen, ja se antaa Hhr:llesi ammattimaisen ilmeen minimaalisella vaivalla \u2013 kokemusta ei tarvita.<\/strong><\/p>\n<p><strong>Ominaisuudet:<\/strong><\/p>\n<ul>\n<li><strong>T\u00e4ydellinen v\u00e4rien yhteensopivuus:<\/strong> Erityisesti Chevrolet Hhr:lle kehitetty paikkausmaalimme vastaa t\u00e4ysin alkuper\u00e4ist\u00e4 tehdasv\u00e4ri\u00e4 ja varmistaa sujuvat, saumattomat korjaukset ammattimaisella viimeistelyll\u00e4. Unohda ep\u00e4sopivat s\u00e4vyt \u2013 Chevrolet Hhr:si n\u00e4ytt\u00e4\u00e4 j\u00e4lleen virheett\u00f6m\u00e4lt\u00e4.<\/li>\n<li><strong>Helppok\u00e4ytt\u00f6inen:<\/strong> Naarmujen korjaaminen ei ole koskaan ollut helpompaa. Puhdista vain naarmualue, levit\u00e4 paikkausmaalia mukana tulevalla siveltimell\u00e4 ja anna sen kuivua luonnollisesti \u2013 erikoisty\u00f6kaluja tai -taitoja ei tarvita. Muutamassa yksinkertaisessa vaiheessa ajoneuvosi saa takaisin alkuper\u00e4isen ulkon\u00e4k\u00f6ns\u00e4, mik\u00e4 s\u00e4\u00e4st\u00e4\u00e4 aikaasi ja kalliita reissuja korjaamolle.<\/li>\n<li><strong>Valmistettu pitk\u00e4kestoiseen kest\u00e4vyyteen:<\/strong> Ensiluokkaisista metallipigmenteist\u00e4 valmistettu paikkamaalimme on suunniteltu kest\u00e4m\u00e4\u00e4n \u00e4\u00e4rimm\u00e4isi\u00e4 l\u00e4mp\u00f6tiloja ja ankaria olosuhteita \u2013 olipa kyseess\u00e4 sitten kova kuumuus, j\u00e4\u00e4t\u00e4v\u00e4 kylmyys tai korkeapaineinen autonpesu. Sen haalistumaton ja lohkeilematon koostumus varmistaa vahvan sidoksen, joka ei irtoa tai hilseile, pit\u00e4en ajoneuvosi pinnan raikkaana ja virheett\u00f6m\u00e4n\u00e4 tulevina vuosina.<\/li>\n<li><strong>Pitk\u00e4 s\u00e4ilyvyysaika ja uudelleenk\u00e4ytett\u00e4v\u00e4:<\/strong> Patentoidun maali- ja pulloteknologiamme ansiosta jokainen pakkaus pysyy tuoreena ja tehokkaana jopa 3 vuotta. Olipa kyseess\u00e4 sitten ensimm\u00e4inen naarmu tai tuleva, voit k\u00e4ytt\u00e4\u00e4 samaa pakkausta uudelleen huolehtimatta kuivumisesta tai laadun heikkenemisest\u00e4 \u2013 sinun ei tarvitse ostaa uudelleen joka kerta.<\/li>\n<li><strong>Useita pakkausvaihtoehtoja:<\/strong> Tarjoamme laajan valikoiman korjaussarjoja, jotka on r\u00e4\u00e4t\u00e4l\u00f6ity eri vauriotasoille. Kevyisiin pintanaarmuihin tarkkuuskorjauskyn\u00e4mme tarjoaa nopean ja tarkan korjauksen. Syvempiin j\u00e4lkiin kittisarja voi auttaa t\u00e4ytt\u00e4m\u00e4\u00e4n alueen ja parantamaan korjaustulosta. Ja suurempiin tai n\u00e4kyv\u00e4mpiin naarmuihin s\u00e4hk\u00f6inen ruiskutusj\u00e4rjestelm\u00e4mme varmistaa tasaisen, ammattitason peiton.<\/li>\n<\/ul>\n<p><strong>N\u00e4in l\u00f6yd\u00e4t ajoneuvosi maalikoodin:<\/strong><\/p>\n<ul>\n<li>Autosi maalikoodi sijaitsee yleens\u00e4 valmistajan tarrassa jossain ajoneuvossa. Tarkka sijainti voi kuitenkin vaihdella merkin ja model:n mukaan. Katso alla olevasta kuvasta ohjeet.<\/li>\n<\/ul>\n<p><img decoding=\"async\" src=\"https:\/\/gotouchup.com\/wp-content\/uploads\/products-image\/Chevrolet\/General\/color_code_pos.webp\" width=\"700\" \/><\/p>\n<p><strong>K\u00e4ytt\u00f6ohjeet:<\/strong><\/p>\n<ul>\n<li>Touch Up Paint<\/li>\n<\/ul>\n<p><img decoding=\"async\" src=\"https:\/\/gotouchup.com\/wp-content\/uploads\/products-image\/Chevrolet\/General\/instructions_1.webp\" width=\"700\" \/><\/p>\n<ul>\n<li>Korjaa maali- ja kittisarjat<\/li>\n<\/ul>\n<p><img decoding=\"async\" src=\"https:\/\/gotouchup.com\/wp-content\/uploads\/products-image\/Chevrolet\/General\/instructions_2.webp\" width=\"700\" \/><\/p>\n<ul>\n<li>Touch Up Paint &amp; Electric Spray<\/li>\n<\/ul>\n<p><img decoding=\"async\" src=\"https:\/\/gotouchup.com\/wp-content\/uploads\/products-image\/Chevrolet\/General\/instructions_3.webp\" width=\"700\" \/><\/p>\n<p><strong>Huomautus:<\/strong><\/p>\n<ul>\n<li>Ennen k\u00e4ytt\u00f6\u00e4 tarkista pullon v\u00e4rikoodi varmistaaksesi, ett\u00e4 se vastaa ajoneuvosi v\u00e4rikoodia.<\/li>\n<li>Ravista maalikyn\u00e4\u00e4 voimakkaasti v\u00e4hint\u00e4\u00e4n 30 sekuntia ennen levitt\u00e4mist\u00e4 varmistaaksesi, ett\u00e4 maali sekoittuu kunnolla.<\/li>\n<li>Testaa maalia ensin paperilla. Kun se on kuivunut, vertaa sit\u00e4 autosi v\u00e4riin varmistaaksesi yhteensopivuuden.<\/li>\n<li>V\u00e4lt\u00e4 paksujen kerrosten levitt\u00e4mist\u00e4 kerralla. Levit\u00e4 sen sijaan ohuita kerroksia useita kertoja saadaksesi tasaisemman ja tasaisemman lopputuloksen.<\/li>\n<\/ul>","protected":false},"excerpt":{"rendered":"<p>The Touch-Up Paint and Scratch Repair Kit for Chevrolet Hhr is the ultimate solution for fixing minor scratches and chips.<\/p>","protected":false},"featured_media":20251,"comment_status":"open","ping_status":"closed","template":"","meta":{"_acf_changed":false,"_monsterinsights_skip_tracking":false,"_monsterinsights_sitenote_active":false,"_monsterinsights_sitenote_note":"","_monsterinsights_sitenote_category":0},"product_brand":[187],"product_cat":[11709],"product_tag":[11710,11731,148],"class_list":{"0":"post-20217","1":"product","2":"type-product","3":"status-publish","4":"has-post-thumbnail","6":"product_brand-gotouchup","7":"product_cat-touch-up-paint-for-chevrolet","8":"product_tag-chevrolet","9":"product_tag-hhr","10":"product_tag-touch-up-paint-for-car","11":"tm-has-options","13":"first","14":"instock","15":"shipping-taxable","16":"purchasable","17":"product-type-variable"},"acf":[],"yoast_head":"<!-- This site is optimized with the Yoast SEO Premium plugin v25.7.1 (Yoast SEO v25.7) - https:\/\/yoast.com\/wordpress\/plugins\/seo\/ -->\n<title>Touch Up Paint and Scratch Repair Kit for Chevrolet Hhr - GoTouchUp<\/title>\n<meta name=\"robots\" content=\"index, follow, max-snippet:-1, max-image-preview:large, max-video-preview:-1\" \/>\n<link rel=\"canonical\" href=\"https:\/\/gotouchup.com\/fi\/product\/touch-up-paint-and-scratch-repair-kit-for-chevrolet-hhr\/\" \/>\n<meta property=\"og:locale\" content=\"fi_FI\" \/>\n<meta property=\"og:type\" content=\"article\" \/>\n<meta property=\"og:title\" content=\"Touch Up Paint and Scratch Repair Kit for Chevrolet Hhr\" \/>\n<meta property=\"og:description\" content=\"The Touch-Up Paint and Scratch Repair Kit for Chevrolet Hhr is the ultimate solution for fixing minor scratches and chips.\" \/>\n<meta property=\"og:url\" content=\"https:\/\/gotouchup.com\/fi\/product\/touch-up-paint-and-scratch-repair-kit-for-chevrolet-hhr\/\" \/>\n<meta property=\"og:site_name\" content=\"GoTouchUp\" \/>\n<meta property=\"article:modified_time\" content=\"2025-06-30T03:49:16+00:00\" \/>\n<meta property=\"og:image\" content=\"https:\/\/gotouchup.com\/wp-content\/uploads\/2025\/06\/GTU-AB-CHEVROLET-GAZ_WA8624_50U_50-SET1-HHR.webp\" \/>\n\t<meta property=\"og:image:width\" content=\"1000\" \/>\n\t<meta property=\"og:image:height\" content=\"1000\" \/>\n\t<meta property=\"og:image:type\" content=\"image\/webp\" \/>\n<meta name=\"twitter:card\" content=\"summary_large_image\" \/>\n<meta name=\"twitter:label1\" content=\"Est. reading time\" \/>\n\t<meta name=\"twitter:data1\" content=\"4 minuuttia\" \/>\n<script type=\"application\/ld+json\" class=\"yoast-schema-graph\">{\"@context\":\"https:\/\/schema.org\",\"@graph\":[{\"@type\":\"WebPage\",\"@id\":\"https:\/\/gotouchup.com\/product\/touch-up-paint-and-scratch-repair-kit-for-chevrolet-hhr\/\",\"url\":\"https:\/\/gotouchup.com\/product\/touch-up-paint-and-scratch-repair-kit-for-chevrolet-hhr\/\",\"name\":\"Touch Up Paint and Scratch Repair Kit for Chevrolet Hhr - GoTouchUp\",\"isPartOf\":{\"@id\":\"https:\/\/gotouchup.com\/#website\"},\"primaryImageOfPage\":{\"@id\":\"https:\/\/gotouchup.com\/product\/touch-up-paint-and-scratch-repair-kit-for-chevrolet-hhr\/#primaryimage\"},\"image\":{\"@id\":\"https:\/\/gotouchup.com\/product\/touch-up-paint-and-scratch-repair-kit-for-chevrolet-hhr\/#primaryimage\"},\"thumbnailUrl\":\"https:\/\/gotouchup.com\/wp-content\/uploads\/2025\/06\/GTU-AB-CHEVROLET-GAZ_WA8624_50U_50-SET1-HHR.webp\",\"datePublished\":\"2025-06-26T08:03:16+00:00\",\"dateModified\":\"2025-06-30T03:49:16+00:00\",\"breadcrumb\":{\"@id\":\"https:\/\/gotouchup.com\/product\/touch-up-paint-and-scratch-repair-kit-for-chevrolet-hhr\/#breadcrumb\"},\"inLanguage\":\"fi\",\"potentialAction\":[{\"@type\":\"ReadAction\",\"target\":[\"https:\/\/gotouchup.com\/product\/touch-up-paint-and-scratch-repair-kit-for-chevrolet-hhr\/\"]}]},{\"@type\":\"ImageObject\",\"inLanguage\":\"fi\",\"@id\":\"https:\/\/gotouchup.com\/product\/touch-up-paint-and-scratch-repair-kit-for-chevrolet-hhr\/#primaryimage\",\"url\":\"https:\/\/gotouchup.com\/wp-content\/uploads\/2025\/06\/GTU-AB-CHEVROLET-GAZ_WA8624_50U_50-SET1-HHR.webp\",\"contentUrl\":\"https:\/\/gotouchup.com\/wp-content\/uploads\/2025\/06\/GTU-AB-CHEVROLET-GAZ_WA8624_50U_50-SET1-HHR.webp\",\"width\":1000,\"height\":1000},{\"@type\":\"BreadcrumbList\",\"@id\":\"https:\/\/gotouchup.com\/product\/touch-up-paint-and-scratch-repair-kit-for-chevrolet-hhr\/#breadcrumb\",\"itemListElement\":[{\"@type\":\"ListItem\",\"position\":1,\"name\":\"Home\",\"item\":\"https:\/\/gotouchup.com\/\"},{\"@type\":\"ListItem\",\"position\":2,\"name\":\"Shop\",\"item\":\"https:\/\/gotouchup.com\/shop\/\"},{\"@type\":\"ListItem\",\"position\":3,\"name\":\"Touch Up Paint and Scratch Repair Kit for Chevrolet Hhr\"}]},{\"@type\":\"WebSite\",\"@id\":\"https:\/\/gotouchup.com\/#website\",\"url\":\"https:\/\/gotouchup.com\/\",\"name\":\"GoTouchUp\",\"description\":\"Revive Your Finish with GoTouchUp\",\"publisher\":{\"@id\":\"https:\/\/gotouchup.com\/#organization\"},\"potentialAction\":[{\"@type\":\"SearchAction\",\"target\":{\"@type\":\"EntryPoint\",\"urlTemplate\":\"https:\/\/gotouchup.com\/?s={search_term_string}\"},\"query-input\":{\"@type\":\"PropertyValueSpecification\",\"valueRequired\":true,\"valueName\":\"search_term_string\"}}],\"inLanguage\":\"fi\"},{\"@type\":\"Organization\",\"@id\":\"https:\/\/gotouchup.com\/#organization\",\"name\":\"GTUSTECH LLC\",\"url\":\"https:\/\/gotouchup.com\/\",\"logo\":{\"@type\":\"ImageObject\",\"inLanguage\":\"fi\",\"@id\":\"https:\/\/gotouchup.com\/#\/schema\/logo\/image\/\",\"url\":\"https:\/\/gotouchup.com\/wp-content\/uploads\/2024\/10\/Asset-1@5x.png\",\"contentUrl\":\"https:\/\/gotouchup.com\/wp-content\/uploads\/2024\/10\/Asset-1@5x.png\",\"width\":1060,\"height\":246,\"caption\":\"GTUSTECH LLC\"},\"image\":{\"@id\":\"https:\/\/gotouchup.com\/#\/schema\/logo\/image\/\"}}]}<\/script>\n<!-- \/ Yoast SEO Premium plugin. -->","yoast_head_json":{"title":"Touch Up Paint and Scratch Repair Kit for Chevrolet Hhr - GoTouchUp","robots":{"index":"index","follow":"follow","max-snippet":"max-snippet:-1","max-image-preview":"max-image-preview:large","max-video-preview":"max-video-preview:-1"},"canonical":"https:\/\/gotouchup.com\/fi\/product\/touch-up-paint-and-scratch-repair-kit-for-chevrolet-hhr\/","og_locale":"fi_FI","og_type":"article","og_title":"Touch Up Paint and Scratch Repair Kit for Chevrolet Hhr","og_description":"The Touch-Up Paint and Scratch Repair Kit for Chevrolet Hhr is the ultimate solution for fixing minor scratches and chips.","og_url":"https:\/\/gotouchup.com\/fi\/product\/touch-up-paint-and-scratch-repair-kit-for-chevrolet-hhr\/","og_site_name":"GoTouchUp","article_modified_time":"2025-06-30T03:49:16+00:00","og_image":[{"width":1000,"height":1000,"url":"https:\/\/gotouchup.com\/wp-content\/uploads\/2025\/06\/GTU-AB-CHEVROLET-GAZ_WA8624_50U_50-SET1-HHR.webp","type":"image\/webp"}],"twitter_card":"summary_large_image","twitter_misc":{"Est. reading time":"4 minuuttia"},"schema":{"@context":"https:\/\/schema.org","@graph":[{"@type":"WebPage","@id":"https:\/\/gotouchup.com\/product\/touch-up-paint-and-scratch-repair-kit-for-chevrolet-hhr\/","url":"https:\/\/gotouchup.com\/product\/touch-up-paint-and-scratch-repair-kit-for-chevrolet-hhr\/","name":"Touch Up Paint and Scratch Repair Kit for Chevrolet Hhr - GoTouchUp","isPartOf":{"@id":"https:\/\/gotouchup.com\/#website"},"primaryImageOfPage":{"@id":"https:\/\/gotouchup.com\/product\/touch-up-paint-and-scratch-repair-kit-for-chevrolet-hhr\/#primaryimage"},"image":{"@id":"https:\/\/gotouchup.com\/product\/touch-up-paint-and-scratch-repair-kit-for-chevrolet-hhr\/#primaryimage"},"thumbnailUrl":"https:\/\/gotouchup.com\/wp-content\/uploads\/2025\/06\/GTU-AB-CHEVROLET-GAZ_WA8624_50U_50-SET1-HHR.webp","datePublished":"2025-06-26T08:03:16+00:00","dateModified":"2025-06-30T03:49:16+00:00","breadcrumb":{"@id":"https:\/\/gotouchup.com\/product\/touch-up-paint-and-scratch-repair-kit-for-chevrolet-hhr\/#breadcrumb"},"inLanguage":"fi","potentialAction":[{"@type":"ReadAction","target":["https:\/\/gotouchup.com\/product\/touch-up-paint-and-scratch-repair-kit-for-chevrolet-hhr\/"]}]},{"@type":"ImageObject","inLanguage":"fi","@id":"https:\/\/gotouchup.com\/product\/touch-up-paint-and-scratch-repair-kit-for-chevrolet-hhr\/#primaryimage","url":"https:\/\/gotouchup.com\/wp-content\/uploads\/2025\/06\/GTU-AB-CHEVROLET-GAZ_WA8624_50U_50-SET1-HHR.webp","contentUrl":"https:\/\/gotouchup.com\/wp-content\/uploads\/2025\/06\/GTU-AB-CHEVROLET-GAZ_WA8624_50U_50-SET1-HHR.webp","width":1000,"height":1000},{"@type":"BreadcrumbList","@id":"https:\/\/gotouchup.com\/product\/touch-up-paint-and-scratch-repair-kit-for-chevrolet-hhr\/#breadcrumb","itemListElement":[{"@type":"ListItem","position":1,"name":"Home","item":"https:\/\/gotouchup.com\/"},{"@type":"ListItem","position":2,"name":"Shop","item":"https:\/\/gotouchup.com\/shop\/"},{"@type":"ListItem","position":3,"name":"Touch Up Paint and Scratch Repair Kit for Chevrolet Hhr"}]},{"@type":"WebSite","@id":"https:\/\/gotouchup.com\/#website","url":"https:\/\/gotouchup.com\/","name":"GoTouchUp","description":"Elvyt\u00e4 viimeistelysi GoTouchUpilla","publisher":{"@id":"https:\/\/gotouchup.com\/#organization"},"potentialAction":[{"@type":"SearchAction","target":{"@type":"EntryPoint","urlTemplate":"https:\/\/gotouchup.com\/?s={search_term_string}"},"query-input":{"@type":"PropertyValueSpecification","valueRequired":true,"valueName":"search_term_string"}}],"inLanguage":"fi"},{"@type":"Organization","@id":"https:\/\/gotouchup.com\/#organization","name":"GTUSTECH LLC","url":"https:\/\/gotouchup.com\/","logo":{"@type":"ImageObject","inLanguage":"fi","@id":"https:\/\/gotouchup.com\/#\/schema\/logo\/image\/","url":"https:\/\/gotouchup.com\/wp-content\/uploads\/2024\/10\/Asset-1@5x.png","contentUrl":"https:\/\/gotouchup.com\/wp-content\/uploads\/2024\/10\/Asset-1@5x.png","width":1060,"height":246,"caption":"GTUSTECH LLC"},"image":{"@id":"https:\/\/gotouchup.com\/#\/schema\/logo\/image\/"}}]}},"_links":{"self":[{"href":"https:\/\/gotouchup.com\/fi\/wp-json\/wp\/v2\/product\/20217","targetHints":{"allow":["GET"]}}],"collection":[{"href":"https:\/\/gotouchup.com\/fi\/wp-json\/wp\/v2\/product"}],"about":[{"href":"https:\/\/gotouchup.com\/fi\/wp-json\/wp\/v2\/types\/product"}],"replies":[{"embeddable":true,"href":"https:\/\/gotouchup.com\/fi\/wp-json\/wp\/v2\/comments?post=20217"}],"version-history":[{"count":0,"href":"https:\/\/gotouchup.com\/fi\/wp-json\/wp\/v2\/product\/20217\/revisions"}],"wp:featuredmedia":[{"embeddable":true,"href":"https:\/\/gotouchup.com\/fi\/wp-json\/wp\/v2\/media\/20251"}],"wp:attachment":[{"href":"https:\/\/gotouchup.com\/fi\/wp-json\/wp\/v2\/media?parent=20217"}],"wp:term":[{"taxonomy":"product_brand","embeddable":true,"href":"https:\/\/gotouchup.com\/fi\/wp-json\/wp\/v2\/product_brand?post=20217"},{"taxonomy":"product_cat","embeddable":true,"href":"https:\/\/gotouchup.com\/fi\/wp-json\/wp\/v2\/product_cat?post=20217"},{"taxonomy":"product_tag","embeddable":true,"href":"https:\/\/gotouchup.com\/fi\/wp-json\/wp\/v2\/product_tag?post=20217"}],"curies":[{"name":"wp","href":"https:\/\/api.w.org\/{rel}","templated":true}]}}