{"id":10909,"date":"2024-12-22T21:41:34","date_gmt":"2024-12-23T05:41:34","guid":{"rendered":"https:\/\/gotouchup.com\/?post_type=product&#038;p=10909"},"modified":"2025-05-14T00:38:39","modified_gmt":"2025-05-14T07:38:39","slug":"touch-up-paint-and-scratch-repair-kit-for-bmw-6-series","status":"publish","type":"product","link":"https:\/\/gotouchup.com\/fi\/product\/touch-up-paint-and-scratch-repair-kit-for-bmw-6-series\/","title":{"rendered":"Korjausmaali ja naarmujen korjaussarja BMW 6-sarjalle"},"content":{"rendered":"<p><a href=\"https:\/\/gotouchup.com\/wp-content\/uploads\/2024\/12\/bmw-2.png\"><img fetchpriority=\"high\" decoding=\"async\" class=\"alignnone size-full wp-image-13381\" src=\"https:\/\/gotouchup.com\/wp-content\/uploads\/2024\/12\/bmw-2.png\" alt=\"\" width=\"800\" height=\"400\" srcset=\"https:\/\/gotouchup.com\/wp-content\/uploads\/2024\/12\/bmw-2.png 800w, https:\/\/gotouchup.com\/wp-content\/uploads\/2024\/12\/bmw-2-300x150.png 300w, https:\/\/gotouchup.com\/wp-content\/uploads\/2024\/12\/bmw-2-768x384.png 768w, https:\/\/gotouchup.com\/wp-content\/uploads\/2024\/12\/bmw-2-18x9.png 18w, https:\/\/gotouchup.com\/wp-content\/uploads\/2024\/12\/bmw-2-148x74.png 148w\" sizes=\"(max-width: 800px) 100vw, 800px\" \/><\/a><\/p>\n<p>BMW 6-sarjan Touch-Up Paint and Scratch Repair Kit on paras ratkaisu pienten naarmujen ja lastujen korjaamiseen. T\u00e4m\u00e4 all-in-one-sarja palauttaa vaivattomasti autosi alkuper\u00e4isen viimeistelyn ja antaa sille ammattimaisen ilmeen v\u00e4h\u00e4ll\u00e4 vaivalla.<\/p>\n<p><strong>Ominaisuudet:<\/strong><\/p>\n<ul>\n<li><strong>BMW-vastaavat v\u00e4rit:<\/strong> Sopii saumattomasti BMW:n tehdasmaalin kanssa virheet\u00f6nt\u00e4 korjausta varten.<\/li>\n<li><strong>T\u00e4ydellinen sarja:<\/strong> Sis\u00e4lt\u00e4\u00e4 kitin, s\u00e4hk\u00f6ruiskun ja hiomaty\u00f6kalut ammattimaiseen viimeistelyyn.<\/li>\n<li><strong>Vaivaton sovellus:<\/strong> K\u00e4ytt\u00e4j\u00e4yst\u00e4v\u00e4llinen muotoilu, joka sopii sek\u00e4 ensikertalaisille ett\u00e4 kokeneille k\u00e4ytt\u00e4jille.<\/li>\n<li><strong>Pitk\u00e4kestoinen suojaus:<\/strong> Est\u00e4\u00e4 ruostetta ja auttaa s\u00e4ilytt\u00e4m\u00e4\u00e4n kiillotetun, uudenveroisen ulkon\u00e4\u00f6n.<\/li>\n<li><strong>Kompakti ja k\u00e4tev\u00e4:<\/strong> Kannettava sarja, ihanteellinen nopeaan, tien p\u00e4\u00e4ll\u00e4 tapahtuvaan korjaukseen.<\/li>\n<\/ul>\n<p><strong>Ohjeet:<\/strong><\/p>\n<ul>\n<li>Touch Up Paint<\/li>\n<\/ul>\n<p><a href=\"https:\/\/gotouchup.com\/wp-content\/uploads\/2024\/12\/C-1-1.jpg\"><img decoding=\"async\" class=\"alignnone wp-image-12626\" src=\"https:\/\/gotouchup.com\/wp-content\/uploads\/2024\/12\/C-1-1.jpg\" alt=\"\" width=\"800\" height=\"800\" srcset=\"https:\/\/gotouchup.com\/wp-content\/uploads\/2024\/12\/C-1-1.jpg 2000w, https:\/\/gotouchup.com\/wp-content\/uploads\/2024\/12\/C-1-1-300x300.jpg 300w, https:\/\/gotouchup.com\/wp-content\/uploads\/2024\/12\/C-1-1-1024x1024.jpg 1024w, https:\/\/gotouchup.com\/wp-content\/uploads\/2024\/12\/C-1-1-150x150.jpg 150w, https:\/\/gotouchup.com\/wp-content\/uploads\/2024\/12\/C-1-1-768x768.jpg 768w, https:\/\/gotouchup.com\/wp-content\/uploads\/2024\/12\/C-1-1-1536x1536.jpg 1536w, https:\/\/gotouchup.com\/wp-content\/uploads\/2024\/12\/C-1-1-12x12.jpg 12w, https:\/\/gotouchup.com\/wp-content\/uploads\/2024\/12\/C-1-1-600x600.jpg 600w, https:\/\/gotouchup.com\/wp-content\/uploads\/2024\/12\/C-1-1-1200x1200.jpg 1200w, https:\/\/gotouchup.com\/wp-content\/uploads\/2024\/12\/C-1-1-148x148.jpg 148w, https:\/\/gotouchup.com\/wp-content\/uploads\/2024\/12\/C-1-1-50x50.jpg 50w, https:\/\/gotouchup.com\/wp-content\/uploads\/2024\/12\/C-1-1-100x100.jpg 100w\" sizes=\"(max-width: 800px) 100vw, 800px\" \/><\/a><\/p>\n<ul>\n<li>Korjaa maali- ja kittisarjat<\/li>\n<\/ul>\n<p><a href=\"https:\/\/gotouchup.com\/wp-content\/uploads\/2024\/12\/B-5-1.jpg\"><img decoding=\"async\" class=\"alignnone wp-image-12625\" src=\"https:\/\/gotouchup.com\/wp-content\/uploads\/2024\/12\/B-5-1.jpg\" alt=\"\" width=\"800\" height=\"800\" srcset=\"https:\/\/gotouchup.com\/wp-content\/uploads\/2024\/12\/B-5-1.jpg 2000w, https:\/\/gotouchup.com\/wp-content\/uploads\/2024\/12\/B-5-1-300x300.jpg 300w, https:\/\/gotouchup.com\/wp-content\/uploads\/2024\/12\/B-5-1-1024x1024.jpg 1024w, https:\/\/gotouchup.com\/wp-content\/uploads\/2024\/12\/B-5-1-150x150.jpg 150w, https:\/\/gotouchup.com\/wp-content\/uploads\/2024\/12\/B-5-1-768x768.jpg 768w, https:\/\/gotouchup.com\/wp-content\/uploads\/2024\/12\/B-5-1-1536x1536.jpg 1536w, https:\/\/gotouchup.com\/wp-content\/uploads\/2024\/12\/B-5-1-12x12.jpg 12w, https:\/\/gotouchup.com\/wp-content\/uploads\/2024\/12\/B-5-1-600x600.jpg 600w, https:\/\/gotouchup.com\/wp-content\/uploads\/2024\/12\/B-5-1-1200x1200.jpg 1200w, https:\/\/gotouchup.com\/wp-content\/uploads\/2024\/12\/B-5-1-148x148.jpg 148w, https:\/\/gotouchup.com\/wp-content\/uploads\/2024\/12\/B-5-1-50x50.jpg 50w, https:\/\/gotouchup.com\/wp-content\/uploads\/2024\/12\/B-5-1-100x100.jpg 100w\" sizes=\"(max-width: 800px) 100vw, 800px\" \/><\/a><\/p>\n<ul>\n<li>Touch Up Paint &amp; Electric Spray<\/li>\n<\/ul>\n<p><a href=\"https:\/\/gotouchup.com\/wp-content\/uploads\/2024\/12\/C-1-2.png\"><img loading=\"lazy\" decoding=\"async\" class=\"alignnone wp-image-12627\" src=\"https:\/\/gotouchup.com\/wp-content\/uploads\/2024\/12\/C-1-2.png\" alt=\"\" width=\"800\" height=\"800\" srcset=\"https:\/\/gotouchup.com\/wp-content\/uploads\/2024\/12\/C-1-2.png 2000w, https:\/\/gotouchup.com\/wp-content\/uploads\/2024\/12\/C-1-2-300x300.png 300w, https:\/\/gotouchup.com\/wp-content\/uploads\/2024\/12\/C-1-2-1024x1024.png 1024w, https:\/\/gotouchup.com\/wp-content\/uploads\/2024\/12\/C-1-2-150x150.png 150w, https:\/\/gotouchup.com\/wp-content\/uploads\/2024\/12\/C-1-2-768x768.png 768w, https:\/\/gotouchup.com\/wp-content\/uploads\/2024\/12\/C-1-2-1536x1536.png 1536w, https:\/\/gotouchup.com\/wp-content\/uploads\/2024\/12\/C-1-2-12x12.png 12w, https:\/\/gotouchup.com\/wp-content\/uploads\/2024\/12\/C-1-2-600x600.png 600w, https:\/\/gotouchup.com\/wp-content\/uploads\/2024\/12\/C-1-2-1200x1200.png 1200w, https:\/\/gotouchup.com\/wp-content\/uploads\/2024\/12\/C-1-2-148x148.png 148w, https:\/\/gotouchup.com\/wp-content\/uploads\/2024\/12\/C-1-2-50x50.png 50w, https:\/\/gotouchup.com\/wp-content\/uploads\/2024\/12\/C-1-2-100x100.png 100w\" sizes=\"(max-width: 800px) 100vw, 800px\" \/><\/a><\/p>\n<p><strong>Huomautus:<\/strong> Ruisku ei sis\u00e4ll\u00e4 sis\u00e4\u00e4nrakennettua akkua. K\u00e4yt\u00e4 mukana toimitettua USB-kaapelia liitt\u00e4\u00e4ksesi sen virtal\u00e4hteeseen.<\/p>","protected":false},"excerpt":{"rendered":"<p>The Touch-Up Paint and Scratch Repair Kit for the BMW 6-Series is the ultimate solution for fixing minor scratches and<\/p>","protected":false},"featured_media":10934,"comment_status":"open","ping_status":"closed","template":"","meta":{"_acf_changed":false,"_monsterinsights_skip_tracking":false,"_monsterinsights_sitenote_active":false,"_monsterinsights_sitenote_note":"","_monsterinsights_sitenote_category":0},"product_brand":[],"product_cat":[134],"product_tag":[135],"class_list":{"0":"post-10909","1":"product","2":"type-product","3":"status-publish","4":"has-post-thumbnail","6":"product_cat-touch-up-paint-for-bmw","7":"product_tag-bmw","8":"tm-no-options","10":"first","11":"instock","12":"shipping-taxable","13":"purchasable","14":"product-type-variable"},"acf":[],"yoast_head":"<!-- This site is optimized with the Yoast SEO Premium plugin v25.7.1 (Yoast SEO v25.7) - https:\/\/yoast.com\/wordpress\/plugins\/seo\/ -->\n<title>Touch Up Paint and Scratch Repair Kit for BMW 6-Series - GoTouchUp<\/title>\n<meta name=\"robots\" content=\"index, follow, max-snippet:-1, max-image-preview:large, max-video-preview:-1\" \/>\n<link rel=\"canonical\" href=\"https:\/\/gotouchup.com\/fi\/product\/touch-up-paint-and-scratch-repair-kit-for-bmw-6-series\/\" \/>\n<meta property=\"og:locale\" content=\"fi_FI\" \/>\n<meta property=\"og:type\" content=\"article\" \/>\n<meta property=\"og:title\" content=\"Touch Up Paint and Scratch Repair Kit for BMW 6-Series\" \/>\n<meta property=\"og:description\" content=\"The Touch-Up Paint and Scratch Repair Kit for the BMW 6-Series is the ultimate solution for fixing minor scratches and\" \/>\n<meta property=\"og:url\" content=\"https:\/\/gotouchup.com\/fi\/product\/touch-up-paint-and-scratch-repair-kit-for-bmw-6-series\/\" \/>\n<meta property=\"og:site_name\" content=\"GoTouchUp\" \/>\n<meta property=\"article:modified_time\" content=\"2025-05-14T07:38:39+00:00\" \/>\n<meta property=\"og:image\" content=\"https:\/\/gotouchup.com\/wp-content\/uploads\/2024\/12\/\u5355\u53ea-15.jpg\" \/>\n\t<meta property=\"og:image:width\" content=\"2000\" \/>\n\t<meta property=\"og:image:height\" content=\"2000\" \/>\n\t<meta property=\"og:image:type\" content=\"image\/jpeg\" \/>\n<meta name=\"twitter:card\" content=\"summary_large_image\" \/>\n<meta name=\"twitter:label1\" content=\"Est. reading time\" \/>\n\t<meta name=\"twitter:data1\" content=\"2 minuuttia\" \/>\n<script type=\"application\/ld+json\" class=\"yoast-schema-graph\">{\"@context\":\"https:\/\/schema.org\",\"@graph\":[{\"@type\":\"WebPage\",\"@id\":\"https:\/\/gotouchup.com\/product\/touch-up-paint-and-scratch-repair-kit-for-bmw-6-series\/\",\"url\":\"https:\/\/gotouchup.com\/product\/touch-up-paint-and-scratch-repair-kit-for-bmw-6-series\/\",\"name\":\"Touch Up Paint and Scratch Repair Kit for BMW 6-Series - GoTouchUp\",\"isPartOf\":{\"@id\":\"https:\/\/gotouchup.com\/#website\"},\"primaryImageOfPage\":{\"@id\":\"https:\/\/gotouchup.com\/product\/touch-up-paint-and-scratch-repair-kit-for-bmw-6-series\/#primaryimage\"},\"image\":{\"@id\":\"https:\/\/gotouchup.com\/product\/touch-up-paint-and-scratch-repair-kit-for-bmw-6-series\/#primaryimage\"},\"thumbnailUrl\":\"https:\/\/gotouchup.com\/wp-content\/uploads\/2024\/12\/\u5355\u53ea-15.jpg\",\"datePublished\":\"2024-12-23T05:41:34+00:00\",\"dateModified\":\"2025-05-14T07:38:39+00:00\",\"breadcrumb\":{\"@id\":\"https:\/\/gotouchup.com\/product\/touch-up-paint-and-scratch-repair-kit-for-bmw-6-series\/#breadcrumb\"},\"inLanguage\":\"fi\",\"potentialAction\":[{\"@type\":\"ReadAction\",\"target\":[\"https:\/\/gotouchup.com\/product\/touch-up-paint-and-scratch-repair-kit-for-bmw-6-series\/\"]}]},{\"@type\":\"ImageObject\",\"inLanguage\":\"fi\",\"@id\":\"https:\/\/gotouchup.com\/product\/touch-up-paint-and-scratch-repair-kit-for-bmw-6-series\/#primaryimage\",\"url\":\"https:\/\/gotouchup.com\/wp-content\/uploads\/2024\/12\/\u5355\u53ea-15.jpg\",\"contentUrl\":\"https:\/\/gotouchup.com\/wp-content\/uploads\/2024\/12\/\u5355\u53ea-15.jpg\",\"width\":2000,\"height\":2000},{\"@type\":\"BreadcrumbList\",\"@id\":\"https:\/\/gotouchup.com\/product\/touch-up-paint-and-scratch-repair-kit-for-bmw-6-series\/#breadcrumb\",\"itemListElement\":[{\"@type\":\"ListItem\",\"position\":1,\"name\":\"Home\",\"item\":\"https:\/\/gotouchup.com\/\"},{\"@type\":\"ListItem\",\"position\":2,\"name\":\"Shop\",\"item\":\"https:\/\/gotouchup.com\/shop\/\"},{\"@type\":\"ListItem\",\"position\":3,\"name\":\"Touch Up Paint and Scratch Repair Kit for BMW 6-Series\"}]},{\"@type\":\"WebSite\",\"@id\":\"https:\/\/gotouchup.com\/#website\",\"url\":\"https:\/\/gotouchup.com\/\",\"name\":\"GoTouchUp\",\"description\":\"Revive Your Finish with GoTouchUp\",\"publisher\":{\"@id\":\"https:\/\/gotouchup.com\/#organization\"},\"potentialAction\":[{\"@type\":\"SearchAction\",\"target\":{\"@type\":\"EntryPoint\",\"urlTemplate\":\"https:\/\/gotouchup.com\/?s={search_term_string}\"},\"query-input\":{\"@type\":\"PropertyValueSpecification\",\"valueRequired\":true,\"valueName\":\"search_term_string\"}}],\"inLanguage\":\"fi\"},{\"@type\":\"Organization\",\"@id\":\"https:\/\/gotouchup.com\/#organization\",\"name\":\"GTUSTECH LLC\",\"url\":\"https:\/\/gotouchup.com\/\",\"logo\":{\"@type\":\"ImageObject\",\"inLanguage\":\"fi\",\"@id\":\"https:\/\/gotouchup.com\/#\/schema\/logo\/image\/\",\"url\":\"https:\/\/gotouchup.com\/wp-content\/uploads\/2024\/10\/Asset-1@5x.png\",\"contentUrl\":\"https:\/\/gotouchup.com\/wp-content\/uploads\/2024\/10\/Asset-1@5x.png\",\"width\":1060,\"height\":246,\"caption\":\"GTUSTECH LLC\"},\"image\":{\"@id\":\"https:\/\/gotouchup.com\/#\/schema\/logo\/image\/\"}}]}<\/script>\n<!-- \/ Yoast SEO Premium plugin. -->","yoast_head_json":{"title":"Touch Up Paint and Scratch Repair Kit for BMW 6-Series - GoTouchUp","robots":{"index":"index","follow":"follow","max-snippet":"max-snippet:-1","max-image-preview":"max-image-preview:large","max-video-preview":"max-video-preview:-1"},"canonical":"https:\/\/gotouchup.com\/fi\/product\/touch-up-paint-and-scratch-repair-kit-for-bmw-6-series\/","og_locale":"fi_FI","og_type":"article","og_title":"Touch Up Paint and Scratch Repair Kit for BMW 6-Series","og_description":"The Touch-Up Paint and Scratch Repair Kit for the BMW 6-Series is the ultimate solution for fixing minor scratches and","og_url":"https:\/\/gotouchup.com\/fi\/product\/touch-up-paint-and-scratch-repair-kit-for-bmw-6-series\/","og_site_name":"GoTouchUp","article_modified_time":"2025-05-14T07:38:39+00:00","og_image":[{"width":2000,"height":2000,"url":"https:\/\/gotouchup.com\/wp-content\/uploads\/2024\/12\/\u5355\u53ea-15.jpg","type":"image\/jpeg"}],"twitter_card":"summary_large_image","twitter_misc":{"Est. reading time":"2 minuuttia"},"schema":{"@context":"https:\/\/schema.org","@graph":[{"@type":"WebPage","@id":"https:\/\/gotouchup.com\/product\/touch-up-paint-and-scratch-repair-kit-for-bmw-6-series\/","url":"https:\/\/gotouchup.com\/product\/touch-up-paint-and-scratch-repair-kit-for-bmw-6-series\/","name":"Touch Up Paint and Scratch Repair Kit for BMW 6-Series - GoTouchUp","isPartOf":{"@id":"https:\/\/gotouchup.com\/#website"},"primaryImageOfPage":{"@id":"https:\/\/gotouchup.com\/product\/touch-up-paint-and-scratch-repair-kit-for-bmw-6-series\/#primaryimage"},"image":{"@id":"https:\/\/gotouchup.com\/product\/touch-up-paint-and-scratch-repair-kit-for-bmw-6-series\/#primaryimage"},"thumbnailUrl":"https:\/\/gotouchup.com\/wp-content\/uploads\/2024\/12\/\u5355\u53ea-15.jpg","datePublished":"2024-12-23T05:41:34+00:00","dateModified":"2025-05-14T07:38:39+00:00","breadcrumb":{"@id":"https:\/\/gotouchup.com\/product\/touch-up-paint-and-scratch-repair-kit-for-bmw-6-series\/#breadcrumb"},"inLanguage":"fi","potentialAction":[{"@type":"ReadAction","target":["https:\/\/gotouchup.com\/product\/touch-up-paint-and-scratch-repair-kit-for-bmw-6-series\/"]}]},{"@type":"ImageObject","inLanguage":"fi","@id":"https:\/\/gotouchup.com\/product\/touch-up-paint-and-scratch-repair-kit-for-bmw-6-series\/#primaryimage","url":"https:\/\/gotouchup.com\/wp-content\/uploads\/2024\/12\/\u5355\u53ea-15.jpg","contentUrl":"https:\/\/gotouchup.com\/wp-content\/uploads\/2024\/12\/\u5355\u53ea-15.jpg","width":2000,"height":2000},{"@type":"BreadcrumbList","@id":"https:\/\/gotouchup.com\/product\/touch-up-paint-and-scratch-repair-kit-for-bmw-6-series\/#breadcrumb","itemListElement":[{"@type":"ListItem","position":1,"name":"Home","item":"https:\/\/gotouchup.com\/"},{"@type":"ListItem","position":2,"name":"Shop","item":"https:\/\/gotouchup.com\/shop\/"},{"@type":"ListItem","position":3,"name":"Touch Up Paint and Scratch Repair Kit for BMW 6-Series"}]},{"@type":"WebSite","@id":"https:\/\/gotouchup.com\/#website","url":"https:\/\/gotouchup.com\/","name":"GoTouchUp","description":"Elvyt\u00e4 viimeistelysi GoTouchUpilla","publisher":{"@id":"https:\/\/gotouchup.com\/#organization"},"potentialAction":[{"@type":"SearchAction","target":{"@type":"EntryPoint","urlTemplate":"https:\/\/gotouchup.com\/?s={search_term_string}"},"query-input":{"@type":"PropertyValueSpecification","valueRequired":true,"valueName":"search_term_string"}}],"inLanguage":"fi"},{"@type":"Organization","@id":"https:\/\/gotouchup.com\/#organization","name":"GTUSTECH LLC","url":"https:\/\/gotouchup.com\/","logo":{"@type":"ImageObject","inLanguage":"fi","@id":"https:\/\/gotouchup.com\/#\/schema\/logo\/image\/","url":"https:\/\/gotouchup.com\/wp-content\/uploads\/2024\/10\/Asset-1@5x.png","contentUrl":"https:\/\/gotouchup.com\/wp-content\/uploads\/2024\/10\/Asset-1@5x.png","width":1060,"height":246,"caption":"GTUSTECH LLC"},"image":{"@id":"https:\/\/gotouchup.com\/#\/schema\/logo\/image\/"}}]}},"_links":{"self":[{"href":"https:\/\/gotouchup.com\/fi\/wp-json\/wp\/v2\/product\/10909","targetHints":{"allow":["GET"]}}],"collection":[{"href":"https:\/\/gotouchup.com\/fi\/wp-json\/wp\/v2\/product"}],"about":[{"href":"https:\/\/gotouchup.com\/fi\/wp-json\/wp\/v2\/types\/product"}],"replies":[{"embeddable":true,"href":"https:\/\/gotouchup.com\/fi\/wp-json\/wp\/v2\/comments?post=10909"}],"version-history":[{"count":0,"href":"https:\/\/gotouchup.com\/fi\/wp-json\/wp\/v2\/product\/10909\/revisions"}],"wp:featuredmedia":[{"embeddable":true,"href":"https:\/\/gotouchup.com\/fi\/wp-json\/wp\/v2\/media\/10934"}],"wp:attachment":[{"href":"https:\/\/gotouchup.com\/fi\/wp-json\/wp\/v2\/media?parent=10909"}],"wp:term":[{"taxonomy":"product_brand","embeddable":true,"href":"https:\/\/gotouchup.com\/fi\/wp-json\/wp\/v2\/product_brand?post=10909"},{"taxonomy":"product_cat","embeddable":true,"href":"https:\/\/gotouchup.com\/fi\/wp-json\/wp\/v2\/product_cat?post=10909"},{"taxonomy":"product_tag","embeddable":true,"href":"https:\/\/gotouchup.com\/fi\/wp-json\/wp\/v2\/product_tag?post=10909"}],"curies":[{"name":"wp","href":"https:\/\/api.w.org\/{rel}","templated":true}]}}