{"id":10035,"date":"2024-10-21T05:23:39","date_gmt":"2024-10-21T12:23:39","guid":{"rendered":"https:\/\/gotouchup.com\/?post_type=product&#038;p=10035"},"modified":"2025-04-20T14:33:45","modified_gmt":"2025-04-20T21:33:45","slug":"gotouchup-pearl-white-car-touch-up-paint-scratch-repair-and-car-paint-restoration","status":"publish","type":"product","link":"https:\/\/gotouchup.com\/fi\/product\/gotouchup-pearl-white-car-touch-up-paint-scratch-repair-and-car-paint-restoration\/","title":{"rendered":"GoTouchUp Pearl White -auton korjausmaali \u2013 naarmujen korjaus ja automaalin korjaus"},"content":{"rendered":"<ul>\n<li><strong>Helmivalkoinen tarkkuus:<\/strong> Valitse asiantuntevasti suunnitellusta helmenvalkoisten s\u00e4vyjen valikoimastamme l\u00f6yt\u00e4\u00e4ksesi t\u00e4ydellisen parin autosi maaliin, mik\u00e4 varmistaa virheett\u00f6m\u00e4n korjauksen naarmuille ja siruille.<\/li>\n<li><strong>Suunniteltu erityisesti automaalaukseen:<\/strong> Tasoitusmaalimme on suunniteltu erityisesti autojen viimeistelyyn, mik\u00e4 tarjoaa kest\u00e4v\u00e4n, sile\u00e4n ja tehdasmaisen lopputuloksen kaikissa ajoneuvotyypeiss\u00e4.<\/li>\n<li><strong>Naarmujen korjaaminen on helppoa:<\/strong> Peitt\u00e4\u00e4 tehokkaasti naarmut, lastut ja pienet viat tarkasti helposti k\u00e4ytett\u00e4v\u00e4n kyn\u00e4applikaattorin ansiosta, joka on suunniteltu maksimaaliseen hallintaan.<\/li>\n<li><strong>Nopeasti kuivuva ja pitk\u00e4kestoinen:<\/strong> Maali kuivuu nopeasti ja muodostaa pitk\u00e4kestoisen sidoksen autosi pintaan ja suojaa sit\u00e4 tulevilta vaurioilta ja ymp\u00e4rist\u00f6n kulumiselta.<\/li>\n<li><strong>Sopii kaikkiin automalleihin:<\/strong> Ihanteellinen kaikille automerkeille ja model:ille, t\u00e4m\u00e4 monipuolinen ratkaisu auttaa palauttamaan ajoneuvosi alkuper\u00e4isen ulkon\u00e4\u00f6n ja pit\u00e4m\u00e4\u00e4n sen koskemattomassa kunnossa.<\/li>\n<\/ul>\n<p>&nbsp;<\/p>","protected":false},"excerpt":{"rendered":"<p>Pearl White Precision: Choose from our expertly crafted range of pearl white shades to find the perfect match for your<\/p>","protected":false},"featured_media":9888,"comment_status":"open","ping_status":"closed","template":"","meta":{"_acf_changed":false,"_monsterinsights_skip_tracking":false,"_monsterinsights_sitenote_active":false,"_monsterinsights_sitenote_note":"","_monsterinsights_sitenote_category":0},"product_brand":[],"product_cat":[80],"product_tag":[],"class_list":{"0":"post-10035","1":"product","2":"type-product","3":"status-publish","4":"has-post-thumbnail","6":"product_cat-car-touch-up-paint","7":"tm-no-options","9":"first","10":"instock","11":"shipping-taxable","12":"purchasable","13":"product-type-variable"},"acf":[],"yoast_head":"<!-- This site is optimized with the Yoast SEO Premium plugin v25.7.1 (Yoast SEO v25.7) - https:\/\/yoast.com\/wordpress\/plugins\/seo\/ -->\n<title>GoTouchUp Pearl White Car Touch Up Paint - Scratch Repair and Car Paint Restoration - GoTouchUp<\/title>\n<meta name=\"robots\" content=\"index, follow, max-snippet:-1, max-image-preview:large, max-video-preview:-1\" \/>\n<link rel=\"canonical\" href=\"https:\/\/gotouchup.com\/fi\/product\/gotouchup-pearl-white-car-touch-up-paint-scratch-repair-and-car-paint-restoration\/\" \/>\n<meta property=\"og:locale\" content=\"fi_FI\" \/>\n<meta property=\"og:type\" content=\"article\" \/>\n<meta property=\"og:title\" content=\"GoTouchUp Pearl White Car Touch Up Paint - Scratch Repair and Car Paint Restoration\" \/>\n<meta property=\"og:description\" content=\"Pearl White Precision: Choose from our expertly crafted range of pearl white shades to find the perfect match for your\" \/>\n<meta property=\"og:url\" content=\"https:\/\/gotouchup.com\/fi\/product\/gotouchup-pearl-white-car-touch-up-paint-scratch-repair-and-car-paint-restoration\/\" \/>\n<meta property=\"og:site_name\" content=\"GoTouchUp\" \/>\n<meta property=\"article:modified_time\" content=\"2025-04-20T21:33:45+00:00\" \/>\n<meta property=\"og:image\" content=\"https:\/\/gotouchup.com\/wp-content\/uploads\/2024\/10\/A-1.jpg\" \/>\n\t<meta property=\"og:image:width\" content=\"1000\" \/>\n\t<meta property=\"og:image:height\" content=\"1000\" \/>\n\t<meta property=\"og:image:type\" content=\"image\/jpeg\" \/>\n<meta name=\"twitter:card\" content=\"summary_large_image\" \/>\n<meta name=\"twitter:label1\" content=\"Est. reading time\" \/>\n\t<meta name=\"twitter:data1\" content=\"1 minuutti\" \/>\n<script type=\"application\/ld+json\" class=\"yoast-schema-graph\">{\"@context\":\"https:\/\/schema.org\",\"@graph\":[{\"@type\":\"WebPage\",\"@id\":\"https:\/\/gotouchup.com\/product\/gotouchup-pearl-white-car-touch-up-paint-scratch-repair-and-car-paint-restoration\/\",\"url\":\"https:\/\/gotouchup.com\/product\/gotouchup-pearl-white-car-touch-up-paint-scratch-repair-and-car-paint-restoration\/\",\"name\":\"GoTouchUp Pearl White Car Touch Up Paint - Scratch Repair and Car Paint Restoration - GoTouchUp\",\"isPartOf\":{\"@id\":\"https:\/\/gotouchup.com\/#website\"},\"primaryImageOfPage\":{\"@id\":\"https:\/\/gotouchup.com\/product\/gotouchup-pearl-white-car-touch-up-paint-scratch-repair-and-car-paint-restoration\/#primaryimage\"},\"image\":{\"@id\":\"https:\/\/gotouchup.com\/product\/gotouchup-pearl-white-car-touch-up-paint-scratch-repair-and-car-paint-restoration\/#primaryimage\"},\"thumbnailUrl\":\"https:\/\/gotouchup.com\/wp-content\/uploads\/2024\/10\/A-1.jpg\",\"datePublished\":\"2024-10-21T12:23:39+00:00\",\"dateModified\":\"2025-04-20T21:33:45+00:00\",\"breadcrumb\":{\"@id\":\"https:\/\/gotouchup.com\/product\/gotouchup-pearl-white-car-touch-up-paint-scratch-repair-and-car-paint-restoration\/#breadcrumb\"},\"inLanguage\":\"fi\",\"potentialAction\":[{\"@type\":\"ReadAction\",\"target\":[\"https:\/\/gotouchup.com\/product\/gotouchup-pearl-white-car-touch-up-paint-scratch-repair-and-car-paint-restoration\/\"]}]},{\"@type\":\"ImageObject\",\"inLanguage\":\"fi\",\"@id\":\"https:\/\/gotouchup.com\/product\/gotouchup-pearl-white-car-touch-up-paint-scratch-repair-and-car-paint-restoration\/#primaryimage\",\"url\":\"https:\/\/gotouchup.com\/wp-content\/uploads\/2024\/10\/A-1.jpg\",\"contentUrl\":\"https:\/\/gotouchup.com\/wp-content\/uploads\/2024\/10\/A-1.jpg\",\"width\":1000,\"height\":1000},{\"@type\":\"BreadcrumbList\",\"@id\":\"https:\/\/gotouchup.com\/product\/gotouchup-pearl-white-car-touch-up-paint-scratch-repair-and-car-paint-restoration\/#breadcrumb\",\"itemListElement\":[{\"@type\":\"ListItem\",\"position\":1,\"name\":\"Home\",\"item\":\"https:\/\/gotouchup.com\/\"},{\"@type\":\"ListItem\",\"position\":2,\"name\":\"Shop\",\"item\":\"https:\/\/gotouchup.com\/shop\/\"},{\"@type\":\"ListItem\",\"position\":3,\"name\":\"GoTouchUp Pearl White Car Touch Up Paint &#8211; Scratch Repair and Car Paint Restoration\"}]},{\"@type\":\"WebSite\",\"@id\":\"https:\/\/gotouchup.com\/#website\",\"url\":\"https:\/\/gotouchup.com\/\",\"name\":\"GoTouchUp\",\"description\":\"Revive Your Finish with GoTouchUp\",\"publisher\":{\"@id\":\"https:\/\/gotouchup.com\/#organization\"},\"potentialAction\":[{\"@type\":\"SearchAction\",\"target\":{\"@type\":\"EntryPoint\",\"urlTemplate\":\"https:\/\/gotouchup.com\/?s={search_term_string}\"},\"query-input\":{\"@type\":\"PropertyValueSpecification\",\"valueRequired\":true,\"valueName\":\"search_term_string\"}}],\"inLanguage\":\"fi\"},{\"@type\":\"Organization\",\"@id\":\"https:\/\/gotouchup.com\/#organization\",\"name\":\"GTUSTECH LLC\",\"url\":\"https:\/\/gotouchup.com\/\",\"logo\":{\"@type\":\"ImageObject\",\"inLanguage\":\"fi\",\"@id\":\"https:\/\/gotouchup.com\/#\/schema\/logo\/image\/\",\"url\":\"https:\/\/gotouchup.com\/wp-content\/uploads\/2024\/10\/Asset-1@5x.png\",\"contentUrl\":\"https:\/\/gotouchup.com\/wp-content\/uploads\/2024\/10\/Asset-1@5x.png\",\"width\":1060,\"height\":246,\"caption\":\"GTUSTECH LLC\"},\"image\":{\"@id\":\"https:\/\/gotouchup.com\/#\/schema\/logo\/image\/\"}}]}<\/script>\n<!-- \/ Yoast SEO Premium plugin. -->","yoast_head_json":{"title":"GoTouchUp Pearl White Car Touch Up Paint - Scratch Repair and Car Paint Restoration - GoTouchUp","robots":{"index":"index","follow":"follow","max-snippet":"max-snippet:-1","max-image-preview":"max-image-preview:large","max-video-preview":"max-video-preview:-1"},"canonical":"https:\/\/gotouchup.com\/fi\/product\/gotouchup-pearl-white-car-touch-up-paint-scratch-repair-and-car-paint-restoration\/","og_locale":"fi_FI","og_type":"article","og_title":"GoTouchUp Pearl White Car Touch Up Paint - Scratch Repair and Car Paint Restoration","og_description":"Pearl White Precision: Choose from our expertly crafted range of pearl white shades to find the perfect match for your","og_url":"https:\/\/gotouchup.com\/fi\/product\/gotouchup-pearl-white-car-touch-up-paint-scratch-repair-and-car-paint-restoration\/","og_site_name":"GoTouchUp","article_modified_time":"2025-04-20T21:33:45+00:00","og_image":[{"width":1000,"height":1000,"url":"https:\/\/gotouchup.com\/wp-content\/uploads\/2024\/10\/A-1.jpg","type":"image\/jpeg"}],"twitter_card":"summary_large_image","twitter_misc":{"Est. reading time":"1 minuutti"},"schema":{"@context":"https:\/\/schema.org","@graph":[{"@type":"WebPage","@id":"https:\/\/gotouchup.com\/product\/gotouchup-pearl-white-car-touch-up-paint-scratch-repair-and-car-paint-restoration\/","url":"https:\/\/gotouchup.com\/product\/gotouchup-pearl-white-car-touch-up-paint-scratch-repair-and-car-paint-restoration\/","name":"GoTouchUp Pearl White Car Touch Up Paint - Scratch Repair and Car Paint Restoration - GoTouchUp","isPartOf":{"@id":"https:\/\/gotouchup.com\/#website"},"primaryImageOfPage":{"@id":"https:\/\/gotouchup.com\/product\/gotouchup-pearl-white-car-touch-up-paint-scratch-repair-and-car-paint-restoration\/#primaryimage"},"image":{"@id":"https:\/\/gotouchup.com\/product\/gotouchup-pearl-white-car-touch-up-paint-scratch-repair-and-car-paint-restoration\/#primaryimage"},"thumbnailUrl":"https:\/\/gotouchup.com\/wp-content\/uploads\/2024\/10\/A-1.jpg","datePublished":"2024-10-21T12:23:39+00:00","dateModified":"2025-04-20T21:33:45+00:00","breadcrumb":{"@id":"https:\/\/gotouchup.com\/product\/gotouchup-pearl-white-car-touch-up-paint-scratch-repair-and-car-paint-restoration\/#breadcrumb"},"inLanguage":"fi","potentialAction":[{"@type":"ReadAction","target":["https:\/\/gotouchup.com\/product\/gotouchup-pearl-white-car-touch-up-paint-scratch-repair-and-car-paint-restoration\/"]}]},{"@type":"ImageObject","inLanguage":"fi","@id":"https:\/\/gotouchup.com\/product\/gotouchup-pearl-white-car-touch-up-paint-scratch-repair-and-car-paint-restoration\/#primaryimage","url":"https:\/\/gotouchup.com\/wp-content\/uploads\/2024\/10\/A-1.jpg","contentUrl":"https:\/\/gotouchup.com\/wp-content\/uploads\/2024\/10\/A-1.jpg","width":1000,"height":1000},{"@type":"BreadcrumbList","@id":"https:\/\/gotouchup.com\/product\/gotouchup-pearl-white-car-touch-up-paint-scratch-repair-and-car-paint-restoration\/#breadcrumb","itemListElement":[{"@type":"ListItem","position":1,"name":"Home","item":"https:\/\/gotouchup.com\/"},{"@type":"ListItem","position":2,"name":"Shop","item":"https:\/\/gotouchup.com\/shop\/"},{"@type":"ListItem","position":3,"name":"GoTouchUp Pearl White Car Touch Up Paint &#8211; Scratch Repair and Car Paint Restoration"}]},{"@type":"WebSite","@id":"https:\/\/gotouchup.com\/#website","url":"https:\/\/gotouchup.com\/","name":"GoTouchUp","description":"Elvyt\u00e4 viimeistelysi GoTouchUpilla","publisher":{"@id":"https:\/\/gotouchup.com\/#organization"},"potentialAction":[{"@type":"SearchAction","target":{"@type":"EntryPoint","urlTemplate":"https:\/\/gotouchup.com\/?s={search_term_string}"},"query-input":{"@type":"PropertyValueSpecification","valueRequired":true,"valueName":"search_term_string"}}],"inLanguage":"fi"},{"@type":"Organization","@id":"https:\/\/gotouchup.com\/#organization","name":"GTUSTECH LLC","url":"https:\/\/gotouchup.com\/","logo":{"@type":"ImageObject","inLanguage":"fi","@id":"https:\/\/gotouchup.com\/#\/schema\/logo\/image\/","url":"https:\/\/gotouchup.com\/wp-content\/uploads\/2024\/10\/Asset-1@5x.png","contentUrl":"https:\/\/gotouchup.com\/wp-content\/uploads\/2024\/10\/Asset-1@5x.png","width":1060,"height":246,"caption":"GTUSTECH LLC"},"image":{"@id":"https:\/\/gotouchup.com\/#\/schema\/logo\/image\/"}}]}},"_links":{"self":[{"href":"https:\/\/gotouchup.com\/fi\/wp-json\/wp\/v2\/product\/10035","targetHints":{"allow":["GET"]}}],"collection":[{"href":"https:\/\/gotouchup.com\/fi\/wp-json\/wp\/v2\/product"}],"about":[{"href":"https:\/\/gotouchup.com\/fi\/wp-json\/wp\/v2\/types\/product"}],"replies":[{"embeddable":true,"href":"https:\/\/gotouchup.com\/fi\/wp-json\/wp\/v2\/comments?post=10035"}],"version-history":[{"count":0,"href":"https:\/\/gotouchup.com\/fi\/wp-json\/wp\/v2\/product\/10035\/revisions"}],"wp:featuredmedia":[{"embeddable":true,"href":"https:\/\/gotouchup.com\/fi\/wp-json\/wp\/v2\/media\/9888"}],"wp:attachment":[{"href":"https:\/\/gotouchup.com\/fi\/wp-json\/wp\/v2\/media?parent=10035"}],"wp:term":[{"taxonomy":"product_brand","embeddable":true,"href":"https:\/\/gotouchup.com\/fi\/wp-json\/wp\/v2\/product_brand?post=10035"},{"taxonomy":"product_cat","embeddable":true,"href":"https:\/\/gotouchup.com\/fi\/wp-json\/wp\/v2\/product_cat?post=10035"},{"taxonomy":"product_tag","embeddable":true,"href":"https:\/\/gotouchup.com\/fi\/wp-json\/wp\/v2\/product_tag?post=10035"}],"curies":[{"name":"wp","href":"https:\/\/api.w.org\/{rel}","templated":true}]}}