{"id":21881,"date":"2025-06-26T01:13:34","date_gmt":"2025-06-26T08:13:34","guid":{"rendered":"https:\/\/gotouchup.com\/?post_type=product&#038;p=21881"},"modified":"2025-06-29T19:54:17","modified_gmt":"2025-06-30T02:54:17","slug":"touch-up-paint-and-scratch-repair-kit-for-audi-e-tron-sportback","status":"publish","type":"product","link":"https:\/\/gotouchup.com\/es\/product\/touch-up-paint-and-scratch-repair-kit-for-audi-e-tron-sportback\/","title":{"rendered":"Kit de pintura de retoque y reparaci\u00f3n de ara\u00f1azos para Audi E Tron Sportback"},"content":{"rendered":"<p><strong>El kit de pintura de retoque y reparaci\u00f3n de ara\u00f1azos para Audi E Tron Sportback es la soluci\u00f3n definitiva para reparar peque\u00f1os ara\u00f1azos y desconchones. Este kit todo en uno restaura el acabado original de su veh\u00edculo con colores de f\u00e1brica exactamente iguales, ofreciendo una reparaci\u00f3n impecable. Dise\u00f1ado para una aplicaci\u00f3n muy sencilla y econ\u00f3mica, le da a su E Tron Sportback un aspecto profesional con el m\u00ednimo esfuerzo, sin necesidad de experiencia.<\/strong><\/p>\n<p><strong>Caracter\u00edsticas:<\/strong><\/p>\n<ul>\n<li><strong>Combinaci\u00f3n de colores perfecta:<\/strong> Espec\u00edficamente formulada para el Audi E Tron Sportback, nuestra pintura de retoque ofrece una reproducci\u00f3n exacta del color original de f\u00e1brica, garantizando reparaciones impecables con un acabado profesional. Olv\u00eddate de los tonos desiguales: tu Audi E Tron Sportback volver\u00e1 a lucir impecable.<\/li>\n<li><strong>F\u00e1cil de usar:<\/strong> Reparar rayones nunca ha sido tan f\u00e1cil. Simplemente limpie la zona afectada, aplique la pintura de retoque con la brocha incluida y deje que se seque al aire; no se requieren herramientas ni habilidades especiales. En unos sencillos pasos, su veh\u00edculo recuperar\u00e1 su aspecto original, ahorr\u00e1ndole tiempo y costosos viajes al taller.<\/li>\n<li><strong>Dise\u00f1ado para una mayor durabilidad:<\/strong> Elaborada con pigmentos met\u00e1licos de primera calidad, nuestra pintura de retoque est\u00e1 dise\u00f1ada para soportar temperaturas extremas y condiciones adversas, ya sea calor intenso, fr\u00edo glacial o lavados de alta presi\u00f3n. Su f\u00f3rmula resistente a la decoloraci\u00f3n y al desconchado garantiza una adhesi\u00f3n fuerte que no se descascara ni se descascara, manteniendo el acabado de su veh\u00edculo impecable por muchos a\u00f1os.<\/li>\n<li><strong>Larga vida \u00fatil y reutilizable:<\/strong> Gracias a nuestra tecnolog\u00eda patentada de pintura y botella, cada kit se mantiene fresco y eficaz hasta por 3 a\u00f1os. Ya sea tu primer rasgu\u00f1o o uno futuro, puedes reutilizar el mismo kit sin preocuparte de que se seque o pierda calidad; no tendr\u00e1s que comprarlo cada vez.<\/li>\n<li><strong>M\u00faltiples opciones de kit:<\/strong> Ofrecemos una gama de kits de reparaci\u00f3n adaptados a diferentes niveles de da\u00f1o. Para rayones superficiales leves, nuestro l\u00e1piz de retoque de precisi\u00f3n ofrece soluciones r\u00e1pidas y precisas. Para marcas m\u00e1s profundas, un kit de masilla puede ayudar a rellenar la zona y mejorar los resultados de la reparaci\u00f3n. Y para rayones m\u00e1s grandes o visibles, nuestro sistema de pulverizaci\u00f3n el\u00e9ctrico garantiza una cobertura uniforme y profesional.<\/li>\n<\/ul>\n<p><strong>C\u00f3mo encontrar el c\u00f3digo de pintura de su veh\u00edculo:<\/strong><\/p>\n<ul>\n<li>El c\u00f3digo de pintura de su auto suele estar en la etiqueta del fabricante, en alg\u00fan lugar del veh\u00edculo. Sin embargo, la ubicaci\u00f3n exacta puede variar seg\u00fan la marca y el c\u00f3digo model. Consulte la imagen a continuaci\u00f3n para obtener orientaci\u00f3n.<\/li>\n<\/ul>\n<p><img decoding=\"async\" src=\"https:\/\/gotouchup.com\/wp-content\/uploads\/products-image\/Audi\/General\/color_code_pos.webp\" width=\"700\" \/><\/p>\n<p><strong>Instrucciones de uso:<\/strong><\/p>\n<ul>\n<li>Pintura de retoque<\/li>\n<\/ul>\n<p><img decoding=\"async\" src=\"https:\/\/gotouchup.com\/wp-content\/uploads\/products-image\/Audi\/General\/instructions_1.webp\" width=\"700\" \/><\/p>\n<ul>\n<li>Kits de pintura y masilla para retoques<\/li>\n<\/ul>\n<p><img decoding=\"async\" src=\"https:\/\/gotouchup.com\/wp-content\/uploads\/products-image\/Audi\/General\/instructions_2.webp\" width=\"700\" \/><\/p>\n<ul>\n<li>Pintura de retoque y pulverizador el\u00e9ctrico<\/li>\n<\/ul>\n<p><img decoding=\"async\" src=\"https:\/\/gotouchup.com\/wp-content\/uploads\/products-image\/Audi\/General\/instructions_3.webp\" width=\"700\" \/><\/p>\n<p><strong>Nota:<\/strong><\/p>\n<ul>\n<li>Antes de usar, verifique el c\u00f3digo de color en la botella para asegurarse de que coincida con el c\u00f3digo de color de su veh\u00edculo.<\/li>\n<li>Agite el l\u00e1piz de retoque vigorosamente durante al menos 30 segundos antes de aplicarlo para asegurarse de que la pintura est\u00e9 correctamente mezclada.<\/li>\n<li>Primero prueba la pintura en un papel. Una vez seca, comp\u00e1rala con el color de tu auto para confirmar la coincidencia.<\/li>\n<li>Evite aplicar capas gruesas de una sola vez. En su lugar, aplique capas finas varias veces para lograr un acabado m\u00e1s liso y uniforme.<\/li>\n<\/ul>","protected":false},"excerpt":{"rendered":"<p>The Touch-Up Paint and Scratch Repair Kit for Audi E Tron Sportback is the ultimate solution for fixing minor scratches<\/p>","protected":false},"featured_media":17419,"comment_status":"open","ping_status":"closed","template":"","meta":{"_acf_changed":false,"_monsterinsights_skip_tracking":false,"_monsterinsights_sitenote_active":false,"_monsterinsights_sitenote_note":"","_monsterinsights_sitenote_category":0},"product_brand":[187],"product_cat":[11519],"product_tag":[11520,11536,148],"class_list":{"0":"post-21881","1":"product","2":"type-product","3":"status-publish","4":"has-post-thumbnail","6":"product_brand-gotouchup","7":"product_cat-touch-up-paint-for-audi","8":"product_tag-audi","9":"product_tag-e-tron-sportback","10":"product_tag-touch-up-paint-for-car","11":"tm-has-options","13":"first","14":"instock","15":"shipping-taxable","16":"purchasable","17":"product-type-variable"},"acf":[],"yoast_head":"<!-- This site is optimized with the Yoast SEO Premium plugin v25.7.1 (Yoast SEO v25.7) - https:\/\/yoast.com\/wordpress\/plugins\/seo\/ -->\n<title>Touch Up Paint and Scratch Repair Kit for Audi E Tron Sportback - GoTouchUp<\/title>\n<meta name=\"robots\" content=\"index, follow, max-snippet:-1, max-image-preview:large, max-video-preview:-1\" \/>\n<link rel=\"canonical\" href=\"https:\/\/gotouchup.com\/es\/product\/touch-up-paint-and-scratch-repair-kit-for-audi-e-tron-sportback\/\" \/>\n<meta property=\"og:locale\" content=\"es_ES\" \/>\n<meta property=\"og:type\" content=\"article\" \/>\n<meta property=\"og:title\" content=\"Touch Up Paint and Scratch Repair Kit for Audi E Tron Sportback\" \/>\n<meta property=\"og:description\" content=\"The Touch-Up Paint and Scratch Repair Kit for Audi E Tron Sportback is the ultimate solution for fixing minor scratches\" \/>\n<meta property=\"og:url\" content=\"https:\/\/gotouchup.com\/es\/product\/touch-up-paint-and-scratch-repair-kit-for-audi-e-tron-sportback\/\" \/>\n<meta property=\"og:site_name\" content=\"GoTouchUp\" \/>\n<meta property=\"article:modified_time\" content=\"2025-06-30T02:54:17+00:00\" \/>\n<meta property=\"og:image\" content=\"https:\/\/gotouchup.com\/wp-content\/uploads\/2025\/06\/GTU-AB-AUDI-LZ7S_6Y-SET1-E_TRON_SPORTBACK.webp\" \/>\n\t<meta property=\"og:image:width\" content=\"1000\" \/>\n\t<meta property=\"og:image:height\" content=\"1000\" \/>\n\t<meta property=\"og:image:type\" content=\"image\/webp\" \/>\n<meta name=\"twitter:card\" content=\"summary_large_image\" \/>\n<meta name=\"twitter:label1\" content=\"Est. reading time\" \/>\n\t<meta name=\"twitter:data1\" content=\"4 minutos\" \/>\n<script type=\"application\/ld+json\" class=\"yoast-schema-graph\">{\"@context\":\"https:\/\/schema.org\",\"@graph\":[{\"@type\":\"WebPage\",\"@id\":\"https:\/\/gotouchup.com\/product\/touch-up-paint-and-scratch-repair-kit-for-audi-e-tron-sportback\/\",\"url\":\"https:\/\/gotouchup.com\/product\/touch-up-paint-and-scratch-repair-kit-for-audi-e-tron-sportback\/\",\"name\":\"Touch Up Paint and Scratch Repair Kit for Audi E Tron Sportback - GoTouchUp\",\"isPartOf\":{\"@id\":\"https:\/\/gotouchup.com\/#website\"},\"primaryImageOfPage\":{\"@id\":\"https:\/\/gotouchup.com\/product\/touch-up-paint-and-scratch-repair-kit-for-audi-e-tron-sportback\/#primaryimage\"},\"image\":{\"@id\":\"https:\/\/gotouchup.com\/product\/touch-up-paint-and-scratch-repair-kit-for-audi-e-tron-sportback\/#primaryimage\"},\"thumbnailUrl\":\"https:\/\/gotouchup.com\/wp-content\/uploads\/2025\/06\/GTU-AB-AUDI-LZ7S_6Y-SET1-E_TRON_SPORTBACK.webp\",\"datePublished\":\"2025-06-26T08:13:34+00:00\",\"dateModified\":\"2025-06-30T02:54:17+00:00\",\"breadcrumb\":{\"@id\":\"https:\/\/gotouchup.com\/product\/touch-up-paint-and-scratch-repair-kit-for-audi-e-tron-sportback\/#breadcrumb\"},\"inLanguage\":\"es\",\"potentialAction\":[{\"@type\":\"ReadAction\",\"target\":[\"https:\/\/gotouchup.com\/product\/touch-up-paint-and-scratch-repair-kit-for-audi-e-tron-sportback\/\"]}]},{\"@type\":\"ImageObject\",\"inLanguage\":\"es\",\"@id\":\"https:\/\/gotouchup.com\/product\/touch-up-paint-and-scratch-repair-kit-for-audi-e-tron-sportback\/#primaryimage\",\"url\":\"https:\/\/gotouchup.com\/wp-content\/uploads\/2025\/06\/GTU-AB-AUDI-LZ7S_6Y-SET1-E_TRON_SPORTBACK.webp\",\"contentUrl\":\"https:\/\/gotouchup.com\/wp-content\/uploads\/2025\/06\/GTU-AB-AUDI-LZ7S_6Y-SET1-E_TRON_SPORTBACK.webp\",\"width\":1000,\"height\":1000},{\"@type\":\"BreadcrumbList\",\"@id\":\"https:\/\/gotouchup.com\/product\/touch-up-paint-and-scratch-repair-kit-for-audi-e-tron-sportback\/#breadcrumb\",\"itemListElement\":[{\"@type\":\"ListItem\",\"position\":1,\"name\":\"Home\",\"item\":\"https:\/\/gotouchup.com\/\"},{\"@type\":\"ListItem\",\"position\":2,\"name\":\"Shop\",\"item\":\"https:\/\/gotouchup.com\/shop\/\"},{\"@type\":\"ListItem\",\"position\":3,\"name\":\"Touch Up Paint and Scratch Repair Kit for Audi E Tron Sportback\"}]},{\"@type\":\"WebSite\",\"@id\":\"https:\/\/gotouchup.com\/#website\",\"url\":\"https:\/\/gotouchup.com\/\",\"name\":\"GoTouchUp\",\"description\":\"Revive Your Finish with GoTouchUp\",\"publisher\":{\"@id\":\"https:\/\/gotouchup.com\/#organization\"},\"potentialAction\":[{\"@type\":\"SearchAction\",\"target\":{\"@type\":\"EntryPoint\",\"urlTemplate\":\"https:\/\/gotouchup.com\/?s={search_term_string}\"},\"query-input\":{\"@type\":\"PropertyValueSpecification\",\"valueRequired\":true,\"valueName\":\"search_term_string\"}}],\"inLanguage\":\"es\"},{\"@type\":\"Organization\",\"@id\":\"https:\/\/gotouchup.com\/#organization\",\"name\":\"GTUSTECH LLC\",\"url\":\"https:\/\/gotouchup.com\/\",\"logo\":{\"@type\":\"ImageObject\",\"inLanguage\":\"es\",\"@id\":\"https:\/\/gotouchup.com\/#\/schema\/logo\/image\/\",\"url\":\"https:\/\/gotouchup.com\/wp-content\/uploads\/2024\/10\/Asset-1@5x.png\",\"contentUrl\":\"https:\/\/gotouchup.com\/wp-content\/uploads\/2024\/10\/Asset-1@5x.png\",\"width\":1060,\"height\":246,\"caption\":\"GTUSTECH LLC\"},\"image\":{\"@id\":\"https:\/\/gotouchup.com\/#\/schema\/logo\/image\/\"}}]}<\/script>\n<!-- \/ Yoast SEO Premium plugin. -->","yoast_head_json":{"title":"Touch Up Paint and Scratch Repair Kit for Audi E Tron Sportback - GoTouchUp","robots":{"index":"index","follow":"follow","max-snippet":"max-snippet:-1","max-image-preview":"max-image-preview:large","max-video-preview":"max-video-preview:-1"},"canonical":"https:\/\/gotouchup.com\/es\/product\/touch-up-paint-and-scratch-repair-kit-for-audi-e-tron-sportback\/","og_locale":"es_ES","og_type":"article","og_title":"Touch Up Paint and Scratch Repair Kit for Audi E Tron Sportback","og_description":"The Touch-Up Paint and Scratch Repair Kit for Audi E Tron Sportback is the ultimate solution for fixing minor scratches","og_url":"https:\/\/gotouchup.com\/es\/product\/touch-up-paint-and-scratch-repair-kit-for-audi-e-tron-sportback\/","og_site_name":"GoTouchUp","article_modified_time":"2025-06-30T02:54:17+00:00","og_image":[{"width":1000,"height":1000,"url":"https:\/\/gotouchup.com\/wp-content\/uploads\/2025\/06\/GTU-AB-AUDI-LZ7S_6Y-SET1-E_TRON_SPORTBACK.webp","type":"image\/webp"}],"twitter_card":"summary_large_image","twitter_misc":{"Est. reading time":"4 minutos"},"schema":{"@context":"https:\/\/schema.org","@graph":[{"@type":"WebPage","@id":"https:\/\/gotouchup.com\/product\/touch-up-paint-and-scratch-repair-kit-for-audi-e-tron-sportback\/","url":"https:\/\/gotouchup.com\/product\/touch-up-paint-and-scratch-repair-kit-for-audi-e-tron-sportback\/","name":"Touch Up Paint and Scratch Repair Kit for Audi E Tron Sportback - GoTouchUp","isPartOf":{"@id":"https:\/\/gotouchup.com\/#website"},"primaryImageOfPage":{"@id":"https:\/\/gotouchup.com\/product\/touch-up-paint-and-scratch-repair-kit-for-audi-e-tron-sportback\/#primaryimage"},"image":{"@id":"https:\/\/gotouchup.com\/product\/touch-up-paint-and-scratch-repair-kit-for-audi-e-tron-sportback\/#primaryimage"},"thumbnailUrl":"https:\/\/gotouchup.com\/wp-content\/uploads\/2025\/06\/GTU-AB-AUDI-LZ7S_6Y-SET1-E_TRON_SPORTBACK.webp","datePublished":"2025-06-26T08:13:34+00:00","dateModified":"2025-06-30T02:54:17+00:00","breadcrumb":{"@id":"https:\/\/gotouchup.com\/product\/touch-up-paint-and-scratch-repair-kit-for-audi-e-tron-sportback\/#breadcrumb"},"inLanguage":"es","potentialAction":[{"@type":"ReadAction","target":["https:\/\/gotouchup.com\/product\/touch-up-paint-and-scratch-repair-kit-for-audi-e-tron-sportback\/"]}]},{"@type":"ImageObject","inLanguage":"es","@id":"https:\/\/gotouchup.com\/product\/touch-up-paint-and-scratch-repair-kit-for-audi-e-tron-sportback\/#primaryimage","url":"https:\/\/gotouchup.com\/wp-content\/uploads\/2025\/06\/GTU-AB-AUDI-LZ7S_6Y-SET1-E_TRON_SPORTBACK.webp","contentUrl":"https:\/\/gotouchup.com\/wp-content\/uploads\/2025\/06\/GTU-AB-AUDI-LZ7S_6Y-SET1-E_TRON_SPORTBACK.webp","width":1000,"height":1000},{"@type":"BreadcrumbList","@id":"https:\/\/gotouchup.com\/product\/touch-up-paint-and-scratch-repair-kit-for-audi-e-tron-sportback\/#breadcrumb","itemListElement":[{"@type":"ListItem","position":1,"name":"Home","item":"https:\/\/gotouchup.com\/"},{"@type":"ListItem","position":2,"name":"Shop","item":"https:\/\/gotouchup.com\/shop\/"},{"@type":"ListItem","position":3,"name":"Touch Up Paint and Scratch Repair Kit for Audi E Tron Sportback"}]},{"@type":"WebSite","@id":"https:\/\/gotouchup.com\/#website","url":"https:\/\/gotouchup.com\/","name":"Ir a retocar","description":"Revitalice su acabado con GoTouchUp","publisher":{"@id":"https:\/\/gotouchup.com\/#organization"},"potentialAction":[{"@type":"SearchAction","target":{"@type":"EntryPoint","urlTemplate":"https:\/\/gotouchup.com\/?s={search_term_string}"},"query-input":{"@type":"PropertyValueSpecification","valueRequired":true,"valueName":"search_term_string"}}],"inLanguage":"es"},{"@type":"Organization","@id":"https:\/\/gotouchup.com\/#organization","name":"GTUSTECH LLC","url":"https:\/\/gotouchup.com\/","logo":{"@type":"ImageObject","inLanguage":"es","@id":"https:\/\/gotouchup.com\/#\/schema\/logo\/image\/","url":"https:\/\/gotouchup.com\/wp-content\/uploads\/2024\/10\/Asset-1@5x.png","contentUrl":"https:\/\/gotouchup.com\/wp-content\/uploads\/2024\/10\/Asset-1@5x.png","width":1060,"height":246,"caption":"GTUSTECH LLC"},"image":{"@id":"https:\/\/gotouchup.com\/#\/schema\/logo\/image\/"}}]}},"_links":{"self":[{"href":"https:\/\/gotouchup.com\/es\/wp-json\/wp\/v2\/product\/21881","targetHints":{"allow":["GET"]}}],"collection":[{"href":"https:\/\/gotouchup.com\/es\/wp-json\/wp\/v2\/product"}],"about":[{"href":"https:\/\/gotouchup.com\/es\/wp-json\/wp\/v2\/types\/product"}],"replies":[{"embeddable":true,"href":"https:\/\/gotouchup.com\/es\/wp-json\/wp\/v2\/comments?post=21881"}],"version-history":[{"count":0,"href":"https:\/\/gotouchup.com\/es\/wp-json\/wp\/v2\/product\/21881\/revisions"}],"wp:featuredmedia":[{"embeddable":true,"href":"https:\/\/gotouchup.com\/es\/wp-json\/wp\/v2\/media\/17419"}],"wp:attachment":[{"href":"https:\/\/gotouchup.com\/es\/wp-json\/wp\/v2\/media?parent=21881"}],"wp:term":[{"taxonomy":"product_brand","embeddable":true,"href":"https:\/\/gotouchup.com\/es\/wp-json\/wp\/v2\/product_brand?post=21881"},{"taxonomy":"product_cat","embeddable":true,"href":"https:\/\/gotouchup.com\/es\/wp-json\/wp\/v2\/product_cat?post=21881"},{"taxonomy":"product_tag","embeddable":true,"href":"https:\/\/gotouchup.com\/es\/wp-json\/wp\/v2\/product_tag?post=21881"}],"curies":[{"name":"gracias","href":"https:\/\/api.w.org\/{rel}","templated":true}]}}