{"id":10006,"date":"2024-10-19T09:25:32","date_gmt":"2024-10-19T09:25:32","guid":{"rendered":"https:\/\/gotouchup.com\/?page_id=10006"},"modified":"2024-10-19T09:25:33","modified_gmt":"2024-10-19T09:25:33","slug":"terms-of-service","status":"publish","type":"page","link":"https:\/\/gotouchup.com\/es\/terms-of-service\/","title":{"rendered":"Condiciones de servicio"},"content":{"rendered":"<h2 class=\"wp-block-heading\">Condiciones de servicio<\/h2>\n\n\n\n<p>Bienvenido al sitio web de gotouchup.com. Le brindamos nuestros servicios sujetos a los avisos, t\u00e9rminos y condiciones establecidos en este acuerdo (el \u201cAcuerdo\u201d). Adem\u00e1s, cuando utilice cualquier servicio de gotouchup.com (por ejemplo, Rese\u00f1as de clientes), estar\u00e1 sujeto a las reglas, pautas, pol\u00edticas, t\u00e9rminos y condiciones aplicables a dichos servicios, y se incorporan a este Acuerdo mediante esta referencia. Gotouchup.com se reserva el derecho de cambiar este sitio y estos t\u00e9rminos y condiciones en cualquier momento.<br><br>El acceso, la navegaci\u00f3n o cualquier otro uso del sitio indican que acepta todos los t\u00e9rminos y condiciones de este acuerdo. Lea atentamente este acuerdo antes de continuar.<\/p>\n\n\n\n<h3 class=\"wp-block-heading\">Uso del sitio<\/h3>\n\n\n\n<p>Usted declara y garantiza que tiene al menos 18 a\u00f1os de edad o que visita el Sitio bajo la supervisi\u00f3n de un padre o tutor. Sujeto a los t\u00e9rminos y condiciones de este Acuerdo, gotouchup.com le otorga por la presente una licencia limitada, revocable, intransferible y no exclusiva para acceder y utilizar el Sitio mostr\u00e1ndolo en su navegador de Internet \u00fanicamente con el prop\u00f3sito de comprar art\u00edculos personales vendidos en el Sitio y no para ning\u00fan uso comercial o uso en nombre de un tercero, excepto que gotouchup.com lo permita expl\u00edcitamente con anticipaci\u00f3n. Cualquier incumplimiento de este Acuerdo resultar\u00e1 en la revocaci\u00f3n inmediata de la licencia otorgada en este p\u00e1rrafo sin previo aviso.<br><br>Salvo lo permitido en el p\u00e1rrafo anterior, no podr\u00e1 reproducir, distribuir, exhibir, vender, arrendar, transmitir, crear trabajos derivados, traducir, modificar, aplicar ingenier\u00eda inversa, desensamblar, descompilar o explotar de otro modo este Sitio o cualquier parte del mismo a menos que gotouchup.com lo permita expresamente por escrito. No podr\u00e1 hacer ning\u00fan uso comercial de la informaci\u00f3n proporcionada en el Sitio ni hacer ning\u00fan uso del Sitio para el beneficio de otra empresa a menos que gotouchup.com lo permita expl\u00edcitamente con antelaci\u00f3n. Gotouchup.com se reserva el derecho de rechazar el servicio, cancelar cuentas y\/o cancelar pedidos a su discreci\u00f3n, incluyendo, sin limitaci\u00f3n, si gotouchup.com cree que la conducta del cliente viola la ley aplicable o es perjudicial para los intereses de gotouchup.com.<br><br>No deber\u00e1 cargar, distribuir ni publicar de otro modo a trav\u00e9s de este Sitio ning\u00fan Contenido, informaci\u00f3n u otro material que (a) viole o infrinja los derechos de autor, patentes, marcas comerciales, marcas de servicio, secretos comerciales u otros derechos de propiedad de cualquier persona; (b) sea calumnioso, amenazante, difamatorio, obsceno, indecente, pornogr\u00e1fico o que pueda dar lugar a cualquier responsabilidad civil o penal seg\u00fan la ley estadounidense o internacional; o (c) incluya errores, virus, gusanos, trampas, caballos de Troya u otros c\u00f3digos o propiedades da\u00f1inos. Gotouchup.com puede asignarle una contrase\u00f1a e identificaci\u00f3n de cuenta para permitirle acceder y usar ciertas partes de este Sitio. Cada vez que use una contrase\u00f1a o identificaci\u00f3n, se considerar\u00e1 que est\u00e1 autorizado a acceder y usar el Sitio de una manera coherente con los t\u00e9rminos y condiciones de este Acuerdo, y gotouchup.com no tiene la obligaci\u00f3n de investigar la autorizaci\u00f3n o la fuente de dicho acceso o uso del Sitio.<br><br>Usted ser\u00e1 el \u00fanico responsable de todo acceso y uso de este sitio por parte de cualquier persona que utilice la contrase\u00f1a y la identificaci\u00f3n que se le asignaron originalmente, independientemente de si dicho acceso y uso de este sitio est\u00e1 realmente autorizado por usted o no, incluidas, entre otras, todas las comunicaciones y transmisiones y todas las obligaciones (incluidas, entre otras, las obligaciones financieras) incurridas a trav\u00e9s de dicho acceso o uso. Usted es el \u00fanico responsable de proteger la seguridad y confidencialidad de la contrase\u00f1a y la identificaci\u00f3n que se le asignaron. Deber\u00e1 notificar de inmediato a gotouchup.com sobre cualquier uso no autorizado de su contrase\u00f1a o identificaci\u00f3n o cualquier otra violaci\u00f3n o amenaza de violaci\u00f3n de la seguridad de este Sitio.<\/p>\n\n\n\n<h3 class=\"wp-block-heading\"><strong>Rese\u00f1as y comentarios<\/strong><\/h3>\n\n\n\n<p>Salvo que se disponga lo contrario en otra parte de este Acuerdo o en el sitio, todo lo que env\u00ede o publique en el sitio y\/o proporcione a gotouchup.com, incluyendo, sin limitaci\u00f3n, ideas, conocimientos t\u00e9cnicos, t\u00e9cnicas, preguntas, revisiones, comentarios y sugerencias (colectivamente, &quot;Env\u00edos&quot;) es y ser\u00e1 tratado como no confidencial y no propietario, y al enviar o publicar, usted acepta licenciar irrevocablemente la entrada y todos los derechos de propiedad intelectual relacionados con la misma (excluyendo los derechos morales como el derecho de autor\u00eda) a gotouchup.com sin cargo y gotouchup.com tendr\u00e1 el derecho libre de regal\u00edas, mundial, perpetuo, irrevocable y transferible de usar, copiar, distribuir, exhibir, publicar, ejecutar, vender, arrendar, transmitir, adaptar, crear trabajos derivados de dichos Env\u00edos por cualquier medio y en cualquier forma, y traducir, modificar, realizar ingenier\u00eda inversa, desensamblar o descompilar dichos Env\u00edos. Todos los Env\u00edos se convertir\u00e1n autom\u00e1ticamente en propiedad \u00fanica y exclusiva de gotouchup.com y no ser\u00e1n devueltos a usted y usted acepta no plantear ninguna disputa en relaci\u00f3n con cualquier uso de la entrada por parte de gotouchup.com en el futuro.<br><br>Usted garantiza que sus Env\u00edos, en su totalidad o en parte, son claros y est\u00e1n libres de cualquier infracci\u00f3n de derechos de propiedad intelectual, disputas o reclamos de terceros. Gotouchup.com no asume ninguna responsabilidad por cualquier uso indebido de los derechos de autor o cualquier otro derecho de terceros por su parte. Usted se compromete a defender e indemnizar al Patrocinador por cualquier p\u00e9rdida causada debido al uso de los env\u00edos para cualquier prop\u00f3sito.<br><br>Adem\u00e1s de los derechos aplicables a cualquier Env\u00edo, cuando usted publica comentarios o rese\u00f1as en el sitio, tambi\u00e9n otorga a gotouchup.com el derecho a utilizar el nombre que env\u00ede con cualquier rese\u00f1a, comentario u otro Contenido, si lo hubiera, en relaci\u00f3n con dicha rese\u00f1a, comentario u otro contenido. Usted declara y garantiza que posee o controla de otro modo todos los derechos sobre las rese\u00f1as, comentarios y otro Contenido que publica en este sitio y que el uso de sus rese\u00f1as, comentarios u otro Contenido por parte de gotouchup.com no infringir\u00e1 ni violar\u00e1 los derechos de ning\u00fan tercero. No deber\u00e1 utilizar una direcci\u00f3n de correo electr\u00f3nico falsa, fingir ser otra persona que no sea usted mismo o enga\u00f1ar de otro modo a gotouchup.com o a terceros en cuanto al origen de cualquier Env\u00edo o Contenido. Gotouchup.com puede, pero no est\u00e1 obligado a, eliminar o editar cualquier Env\u00edo (incluidos comentarios o rese\u00f1as) por cualquier motivo.<\/p>\n\n\n\n<h3 class=\"wp-block-heading\"><strong>Derechos de autor<\/strong><\/h3>\n\n\n\n<p>Todos los textos, gr\u00e1ficos, fotograf\u00edas u otras im\u00e1genes, iconos de botones, clips de audio, logotipos, esl\u00f3ganes, nombres comerciales o software de palabras y otros contenidos del sitio web de gotouchup.com (colectivamente, &quot;Contenido&quot;), pertenecen exclusivamente a gotouchup.com o sus proveedores de contenido correspondientes. No puede usar, reproducir, copiar, modificar, transmitir, mostrar, publicar, vender, licenciar, ejecutar p\u00fablicamente, distribuir o explotar comercialmente ninguno de los Contenidos ni disponer de ning\u00fan Contenido de ninguna manera no permitida por gotouchup.com, sin el consentimiento previo por escrito expreso de gotouchup.com. El uso de miner\u00eda de datos, robots o herramientas similares de recopilaci\u00f3n y extracci\u00f3n de datos en gotouchup.com, as\u00ed como el uso de marcas comerciales o marcas de servicio de gotouchup.com en metaetiquetas, est\u00e1 estrictamente prohibido. Puede ver y usar el Contenido solo para su informaci\u00f3n personal y para comprar y realizar pedidos en el sitio y para ning\u00fan otro prop\u00f3sito. La recopilaci\u00f3n, ordenaci\u00f3n y montaje de todo el contenido de este sitio (la \u201cCompilaci\u00f3n\u201d) pertenece exclusivamente a gotouchup.com. No puede utilizar el Contenido o la Compilaci\u00f3n de gotouchup.com de ninguna manera que desacredite o denigre a gotouchup.com o de ninguna manera que pueda causar confusi\u00f3n o violaci\u00f3n de las leyes o regulaciones aplicables. Todo el software utilizado en este Sitio (el \u201cSoftware\u201d) es propiedad de gotouchup.com y\/o sus proveedores de Software. El Contenido, la Compilaci\u00f3n y el Software est\u00e1n protegidos por las leyes de derechos de autor estatales, nacionales e internacionales. Todos los derechos no expresamente otorgados est\u00e1n reservados por gotouchup.com. Los infractores ser\u00e1n procesados con todo el alcance de la ley.<\/p>\n\n\n\n<h2 class=\"wp-block-heading\">Condiciones de uso<\/h2>\n\n\n\n<h3 class=\"wp-block-heading\">Terminaci\u00f3n y efecto de la terminaci\u00f3n<\/h3>\n\n\n\n<p>Adem\u00e1s de cualquier otro recurso legal o equitativo, gotouchup.com, sin previo aviso, rescindir\u00e1 inmediatamente el Acuerdo o revocar\u00e1 cualquiera o todos los derechos que le otorga este Acuerdo. En caso de rescisi\u00f3n de este Acuerdo, usted deber\u00e1 dejar de acceder y utilizar el sitio de inmediato y gotouchup.com, adem\u00e1s de cualquier otro recurso legal o equitativo, revocar\u00e1 inmediatamente todas las contrase\u00f1as e identificaciones de cuenta que se le hayan emitido y le negar\u00e1 el acceso y el uso de este Sitio en su totalidad o en parte. La rescisi\u00f3n de este Acuerdo no afectar\u00e1 los respectivos derechos y obligaciones (incluidas, entre otras, las obligaciones de pago) de las partes que surjan antes de la fecha de rescisi\u00f3n.<\/p>\n\n\n\n<h3 class=\"wp-block-heading\">Aceptaci\u00f3n de pedido<\/h3>\n\n\n\n<p>Tenga en cuenta que puede haber ciertos pedidos que no podamos aceptar y debamos cancelarlos. Gotouchup.com se reserva el derecho, a su entera discreci\u00f3n, de rechazar o cancelar cualquier pedido por cualquier motivo. Algunas situaciones que pueden provocar la cancelaci\u00f3n de su pedido incluyen limitaciones en las cantidades disponibles para la compra, imprecisiones o errores en la informaci\u00f3n sobre el producto o los precios, o problemas identificados por nuestro departamento de cr\u00e9dito y prevenci\u00f3n de fraudes. Tambi\u00e9n podemos solicitar verificaciones o informaci\u00f3n adicionales antes de aceptar cualquier pedido. Nos comunicaremos con usted si se cancela la totalidad o parte de su pedido o si se requiere informaci\u00f3n adicional para aceptar su pedido.<\/p>\n\n\n\n<h3 class=\"wp-block-heading\">Errores tipogr\u00e1ficos<\/h3>\n\n\n\n<p>Si bien gotouchup.com se esfuerza por brindar informaci\u00f3n precisa sobre productos y precios, pueden ocurrir errores tipogr\u00e1ficos o de precios. Gotouchup.com no puede confirmar el precio de un art\u00edculo hasta que usted lo ordene. En el caso de que un art\u00edculo aparezca con un precio incorrecto o con informaci\u00f3n incorrecta debido a un error en el precio o en la informaci\u00f3n del producto, gotouchup.com tendr\u00e1 el derecho, a su exclusivo criterio, de rechazar o cancelar cualquier pedido realizado para ese art\u00edculo. En el caso de que un art\u00edculo tenga un precio incorrecto, gotouchup.com puede, a su exclusivo criterio, comunicarse con usted para obtener instrucciones o cancelar su pedido y notificarle dicha cancelaci\u00f3n.<\/p>\n\n\n\n<h3 class=\"wp-block-heading\">Remedios<\/h3>\n\n\n\n<p>Usted acepta que el recurso legal de gotouchup.com por cualquier incumplimiento real o amenazado de este Acuerdo ser\u00eda inadecuado y que gotouchup.com tendr\u00e1 derecho a un cumplimiento espec\u00edfico o una medida cautelar, o ambos, adem\u00e1s de cualquier da\u00f1o que gotouchup.com pueda tener derecho legalmente a recuperar, junto con los gastos razonables de cualquier forma de resoluci\u00f3n de disputas, incluidos, entre otros, los honorarios de abogados.<br><br>Ning\u00fan derecho o recurso de gotouchup.com ser\u00e1 exclusivo de cualquier otro, ya sea por ley o por equidad, incluidos, entre otros, medidas cautelares por da\u00f1os y perjuicios, honorarios y gastos de abogados.<br><br>Ning\u00fan caso de renuncia por parte de gotouchup.com de sus derechos o recursos bajo estos t\u00e9rminos y condiciones implicar\u00e1 obligaci\u00f3n alguna de otorgar cualquier renuncia similar, futura o de otro tipo.<\/p>\n\n\n\n<p>Estos T\u00e9rminos de Servicio y cualquier acuerdo separado mediante el cual le proporcionemos se regir\u00e1n e interpretar\u00e1n de conformidad con las leyes de los Estados Unidos.<\/p>","protected":false},"excerpt":{"rendered":"<p>Terms of Service Welcome to the website of gotouchup.com. We provides its services to you subject to the notices, terms,<\/p>","protected":false},"author":1,"featured_media":0,"parent":0,"menu_order":0,"comment_status":"closed","ping_status":"closed","template":"","meta":{"_acf_changed":false,"_monsterinsights_skip_tracking":false,"_monsterinsights_sitenote_active":false,"_monsterinsights_sitenote_note":"","_monsterinsights_sitenote_category":0,"footnotes":""},"class_list":["post-10006","page","type-page","status-publish","hentry"],"acf":[],"yoast_head":"<!-- This site is optimized with the Yoast SEO Premium plugin v25.7.1 (Yoast SEO v25.7) - https:\/\/yoast.com\/wordpress\/plugins\/seo\/ -->\n<title>Terms of Service - GoTouchUp<\/title>\n<meta name=\"robots\" content=\"index, follow, max-snippet:-1, max-image-preview:large, max-video-preview:-1\" \/>\n<link rel=\"canonical\" href=\"https:\/\/gotouchup.com\/es\/terms-of-service\/\" \/>\n<meta property=\"og:locale\" content=\"es_ES\" \/>\n<meta property=\"og:type\" content=\"article\" \/>\n<meta property=\"og:title\" content=\"Terms of Service\" \/>\n<meta property=\"og:description\" content=\"Terms of Service Welcome to the website of gotouchup.com. We provides its services to you subject to the notices, terms,\" \/>\n<meta property=\"og:url\" content=\"https:\/\/gotouchup.com\/es\/terms-of-service\/\" \/>\n<meta property=\"og:site_name\" content=\"GoTouchUp\" \/>\n<meta property=\"article:modified_time\" content=\"2024-10-19T09:25:33+00:00\" \/>\n<meta name=\"twitter:card\" content=\"summary_large_image\" \/>\n<meta name=\"twitter:label1\" content=\"Est. reading time\" \/>\n\t<meta name=\"twitter:data1\" content=\"9 minutos\" \/>\n<script type=\"application\/ld+json\" class=\"yoast-schema-graph\">{\"@context\":\"https:\/\/schema.org\",\"@graph\":[{\"@type\":\"WebPage\",\"@id\":\"https:\/\/gotouchup.com\/terms-of-service\/\",\"url\":\"https:\/\/gotouchup.com\/terms-of-service\/\",\"name\":\"Terms of Service - GoTouchUp\",\"isPartOf\":{\"@id\":\"https:\/\/gotouchup.com\/#website\"},\"datePublished\":\"2024-10-19T09:25:32+00:00\",\"dateModified\":\"2024-10-19T09:25:33+00:00\",\"breadcrumb\":{\"@id\":\"https:\/\/gotouchup.com\/terms-of-service\/#breadcrumb\"},\"inLanguage\":\"es\",\"potentialAction\":[{\"@type\":\"ReadAction\",\"target\":[\"https:\/\/gotouchup.com\/terms-of-service\/\"]}]},{\"@type\":\"BreadcrumbList\",\"@id\":\"https:\/\/gotouchup.com\/terms-of-service\/#breadcrumb\",\"itemListElement\":[{\"@type\":\"ListItem\",\"position\":1,\"name\":\"Home\",\"item\":\"https:\/\/gotouchup.com\/\"},{\"@type\":\"ListItem\",\"position\":2,\"name\":\"Terms of Service\"}]},{\"@type\":\"WebSite\",\"@id\":\"https:\/\/gotouchup.com\/#website\",\"url\":\"https:\/\/gotouchup.com\/\",\"name\":\"GoTouchUp\",\"description\":\"Revive Your Finish with GoTouchUp\",\"publisher\":{\"@id\":\"https:\/\/gotouchup.com\/#organization\"},\"potentialAction\":[{\"@type\":\"SearchAction\",\"target\":{\"@type\":\"EntryPoint\",\"urlTemplate\":\"https:\/\/gotouchup.com\/?s={search_term_string}\"},\"query-input\":{\"@type\":\"PropertyValueSpecification\",\"valueRequired\":true,\"valueName\":\"search_term_string\"}}],\"inLanguage\":\"es\"},{\"@type\":\"Organization\",\"@id\":\"https:\/\/gotouchup.com\/#organization\",\"name\":\"GTUSTECH LLC\",\"url\":\"https:\/\/gotouchup.com\/\",\"logo\":{\"@type\":\"ImageObject\",\"inLanguage\":\"es\",\"@id\":\"https:\/\/gotouchup.com\/#\/schema\/logo\/image\/\",\"url\":\"https:\/\/gotouchup.com\/wp-content\/uploads\/2024\/10\/Asset-1@5x.png\",\"contentUrl\":\"https:\/\/gotouchup.com\/wp-content\/uploads\/2024\/10\/Asset-1@5x.png\",\"width\":1060,\"height\":246,\"caption\":\"GTUSTECH LLC\"},\"image\":{\"@id\":\"https:\/\/gotouchup.com\/#\/schema\/logo\/image\/\"}}]}<\/script>\n<!-- \/ Yoast SEO Premium plugin. -->","yoast_head_json":{"title":"Terms of Service - GoTouchUp","robots":{"index":"index","follow":"follow","max-snippet":"max-snippet:-1","max-image-preview":"max-image-preview:large","max-video-preview":"max-video-preview:-1"},"canonical":"https:\/\/gotouchup.com\/es\/terms-of-service\/","og_locale":"es_ES","og_type":"article","og_title":"Terms of Service","og_description":"Terms of Service Welcome to the website of gotouchup.com. We provides its services to you subject to the notices, terms,","og_url":"https:\/\/gotouchup.com\/es\/terms-of-service\/","og_site_name":"GoTouchUp","article_modified_time":"2024-10-19T09:25:33+00:00","twitter_card":"summary_large_image","twitter_misc":{"Est. reading time":"9 minutos"},"schema":{"@context":"https:\/\/schema.org","@graph":[{"@type":"WebPage","@id":"https:\/\/gotouchup.com\/terms-of-service\/","url":"https:\/\/gotouchup.com\/terms-of-service\/","name":"Terms of Service - GoTouchUp","isPartOf":{"@id":"https:\/\/gotouchup.com\/#website"},"datePublished":"2024-10-19T09:25:32+00:00","dateModified":"2024-10-19T09:25:33+00:00","breadcrumb":{"@id":"https:\/\/gotouchup.com\/terms-of-service\/#breadcrumb"},"inLanguage":"es","potentialAction":[{"@type":"ReadAction","target":["https:\/\/gotouchup.com\/terms-of-service\/"]}]},{"@type":"BreadcrumbList","@id":"https:\/\/gotouchup.com\/terms-of-service\/#breadcrumb","itemListElement":[{"@type":"ListItem","position":1,"name":"Home","item":"https:\/\/gotouchup.com\/"},{"@type":"ListItem","position":2,"name":"Terms of Service"}]},{"@type":"WebSite","@id":"https:\/\/gotouchup.com\/#website","url":"https:\/\/gotouchup.com\/","name":"Ir a retocar","description":"Revitalice su acabado con GoTouchUp","publisher":{"@id":"https:\/\/gotouchup.com\/#organization"},"potentialAction":[{"@type":"SearchAction","target":{"@type":"EntryPoint","urlTemplate":"https:\/\/gotouchup.com\/?s={search_term_string}"},"query-input":{"@type":"PropertyValueSpecification","valueRequired":true,"valueName":"search_term_string"}}],"inLanguage":"es"},{"@type":"Organization","@id":"https:\/\/gotouchup.com\/#organization","name":"GTUSTECH LLC","url":"https:\/\/gotouchup.com\/","logo":{"@type":"ImageObject","inLanguage":"es","@id":"https:\/\/gotouchup.com\/#\/schema\/logo\/image\/","url":"https:\/\/gotouchup.com\/wp-content\/uploads\/2024\/10\/Asset-1@5x.png","contentUrl":"https:\/\/gotouchup.com\/wp-content\/uploads\/2024\/10\/Asset-1@5x.png","width":1060,"height":246,"caption":"GTUSTECH LLC"},"image":{"@id":"https:\/\/gotouchup.com\/#\/schema\/logo\/image\/"}}]}},"_links":{"self":[{"href":"https:\/\/gotouchup.com\/es\/wp-json\/wp\/v2\/pages\/10006","targetHints":{"allow":["GET"]}}],"collection":[{"href":"https:\/\/gotouchup.com\/es\/wp-json\/wp\/v2\/pages"}],"about":[{"href":"https:\/\/gotouchup.com\/es\/wp-json\/wp\/v2\/types\/page"}],"author":[{"embeddable":true,"href":"https:\/\/gotouchup.com\/es\/wp-json\/wp\/v2\/users\/1"}],"replies":[{"embeddable":true,"href":"https:\/\/gotouchup.com\/es\/wp-json\/wp\/v2\/comments?post=10006"}],"version-history":[{"count":0,"href":"https:\/\/gotouchup.com\/es\/wp-json\/wp\/v2\/pages\/10006\/revisions"}],"wp:attachment":[{"href":"https:\/\/gotouchup.com\/es\/wp-json\/wp\/v2\/media?parent=10006"}],"curies":[{"name":"gracias","href":"https:\/\/api.w.org\/{rel}","templated":true}]}}