{"id":9958,"date":"2024-10-18T03:37:49","date_gmt":"2024-10-18T03:37:49","guid":{"rendered":"https:\/\/gotouchup.com\/?post_type=product&#038;p=9958"},"modified":"2026-04-18T12:39:03","modified_gmt":"2026-04-18T19:39:03","slug":"tile-grout-touch-up-paint-restore-grout-lines-for-a-fresh-clean-finish","status":"publish","type":"product","link":"https:\/\/gotouchup.com\/de\/product\/tile-grout-touch-up-paint-restore-grout-lines-for-a-fresh-clean-finish\/","title":{"rendered":"Farbe zum Ausbessern von Fliesenfugen \u2013 Stellen Sie die Fugenlinien wieder her, f\u00fcr ein frisches, sauberes Finish"},"content":{"rendered":"<ul>\n<li><strong>Pr\u00e4zise Fugenfarbabstimmung:<\/strong> Dieser Ausbesserungslack ist in verschiedenen Farbt\u00f6nen erh\u00e4ltlich, um perfekt zu Ihrem vorhandenen Fugenm\u00f6rtel zu passen, und verleiht jeder gefliesten Oberfl\u00e4che ein nahtloses und aufgefrischtes Aussehen.<\/li>\n<li><strong>Speziell f\u00fcr Fugenm\u00f6rtel entwickelt:<\/strong> Diese f\u00fcr Fliesenfugen entwickelte Farbe gew\u00e4hrleistet eine starke Haftung und langanhaltende Deckkraft und stellt das Erscheinungsbild der Fugen zwischen den Fliesen wieder her.<\/li>\n<li><strong>Einfache Anwendung f\u00fcr den Heimwerkergebrauch:<\/strong> Mit dem Applikator mit feiner Spitze k\u00f6nnen Sie die Farbe ganz einfach und pr\u00e4zise auf Fugen auftragen und erzielen selbst f\u00fcr Anf\u00e4nger ein sauberes, professionelles Ergebnis.<\/li>\n<li><strong>Langlebig und schmutzabweisend:<\/strong> Dieses Produkt deckt nicht nur Verf\u00e4rbungen und Schmutz ab, sondern bildet auch eine Schutzschicht, die zuk\u00fcnftige Flecken und Schmutzablagerungen verhindert und daf\u00fcr sorgt, dass die Fugen sauber aussehen.<\/li>\n<li><strong>Geeignet f\u00fcr alle gefliesten Fl\u00e4chen:<\/strong> Es eignet sich ideal f\u00fcr Badezimmer, K\u00fcchen oder andere geflieste Bereiche und funktioniert auf W\u00e4nden, B\u00f6den, Arbeitsplatten und in der Dusche. Es sorgt \u00fcberall in Ihrem Zuhause f\u00fcr ein frisches, sauberes Aussehen.<\/li>\n<\/ul>","protected":false},"excerpt":{"rendered":"<p>Precise Grout Color Matching: Available in various shades to perfectly match your existing grout, this touch-up paint provides a seamless<\/p>","protected":false},"featured_media":9975,"comment_status":"open","ping_status":"closed","template":"","meta":{"_acf_changed":false,"_monsterinsights_skip_tracking":false,"_monsterinsights_sitenote_active":false,"_monsterinsights_sitenote_note":"","_monsterinsights_sitenote_category":0},"product_brand":[],"product_cat":[81],"product_tag":[],"class_list":{"0":"post-9958","1":"product","2":"type-product","3":"status-publish","4":"has-post-thumbnail","6":"product_cat-universal-touch-up-paint","7":"tm-no-options","9":"first","10":"instock","11":"shipping-taxable","12":"purchasable","13":"product-type-variable"},"acf":[],"yoast_head":"<!-- This site is optimized with the Yoast SEO Premium plugin v25.7.1 (Yoast SEO v25.7) - https:\/\/yoast.com\/wordpress\/plugins\/seo\/ -->\n<title>Tile Grout Touch Up Paint \u2013 Restore Grout Lines for a Fresh, Clean Finish - GoTouchUp<\/title>\n<meta name=\"robots\" content=\"index, follow, max-snippet:-1, max-image-preview:large, max-video-preview:-1\" \/>\n<link rel=\"canonical\" href=\"https:\/\/gotouchup.com\/de\/product\/tile-grout-touch-up-paint-restore-grout-lines-for-a-fresh-clean-finish\/\" \/>\n<meta property=\"og:locale\" content=\"de_DE\" \/>\n<meta property=\"og:type\" content=\"article\" \/>\n<meta property=\"og:title\" content=\"Tile Grout Touch Up Paint \u2013 Restore Grout Lines for a Fresh, Clean Finish\" \/>\n<meta property=\"og:description\" content=\"Precise Grout Color Matching: Available in various shades to perfectly match your existing grout, this touch-up paint provides a seamless\" \/>\n<meta property=\"og:url\" content=\"https:\/\/gotouchup.com\/de\/product\/tile-grout-touch-up-paint-restore-grout-lines-for-a-fresh-clean-finish\/\" \/>\n<meta property=\"og:site_name\" content=\"GoTouchUp\" \/>\n<meta property=\"article:modified_time\" content=\"2026-04-18T19:39:03+00:00\" \/>\n<meta property=\"og:image\" content=\"https:\/\/gotouchup.com\/wp-content\/uploads\/2024\/10\/off-white.jpg\" \/>\n\t<meta property=\"og:image:width\" content=\"800\" \/>\n\t<meta property=\"og:image:height\" content=\"800\" \/>\n\t<meta property=\"og:image:type\" content=\"image\/jpeg\" \/>\n<meta name=\"twitter:card\" content=\"summary_large_image\" \/>\n<meta name=\"twitter:label1\" content=\"Est. reading time\" \/>\n\t<meta name=\"twitter:data1\" content=\"1 Minute\" \/>\n<script type=\"application\/ld+json\" class=\"yoast-schema-graph\">{\"@context\":\"https:\/\/schema.org\",\"@graph\":[{\"@type\":\"WebPage\",\"@id\":\"https:\/\/gotouchup.com\/product\/tile-grout-touch-up-paint-restore-grout-lines-for-a-fresh-clean-finish\/\",\"url\":\"https:\/\/gotouchup.com\/product\/tile-grout-touch-up-paint-restore-grout-lines-for-a-fresh-clean-finish\/\",\"name\":\"Tile Grout Touch Up Paint \u2013 Restore Grout Lines for a Fresh, Clean Finish - GoTouchUp\",\"isPartOf\":{\"@id\":\"https:\/\/gotouchup.com\/#website\"},\"primaryImageOfPage\":{\"@id\":\"https:\/\/gotouchup.com\/product\/tile-grout-touch-up-paint-restore-grout-lines-for-a-fresh-clean-finish\/#primaryimage\"},\"image\":{\"@id\":\"https:\/\/gotouchup.com\/product\/tile-grout-touch-up-paint-restore-grout-lines-for-a-fresh-clean-finish\/#primaryimage\"},\"thumbnailUrl\":\"https:\/\/gotouchup.com\/wp-content\/uploads\/2024\/10\/off-white.jpg\",\"datePublished\":\"2024-10-18T03:37:49+00:00\",\"dateModified\":\"2026-04-18T19:39:03+00:00\",\"breadcrumb\":{\"@id\":\"https:\/\/gotouchup.com\/product\/tile-grout-touch-up-paint-restore-grout-lines-for-a-fresh-clean-finish\/#breadcrumb\"},\"inLanguage\":\"de-DE\",\"potentialAction\":[{\"@type\":\"ReadAction\",\"target\":[\"https:\/\/gotouchup.com\/product\/tile-grout-touch-up-paint-restore-grout-lines-for-a-fresh-clean-finish\/\"]}]},{\"@type\":\"ImageObject\",\"inLanguage\":\"de-DE\",\"@id\":\"https:\/\/gotouchup.com\/product\/tile-grout-touch-up-paint-restore-grout-lines-for-a-fresh-clean-finish\/#primaryimage\",\"url\":\"https:\/\/gotouchup.com\/wp-content\/uploads\/2024\/10\/off-white.jpg\",\"contentUrl\":\"https:\/\/gotouchup.com\/wp-content\/uploads\/2024\/10\/off-white.jpg\",\"width\":800,\"height\":800},{\"@type\":\"BreadcrumbList\",\"@id\":\"https:\/\/gotouchup.com\/product\/tile-grout-touch-up-paint-restore-grout-lines-for-a-fresh-clean-finish\/#breadcrumb\",\"itemListElement\":[{\"@type\":\"ListItem\",\"position\":1,\"name\":\"Home\",\"item\":\"https:\/\/gotouchup.com\/\"},{\"@type\":\"ListItem\",\"position\":2,\"name\":\"Shop\",\"item\":\"https:\/\/gotouchup.com\/shop\/\"},{\"@type\":\"ListItem\",\"position\":3,\"name\":\"Tile Grout Touch Up Paint \u2013 Restore Grout Lines for a Fresh, Clean Finish\"}]},{\"@type\":\"WebSite\",\"@id\":\"https:\/\/gotouchup.com\/#website\",\"url\":\"https:\/\/gotouchup.com\/\",\"name\":\"GoTouchUp\",\"description\":\"Revive Your Finish with GoTouchUp\",\"publisher\":{\"@id\":\"https:\/\/gotouchup.com\/#organization\"},\"potentialAction\":[{\"@type\":\"SearchAction\",\"target\":{\"@type\":\"EntryPoint\",\"urlTemplate\":\"https:\/\/gotouchup.com\/?s={search_term_string}\"},\"query-input\":{\"@type\":\"PropertyValueSpecification\",\"valueRequired\":true,\"valueName\":\"search_term_string\"}}],\"inLanguage\":\"de-DE\"},{\"@type\":\"Organization\",\"@id\":\"https:\/\/gotouchup.com\/#organization\",\"name\":\"GTUSTECH LLC\",\"url\":\"https:\/\/gotouchup.com\/\",\"logo\":{\"@type\":\"ImageObject\",\"inLanguage\":\"de-DE\",\"@id\":\"https:\/\/gotouchup.com\/#\/schema\/logo\/image\/\",\"url\":\"https:\/\/gotouchup.com\/wp-content\/uploads\/2024\/10\/Asset-1@5x.png\",\"contentUrl\":\"https:\/\/gotouchup.com\/wp-content\/uploads\/2024\/10\/Asset-1@5x.png\",\"width\":1060,\"height\":246,\"caption\":\"GTUSTECH LLC\"},\"image\":{\"@id\":\"https:\/\/gotouchup.com\/#\/schema\/logo\/image\/\"}}]}<\/script>\n<!-- \/ Yoast SEO Premium plugin. -->","yoast_head_json":{"title":"Tile Grout Touch Up Paint \u2013 Restore Grout Lines for a Fresh, Clean Finish - GoTouchUp","robots":{"index":"index","follow":"follow","max-snippet":"max-snippet:-1","max-image-preview":"max-image-preview:large","max-video-preview":"max-video-preview:-1"},"canonical":"https:\/\/gotouchup.com\/de\/product\/tile-grout-touch-up-paint-restore-grout-lines-for-a-fresh-clean-finish\/","og_locale":"de_DE","og_type":"article","og_title":"Tile Grout Touch Up Paint \u2013 Restore Grout Lines for a Fresh, Clean Finish","og_description":"Precise Grout Color Matching: Available in various shades to perfectly match your existing grout, this touch-up paint provides a seamless","og_url":"https:\/\/gotouchup.com\/de\/product\/tile-grout-touch-up-paint-restore-grout-lines-for-a-fresh-clean-finish\/","og_site_name":"GoTouchUp","article_modified_time":"2026-04-18T19:39:03+00:00","og_image":[{"width":800,"height":800,"url":"https:\/\/gotouchup.com\/wp-content\/uploads\/2024\/10\/off-white.jpg","type":"image\/jpeg"}],"twitter_card":"summary_large_image","twitter_misc":{"Est. reading time":"1 Minute"},"schema":{"@context":"https:\/\/schema.org","@graph":[{"@type":"WebPage","@id":"https:\/\/gotouchup.com\/product\/tile-grout-touch-up-paint-restore-grout-lines-for-a-fresh-clean-finish\/","url":"https:\/\/gotouchup.com\/product\/tile-grout-touch-up-paint-restore-grout-lines-for-a-fresh-clean-finish\/","name":"Tile Grout Touch Up Paint \u2013 Restore Grout Lines for a Fresh, Clean Finish - GoTouchUp","isPartOf":{"@id":"https:\/\/gotouchup.com\/#website"},"primaryImageOfPage":{"@id":"https:\/\/gotouchup.com\/product\/tile-grout-touch-up-paint-restore-grout-lines-for-a-fresh-clean-finish\/#primaryimage"},"image":{"@id":"https:\/\/gotouchup.com\/product\/tile-grout-touch-up-paint-restore-grout-lines-for-a-fresh-clean-finish\/#primaryimage"},"thumbnailUrl":"https:\/\/gotouchup.com\/wp-content\/uploads\/2024\/10\/off-white.jpg","datePublished":"2024-10-18T03:37:49+00:00","dateModified":"2026-04-18T19:39:03+00:00","breadcrumb":{"@id":"https:\/\/gotouchup.com\/product\/tile-grout-touch-up-paint-restore-grout-lines-for-a-fresh-clean-finish\/#breadcrumb"},"inLanguage":"de-DE","potentialAction":[{"@type":"ReadAction","target":["https:\/\/gotouchup.com\/product\/tile-grout-touch-up-paint-restore-grout-lines-for-a-fresh-clean-finish\/"]}]},{"@type":"ImageObject","inLanguage":"de-DE","@id":"https:\/\/gotouchup.com\/product\/tile-grout-touch-up-paint-restore-grout-lines-for-a-fresh-clean-finish\/#primaryimage","url":"https:\/\/gotouchup.com\/wp-content\/uploads\/2024\/10\/off-white.jpg","contentUrl":"https:\/\/gotouchup.com\/wp-content\/uploads\/2024\/10\/off-white.jpg","width":800,"height":800},{"@type":"BreadcrumbList","@id":"https:\/\/gotouchup.com\/product\/tile-grout-touch-up-paint-restore-grout-lines-for-a-fresh-clean-finish\/#breadcrumb","itemListElement":[{"@type":"ListItem","position":1,"name":"Home","item":"https:\/\/gotouchup.com\/"},{"@type":"ListItem","position":2,"name":"Shop","item":"https:\/\/gotouchup.com\/shop\/"},{"@type":"ListItem","position":3,"name":"Tile Grout Touch Up Paint \u2013 Restore Grout Lines for a Fresh, Clean Finish"}]},{"@type":"WebSite","@id":"https:\/\/gotouchup.com\/#website","url":"https:\/\/gotouchup.com\/","name":"GoTouchUp","description":"Beleben Sie Ihr Finish mit GoTouchUp","publisher":{"@id":"https:\/\/gotouchup.com\/#organization"},"potentialAction":[{"@type":"SearchAction","target":{"@type":"EntryPoint","urlTemplate":"https:\/\/gotouchup.com\/?s={search_term_string}"},"query-input":{"@type":"PropertyValueSpecification","valueRequired":true,"valueName":"search_term_string"}}],"inLanguage":"de-DE"},{"@type":"Organization","@id":"https:\/\/gotouchup.com\/#organization","name":"GTUSTECH LLC","url":"https:\/\/gotouchup.com\/","logo":{"@type":"ImageObject","inLanguage":"de-DE","@id":"https:\/\/gotouchup.com\/#\/schema\/logo\/image\/","url":"https:\/\/gotouchup.com\/wp-content\/uploads\/2024\/10\/Asset-1@5x.png","contentUrl":"https:\/\/gotouchup.com\/wp-content\/uploads\/2024\/10\/Asset-1@5x.png","width":1060,"height":246,"caption":"GTUSTECH LLC"},"image":{"@id":"https:\/\/gotouchup.com\/#\/schema\/logo\/image\/"}}]}},"_links":{"self":[{"href":"https:\/\/gotouchup.com\/de\/wp-json\/wp\/v2\/product\/9958","targetHints":{"allow":["GET"]}}],"collection":[{"href":"https:\/\/gotouchup.com\/de\/wp-json\/wp\/v2\/product"}],"about":[{"href":"https:\/\/gotouchup.com\/de\/wp-json\/wp\/v2\/types\/product"}],"replies":[{"embeddable":true,"href":"https:\/\/gotouchup.com\/de\/wp-json\/wp\/v2\/comments?post=9958"}],"version-history":[{"count":0,"href":"https:\/\/gotouchup.com\/de\/wp-json\/wp\/v2\/product\/9958\/revisions"}],"wp:featuredmedia":[{"embeddable":true,"href":"https:\/\/gotouchup.com\/de\/wp-json\/wp\/v2\/media\/9975"}],"wp:attachment":[{"href":"https:\/\/gotouchup.com\/de\/wp-json\/wp\/v2\/media?parent=9958"}],"wp:term":[{"taxonomy":"product_brand","embeddable":true,"href":"https:\/\/gotouchup.com\/de\/wp-json\/wp\/v2\/product_brand?post=9958"},{"taxonomy":"product_cat","embeddable":true,"href":"https:\/\/gotouchup.com\/de\/wp-json\/wp\/v2\/product_cat?post=9958"},{"taxonomy":"product_tag","embeddable":true,"href":"https:\/\/gotouchup.com\/de\/wp-json\/wp\/v2\/product_tag?post=9958"}],"curies":[{"name":"wp","href":"https:\/\/api.w.org\/{rel}","templated":true}]}}