{"id":10426,"date":"2024-11-26T19:24:23","date_gmt":"2024-11-27T03:24:23","guid":{"rendered":"https:\/\/gotouchup.com\/?post_type=product&#038;p=10426"},"modified":"2026-03-07T21:15:44","modified_gmt":"2026-03-08T05:15:44","slug":"touch-up-paint-and-scratch-repair-kit-for-tesla-model-s","status":"publish","type":"product","link":"https:\/\/gotouchup.com\/de\/product\/touch-up-paint-and-scratch-repair-kit-for-tesla-model-s\/","title":{"rendered":"Lackausbesserungs- und Kratzerreparaturset f\u00fcr Tesla Model S"},"content":{"rendered":"<p>Das Lackausbesserungs- und Kratzerreparaturset f\u00fcr Tesla ist die ultimative L\u00f6sung zum Ausbessern kleiner Kratzer und Absplitterungen. Mit diesem Komplettset k\u00f6nnen Sie den Originallack Ihres Autos wiederherstellen und ihm m\u00fchelos ein professionelles Aussehen verleihen.<\/p>\n<p><img fetchpriority=\"high\" decoding=\"async\" class=\"alignnone wp-image-10536 size-large\" src=\"https:\/\/gotouchup.com\/wp-content\/uploads\/2024\/11\/\u786e\u8ba4\u8f66\u8eabGTU-1024x475.jpg\" alt=\"\" width=\"1024\" height=\"475\" srcset=\"https:\/\/gotouchup.com\/wp-content\/uploads\/2024\/11\/\u786e\u8ba4\u8f66\u8eabGTU-1024x475.jpg 1024w, https:\/\/gotouchup.com\/wp-content\/uploads\/2024\/11\/\u786e\u8ba4\u8f66\u8eabGTU-300x139.jpg 300w, https:\/\/gotouchup.com\/wp-content\/uploads\/2024\/11\/\u786e\u8ba4\u8f66\u8eabGTU-768x356.jpg 768w, https:\/\/gotouchup.com\/wp-content\/uploads\/2024\/11\/\u786e\u8ba4\u8f66\u8eabGTU-1536x713.jpg 1536w, https:\/\/gotouchup.com\/wp-content\/uploads\/2024\/11\/\u786e\u8ba4\u8f66\u8eabGTU-1200x557.jpg 1200w, https:\/\/gotouchup.com\/wp-content\/uploads\/2024\/11\/\u786e\u8ba4\u8f66\u8eabGTU-148x69.jpg 148w, https:\/\/gotouchup.com\/wp-content\/uploads\/2024\/11\/\u786e\u8ba4\u8f66\u8eabGTU.jpg 1940w\" sizes=\"(max-width: 1024px) 100vw, 1024px\" \/><\/p>\n<p><strong>Merkmale:<\/strong><\/p>\n<ul>\n<li><strong>Tesla-angepasste Farben<\/strong>: Gew\u00e4hrleistet eine nahtlose \u00dcbereinstimmung mit dem Werkslack von Tesla.<\/li>\n<li><strong>Komplettes Kit<\/strong>: Enth\u00e4lt Kitt-Sets, elektrisches Spritzger\u00e4t und Schleifwerkzeuge f\u00fcr eine professionelle Reparatur.<\/li>\n<li><strong>Einfache Anwendung<\/strong>: Entwickelt f\u00fcr eine m\u00fchelose Verwendung, auch f\u00fcr Anf\u00e4nger.<\/li>\n<li><strong>Langanhaltender Schutz<\/strong>: Verhindert Rost und sorgt f\u00fcr ein poliertes Aussehen.<\/li>\n<li><strong>Tragbar und praktisch<\/strong>: Kompaktes Kit, perfekt f\u00fcr schnelle Reparaturen jederzeit und \u00fcberall.<\/li>\n<\/ul>","protected":false},"excerpt":{"rendered":"<p>Das Lackausbesserungs- und Kratzerreparaturset f\u00fcr Tesla ist die ultimative L\u00f6sung zur Reparatur kleinerer Kratzer und Absplitterungen. Dieses<\/p>","protected":false},"featured_media":10468,"comment_status":"open","ping_status":"closed","template":"","meta":{"_acf_changed":false,"_monsterinsights_skip_tracking":false,"_monsterinsights_sitenote_active":false,"_monsterinsights_sitenote_note":"","_monsterinsights_sitenote_category":0},"product_brand":[],"product_cat":[123],"product_tag":[133],"class_list":{"0":"post-10426","1":"product","2":"type-product","3":"status-publish","4":"has-post-thumbnail","6":"product_cat-touch-up-paint-for-tesla","7":"product_tag-tsl","8":"tm-no-options","10":"first","11":"instock","12":"shipping-taxable","13":"purchasable","14":"product-type-variable"},"acf":[],"yoast_head":"<!-- This site is optimized with the Yoast SEO Premium plugin v25.7.1 (Yoast SEO v25.7) - https:\/\/yoast.com\/wordpress\/plugins\/seo\/ -->\n<title>Touch Up Paint and Scratch Repair Kit for Tesla Model S - GoTouchUp<\/title>\n<meta name=\"robots\" content=\"index, follow, max-snippet:-1, max-image-preview:large, max-video-preview:-1\" \/>\n<link rel=\"canonical\" href=\"https:\/\/gotouchup.com\/de\/product\/touch-up-paint-and-scratch-repair-kit-for-tesla-model-s\/\" \/>\n<meta property=\"og:locale\" content=\"de_DE\" \/>\n<meta property=\"og:type\" content=\"article\" \/>\n<meta property=\"og:title\" content=\"Touch Up Paint and Scratch Repair Kit for Tesla Model S\" \/>\n<meta property=\"og:description\" content=\"The Touch-Up Paint and Scratch Repair Kit for Tesla is the ultimate solution for fixing minor scratches and chips. This\" \/>\n<meta property=\"og:url\" content=\"https:\/\/gotouchup.com\/de\/product\/touch-up-paint-and-scratch-repair-kit-for-tesla-model-s\/\" \/>\n<meta property=\"og:site_name\" content=\"GoTouchUp\" \/>\n<meta property=\"article:modified_time\" content=\"2026-03-08T05:15:44+00:00\" \/>\n<meta property=\"og:image\" content=\"https:\/\/gotouchup.com\/wp-content\/uploads\/2024\/11\/6.-MS-MULTI-RED-PPMR-1.jpg\" \/>\n\t<meta property=\"og:image:width\" content=\"2000\" \/>\n\t<meta property=\"og:image:height\" content=\"2000\" \/>\n\t<meta property=\"og:image:type\" content=\"image\/jpeg\" \/>\n<meta name=\"twitter:card\" content=\"summary_large_image\" \/>\n<meta name=\"twitter:label1\" content=\"Est. reading time\" \/>\n\t<meta name=\"twitter:data1\" content=\"1 Minute\" \/>\n<script type=\"application\/ld+json\" class=\"yoast-schema-graph\">{\"@context\":\"https:\/\/schema.org\",\"@graph\":[{\"@type\":\"WebPage\",\"@id\":\"https:\/\/gotouchup.com\/product\/touch-up-paint-and-scratch-repair-kit-for-tesla-model-s\/\",\"url\":\"https:\/\/gotouchup.com\/product\/touch-up-paint-and-scratch-repair-kit-for-tesla-model-s\/\",\"name\":\"Touch Up Paint and Scratch Repair Kit for Tesla Model S - GoTouchUp\",\"isPartOf\":{\"@id\":\"https:\/\/gotouchup.com\/#website\"},\"primaryImageOfPage\":{\"@id\":\"https:\/\/gotouchup.com\/product\/touch-up-paint-and-scratch-repair-kit-for-tesla-model-s\/#primaryimage\"},\"image\":{\"@id\":\"https:\/\/gotouchup.com\/product\/touch-up-paint-and-scratch-repair-kit-for-tesla-model-s\/#primaryimage\"},\"thumbnailUrl\":\"https:\/\/gotouchup.com\/wp-content\/uploads\/2024\/11\/6.-MS-MULTI-RED-PPMR-1.jpg\",\"datePublished\":\"2024-11-27T03:24:23+00:00\",\"dateModified\":\"2026-03-08T05:15:44+00:00\",\"breadcrumb\":{\"@id\":\"https:\/\/gotouchup.com\/product\/touch-up-paint-and-scratch-repair-kit-for-tesla-model-s\/#breadcrumb\"},\"inLanguage\":\"de-DE\",\"potentialAction\":[{\"@type\":\"ReadAction\",\"target\":[\"https:\/\/gotouchup.com\/product\/touch-up-paint-and-scratch-repair-kit-for-tesla-model-s\/\"]}]},{\"@type\":\"ImageObject\",\"inLanguage\":\"de-DE\",\"@id\":\"https:\/\/gotouchup.com\/product\/touch-up-paint-and-scratch-repair-kit-for-tesla-model-s\/#primaryimage\",\"url\":\"https:\/\/gotouchup.com\/wp-content\/uploads\/2024\/11\/6.-MS-MULTI-RED-PPMR-1.jpg\",\"contentUrl\":\"https:\/\/gotouchup.com\/wp-content\/uploads\/2024\/11\/6.-MS-MULTI-RED-PPMR-1.jpg\",\"width\":2000,\"height\":2000},{\"@type\":\"BreadcrumbList\",\"@id\":\"https:\/\/gotouchup.com\/product\/touch-up-paint-and-scratch-repair-kit-for-tesla-model-s\/#breadcrumb\",\"itemListElement\":[{\"@type\":\"ListItem\",\"position\":1,\"name\":\"Home\",\"item\":\"https:\/\/gotouchup.com\/\"},{\"@type\":\"ListItem\",\"position\":2,\"name\":\"Shop\",\"item\":\"https:\/\/gotouchup.com\/shop\/\"},{\"@type\":\"ListItem\",\"position\":3,\"name\":\"Touch Up Paint and Scratch Repair Kit for Tesla Model S\"}]},{\"@type\":\"WebSite\",\"@id\":\"https:\/\/gotouchup.com\/#website\",\"url\":\"https:\/\/gotouchup.com\/\",\"name\":\"GoTouchUp\",\"description\":\"Revive Your Finish with GoTouchUp\",\"publisher\":{\"@id\":\"https:\/\/gotouchup.com\/#organization\"},\"potentialAction\":[{\"@type\":\"SearchAction\",\"target\":{\"@type\":\"EntryPoint\",\"urlTemplate\":\"https:\/\/gotouchup.com\/?s={search_term_string}\"},\"query-input\":{\"@type\":\"PropertyValueSpecification\",\"valueRequired\":true,\"valueName\":\"search_term_string\"}}],\"inLanguage\":\"de-DE\"},{\"@type\":\"Organization\",\"@id\":\"https:\/\/gotouchup.com\/#organization\",\"name\":\"GTUSTECH LLC\",\"url\":\"https:\/\/gotouchup.com\/\",\"logo\":{\"@type\":\"ImageObject\",\"inLanguage\":\"de-DE\",\"@id\":\"https:\/\/gotouchup.com\/#\/schema\/logo\/image\/\",\"url\":\"https:\/\/gotouchup.com\/wp-content\/uploads\/2024\/10\/Asset-1@5x.png\",\"contentUrl\":\"https:\/\/gotouchup.com\/wp-content\/uploads\/2024\/10\/Asset-1@5x.png\",\"width\":1060,\"height\":246,\"caption\":\"GTUSTECH LLC\"},\"image\":{\"@id\":\"https:\/\/gotouchup.com\/#\/schema\/logo\/image\/\"}}]}<\/script>\n<!-- \/ Yoast SEO Premium plugin. -->","yoast_head_json":{"title":"Touch Up Paint and Scratch Repair Kit for Tesla Model S - GoTouchUp","robots":{"index":"index","follow":"follow","max-snippet":"max-snippet:-1","max-image-preview":"max-image-preview:large","max-video-preview":"max-video-preview:-1"},"canonical":"https:\/\/gotouchup.com\/de\/product\/touch-up-paint-and-scratch-repair-kit-for-tesla-model-s\/","og_locale":"de_DE","og_type":"article","og_title":"Touch Up Paint and Scratch Repair Kit for Tesla Model S","og_description":"The Touch-Up Paint and Scratch Repair Kit for Tesla is the ultimate solution for fixing minor scratches and chips. This","og_url":"https:\/\/gotouchup.com\/de\/product\/touch-up-paint-and-scratch-repair-kit-for-tesla-model-s\/","og_site_name":"GoTouchUp","article_modified_time":"2026-03-08T05:15:44+00:00","og_image":[{"width":2000,"height":2000,"url":"https:\/\/gotouchup.com\/wp-content\/uploads\/2024\/11\/6.-MS-MULTI-RED-PPMR-1.jpg","type":"image\/jpeg"}],"twitter_card":"summary_large_image","twitter_misc":{"Est. reading time":"1 Minute"},"schema":{"@context":"https:\/\/schema.org","@graph":[{"@type":"WebPage","@id":"https:\/\/gotouchup.com\/product\/touch-up-paint-and-scratch-repair-kit-for-tesla-model-s\/","url":"https:\/\/gotouchup.com\/product\/touch-up-paint-and-scratch-repair-kit-for-tesla-model-s\/","name":"Touch Up Paint and Scratch Repair Kit for Tesla Model S - GoTouchUp","isPartOf":{"@id":"https:\/\/gotouchup.com\/#website"},"primaryImageOfPage":{"@id":"https:\/\/gotouchup.com\/product\/touch-up-paint-and-scratch-repair-kit-for-tesla-model-s\/#primaryimage"},"image":{"@id":"https:\/\/gotouchup.com\/product\/touch-up-paint-and-scratch-repair-kit-for-tesla-model-s\/#primaryimage"},"thumbnailUrl":"https:\/\/gotouchup.com\/wp-content\/uploads\/2024\/11\/6.-MS-MULTI-RED-PPMR-1.jpg","datePublished":"2024-11-27T03:24:23+00:00","dateModified":"2026-03-08T05:15:44+00:00","breadcrumb":{"@id":"https:\/\/gotouchup.com\/product\/touch-up-paint-and-scratch-repair-kit-for-tesla-model-s\/#breadcrumb"},"inLanguage":"de-DE","potentialAction":[{"@type":"ReadAction","target":["https:\/\/gotouchup.com\/product\/touch-up-paint-and-scratch-repair-kit-for-tesla-model-s\/"]}]},{"@type":"ImageObject","inLanguage":"de-DE","@id":"https:\/\/gotouchup.com\/product\/touch-up-paint-and-scratch-repair-kit-for-tesla-model-s\/#primaryimage","url":"https:\/\/gotouchup.com\/wp-content\/uploads\/2024\/11\/6.-MS-MULTI-RED-PPMR-1.jpg","contentUrl":"https:\/\/gotouchup.com\/wp-content\/uploads\/2024\/11\/6.-MS-MULTI-RED-PPMR-1.jpg","width":2000,"height":2000},{"@type":"BreadcrumbList","@id":"https:\/\/gotouchup.com\/product\/touch-up-paint-and-scratch-repair-kit-for-tesla-model-s\/#breadcrumb","itemListElement":[{"@type":"ListItem","position":1,"name":"Home","item":"https:\/\/gotouchup.com\/"},{"@type":"ListItem","position":2,"name":"Shop","item":"https:\/\/gotouchup.com\/shop\/"},{"@type":"ListItem","position":3,"name":"Touch Up Paint and Scratch Repair Kit for Tesla Model S"}]},{"@type":"WebSite","@id":"https:\/\/gotouchup.com\/#website","url":"https:\/\/gotouchup.com\/","name":"GoTouchUp","description":"Beleben Sie Ihr Finish mit GoTouchUp","publisher":{"@id":"https:\/\/gotouchup.com\/#organization"},"potentialAction":[{"@type":"SearchAction","target":{"@type":"EntryPoint","urlTemplate":"https:\/\/gotouchup.com\/?s={search_term_string}"},"query-input":{"@type":"PropertyValueSpecification","valueRequired":true,"valueName":"search_term_string"}}],"inLanguage":"de-DE"},{"@type":"Organization","@id":"https:\/\/gotouchup.com\/#organization","name":"GTUSTECH LLC","url":"https:\/\/gotouchup.com\/","logo":{"@type":"ImageObject","inLanguage":"de-DE","@id":"https:\/\/gotouchup.com\/#\/schema\/logo\/image\/","url":"https:\/\/gotouchup.com\/wp-content\/uploads\/2024\/10\/Asset-1@5x.png","contentUrl":"https:\/\/gotouchup.com\/wp-content\/uploads\/2024\/10\/Asset-1@5x.png","width":1060,"height":246,"caption":"GTUSTECH LLC"},"image":{"@id":"https:\/\/gotouchup.com\/#\/schema\/logo\/image\/"}}]}},"_links":{"self":[{"href":"https:\/\/gotouchup.com\/de\/wp-json\/wp\/v2\/product\/10426","targetHints":{"allow":["GET"]}}],"collection":[{"href":"https:\/\/gotouchup.com\/de\/wp-json\/wp\/v2\/product"}],"about":[{"href":"https:\/\/gotouchup.com\/de\/wp-json\/wp\/v2\/types\/product"}],"replies":[{"embeddable":true,"href":"https:\/\/gotouchup.com\/de\/wp-json\/wp\/v2\/comments?post=10426"}],"version-history":[{"count":0,"href":"https:\/\/gotouchup.com\/de\/wp-json\/wp\/v2\/product\/10426\/revisions"}],"wp:featuredmedia":[{"embeddable":true,"href":"https:\/\/gotouchup.com\/de\/wp-json\/wp\/v2\/media\/10468"}],"wp:attachment":[{"href":"https:\/\/gotouchup.com\/de\/wp-json\/wp\/v2\/media?parent=10426"}],"wp:term":[{"taxonomy":"product_brand","embeddable":true,"href":"https:\/\/gotouchup.com\/de\/wp-json\/wp\/v2\/product_brand?post=10426"},{"taxonomy":"product_cat","embeddable":true,"href":"https:\/\/gotouchup.com\/de\/wp-json\/wp\/v2\/product_cat?post=10426"},{"taxonomy":"product_tag","embeddable":true,"href":"https:\/\/gotouchup.com\/de\/wp-json\/wp\/v2\/product_tag?post=10426"}],"curies":[{"name":"wp","href":"https:\/\/api.w.org\/{rel}","templated":true}]}}