{"id":10006,"date":"2024-10-19T09:25:32","date_gmt":"2024-10-19T09:25:32","guid":{"rendered":"https:\/\/gotouchup.com\/?page_id=10006"},"modified":"2024-10-19T09:25:33","modified_gmt":"2024-10-19T09:25:33","slug":"terms-of-service","status":"publish","type":"page","link":"https:\/\/gotouchup.com\/de\/terms-of-service\/","title":{"rendered":"Servicebedingungen"},"content":{"rendered":"<h2 class=\"wp-block-heading\">Servicebedingungen<\/h2>\n\n\n\n<p>Willkommen auf der Website von gotouchup.com. Wir stellen Ihnen unsere Dienste gem\u00e4\u00df den in dieser Vereinbarung (der \u201eVereinbarung\u201c) dargelegten Hinweisen, Bedingungen und Konditionen zur Verf\u00fcgung. Wenn Sie einen Dienst von gotouchup.com nutzen (z. B. Kundenbewertungen), unterliegen Sie au\u00dferdem den f\u00fcr diese Dienste geltenden Regeln, Richtlinien, Bestimmungen und Konditionen, die durch diesen Verweis in diese Vereinbarung aufgenommen werden. Gotouchup.com beh\u00e4lt sich das Recht vor, diese Website und diese Bedingungen jederzeit zu \u00e4ndern.<br><br>Durch den Zugriff, das Durchsuchen oder die sonstige Nutzung der Website erkl\u00e4ren Sie sich mit allen Bedingungen dieser Vereinbarung einverstanden. Bitte lesen Sie diese Vereinbarung sorgf\u00e4ltig durch, bevor Sie fortfahren.<\/p>\n\n\n\n<h3 class=\"wp-block-heading\">Nutzung der Site<\/h3>\n\n\n\n<p>Sie erkl\u00e4ren und garantieren, dass Sie mindestens 18 Jahre alt sind oder die Site unter Aufsicht eines Elternteils oder Erziehungsberechtigten besuchen. Vorbehaltlich der Bedingungen dieser Vereinbarung gew\u00e4hrt Ihnen gotouchup.com hiermit eine begrenzte, widerrufliche, nicht \u00fcbertragbare und nicht exklusive Lizenz f\u00fcr den Zugriff auf und die Nutzung der Site, indem Sie diese in Ihrem Internetbrowser nur zum Zwecke des Einkaufs von pers\u00f6nlichen Artikeln anzeigen, die auf der Site verkauft werden, und nicht f\u00fcr kommerzielle Zwecke oder die Nutzung im Auftrag Dritter, es sei denn, dies wurde von gotouchup.com im Voraus ausdr\u00fccklich gestattet. Jeder Versto\u00df gegen diese Vereinbarung f\u00fchrt zum sofortigen Widerruf der in diesem Absatz gew\u00e4hrten Lizenz ohne Vorank\u00fcndigung an Sie.<br><br>Sofern im obigen Absatz nicht gestattet, d\u00fcrfen Sie diese Site oder Teile davon nicht reproduzieren, verteilen, anzeigen, verkaufen, vermieten, \u00fcbertragen, abgeleitete Werke erstellen, \u00fcbersetzen, \u00e4ndern, zur\u00fcckentwickeln, disassemblieren, dekompilieren oder anderweitig nutzen, es sei denn, gotouchup.com hat dies ausdr\u00fccklich schriftlich gestattet. Sie d\u00fcrfen die auf der Site bereitgestellten Informationen nicht kommerziell nutzen oder die Site zum Nutzen eines anderen Unternehmens verwenden, es sei denn, gotouchup.com hat dies im Voraus ausdr\u00fccklich gestattet. Gotouchup.com beh\u00e4lt sich das Recht vor, nach eigenem Ermessen Dienstleistungen zu verweigern, Konten zu schlie\u00dfen und\/oder Bestellungen zu stornieren, einschlie\u00dflich, aber nicht beschr\u00e4nkt auf den Fall, dass gotouchup.com der Ansicht ist, dass das Verhalten des Kunden gegen geltendes Recht verst\u00f6\u00dft oder den Interessen von gotouchup.com schadet.<br><br>Sie d\u00fcrfen auf diese Site keine Inhalte, Informationen oder sonstigen Materialien hochladen, verteilen oder anderweitig ver\u00f6ffentlichen, die (a) Urheberrechte, Patente, Marken, Dienstleistungsmarken, Gesch\u00e4ftsgeheimnisse oder sonstige Eigentumsrechte einer Person verletzen oder beeintr\u00e4chtigen; (b) verleumderisch, drohend, diffamierend, obsz\u00f6n, unanst\u00e4ndig oder pornographisch sind oder zu zivil- oder strafrechtlicher Haftung nach US-amerikanischem oder internationalem Recht f\u00fchren k\u00f6nnten; oder (c) Bugs, Viren, W\u00fcrmer, Hintert\u00fcren, Trojaner oder sonstige sch\u00e4dliche Codes oder Eigenschaften enthalten. Gotouchup.com kann Ihnen ein Kennwort und eine Kontokennung zuweisen, damit Sie auf bestimmte Teile dieser Site zugreifen und diese verwenden k\u00f6nnen. Jedes Mal, wenn Sie ein Kennwort oder eine Kennung verwenden, wird davon ausgegangen, dass Sie berechtigt sind, auf die Site zuzugreifen und sie in einer Weise zu verwenden, die den Bedingungen dieser Vereinbarung entspricht, und gotouchup.com ist nicht verpflichtet, die Berechtigung oder Quelle eines solchen Zugriffs oder einer solchen Verwendung der Site zu untersuchen.<br><br>Sie sind allein verantwortlich f\u00fcr den Zugriff auf diese Site und deren Nutzung durch Personen, die das Ihnen urspr\u00fcnglich zugewiesene Passwort und die Identifikation verwenden, unabh\u00e4ngig davon, ob Sie diesen Zugriff auf diese Site und deren Nutzung tats\u00e4chlich autorisiert haben, einschlie\u00dflich, aber nicht beschr\u00e4nkt auf alle Mitteilungen und \u00dcbertragungen und alle Verpflichtungen (einschlie\u00dflich, aber nicht beschr\u00e4nkt auf finanzielle Verpflichtungen), die durch diesen Zugriff oder diese Nutzung entstehen. Sie sind allein verantwortlich f\u00fcr den Schutz der Sicherheit und Vertraulichkeit des Ihnen zugewiesenen Passworts und der Identifikation. Sie m\u00fcssen gotouchup.com unverz\u00fcglich \u00fcber jede unbefugte Verwendung Ihres Passworts oder Ihrer Identifikation oder jeden anderen Versto\u00df oder drohenden Versto\u00df gegen die Sicherheit dieser Site informieren.<\/p>\n\n\n\n<h3 class=\"wp-block-heading\"><strong>Bewertungen und Kommentare<\/strong><\/h3>\n\n\n\n<p>Sofern an anderer Stelle in dieser Vereinbarung oder auf der Site nichts anderes bestimmt ist, wird alles, was Sie an die Site \u00fcbermitteln oder ver\u00f6ffentlichen und\/oder gotouchup.com bereitstellen, einschlie\u00dflich, aber nicht beschr\u00e4nkt auf Ideen, Know-how, Techniken, Fragen, Bewertungen, Kommentare und Vorschl\u00e4ge (zusammen \u201eEinreichungen\u201c), als nicht vertraulich und nicht urheberrechtlich gesch\u00fctzt behandelt. Durch die \u00dcbermittlung oder Ver\u00f6ffentlichung erkl\u00e4ren Sie sich damit einverstanden, den Eintrag und alle damit verbundenen geistigen Eigentumsrechte (ausgenommen die Urheberpers\u00f6nlichkeitsrechte wie das Urheberrecht) unwiderruflich und kostenlos an gotouchup.com zu lizenzieren. gotouchup.com hat das lizenzfreie, weltweite, unbefristete, unwiderrufliche und \u00fcbertragbare Recht, solche Einreichungen mit allen Mitteln und in allen Formen zu verwenden, zu kopieren, zu verteilen, anzuzeigen, zu ver\u00f6ffentlichen, vorzuf\u00fchren, zu verkaufen, zu vermieten, zu \u00fcbertragen, anzupassen, abgeleitete Werke daraus zu erstellen und solche Einreichungen zu \u00fcbersetzen, zu \u00e4ndern, zur\u00fcckzuentwickeln, zu zerlegen oder zu dekompilieren. Alle Einsendungen werden automatisch zum alleinigen und ausschlie\u00dflichen Eigentum von gotouchup.com und werden nicht an Sie zur\u00fcckgegeben. Sie erkl\u00e4ren sich damit einverstanden, in Zukunft keine Streitigkeiten im Zusammenhang mit der Verwendung des Eintrags durch gotouchup.com zu erheben.<br><br>Sie garantieren, dass Ihre Einsendungen ganz oder teilweise frei von jeglichen Verletzungen von geistigen Eigentumsrechten, Streitigkeiten oder Anspr\u00fcchen Dritter sind. Gotouchup.com \u00fcbernimmt keine Haftung f\u00fcr einen Missbrauch von Urheberrechten oder anderen Rechten Dritter durch Sie. Sie verpflichten sich, den Sponsor gegen alle Verluste zu verteidigen und schadlos zu halten, die durch die Verwendung der Einsendungen f\u00fcr beliebige Zwecke entstehen.<br><br>Zus\u00e4tzlich zu den Rechten, die f\u00fcr jede Einreichung gelten, gew\u00e4hren Sie gotouchup.com, wenn Sie Kommentare oder Bewertungen auf der Site ver\u00f6ffentlichen, auch das Recht, den Namen, den Sie mit einer Bewertung, einem Kommentar oder anderen Inhalten, falls vorhanden, in Verbindung mit einer solchen Bewertung, einem Kommentar oder anderen Inhalten zu verwenden. Sie erkl\u00e4ren und garantieren, dass Sie alle Rechte an den Bewertungen, Kommentaren und anderen Inhalten besitzen oder anderweitig kontrollieren, die Sie auf dieser Site ver\u00f6ffentlichen, und dass die Verwendung Ihrer Bewertungen, Kommentare oder anderen Inhalte durch gotouchup.com nicht die Rechte Dritter verletzt oder verletzt. Sie d\u00fcrfen keine falsche E-Mail-Adresse verwenden, sich f\u00fcr jemand anderen als Sie selbst ausgeben oder gotouchup.com oder Dritte in Bezug auf die Herkunft von Einreichungen oder Inhalten auf andere Weise irref\u00fchren. Gotouchup.com kann, ist jedoch nicht verpflichtet, Einreichungen (einschlie\u00dflich Kommentare oder Bewertungen) aus irgendeinem Grund zu entfernen oder zu bearbeiten.<\/p>\n\n\n\n<h3 class=\"wp-block-heading\"><strong>Copyright<\/strong><\/h3>\n\n\n\n<p>Alle Texte, Grafiken, Fotos oder andere Bilder, Schaltfl\u00e4chensymbole, Audioclips, Logos, Slogans, Handelsnamen oder Wortsoftware und andere Inhalte auf der Website von gotouchup.com (zusammen \u201eInhalte\u201c) geh\u00f6ren ausschlie\u00dflich gotouchup.com oder seinen jeweiligen Inhaltsanbietern. Sie d\u00fcrfen die Inhalte nicht ohne die vorherige ausdr\u00fcckliche schriftliche Zustimmung von gotouchup.com verwenden, reproduzieren, kopieren, \u00e4ndern, \u00fcbertragen, anzeigen, ver\u00f6ffentlichen, verkaufen, lizenzieren, \u00f6ffentlich vorf\u00fchren, verteilen oder kommerziell nutzen oder auf andere Weise \u00fcber die Inhalte verf\u00fcgen, die von gotouchup.com nicht gestattet ist. Die Verwendung von Data Mining, Robotern oder \u00e4hnlichen Tools zum Sammeln und Extrahieren von Daten auf gotouchup.com sowie die Verwendung von Marken oder Dienstleistungsmarken von gotouchup.com in Meta-Tags ist streng verboten. Sie d\u00fcrfen die Inhalte nur zu Ihrer pers\u00f6nlichen Information und zum Einkaufen und Bestellen auf der Website und zu keinem anderen Zweck anzeigen und verwenden. Die Sammlung, Anordnung und Zusammenstellung aller Inhalte auf dieser Website (die \u201eZusammenstellung\u201c) geh\u00f6rt ausschlie\u00dflich gotouchup.com. Sie d\u00fcrfen die Inhalte oder Zusammenstellungen von gotouchup.com nicht in einer Weise verwenden, die gotouchup.com herabsetzt oder diskreditiert, oder in einer Weise, die wahrscheinlich Verwirrung stiftet oder gegen geltende Gesetze oder Vorschriften verst\u00f6\u00dft. Die gesamte auf dieser Website verwendete Software (die \u201eSoftware\u201c) ist Eigentum von gotouchup.com und\/oder seinen Softwarelieferanten. Die Inhalte, die Zusammenstellung und die Software sind alle durch staatliche, nationale und internationale Urheberrechtsgesetze gesch\u00fctzt. Alle nicht ausdr\u00fccklich gew\u00e4hrten Rechte sind gotouchup.com vorbehalten. Verst\u00f6\u00dfe werden im vollen gesetzlich m\u00f6glichen Umfang geahndet.<\/p>\n\n\n\n<h2 class=\"wp-block-heading\">Nutzungsbedingungen<\/h2>\n\n\n\n<h3 class=\"wp-block-heading\">K\u00fcndigung und Wirkung der K\u00fcndigung<\/h3>\n\n\n\n<p>Zus\u00e4tzlich zu allen anderen Rechtsmitteln oder Billigkeitsrechten kann gotouchup.com die Vereinbarung ohne vorherige Mitteilung an Sie sofort k\u00fcndigen oder einige oder alle Ihrer im Rahmen dieser Vereinbarung gew\u00e4hrten Rechte widerrufen. Bei einer K\u00fcndigung dieser Vereinbarung m\u00fcssen Sie den Zugriff auf die Website und deren Nutzung sofort einstellen, und gotouchup.com muss zus\u00e4tzlich zu allen anderen Rechtsmitteln oder Billigkeitsrechten sofort alle Ihnen zugeteilten Passw\u00f6rter und Kontoidentifikationen widerrufen und Ihnen den Zugriff auf diese Website und deren Nutzung ganz oder teilweise verweigern. Eine K\u00fcndigung dieser Vereinbarung ber\u00fchrt nicht die jeweiligen Rechte und Pflichten (einschlie\u00dflich, aber nicht beschr\u00e4nkt auf Zahlungsverpflichtungen) der Parteien, die vor dem K\u00fcndigungsdatum entstanden sind.<\/p>\n\n\n\n<h3 class=\"wp-block-heading\">Auftragsannahme<\/h3>\n\n\n\n<p>Bitte beachten Sie, dass es bestimmte Bestellungen geben kann, die wir nicht annehmen k\u00f6nnen und stornieren m\u00fcssen. Gotouchup.com beh\u00e4lt sich das Recht vor, nach eigenem Ermessen Bestellungen aus beliebigem Grund abzulehnen oder zu stornieren. Einige Situationen, die zur Stornierung Ihrer Bestellung f\u00fchren k\u00f6nnen, sind Beschr\u00e4nkungen der zum Kauf verf\u00fcgbaren Mengen, Ungenauigkeiten oder Fehler in Produkt- oder Preisinformationen oder Probleme, die von unserer Kredit- und Betrugspr\u00e4ventionsabteilung festgestellt wurden. Wir k\u00f6nnen auch zus\u00e4tzliche \u00dcberpr\u00fcfungen oder Informationen verlangen, bevor wir eine Bestellung annehmen. Wir werden Sie kontaktieren, wenn Ihre Bestellung ganz oder teilweise storniert wird oder wenn zus\u00e4tzliche Informationen erforderlich sind, um Ihre Bestellung anzunehmen.<\/p>\n\n\n\n<h3 class=\"wp-block-heading\">Tippfehler<\/h3>\n\n\n\n<p>Obwohl gotouchup.com bestrebt ist, genaue Produkt- und Preisinformationen bereitzustellen, k\u00f6nnen Preis- oder Tippfehler auftreten. Gotouchup.com kann den Preis eines Artikels erst nach Ihrer Bestellung best\u00e4tigen. F\u00fcr den Fall, dass ein Artikel aufgrund eines Fehlers bei der Preis- oder Produktinformation zu einem falschen Preis oder mit falschen Informationen aufgef\u00fchrt ist, hat gotouchup.com das Recht, nach eigenem Ermessen alle f\u00fcr diesen Artikel aufgegebenen Bestellungen abzulehnen oder zu stornieren. F\u00fcr den Fall, dass ein Artikel falsch ausgezeichnet ist, kann gotouchup.com nach eigenem Ermessen entweder Kontakt mit Ihnen aufnehmen, um Anweisungen einzuholen, oder Ihre Bestellung stornieren und Sie \u00fcber diese Stornierung informieren.<\/p>\n\n\n\n<h3 class=\"wp-block-heading\">Heilmittel<\/h3>\n\n\n\n<p>Sie erkl\u00e4ren sich damit einverstanden, dass die Rechtsmittel von gotouchup.com im Falle eines tats\u00e4chlichen oder angedrohten Versto\u00dfes gegen diese Vereinbarung unzureichend w\u00e4ren und dass gotouchup.com Anspruch auf Erf\u00fcllung oder Unterlassung oder beides hat, zus\u00e4tzlich zu allen Sch\u00e4den, auf deren Erstattung gotouchup.com gesetzlich Anspruch hat, zuz\u00fcglich der angemessenen Kosten f\u00fcr jede Form der Streitbeilegung, einschlie\u00dflich, aber nicht beschr\u00e4nkt auf Anwaltsgeb\u00fchren.<br><br>Kein Recht oder Rechtsbehelf von gotouchup.com schlie\u00dft andere aus, weder gesetzlich noch nach Billigkeitsrecht, einschlie\u00dflich, aber nicht beschr\u00e4nkt auf Schadensersatz, Unterlassungsanspr\u00fcche sowie Anwaltsgeb\u00fchren und -kosten.<br><br>Ein Verzicht von gotouchup.com auf seine Rechte oder Rechtsmittel gem\u00e4\u00df diesen Gesch\u00e4ftsbedingungen stellt keine Verpflichtung dar, einen \u00e4hnlichen, zuk\u00fcnftigen oder anderen Verzicht zu gew\u00e4hren.<\/p>\n\n\n\n<p>Diese Servicebedingungen und alle separaten Vereinbarungen, die wir Ihnen zur Verf\u00fcgung stellen, unterliegen den Gesetzen der Vereinigten Staaten und werden in \u00dcbereinstimmung mit diesen ausgelegt.<\/p>","protected":false},"excerpt":{"rendered":"<p>Nutzungsbedingungen Willkommen auf der Website von gotouchup.com. Wir bieten Ihnen unsere Dienste gem\u00e4\u00df den hier aufgef\u00fchrten Hinweisen und Bedingungen an.<\/p>","protected":false},"author":1,"featured_media":0,"parent":0,"menu_order":0,"comment_status":"closed","ping_status":"closed","template":"","meta":{"_acf_changed":false,"_monsterinsights_skip_tracking":false,"_monsterinsights_sitenote_active":false,"_monsterinsights_sitenote_note":"","_monsterinsights_sitenote_category":0,"footnotes":""},"class_list":["post-10006","page","type-page","status-publish","hentry"],"acf":[],"yoast_head":"<!-- This site is optimized with the Yoast SEO Premium plugin v25.7.1 (Yoast SEO v25.7) - https:\/\/yoast.com\/wordpress\/plugins\/seo\/ -->\n<title>Terms of Service - GoTouchUp<\/title>\n<meta name=\"robots\" content=\"index, follow, max-snippet:-1, max-image-preview:large, max-video-preview:-1\" \/>\n<link rel=\"canonical\" href=\"https:\/\/gotouchup.com\/de\/terms-of-service\/\" \/>\n<meta property=\"og:locale\" content=\"de_DE\" \/>\n<meta property=\"og:type\" content=\"article\" \/>\n<meta property=\"og:title\" content=\"Terms of Service\" \/>\n<meta property=\"og:description\" content=\"Terms of Service Welcome to the website of gotouchup.com. We provides its services to you subject to the notices, terms,\" \/>\n<meta property=\"og:url\" content=\"https:\/\/gotouchup.com\/de\/terms-of-service\/\" \/>\n<meta property=\"og:site_name\" content=\"GoTouchUp\" \/>\n<meta property=\"article:modified_time\" content=\"2024-10-19T09:25:33+00:00\" \/>\n<meta name=\"twitter:card\" content=\"summary_large_image\" \/>\n<meta name=\"twitter:label1\" content=\"Est. reading time\" \/>\n\t<meta name=\"twitter:data1\" content=\"9 Minuten\" \/>\n<script type=\"application\/ld+json\" class=\"yoast-schema-graph\">{\"@context\":\"https:\/\/schema.org\",\"@graph\":[{\"@type\":\"WebPage\",\"@id\":\"https:\/\/gotouchup.com\/terms-of-service\/\",\"url\":\"https:\/\/gotouchup.com\/terms-of-service\/\",\"name\":\"Terms of Service - GoTouchUp\",\"isPartOf\":{\"@id\":\"https:\/\/gotouchup.com\/#website\"},\"datePublished\":\"2024-10-19T09:25:32+00:00\",\"dateModified\":\"2024-10-19T09:25:33+00:00\",\"breadcrumb\":{\"@id\":\"https:\/\/gotouchup.com\/terms-of-service\/#breadcrumb\"},\"inLanguage\":\"de-DE\",\"potentialAction\":[{\"@type\":\"ReadAction\",\"target\":[\"https:\/\/gotouchup.com\/terms-of-service\/\"]}]},{\"@type\":\"BreadcrumbList\",\"@id\":\"https:\/\/gotouchup.com\/terms-of-service\/#breadcrumb\",\"itemListElement\":[{\"@type\":\"ListItem\",\"position\":1,\"name\":\"Home\",\"item\":\"https:\/\/gotouchup.com\/\"},{\"@type\":\"ListItem\",\"position\":2,\"name\":\"Terms of Service\"}]},{\"@type\":\"WebSite\",\"@id\":\"https:\/\/gotouchup.com\/#website\",\"url\":\"https:\/\/gotouchup.com\/\",\"name\":\"GoTouchUp\",\"description\":\"Revive Your Finish with GoTouchUp\",\"publisher\":{\"@id\":\"https:\/\/gotouchup.com\/#organization\"},\"potentialAction\":[{\"@type\":\"SearchAction\",\"target\":{\"@type\":\"EntryPoint\",\"urlTemplate\":\"https:\/\/gotouchup.com\/?s={search_term_string}\"},\"query-input\":{\"@type\":\"PropertyValueSpecification\",\"valueRequired\":true,\"valueName\":\"search_term_string\"}}],\"inLanguage\":\"de-DE\"},{\"@type\":\"Organization\",\"@id\":\"https:\/\/gotouchup.com\/#organization\",\"name\":\"GTUSTECH LLC\",\"url\":\"https:\/\/gotouchup.com\/\",\"logo\":{\"@type\":\"ImageObject\",\"inLanguage\":\"de-DE\",\"@id\":\"https:\/\/gotouchup.com\/#\/schema\/logo\/image\/\",\"url\":\"https:\/\/gotouchup.com\/wp-content\/uploads\/2024\/10\/Asset-1@5x.png\",\"contentUrl\":\"https:\/\/gotouchup.com\/wp-content\/uploads\/2024\/10\/Asset-1@5x.png\",\"width\":1060,\"height\":246,\"caption\":\"GTUSTECH LLC\"},\"image\":{\"@id\":\"https:\/\/gotouchup.com\/#\/schema\/logo\/image\/\"}}]}<\/script>\n<!-- \/ Yoast SEO Premium plugin. -->","yoast_head_json":{"title":"Nutzungsbedingungen - GoTouchUp","robots":{"index":"index","follow":"follow","max-snippet":"max-snippet:-1","max-image-preview":"max-image-preview:large","max-video-preview":"max-video-preview:-1"},"canonical":"https:\/\/gotouchup.com\/de\/terms-of-service\/","og_locale":"de_DE","og_type":"article","og_title":"Terms of Service","og_description":"Terms of Service Welcome to the website of gotouchup.com. We provides its services to you subject to the notices, terms,","og_url":"https:\/\/gotouchup.com\/de\/terms-of-service\/","og_site_name":"GoTouchUp","article_modified_time":"2024-10-19T09:25:33+00:00","twitter_card":"summary_large_image","twitter_misc":{"Est. reading time":"9 Minuten"},"schema":{"@context":"https:\/\/schema.org","@graph":[{"@type":"WebPage","@id":"https:\/\/gotouchup.com\/terms-of-service\/","url":"https:\/\/gotouchup.com\/terms-of-service\/","name":"Nutzungsbedingungen - GoTouchUp","isPartOf":{"@id":"https:\/\/gotouchup.com\/#website"},"datePublished":"2024-10-19T09:25:32+00:00","dateModified":"2024-10-19T09:25:33+00:00","breadcrumb":{"@id":"https:\/\/gotouchup.com\/terms-of-service\/#breadcrumb"},"inLanguage":"de-DE","potentialAction":[{"@type":"ReadAction","target":["https:\/\/gotouchup.com\/terms-of-service\/"]}]},{"@type":"BreadcrumbList","@id":"https:\/\/gotouchup.com\/terms-of-service\/#breadcrumb","itemListElement":[{"@type":"ListItem","position":1,"name":"Home","item":"https:\/\/gotouchup.com\/"},{"@type":"ListItem","position":2,"name":"Terms of Service"}]},{"@type":"WebSite","@id":"https:\/\/gotouchup.com\/#website","url":"https:\/\/gotouchup.com\/","name":"GoTouchUp","description":"Beleben Sie Ihr Finish mit GoTouchUp","publisher":{"@id":"https:\/\/gotouchup.com\/#organization"},"potentialAction":[{"@type":"SearchAction","target":{"@type":"EntryPoint","urlTemplate":"https:\/\/gotouchup.com\/?s={search_term_string}"},"query-input":{"@type":"PropertyValueSpecification","valueRequired":true,"valueName":"search_term_string"}}],"inLanguage":"de-DE"},{"@type":"Organization","@id":"https:\/\/gotouchup.com\/#organization","name":"GTUSTECH LLC","url":"https:\/\/gotouchup.com\/","logo":{"@type":"ImageObject","inLanguage":"de-DE","@id":"https:\/\/gotouchup.com\/#\/schema\/logo\/image\/","url":"https:\/\/gotouchup.com\/wp-content\/uploads\/2024\/10\/Asset-1@5x.png","contentUrl":"https:\/\/gotouchup.com\/wp-content\/uploads\/2024\/10\/Asset-1@5x.png","width":1060,"height":246,"caption":"GTUSTECH LLC"},"image":{"@id":"https:\/\/gotouchup.com\/#\/schema\/logo\/image\/"}}]}},"_links":{"self":[{"href":"https:\/\/gotouchup.com\/de\/wp-json\/wp\/v2\/pages\/10006","targetHints":{"allow":["GET"]}}],"collection":[{"href":"https:\/\/gotouchup.com\/de\/wp-json\/wp\/v2\/pages"}],"about":[{"href":"https:\/\/gotouchup.com\/de\/wp-json\/wp\/v2\/types\/page"}],"author":[{"embeddable":true,"href":"https:\/\/gotouchup.com\/de\/wp-json\/wp\/v2\/users\/1"}],"replies":[{"embeddable":true,"href":"https:\/\/gotouchup.com\/de\/wp-json\/wp\/v2\/comments?post=10006"}],"version-history":[{"count":0,"href":"https:\/\/gotouchup.com\/de\/wp-json\/wp\/v2\/pages\/10006\/revisions"}],"wp:attachment":[{"href":"https:\/\/gotouchup.com\/de\/wp-json\/wp\/v2\/media?parent=10006"}],"curies":[{"name":"wp","href":"https:\/\/api.w.org\/{rel}","templated":true}]}}