{"id":10003,"date":"2024-10-19T08:52:35","date_gmt":"2024-10-19T08:52:35","guid":{"rendered":"https:\/\/gotouchup.com\/?page_id=10003"},"modified":"2024-10-19T08:53:35","modified_gmt":"2024-10-19T08:53:35","slug":"shipping-policy","status":"publish","type":"page","link":"https:\/\/gotouchup.com\/de\/shipping-policy\/","title":{"rendered":"Versandbedingungen"},"content":{"rendered":"<h3 class=\"wp-block-heading\">Versandbedingungen<\/h3>\n\n\n\n<p>Die Lieferzeit h\u00e4ngt vom Produkt ab.<\/p>\n\n\n\n<p>Kostenloser Versand f\u00fcr alle Bestellungen&nbsp;<strong>$59+&nbsp;<\/strong>weltweit!&nbsp;<\/p>\n\n\n\n<p>F\u00fcr alle Bestellungen unter $59 betr\u00e4gt die Versandgeb\u00fchr $5,99.<\/p>\n\n\n\n<h3 class=\"wp-block-heading\"><strong>Lieferzeiten<\/strong><\/h3>\n\n\n\n<figure class=\"wp-block-table\"><table class=\"has-fixed-layout\"><tbody><tr><td>Produkttyp<\/td><td>Bearbeitungszeit<\/td><td>Lieferdauer<\/td><\/tr><tr><td>Standardprodukt<\/td><td>1-2 Kalendertage<\/td><td>3-7 Kalendertage<\/td><\/tr><\/tbody><\/table><\/figure>\n\n\n\n<p>Wir bem\u00fchen uns, Ihr Paket so schnell wie m\u00f6glich auszuliefern. Aufgrund ung\u00fcltiger Adressen und Zollabfertigungsproblemen kann es jedoch zu l\u00e4ngeren Lieferzeiten kommen.<\/p>\n\n\n\n<p>Wir kooperieren mit vielen Expressunternehmen wie DHL, EMS, FedEx, HK Post und UPS. Wir w\u00e4hlen f\u00fcr Ihr Land das f\u00fcr Sie am besten geeignete Transportmittel aus.<\/p>\n\n\n\n<h3 class=\"wp-block-heading\"><strong>Ausgeschlossen vom Versand:<\/strong><\/h3>\n\n\n\n<p>Bitte beachten Sie, dass Postfachadressen verf\u00fcgbar sind (<strong>ausgenommen APO\/FPO\/DPO Adresse<\/strong>). Bitte geben Sie beim Bezahlvorgang eine Wohn- oder Gesch\u00e4ftsadresse ein.<\/p>\n\n\n\n<h3 class=\"wp-block-heading\">Wer tr\u00e4gt die Z\u00f6lle\/Steuern?<\/h3>\n\n\n\n<p>Jedes Land hat seine eigenen Zollbestimmungen und -richtlinien. Bitte wenden Sie sich f\u00fcr weitere Informationen an den \u00f6rtlichen Zoll. Wenn in seltenen F\u00e4llen Einfuhrz\u00f6lle oder Steuern erhoben werden, ist der Kunde f\u00fcr deren Zahlung verantwortlich.<\/p>\n\n\n\n<h3 class=\"wp-block-heading\"><strong>Was passiert, wenn ich meine Bestellung nie erhalten habe?<\/strong><\/h3>\n\n\n\n<p>Gelegentlich kann es vorkommen, dass Pakete auf dem Transportweg verloren gehen, an eine falsche Adresse geliefert werden, in mehreren Paketen ankommen oder bei Ihnen zu Hause an einem anderen Ort abgelegt werden.<br><br>Wenn der voraussichtliche Liefertermin Ihrer Bestellung \u00fcberschritten ist oder diese als geliefert markiert wurde, aber nicht gefunden werden kann, wenden Sie sich bitte an den Kundendienst. Kontaktieren Sie uns:<strong>&nbsp;support@gotouchup.com<\/strong><\/p>\n\n\n\n<h4 class=\"wp-block-heading\">Was tun bei Versp\u00e4tung?<\/h4>\n\n\n\n<p>Es ist durchaus m\u00f6glich, dass sich Ihr Paket aufgrund von Wetter oder anderen Faktoren h\u00f6herer Gewalt verz\u00f6gert. Wenn die Verz\u00f6gerung Ihre Nutzung beeintr\u00e4chtigt, kontaktieren Sie bitte unseren Kundendienst \u00fcber&nbsp;<strong>support@gotouchup.com<\/strong>&nbsp;auf Entsch\u00e4digung.<\/p>","protected":false},"excerpt":{"rendered":"<p>Versandrichtlinien Die Lieferzeit ist produktabh\u00e4ngig. Kostenloser Versand weltweit f\u00fcr alle Bestellungen ab $59! F\u00fcr alle Bestellungen unter $59 fallen Versandkosten an.<\/p>","protected":false},"author":1,"featured_media":0,"parent":0,"menu_order":0,"comment_status":"closed","ping_status":"closed","template":"","meta":{"_acf_changed":false,"_monsterinsights_skip_tracking":false,"_monsterinsights_sitenote_active":false,"_monsterinsights_sitenote_note":"","_monsterinsights_sitenote_category":0,"footnotes":""},"class_list":["post-10003","page","type-page","status-publish","hentry"],"acf":[],"yoast_head":"<!-- This site is optimized with the Yoast SEO Premium plugin v25.7.1 (Yoast SEO v25.7) - https:\/\/yoast.com\/wordpress\/plugins\/seo\/ -->\n<title>Shipping Policy - GoTouchUp<\/title>\n<meta name=\"robots\" content=\"index, follow, max-snippet:-1, max-image-preview:large, max-video-preview:-1\" \/>\n<link rel=\"canonical\" href=\"https:\/\/gotouchup.com\/de\/shipping-policy\/\" \/>\n<meta property=\"og:locale\" content=\"de_DE\" \/>\n<meta property=\"og:type\" content=\"article\" \/>\n<meta property=\"og:title\" content=\"Shipping Policy\" \/>\n<meta property=\"og:description\" content=\"Shipping policy Shipping time depends on the product. Free shipping on all orders&nbsp;$59+&nbsp;worldwide!&nbsp; For all orders under $59, the shipping\" \/>\n<meta property=\"og:url\" content=\"https:\/\/gotouchup.com\/de\/shipping-policy\/\" \/>\n<meta property=\"og:site_name\" content=\"GoTouchUp\" \/>\n<meta property=\"article:modified_time\" content=\"2024-10-19T08:53:35+00:00\" \/>\n<meta name=\"twitter:card\" content=\"summary_large_image\" \/>\n<meta name=\"twitter:label1\" content=\"Est. reading time\" \/>\n\t<meta name=\"twitter:data1\" content=\"1 Minute\" \/>\n<script type=\"application\/ld+json\" class=\"yoast-schema-graph\">{\"@context\":\"https:\/\/schema.org\",\"@graph\":[{\"@type\":\"WebPage\",\"@id\":\"https:\/\/gotouchup.com\/shipping-policy\/\",\"url\":\"https:\/\/gotouchup.com\/shipping-policy\/\",\"name\":\"Shipping Policy - GoTouchUp\",\"isPartOf\":{\"@id\":\"https:\/\/gotouchup.com\/#website\"},\"datePublished\":\"2024-10-19T08:52:35+00:00\",\"dateModified\":\"2024-10-19T08:53:35+00:00\",\"breadcrumb\":{\"@id\":\"https:\/\/gotouchup.com\/shipping-policy\/#breadcrumb\"},\"inLanguage\":\"de-DE\",\"potentialAction\":[{\"@type\":\"ReadAction\",\"target\":[\"https:\/\/gotouchup.com\/shipping-policy\/\"]}]},{\"@type\":\"BreadcrumbList\",\"@id\":\"https:\/\/gotouchup.com\/shipping-policy\/#breadcrumb\",\"itemListElement\":[{\"@type\":\"ListItem\",\"position\":1,\"name\":\"Home\",\"item\":\"https:\/\/gotouchup.com\/\"},{\"@type\":\"ListItem\",\"position\":2,\"name\":\"Shipping Policy\"}]},{\"@type\":\"WebSite\",\"@id\":\"https:\/\/gotouchup.com\/#website\",\"url\":\"https:\/\/gotouchup.com\/\",\"name\":\"GoTouchUp\",\"description\":\"Revive Your Finish with GoTouchUp\",\"publisher\":{\"@id\":\"https:\/\/gotouchup.com\/#organization\"},\"potentialAction\":[{\"@type\":\"SearchAction\",\"target\":{\"@type\":\"EntryPoint\",\"urlTemplate\":\"https:\/\/gotouchup.com\/?s={search_term_string}\"},\"query-input\":{\"@type\":\"PropertyValueSpecification\",\"valueRequired\":true,\"valueName\":\"search_term_string\"}}],\"inLanguage\":\"de-DE\"},{\"@type\":\"Organization\",\"@id\":\"https:\/\/gotouchup.com\/#organization\",\"name\":\"GTUSTECH LLC\",\"url\":\"https:\/\/gotouchup.com\/\",\"logo\":{\"@type\":\"ImageObject\",\"inLanguage\":\"de-DE\",\"@id\":\"https:\/\/gotouchup.com\/#\/schema\/logo\/image\/\",\"url\":\"https:\/\/gotouchup.com\/wp-content\/uploads\/2024\/10\/Asset-1@5x.png\",\"contentUrl\":\"https:\/\/gotouchup.com\/wp-content\/uploads\/2024\/10\/Asset-1@5x.png\",\"width\":1060,\"height\":246,\"caption\":\"GTUSTECH LLC\"},\"image\":{\"@id\":\"https:\/\/gotouchup.com\/#\/schema\/logo\/image\/\"}}]}<\/script>\n<!-- \/ Yoast SEO Premium plugin. -->","yoast_head_json":{"title":"Versandrichtlinien - GoTouchUp","robots":{"index":"index","follow":"follow","max-snippet":"max-snippet:-1","max-image-preview":"max-image-preview:large","max-video-preview":"max-video-preview:-1"},"canonical":"https:\/\/gotouchup.com\/de\/shipping-policy\/","og_locale":"de_DE","og_type":"article","og_title":"Shipping Policy","og_description":"Shipping policy Shipping time depends on the product. Free shipping on all orders&nbsp;$59+&nbsp;worldwide!&nbsp; For all orders under $59, the shipping","og_url":"https:\/\/gotouchup.com\/de\/shipping-policy\/","og_site_name":"GoTouchUp","article_modified_time":"2024-10-19T08:53:35+00:00","twitter_card":"summary_large_image","twitter_misc":{"Est. reading time":"1 Minute"},"schema":{"@context":"https:\/\/schema.org","@graph":[{"@type":"WebPage","@id":"https:\/\/gotouchup.com\/shipping-policy\/","url":"https:\/\/gotouchup.com\/shipping-policy\/","name":"Versandrichtlinien - GoTouchUp","isPartOf":{"@id":"https:\/\/gotouchup.com\/#website"},"datePublished":"2024-10-19T08:52:35+00:00","dateModified":"2024-10-19T08:53:35+00:00","breadcrumb":{"@id":"https:\/\/gotouchup.com\/shipping-policy\/#breadcrumb"},"inLanguage":"de-DE","potentialAction":[{"@type":"ReadAction","target":["https:\/\/gotouchup.com\/shipping-policy\/"]}]},{"@type":"BreadcrumbList","@id":"https:\/\/gotouchup.com\/shipping-policy\/#breadcrumb","itemListElement":[{"@type":"ListItem","position":1,"name":"Home","item":"https:\/\/gotouchup.com\/"},{"@type":"ListItem","position":2,"name":"Shipping Policy"}]},{"@type":"WebSite","@id":"https:\/\/gotouchup.com\/#website","url":"https:\/\/gotouchup.com\/","name":"GoTouchUp","description":"Beleben Sie Ihr Finish mit GoTouchUp","publisher":{"@id":"https:\/\/gotouchup.com\/#organization"},"potentialAction":[{"@type":"SearchAction","target":{"@type":"EntryPoint","urlTemplate":"https:\/\/gotouchup.com\/?s={search_term_string}"},"query-input":{"@type":"PropertyValueSpecification","valueRequired":true,"valueName":"search_term_string"}}],"inLanguage":"de-DE"},{"@type":"Organization","@id":"https:\/\/gotouchup.com\/#organization","name":"GTUSTECH LLC","url":"https:\/\/gotouchup.com\/","logo":{"@type":"ImageObject","inLanguage":"de-DE","@id":"https:\/\/gotouchup.com\/#\/schema\/logo\/image\/","url":"https:\/\/gotouchup.com\/wp-content\/uploads\/2024\/10\/Asset-1@5x.png","contentUrl":"https:\/\/gotouchup.com\/wp-content\/uploads\/2024\/10\/Asset-1@5x.png","width":1060,"height":246,"caption":"GTUSTECH LLC"},"image":{"@id":"https:\/\/gotouchup.com\/#\/schema\/logo\/image\/"}}]}},"_links":{"self":[{"href":"https:\/\/gotouchup.com\/de\/wp-json\/wp\/v2\/pages\/10003","targetHints":{"allow":["GET"]}}],"collection":[{"href":"https:\/\/gotouchup.com\/de\/wp-json\/wp\/v2\/pages"}],"about":[{"href":"https:\/\/gotouchup.com\/de\/wp-json\/wp\/v2\/types\/page"}],"author":[{"embeddable":true,"href":"https:\/\/gotouchup.com\/de\/wp-json\/wp\/v2\/users\/1"}],"replies":[{"embeddable":true,"href":"https:\/\/gotouchup.com\/de\/wp-json\/wp\/v2\/comments?post=10003"}],"version-history":[{"count":0,"href":"https:\/\/gotouchup.com\/de\/wp-json\/wp\/v2\/pages\/10003\/revisions"}],"wp:attachment":[{"href":"https:\/\/gotouchup.com\/de\/wp-json\/wp\/v2\/media?parent=10003"}],"curies":[{"name":"wp","href":"https:\/\/api.w.org\/{rel}","templated":true}]}}