{"id":19016,"date":"2025-06-25T23:51:29","date_gmt":"2025-06-26T06:51:29","guid":{"rendered":"https:\/\/gotouchup.com\/?post_type=product&#038;p=19016"},"modified":"2025-06-29T21:24:49","modified_gmt":"2025-06-30T04:24:49","slug":"touch-up-paint-and-scratch-repair-kit-for-infiniti-q60","status":"publish","type":"product","link":"https:\/\/gotouchup.com\/da\/product\/touch-up-paint-and-scratch-repair-kit-for-infiniti-q60\/","title":{"rendered":"Reparationss\u00e6t til lakering og ridsereparation til Infiniti Q60"},"content":{"rendered":"<p><strong>The Touch-Up Paint and Scratch Repair Kit for Infiniti Q60 is the ultimate solution for fixing minor scratches and chips. This all-in-one kit restores your vehicle\u2018s original finish with precisely matched factory colors, delivering a seamless repair. Designed for super-easy, low-cost application, it gives your Q60 a professional look with minimal effort\u2014no experience required.<\/strong><\/p>\n<p><strong>Funktioner:<\/strong><\/p>\n<ul>\n<li><strong>Perfekt farvematch:<\/strong> Specifically formulated for the Infiniti Q60, our touch-up paint delivers a precise match to the original factory color, ensuring smooth, seamless repairs with a professional finish. Forget mismatched tones\u2014your Infiniti Q60 will look flawless again.<\/li>\n<li><strong>Nem at bruge:<\/strong> Det har aldrig v\u00e6ret nemmere at reparere ridser. Du skal blot reng\u00f8re det ber\u00f8rte omr\u00e5de, p\u00e5f\u00f8re reparationsmalingen med den medf\u00f8lgende pensel, og lade det t\u00f8rre naturligt \u2013 det kr\u00e6ver intet specialv\u00e6rkt\u00f8j eller specialf\u00e6rdigheder. Med blot et par enkle trin vil dit k\u00f8ret\u00f8j genvinde sit oprindelige udseende, hvilket sparer dig tid og dyre ture til v\u00e6rkstedet.<\/li>\n<li><strong>Udformet til langvarig holdbarhed:<\/strong> Vores touch-up maling er fremstillet med f\u00f8rsteklasses metalliske pigmenter og er udviklet til at modst\u00e5 ekstreme temperaturer og barske forhold \u2013 uanset om det er intens varme, iskold kulde eller h\u00f8jtryksvask af biler. Dens falmebestandige og sk\u00e5rnebestandige formel sikrer en st\u00e6rk binding, der ikke skaller af eller skaller af, hvilket holder din bils finish frisk og fejlfri i mange \u00e5r fremover.<\/li>\n<li><strong>Lang holdbarhed og genanvendelig:<\/strong> Takket v\u00e6re vores patenterede maling- og flasketeknologi forbliver hvert s\u00e6t friskt og effektivt i op til 3 \u00e5r. Uanset om det er din f\u00f8rste skramme eller en fremtidig, kan du genbruge det samme s\u00e6t uden at bekymre dig om udt\u00f8rring eller tab af kvalitet \u2013 du beh\u00f8ver ikke at k\u00f8be det igen hver gang.<\/li>\n<li><strong>Flere s\u00e6tmuligheder:<\/strong> Vi tilbyder en r\u00e6kke reparationss\u00e6t, der er skr\u00e6ddersyet til forskellige grader af skader. Ved lette overfladeridser leverer vores pr\u00e6cisions-touch-up pen hurtig og pr\u00e6cis reparation. Ved dybere m\u00e6rker kan et spartels\u00e6t hj\u00e6lpe med at udfylde omr\u00e5det for at forbedre reparationsresultaterne. Og ved st\u00f8rre eller mere synlige ridser sikrer vores elektriske spr\u00f8jtesystem en j\u00e6vn, professionel d\u00e6kning.<\/li>\n<\/ul>\n<p><strong>S\u00e5dan finder du din bils lakkode:<\/strong><\/p>\n<ul>\n<li>Din bils lakkode er normalt placeret p\u00e5 en producentm\u00e6rkat et sted p\u00e5 k\u00f8ret\u00f8jet. Den n\u00f8jagtige placering kan dog variere afh\u00e6ngigt af m\u00e6rke og model. Se billedet nedenfor for vejledning.<\/li>\n<\/ul>\n<p><img decoding=\"async\" src=\"https:\/\/gotouchup.com\/wp-content\/uploads\/products-image\/Infiniti\/General\/color_code_pos.webp\" width=\"700\" \/><\/p>\n<p><strong>Brugsanvisning:<\/strong><\/p>\n<ul>\n<li>Touch Up Paint<\/li>\n<\/ul>\n<p><img decoding=\"async\" src=\"https:\/\/gotouchup.com\/wp-content\/uploads\/products-image\/Infiniti\/General\/instructions_1.webp\" width=\"700\" \/><\/p>\n<ul>\n<li>Reng\u00f8ringss\u00e6t til maling og spartelmasse<\/li>\n<\/ul>\n<p><img decoding=\"async\" src=\"https:\/\/gotouchup.com\/wp-content\/uploads\/products-image\/Infiniti\/General\/instructions_2.webp\" width=\"700\" \/><\/p>\n<ul>\n<li>Touch Up maling og elektrisk spr\u00f8jte<\/li>\n<\/ul>\n<p><img decoding=\"async\" src=\"https:\/\/gotouchup.com\/wp-content\/uploads\/products-image\/Infiniti\/General\/instructions_3.webp\" width=\"700\" \/><\/p>\n<p><strong>Note:<\/strong><\/p>\n<ul>\n<li>F\u00f8r brug skal du kontrollere farvekoden p\u00e5 flasken for at sikre, at den matcher dit k\u00f8ret\u00f8js farvekode.<\/li>\n<li>Ryst touch-up pennen kraftigt i mindst 30 sekunder f\u00f8r p\u00e5f\u00f8ring for at sikre, at malingen er korrekt blandet.<\/li>\n<li>Test f\u00f8rst malingen p\u00e5 et stykke papir. N\u00e5r den t\u00f8rrer, skal du sammenligne den med din bils farve for at bekr\u00e6fte, at den passer.<\/li>\n<li>Undg\u00e5 at p\u00e5f\u00f8re tykke lag p\u00e5 \u00e9n gang. P\u00e5f\u00f8r i stedet tynde lag flere gange for at opn\u00e5 en glattere og mere j\u00e6vn finish.<\/li>\n<\/ul>","protected":false},"excerpt":{"rendered":"<p>The Touch-Up Paint and Scratch Repair Kit for Infiniti Q60 is the ultimate solution for fixing minor scratches and chips.<\/p>","protected":false},"featured_media":19057,"comment_status":"open","ping_status":"closed","template":"","meta":{"_acf_changed":false,"_monsterinsights_skip_tracking":false,"_monsterinsights_sitenote_active":false,"_monsterinsights_sitenote_note":"","_monsterinsights_sitenote_category":0},"product_brand":[187],"product_cat":[11611],"product_tag":[11612,11634,148],"class_list":{"0":"post-19016","1":"product","2":"type-product","3":"status-publish","4":"has-post-thumbnail","6":"product_brand-gotouchup","7":"product_cat-touch-up-paint-for-infiniti","8":"product_tag-infiniti","9":"product_tag-q60","10":"product_tag-touch-up-paint-for-car","11":"tm-has-options","13":"first","14":"instock","15":"shipping-taxable","16":"purchasable","17":"product-type-variable"},"acf":[],"yoast_head":"<!-- This site is optimized with the Yoast SEO Premium plugin v25.7.1 (Yoast SEO v25.7) - https:\/\/yoast.com\/wordpress\/plugins\/seo\/ -->\n<title>Touch Up Paint and Scratch Repair Kit for Infiniti Q60 - GoTouchUp<\/title>\n<meta name=\"robots\" content=\"index, follow, max-snippet:-1, max-image-preview:large, max-video-preview:-1\" \/>\n<link rel=\"canonical\" href=\"https:\/\/gotouchup.com\/da\/product\/touch-up-paint-and-scratch-repair-kit-for-infiniti-q60\/\" \/>\n<meta property=\"og:locale\" content=\"da_DK\" \/>\n<meta property=\"og:type\" content=\"article\" \/>\n<meta property=\"og:title\" content=\"Touch Up Paint and Scratch Repair Kit for Infiniti Q60\" \/>\n<meta property=\"og:description\" content=\"The Touch-Up Paint and Scratch Repair Kit for Infiniti Q60 is the ultimate solution for fixing minor scratches and chips.\" \/>\n<meta property=\"og:url\" content=\"https:\/\/gotouchup.com\/da\/product\/touch-up-paint-and-scratch-repair-kit-for-infiniti-q60\/\" \/>\n<meta property=\"og:site_name\" content=\"GoTouchUp\" \/>\n<meta property=\"article:modified_time\" content=\"2025-06-30T04:24:49+00:00\" \/>\n<meta property=\"og:image\" content=\"https:\/\/gotouchup.com\/wp-content\/uploads\/2025\/06\/GTU-AB-INFINITI-NAH-SET1-Q60.webp\" \/>\n\t<meta property=\"og:image:width\" content=\"1000\" \/>\n\t<meta property=\"og:image:height\" content=\"1000\" \/>\n\t<meta property=\"og:image:type\" content=\"image\/webp\" \/>\n<meta name=\"twitter:card\" content=\"summary_large_image\" \/>\n<meta name=\"twitter:label1\" content=\"Est. reading time\" \/>\n\t<meta name=\"twitter:data1\" content=\"4 minutter\" \/>\n<script type=\"application\/ld+json\" class=\"yoast-schema-graph\">{\"@context\":\"https:\/\/schema.org\",\"@graph\":[{\"@type\":\"WebPage\",\"@id\":\"https:\/\/gotouchup.com\/product\/touch-up-paint-and-scratch-repair-kit-for-infiniti-q60\/\",\"url\":\"https:\/\/gotouchup.com\/product\/touch-up-paint-and-scratch-repair-kit-for-infiniti-q60\/\",\"name\":\"Touch Up Paint and Scratch Repair Kit for Infiniti Q60 - GoTouchUp\",\"isPartOf\":{\"@id\":\"https:\/\/gotouchup.com\/#website\"},\"primaryImageOfPage\":{\"@id\":\"https:\/\/gotouchup.com\/product\/touch-up-paint-and-scratch-repair-kit-for-infiniti-q60\/#primaryimage\"},\"image\":{\"@id\":\"https:\/\/gotouchup.com\/product\/touch-up-paint-and-scratch-repair-kit-for-infiniti-q60\/#primaryimage\"},\"thumbnailUrl\":\"https:\/\/gotouchup.com\/wp-content\/uploads\/2025\/06\/GTU-AB-INFINITI-NAH-SET1-Q60.webp\",\"datePublished\":\"2025-06-26T06:51:29+00:00\",\"dateModified\":\"2025-06-30T04:24:49+00:00\",\"breadcrumb\":{\"@id\":\"https:\/\/gotouchup.com\/product\/touch-up-paint-and-scratch-repair-kit-for-infiniti-q60\/#breadcrumb\"},\"inLanguage\":\"da-DK\",\"potentialAction\":[{\"@type\":\"ReadAction\",\"target\":[\"https:\/\/gotouchup.com\/product\/touch-up-paint-and-scratch-repair-kit-for-infiniti-q60\/\"]}]},{\"@type\":\"ImageObject\",\"inLanguage\":\"da-DK\",\"@id\":\"https:\/\/gotouchup.com\/product\/touch-up-paint-and-scratch-repair-kit-for-infiniti-q60\/#primaryimage\",\"url\":\"https:\/\/gotouchup.com\/wp-content\/uploads\/2025\/06\/GTU-AB-INFINITI-NAH-SET1-Q60.webp\",\"contentUrl\":\"https:\/\/gotouchup.com\/wp-content\/uploads\/2025\/06\/GTU-AB-INFINITI-NAH-SET1-Q60.webp\",\"width\":1000,\"height\":1000},{\"@type\":\"BreadcrumbList\",\"@id\":\"https:\/\/gotouchup.com\/product\/touch-up-paint-and-scratch-repair-kit-for-infiniti-q60\/#breadcrumb\",\"itemListElement\":[{\"@type\":\"ListItem\",\"position\":1,\"name\":\"Home\",\"item\":\"https:\/\/gotouchup.com\/\"},{\"@type\":\"ListItem\",\"position\":2,\"name\":\"Shop\",\"item\":\"https:\/\/gotouchup.com\/shop\/\"},{\"@type\":\"ListItem\",\"position\":3,\"name\":\"Touch Up Paint and Scratch Repair Kit for Infiniti Q60\"}]},{\"@type\":\"WebSite\",\"@id\":\"https:\/\/gotouchup.com\/#website\",\"url\":\"https:\/\/gotouchup.com\/\",\"name\":\"GoTouchUp\",\"description\":\"Revive Your Finish with GoTouchUp\",\"publisher\":{\"@id\":\"https:\/\/gotouchup.com\/#organization\"},\"potentialAction\":[{\"@type\":\"SearchAction\",\"target\":{\"@type\":\"EntryPoint\",\"urlTemplate\":\"https:\/\/gotouchup.com\/?s={search_term_string}\"},\"query-input\":{\"@type\":\"PropertyValueSpecification\",\"valueRequired\":true,\"valueName\":\"search_term_string\"}}],\"inLanguage\":\"da-DK\"},{\"@type\":\"Organization\",\"@id\":\"https:\/\/gotouchup.com\/#organization\",\"name\":\"GTUSTECH LLC\",\"url\":\"https:\/\/gotouchup.com\/\",\"logo\":{\"@type\":\"ImageObject\",\"inLanguage\":\"da-DK\",\"@id\":\"https:\/\/gotouchup.com\/#\/schema\/logo\/image\/\",\"url\":\"https:\/\/gotouchup.com\/wp-content\/uploads\/2024\/10\/Asset-1@5x.png\",\"contentUrl\":\"https:\/\/gotouchup.com\/wp-content\/uploads\/2024\/10\/Asset-1@5x.png\",\"width\":1060,\"height\":246,\"caption\":\"GTUSTECH LLC\"},\"image\":{\"@id\":\"https:\/\/gotouchup.com\/#\/schema\/logo\/image\/\"}}]}<\/script>\n<!-- \/ Yoast SEO Premium plugin. -->","yoast_head_json":{"title":"Touch Up Paint and Scratch Repair Kit for Infiniti Q60 - GoTouchUp","robots":{"index":"index","follow":"follow","max-snippet":"max-snippet:-1","max-image-preview":"max-image-preview:large","max-video-preview":"max-video-preview:-1"},"canonical":"https:\/\/gotouchup.com\/da\/product\/touch-up-paint-and-scratch-repair-kit-for-infiniti-q60\/","og_locale":"da_DK","og_type":"article","og_title":"Touch Up Paint and Scratch Repair Kit for Infiniti Q60","og_description":"The Touch-Up Paint and Scratch Repair Kit for Infiniti Q60 is the ultimate solution for fixing minor scratches and chips.","og_url":"https:\/\/gotouchup.com\/da\/product\/touch-up-paint-and-scratch-repair-kit-for-infiniti-q60\/","og_site_name":"GoTouchUp","article_modified_time":"2025-06-30T04:24:49+00:00","og_image":[{"width":1000,"height":1000,"url":"https:\/\/gotouchup.com\/wp-content\/uploads\/2025\/06\/GTU-AB-INFINITI-NAH-SET1-Q60.webp","type":"image\/webp"}],"twitter_card":"summary_large_image","twitter_misc":{"Est. reading time":"4 minutter"},"schema":{"@context":"https:\/\/schema.org","@graph":[{"@type":"WebPage","@id":"https:\/\/gotouchup.com\/product\/touch-up-paint-and-scratch-repair-kit-for-infiniti-q60\/","url":"https:\/\/gotouchup.com\/product\/touch-up-paint-and-scratch-repair-kit-for-infiniti-q60\/","name":"Touch Up Paint and Scratch Repair Kit for Infiniti Q60 - GoTouchUp","isPartOf":{"@id":"https:\/\/gotouchup.com\/#website"},"primaryImageOfPage":{"@id":"https:\/\/gotouchup.com\/product\/touch-up-paint-and-scratch-repair-kit-for-infiniti-q60\/#primaryimage"},"image":{"@id":"https:\/\/gotouchup.com\/product\/touch-up-paint-and-scratch-repair-kit-for-infiniti-q60\/#primaryimage"},"thumbnailUrl":"https:\/\/gotouchup.com\/wp-content\/uploads\/2025\/06\/GTU-AB-INFINITI-NAH-SET1-Q60.webp","datePublished":"2025-06-26T06:51:29+00:00","dateModified":"2025-06-30T04:24:49+00:00","breadcrumb":{"@id":"https:\/\/gotouchup.com\/product\/touch-up-paint-and-scratch-repair-kit-for-infiniti-q60\/#breadcrumb"},"inLanguage":"da-DK","potentialAction":[{"@type":"ReadAction","target":["https:\/\/gotouchup.com\/product\/touch-up-paint-and-scratch-repair-kit-for-infiniti-q60\/"]}]},{"@type":"ImageObject","inLanguage":"da-DK","@id":"https:\/\/gotouchup.com\/product\/touch-up-paint-and-scratch-repair-kit-for-infiniti-q60\/#primaryimage","url":"https:\/\/gotouchup.com\/wp-content\/uploads\/2025\/06\/GTU-AB-INFINITI-NAH-SET1-Q60.webp","contentUrl":"https:\/\/gotouchup.com\/wp-content\/uploads\/2025\/06\/GTU-AB-INFINITI-NAH-SET1-Q60.webp","width":1000,"height":1000},{"@type":"BreadcrumbList","@id":"https:\/\/gotouchup.com\/product\/touch-up-paint-and-scratch-repair-kit-for-infiniti-q60\/#breadcrumb","itemListElement":[{"@type":"ListItem","position":1,"name":"Home","item":"https:\/\/gotouchup.com\/"},{"@type":"ListItem","position":2,"name":"Shop","item":"https:\/\/gotouchup.com\/shop\/"},{"@type":"ListItem","position":3,"name":"Touch Up Paint and Scratch Repair Kit for Infiniti Q60"}]},{"@type":"WebSite","@id":"https:\/\/gotouchup.com\/#website","url":"https:\/\/gotouchup.com\/","name":"GoTouchUp","description":"Genopliv din finish med GoTouchUp","publisher":{"@id":"https:\/\/gotouchup.com\/#organization"},"potentialAction":[{"@type":"SearchAction","target":{"@type":"EntryPoint","urlTemplate":"https:\/\/gotouchup.com\/?s={search_term_string}"},"query-input":{"@type":"PropertyValueSpecification","valueRequired":true,"valueName":"search_term_string"}}],"inLanguage":"da-DK"},{"@type":"Organization","@id":"https:\/\/gotouchup.com\/#organization","name":"GTUSTECH LLC","url":"https:\/\/gotouchup.com\/","logo":{"@type":"ImageObject","inLanguage":"da-DK","@id":"https:\/\/gotouchup.com\/#\/schema\/logo\/image\/","url":"https:\/\/gotouchup.com\/wp-content\/uploads\/2024\/10\/Asset-1@5x.png","contentUrl":"https:\/\/gotouchup.com\/wp-content\/uploads\/2024\/10\/Asset-1@5x.png","width":1060,"height":246,"caption":"GTUSTECH LLC"},"image":{"@id":"https:\/\/gotouchup.com\/#\/schema\/logo\/image\/"}}]}},"_links":{"self":[{"href":"https:\/\/gotouchup.com\/da\/wp-json\/wp\/v2\/product\/19016","targetHints":{"allow":["GET"]}}],"collection":[{"href":"https:\/\/gotouchup.com\/da\/wp-json\/wp\/v2\/product"}],"about":[{"href":"https:\/\/gotouchup.com\/da\/wp-json\/wp\/v2\/types\/product"}],"replies":[{"embeddable":true,"href":"https:\/\/gotouchup.com\/da\/wp-json\/wp\/v2\/comments?post=19016"}],"version-history":[{"count":0,"href":"https:\/\/gotouchup.com\/da\/wp-json\/wp\/v2\/product\/19016\/revisions"}],"wp:featuredmedia":[{"embeddable":true,"href":"https:\/\/gotouchup.com\/da\/wp-json\/wp\/v2\/media\/19057"}],"wp:attachment":[{"href":"https:\/\/gotouchup.com\/da\/wp-json\/wp\/v2\/media?parent=19016"}],"wp:term":[{"taxonomy":"product_brand","embeddable":true,"href":"https:\/\/gotouchup.com\/da\/wp-json\/wp\/v2\/product_brand?post=19016"},{"taxonomy":"product_cat","embeddable":true,"href":"https:\/\/gotouchup.com\/da\/wp-json\/wp\/v2\/product_cat?post=19016"},{"taxonomy":"product_tag","embeddable":true,"href":"https:\/\/gotouchup.com\/da\/wp-json\/wp\/v2\/product_tag?post=19016"}],"curies":[{"name":"wp","href":"https:\/\/api.w.org\/{rel}","templated":true}]}}