{"id":3,"date":"2024-10-16T10:03:22","date_gmt":"2024-10-16T10:03:22","guid":{"rendered":"https:\/\/gotouchup.com\/?page_id=3"},"modified":"2024-11-05T19:49:02","modified_gmt":"2024-11-06T03:49:02","slug":"privacy-policy","status":"publish","type":"page","link":"https:\/\/gotouchup.com\/da\/privacy-policy\/","title":{"rendered":"Privatlivspolitik"},"content":{"rendered":"<h3 class=\"wp-block-heading\"><strong>Privatlivspolitik<\/strong><\/h3>\n\n\n\n<p>L\u00e6s venligst denne privatlivspolitik (<strong>&quot;Politik&quot;<\/strong>) omhyggeligt for at forst\u00e5, hvordan vi bruger og beskytter dine personlige oplysninger. Denne privatlivspolitik g\u00e6lder for oplysninger, vi indsamler om dig i vores butikker, via vores websteder og mobilapplikationer, og alle andre steder, hvor vi interagerer med dig. Ved at bruge vores websteder, mobilapplikationer eller dele dine oplysninger med os, accepterer og giver du samtykke til de praksisser, der er beskrevet i denne privatlivspolitik.<\/p>\n\n\n\n<p>Denne politik g\u00e6lder for&nbsp;<strong>gotouchup.com<\/strong>&nbsp;hjemmesiden (den &quot;<a href=\"https:\/\/www.zalap.com\/\">Hjemmeside<\/a>&#8220;).&nbsp;<\/p>\n\n\n\n<h3 class=\"wp-block-heading\" id=\"pp-sources\">Kilder til personlige oplysninger<\/h3>\n\n\n\n<p>Vi indsamler oplysninger fra f\u00f8lgende kilder:<\/p>\n\n\n\n<p>Vi indsamler oplysninger direkte fra dig<em>.<\/em>&nbsp;Vi indsamler kontakt- og demografiske oplysninger direkte fra dig. Vi indsamler ogs\u00e5 betalingsoplysninger fra dig.<\/p>\n\n\n\n<p>Vi indsamler oplysninger om dig fra tredjeparter<em>.<\/em>&nbsp;Vi indsamler dine personlige oplysninger fra tredjeparter, s\u00e5som sociale medier og datasamarbejder. Vi bruger Google Maps-tjenesten p\u00e5 vores websteder og kan bruge Google Maps-tjenesten og andre tjenester til at indsamle geoplaceringsdata. Vi bruger disse oplysninger til at g\u00f8re vores betaling nemmere, herunder til at foresl\u00e5 din leverings- og faktureringsadresse eller til at hj\u00e6lpe dig med at finde den n\u00e6rmeste butik. Google Maps-tjenesten er underlagt Googles privatlivspolitik, som du kan finde p\u00e5&nbsp;<a href=\"https:\/\/www.google.com\/policies\/privacy\" target=\"_blank\" rel=\"noreferrer noopener\">www.google.com\/policies\/privacy<\/a>Vi kan indsamle dine identificerende oplysninger fra Facebook i overensstemmelse med deres brugsbetingelser og privatlivspolitik. Vi k\u00f8ber fra og udveksler kontaktoplysninger, demografiske oplysninger, kommercielle oplysninger og internet- og elektronisk aktivitet med datasamarbejdspartnere og andre tredjepartsdataaggregatorer.<\/p>\n\n\n\n<p>Vi indsamler oplysninger fra dig passivt. Vi indsamler internet- eller anden elektronisk aktivitet passivt ved hj\u00e6lp af v\u00e6rkt\u00f8jer som browsercookies. Denne aktivitet er yderligere beskrevet i afsnittet Reklame og online sporing nedenfor.<\/p>\n\n\n\n<h3 class=\"wp-block-heading\">Kombinering af information<\/h3>\n\n\n\n<p>Vi kan kombinere oplysninger, som du giver os online, i vores butikker eller gennem vores kataloger. Vi kan ogs\u00e5 kombinere disse oplysninger med offentligt tilg\u00e6ngelige oplysninger og oplysninger, vi modtager fra eller krydsrefererer med tredjeparter. Vi bruger disse kombinerede oplysninger til at forbedre og personligg\u00f8re din shoppingoplevelse hos os, til at kommunikere direkte med dig om vores produkter og begivenheder, der kan v\u00e6re af interesse for dig, og til andre salgsfremmende og kommercielle form\u00e5l.<\/p>\n\n\n\n<h3 class=\"wp-block-heading\">Kategorier og typer af personlige oplysninger, vi indsamler<\/h3>\n\n\n\n<p>Vi indsamler f\u00f8lgende kategorier og typer af personoplysninger:<\/p>\n\n\n\n<ul class=\"wp-block-list\">\n<li>Kontaktoplysninger: dit for- og efternavn, postadresse, e-mailadresse og telefonnummer;<\/li>\n\n\n\n<li>Andre identificerende oplysninger: IP-adresse, brugernavne p\u00e5 sociale medier, adgangskoder og andre sikkerhedsoplysninger til godkendelse og adgang;<\/li>\n\n\n\n<li>Finansielle oplysninger: kreditkort-, debetkort- og bankkontooplysninger;<\/li>\n\n\n\n<li>Demografiske oplysninger: k\u00f8n, alder, besk\u00e6ftigelsesoplysninger og l\u00f8noplysninger;<\/li>\n\n\n\n<li>Geolokationsdata;<\/li>\n\n\n\n<li>Internet- eller anden elektronisk aktivitet: din browser- og klikhistorik, herunder oplysninger om, hvordan du navigerer i vores tjenester, og hvilke elementer af vores tjenester du bruger mest;<\/li>\n\n\n\n<li>Kommercielle oplysninger: produkter k\u00f8bt eller set p\u00e5 vores hjemmeside;<\/li>\n\n\n\n<li>Lyd- og visuel information: dine videoer og fotos<\/li>\n\n\n\n<li>Konklusioner draget fra de ovenfor beskrevne kategorier med henblik p\u00e5 at oprette en profil om dig, der afspejler dine pr\u00e6ferencer, karakteristika, adf\u00e6rd og holdning.<\/li>\n<\/ul>\n\n\n\n<h3 class=\"wp-block-heading\"><strong>Hvordan bruger vi dine oplysninger?<\/strong><\/h3>\n\n\n\n<p>Vores prim\u00e6re m\u00e5l med at indsamle dine oplysninger er at give dig en personlig, relevant og positiv oplevelse med dette websted. Vi bruger de personlige oplysninger, du giver om dig selv, for eksempel n\u00e5r du afgiver en ordre p\u00e5 tjenesten. GoTouchUp vil ikke s\u00e6lge, udleje eller lease dine personlige oplysninger til andre, undtagen i det omfang det er n\u00f8dvendigt for at opfylde din ordre p\u00e5 tjenesten, for at levere andre tjenester til dig eller som angivet i denne politik. GoTouchUp vil ikke s\u00e6lge brugernes kontaktoplysninger og vil ikke bruge brugernes personlige oplysninger eller billeder til reklamer uden brugerens samtykke.<br><br>Oplysninger, du giver os. Vi bruger disse oplysninger til at opfylde vores forpligtelser i henhold til eventuelle kontrakter indg\u00e5et mellem dig og os, og til at levere de oplysninger, produkter og tjenester, du anmoder om fra os. Vi kan dele dine oplysninger med forretningspartnere, leverand\u00f8rer og underleverand\u00f8rer med henblik p\u00e5 opfyldelse af enhver kontrakt, vi indg\u00e5r med dem eller dig.<br><br>Oplysninger, vi indsamler om dig. Vi bruger pseudonymiserede og\/eller aggregerede dele af dine oplysninger:<br>at administrere webstedet og til intern drift, herunder dataanalyse, test, forskning, statistiske og unders\u00f8gelsesform\u00e5l; at forbedre webstedet for at sikre, at indhold pr\u00e6senteres p\u00e5 den mest effektive m\u00e5de for dig og din computer; og som en del af vores bestr\u00e6belser p\u00e5 at holde webstedet sikkert og trygt.<\/p>\n\n\n\n<p>Vi beder dig om, medmindre andet specifikt er anmodet om det, ikke at sende os og ikke videregive f\u00f8lsomme personlige oplysninger (f.eks. CPR-numre, oplysninger relateret til racem\u00e6ssig eller etnisk oprindelse, politiske holdninger, religion eller andre overbevisninger, helbred, biometriske eller genetiske karakteristika, kriminel baggrund eller fagforeningsmedlemskab) p\u00e5 eller via hjemmesiden eller p\u00e5 anden m\u00e5de til os.<br><br>Vi kan kombinere personoplysninger indsamlet p\u00e5 dette websted med andre oplysninger, du har givet os via andre kilder, eller med ikke-personlige oplysninger, som vi automatisk har indsamlet p\u00e5 dette websted (som yderligere beskrevet i denne politik).<br><br>Vi bruger din e-mailadresse til at besvare e-mails, vi modtager fra dig, og til at give statusopdateringer om Tjenesten. Vi deler ikke din e-mailadresse med eksterne parter, undtagen som angivet i denne politik.<br><br>Tredjeparts web beacons. Vi kan bruge tredjeparts web beacons til at indsamle ikke-identificerbare og\/eller pseudonymiserede data for at hj\u00e6lpe med at analysere, hvor bes\u00f8gende g\u00e5r hen, og hvad de laver, mens de bes\u00f8ger vores hjemmeside. Disse ikke-identificerbare data kan deles med tredjeparter. Vi kan ogs\u00e5 bruge ikke-identificerbare og\/eller pseudonymiserede data om dine bes\u00f8g p\u00e5 denne og andre hjemmesider for at forbedre vores produkter og tjenester og levere varer og tjenester, der kan v\u00e6re af interesse for dig.<br><br>Vi kr\u00e6ver, at alle tredjeparter, som vi deler identificerbare data med, behandler dine personlige oplysninger som fuldt fortrolige og fuldt ud overholder alle g\u00e6ldende love og regler om privatlivsbeskyttelse.<br><br>Vi kan videregive dine personlige oplysninger til tredjeparter:<br>Hvis vi opk\u00f8bes af en tredjepart, vil personoplysninger, som vi opbevarer om vores kunder, i s\u00e5 fald v\u00e6re et af de overf\u00f8rte aktiver.<br>Hvis v\u00e6sentligt alle vores aktiver erhverves af en tredjepart, i hvilket tilf\u00e6lde personoplysninger, som vi opbevarer om vores kunder, kan v\u00e6re et af de overf\u00f8rte aktiver.<br>Hvis vi er forpligtet til at videregive eller dele dine personoplysninger for at overholde en juridisk forpligtelse, eller for at h\u00e5ndh\u00e6ve eller anvende vores brugsbetingelser for webstedet eller leveringsbetingelser og andre aftaler; eller for at beskytte vores, vores kunders eller andres rettigheder, ejendom eller sikkerhed.<br><br>Tilmelding til reklamemails. Du kan registrere dig p\u00e5 denne hjemmeside for at modtage kampagner og opdateringer om nye produkter og tjenester eller for at blive kontaktet i forbindelse med markedsunders\u00f8gelser. De kontaktoplysninger, du indsender, vil ikke blive brugt til disse form\u00e5l, medmindre du specifikt &quot;tilmelder dig&quot;. Du kan kontrollere dine privatlivspr\u00e6ferencer vedr\u00f8rende s\u00e5dan markedsf\u00f8ringskommunikation.<br><br>Konkurrencer og lodtr\u00e6kninger. Fra tid til anden kan du blive inviteret til at deltage i valgfrie kundeunders\u00f8gelser eller konkurrencer, og GoTouchUp kan anmode dig om at give nogle eller alle ovenn\u00e6vnte personlige oplysninger i disse unders\u00f8gelser eller konkurrencer. Vi bruger oplysninger indsamlet gennem konkurrencer til at kontakte vindere og uddele pr\u00e6mier. Din deltagelse i konkurrencer kan ogs\u00e5 give dig mulighed for at tilmelde dig nyhedsbreve, som du kan afmelde n\u00e5r som helst. Vi bruger ogs\u00e5 oplysninger indsamlet fra unders\u00f8gelser til at l\u00e6re om vores kunder for at forbedre vores tjenester og udvikle nye produkter og tjenester af interesse for vores kunder.<br><br>GoTouchUp bruger IP-adresser, cookies, clear gifs, browserdetektion og weblogs til at give os en bedre oplevelse p\u00e5 dette websted og til at give os nyttige forretningsoplysninger. Tredjepartsteknologier s\u00e5som cookies kan ogs\u00e5 bruges til samme form\u00e5l.<br><br>GoTouchUp kan ogs\u00e5 indg\u00e5 kontrakter med uafh\u00e6ngige tredjeparter om at levere tjenester til webstedet, s\u00e5som software til webstedsfunktioner, kundekommunikation, konkurrencer og pr\u00e6mieuddeling, analyse og evaluering af de oplysninger, vi indsamler, og andre tjenester. N\u00e5r vi g\u00f8r dette, kan vi videregive dine personligt identificerbare oplysninger til tredjeparter udelukkende for at levere disse tjenester, og de er ikke autoriseret til at bruge dine personligt identificerbare oplysninger til andre form\u00e5l.<\/p>\n\n\n\n<h3 class=\"wp-block-heading\">Vores engagement i datasikkerhed<\/h3>\n\n\n\n<p>Adgang til dine data er begr\u00e6nset til autoriserede GoTouchUp-medarbejdere og -leverand\u00f8rer og begr\u00e6nset af adgangskodebeskyttelsesmekanismer. Vi behandler alle serviceordrer p\u00e5 en sikker server, der krypterer alle finansielle oplysninger via Secure Sockets Layer (SSL). Selvom der ikke findes fuldst\u00e6ndig sikkerhed p\u00e5 internettet, vil GoTouchUp g\u00f8re en kommercielt rimelig indsats for at beskytte de oplysninger, du sender til GoTouchUp. Vi gemmer ikke dine kreditkortoplysninger i vores database, medmindre du giver os s\u00e5danne oplysninger til brug med tjenesten. Kreditkortnumre bruges kun til behandling af betalinger og ikke til andre form\u00e5l.<\/p>\n\n\n\n<h3 class=\"wp-block-heading\">Dine rettigheder til databehandling<\/h3>\n\n\n\n<p>Vi tager rimelige skridt for at sikre, at de personlige oplysninger, vi indsamler fra dig, er n\u00f8jagtige, fuldst\u00e6ndige og aktuelle. Du kan anmode om adgang til dine personlige oplysninger og anmode om, at fejlagtige eller un\u00f8jagtige personlige oplysninger opdateres. Du kan ogs\u00e5 anmode om, at dine personlige oplysninger og din hjemmesidekonto slettes. Du kan p\u00e5ber\u00e5be dig disse rettigheder ved at kontakte os via e-mail p\u00e5 support@gotouchup.com. Vi vil svare hurtigt p\u00e5 dine anmodninger i overensstemmelse med g\u00e6ldende lov. For din beskyttelse vil vi muligvis kun implementere anmodninger vedr\u00f8rende de personlige oplysninger, der er knyttet til den e-mailadresse, du bruger til at sende os din anmodning, og vi kan v\u00e6re n\u00f8dt til at bekr\u00e6fte din identitet, f\u00f8r vi implementerer din anmodning. Vi kan afvise at behandle anmodninger, der bringer andres privatliv i fare, er ekstremt upraktiske eller ville f\u00e5 os til at foretage handlinger, der ikke er tilladt i henhold til g\u00e6ldende love. Derudover kan vi, som tilladt i henhold til g\u00e6ldende love, v\u00e6re n\u00f8dt til at opbevare visse personlige oplysninger i en l\u00e6ngere periode til registreringsform\u00e5l, s\u00e5som at opbevare optegnelser vedr\u00f8rende dine k\u00f8b til garanti- eller regnskabsform\u00e5l.<\/p>\n\n\n\n<h3 class=\"wp-block-heading\">Hvordan fjerner jeg mine oplysninger fra e-mail-, telefon- og postlister?<\/h3>\n\n\n\n<p>Vi \u00f8nsker kun at kommunikere med dig, hvis du \u00f8nsker at h\u00f8re fra os. Hvis du foretr\u00e6kker ikke at modtage information fra os, bedes du til enhver tid give os besked via e-mail eller post eller ved at bruge linket til &quot;framelding&quot;, der findes nederst i hver reklamemail. Hvis du kontakter os via e-mail eller post, bedes du s\u00f8rge for at inkludere din e-mailadresse og dit fulde navn.<br><br>Hvis du desuden beder os om at fjerne dit navn og din adresse fra vores e-mail- eller postadresseliste, skal vi opbevare dit navn i en &quot;kontakt ikke&quot;-fil for at sikre, at vi kan im\u00f8dekomme din anmodning.<\/p>\n\n\n\n<h3 class=\"wp-block-heading\">Hvad med links til andre websteder og tjenester?<\/h3>\n\n\n\n<p>Hjemmesiden kan indeholde links til andre websteder, som ikke er under vores kontrol. Disse websteder har deres egne politikker vedr\u00f8rende privatliv. Du b\u00f8r gennemg\u00e5 disse politikker, f\u00f8r du bes\u00f8ger webstederne. Vi har intet ansvar for linkede websteder, og vi stiller disse links udelukkende til r\u00e5dighed for vores bes\u00f8gendes bekvemmelighed og information.<\/p>\n\n\n\n<h3 class=\"wp-block-heading\">Spor ikke<\/h3>\n\n\n\n<p>Du har mulighed for at aktivere din browsers indstillinger til &quot;Spor ikke&quot;. Dette sender et signal til websteder, annoncenetv\u00e6rk og plugin-udbydere om dine browserpr\u00e6ferencer. Dette websted reagerer i \u00f8jeblikket ikke p\u00e5 browsersignalet &quot;Spor ikke&quot;.<\/p>\n\n\n\n<h3 class=\"wp-block-heading\" id=\"pp-cookies\">Cookies<\/h3>\n\n\n\n<p>N\u00e5r du bes\u00f8ger vores websteder, sender vi en eller flere cookies til din computer eller anden enhed. Vi kan ogs\u00e5 bruge cookies og andre lignende teknologier i e-mails, du modtager fra os. En cookie er en lille datafil, der placeres p\u00e5 din computers harddisk, n\u00e5r du bes\u00f8ger et websted. En sessionscookie udl\u00f8ber \u00f8jeblikkeligt, n\u00e5r du afslutter din session (dvs. lukker din browser). En permanent cookie gemmer oplysninger p\u00e5 harddisken, s\u00e5 n\u00e5r du afslutter din session og vender tilbage til det samme websted p\u00e5 et senere tidspunkt, er cookieoplysningerne stadig tilg\u00e6ngelige. Vi bruger cookies til at forbedre kvaliteten af vores service, n\u00e5r du bes\u00f8ger vores websted og andre websteder, der er af interesse for dig. Vi bruger ogs\u00e5 cookies til at minde os om, hvem du er, skr\u00e6ddersy vores produkter, tjenester og reklamer, s\u00e5 de passer til dine og andres personlige interesser, estimere vores m\u00e5lgruppes st\u00f8rrelse, hj\u00e6lpe vores onlineforhandlere med at spore bes\u00f8g og salg p\u00e5 vores websteder og behandle din ordre, spore din status i vores kampagner, konkurrencer og lotterier og\/eller analysere dine bes\u00f8gs- og e-mailinteraktionsm\u00f8nstre.<\/p>\n\n\n\n<p>Hvis du helt vil frav\u00e6lge at acceptere cookies, kan du generelt indstille din browser til ikke at acceptere cookies eller til at give dig besked, n\u00e5r du modtager en cookie, hvilket giver dig mulighed for at beslutte, om du vil acceptere den eller ej. Visse funktioner p\u00e5 vores websteder eller andre tjenester fungerer dog muligvis ikke, hvis du sletter eller deaktiverer cookies.<\/p>\n\n\n\n<p>Vi bruger Google Analytics p\u00e5 vores websteder til at indsamle brugsdata, analysere, hvordan brugerne bruger webstederne, og vise dig annoncer p\u00e5 andre websteder. Du kan finde flere oplysninger om, hvordan du frav\u00e6lger at f\u00e5 dine oplysninger brugt af Google Analytics, p\u00e5 [siden\/webstedet ...&nbsp;<a href=\"https:\/\/tools.google.com\/dlpage\/gaoptout\/\" target=\"_blank\" rel=\"noreferrer noopener\">https:\/\/tools.google.com\/dlpage\/gaoptout\/<\/a>.<\/p>\n\n\n\n<p>Disse vilk\u00e5r og betingelser for beskyttelse af personlige oplysninger og eventuelle separate aftaler, hvorved vi leverer til dig, skal v\u00e6re underlagt og fortolkes i overensstemmelse med lovgivningen i USA.<\/p>\n\n\n\n<h3 class=\"wp-block-heading\">GDPR-overholdelse<\/h3>\n\n\n\n<p>Hos GoTouchUp er vi forpligtet til at overholde den generelle forordning om databeskyttelse (GDPR) for at beskytte privatlivets fred og personoplysninger for vores kunder i Den Europ\u00e6iske Union (EU). Hvis du befinder dig i EU, har du specifikke rettigheder vedr\u00f8rende dine personoplysninger i henhold til GDPR, herunder f\u00f8lgende:<\/p>\n\n\n\n<p>Ret til indsigt: Du har ret til at anmode om indsigt i de personoplysninger, som vi opbevarer og behandler om dig.<br>Ret til berigtigelse: Du kan anmode om berigtigelse af eventuelle un\u00f8jagtige eller ufuldst\u00e6ndige personoplysninger, som vi har om dig.<br>Ret til sletning: Du kan anmode om, at vi sletter dine personoplysninger, forudsat at de ikke l\u00e6ngere er n\u00f8dvendige til de form\u00e5l, hvortil de blev indsamlet, eller hvis du tr\u00e6kker dit samtykke tilbage.<br>Ret til begr\u00e6nsning af behandling: Du kan bede os om at begr\u00e6nse, hvordan vi bruger dine data i visse situationer.<br>Ret til dataportabilitet: Du kan anmode om en kopi af dine personoplysninger i et struktureret, maskinl\u00e6sbart format og om at overf\u00f8re dem til en anden dataansvarlig.<br>Ret til indsigelse: Du kan g\u00f8re indsigelse mod behandlingen af dine personoplysninger under visse omst\u00e6ndigheder, f.eks. ved direkte markedsf\u00f8ring.<\/p>\n\n\n\n<p>Vi behandler dine data baseret p\u00e5 legitime interesser eller dit samtykke, og vi tr\u00e6ffer alle passende sikkerhedsforanstaltninger for at beskytte dine oplysninger. Hvis du har sp\u00f8rgsm\u00e5l vedr\u00f8rende h\u00e5ndteringen af dine data, eller hvis du \u00f8nsker at ud\u00f8ve dine rettigheder, bedes du kontakte os p\u00e5 support@gotouchup.com.<\/p>\n\n\n\n<p>Hvis du mener, at dine datarettigheder er blevet kr\u00e6nket, har du ogs\u00e5 ret til at indgive en klage til din lokale databeskyttelsesmyndighed.<\/p>\n\n\n\n<h3 class=\"wp-block-heading\"><strong>Kontakte<\/strong><\/h3>\n\n\n\n<p>Hvis du har sp\u00f8rgsm\u00e5l til vores privatlivspolitik, kan du altid kontakte vores kundeservice via&nbsp;<strong>support@gotouchup.com<\/strong>.<\/p>\n\n\n\n<p><\/p>","protected":false},"excerpt":{"rendered":"<p>Privatlivspolitik L\u00e6s venligst denne privatlivspolitik (&quot;Politik&quot;) omhyggeligt for at forst\u00e5, hvordan vi bruger og beskytter dine personlige oplysninger. Dette<\/p>","protected":false},"author":1,"featured_media":0,"parent":0,"menu_order":0,"comment_status":"closed","ping_status":"open","template":"","meta":{"_acf_changed":false,"_monsterinsights_skip_tracking":false,"_monsterinsights_sitenote_active":false,"_monsterinsights_sitenote_note":"","_monsterinsights_sitenote_category":0,"footnotes":""},"class_list":["post-3","page","type-page","status-publish","hentry"],"acf":[],"yoast_head":"<!-- This site is optimized with the Yoast SEO Premium plugin v25.7.1 (Yoast SEO v25.7) - https:\/\/yoast.com\/wordpress\/plugins\/seo\/ -->\n<title>Privacy Policy - GoTouchUp<\/title>\n<meta name=\"robots\" content=\"index, follow, max-snippet:-1, max-image-preview:large, max-video-preview:-1\" \/>\n<link rel=\"canonical\" href=\"https:\/\/gotouchup.com\/da\/privacy-policy\/\" \/>\n<meta property=\"og:locale\" content=\"da_DK\" \/>\n<meta property=\"og:type\" content=\"article\" \/>\n<meta property=\"og:title\" content=\"Privacy Policy\" \/>\n<meta property=\"og:description\" content=\"Privacy policy Please read this privacy policy (&#8220;Policy&#8221;) carefully to understand how we will use and protect your personal information.&nbsp;This\" \/>\n<meta property=\"og:url\" content=\"https:\/\/gotouchup.com\/da\/privacy-policy\/\" \/>\n<meta property=\"og:site_name\" content=\"GoTouchUp\" \/>\n<meta property=\"article:modified_time\" content=\"2024-11-06T03:49:02+00:00\" \/>\n<meta name=\"twitter:card\" content=\"summary_large_image\" \/>\n<meta name=\"twitter:label1\" content=\"Est. reading time\" \/>\n\t<meta name=\"twitter:data1\" content=\"11 minutter\" \/>\n<script type=\"application\/ld+json\" class=\"yoast-schema-graph\">{\"@context\":\"https:\/\/schema.org\",\"@graph\":[{\"@type\":\"WebPage\",\"@id\":\"https:\/\/gotouchup.com\/privacy-policy\/\",\"url\":\"https:\/\/gotouchup.com\/privacy-policy\/\",\"name\":\"Privacy Policy - GoTouchUp\",\"isPartOf\":{\"@id\":\"https:\/\/gotouchup.com\/#website\"},\"datePublished\":\"2024-10-16T10:03:22+00:00\",\"dateModified\":\"2024-11-06T03:49:02+00:00\",\"breadcrumb\":{\"@id\":\"https:\/\/gotouchup.com\/privacy-policy\/#breadcrumb\"},\"inLanguage\":\"da-DK\",\"potentialAction\":[{\"@type\":\"ReadAction\",\"target\":[\"https:\/\/gotouchup.com\/privacy-policy\/\"]}]},{\"@type\":\"BreadcrumbList\",\"@id\":\"https:\/\/gotouchup.com\/privacy-policy\/#breadcrumb\",\"itemListElement\":[{\"@type\":\"ListItem\",\"position\":1,\"name\":\"Home\",\"item\":\"https:\/\/gotouchup.com\/\"},{\"@type\":\"ListItem\",\"position\":2,\"name\":\"Privacy Policy\"}]},{\"@type\":\"WebSite\",\"@id\":\"https:\/\/gotouchup.com\/#website\",\"url\":\"https:\/\/gotouchup.com\/\",\"name\":\"GoTouchUp\",\"description\":\"Revive Your Finish with GoTouchUp\",\"publisher\":{\"@id\":\"https:\/\/gotouchup.com\/#organization\"},\"potentialAction\":[{\"@type\":\"SearchAction\",\"target\":{\"@type\":\"EntryPoint\",\"urlTemplate\":\"https:\/\/gotouchup.com\/?s={search_term_string}\"},\"query-input\":{\"@type\":\"PropertyValueSpecification\",\"valueRequired\":true,\"valueName\":\"search_term_string\"}}],\"inLanguage\":\"da-DK\"},{\"@type\":\"Organization\",\"@id\":\"https:\/\/gotouchup.com\/#organization\",\"name\":\"GTUSTECH LLC\",\"url\":\"https:\/\/gotouchup.com\/\",\"logo\":{\"@type\":\"ImageObject\",\"inLanguage\":\"da-DK\",\"@id\":\"https:\/\/gotouchup.com\/#\/schema\/logo\/image\/\",\"url\":\"https:\/\/gotouchup.com\/wp-content\/uploads\/2024\/10\/Asset-1@5x.png\",\"contentUrl\":\"https:\/\/gotouchup.com\/wp-content\/uploads\/2024\/10\/Asset-1@5x.png\",\"width\":1060,\"height\":246,\"caption\":\"GTUSTECH LLC\"},\"image\":{\"@id\":\"https:\/\/gotouchup.com\/#\/schema\/logo\/image\/\"}}]}<\/script>\n<!-- \/ Yoast SEO Premium plugin. -->","yoast_head_json":{"title":"Privacy Policy - GoTouchUp","robots":{"index":"index","follow":"follow","max-snippet":"max-snippet:-1","max-image-preview":"max-image-preview:large","max-video-preview":"max-video-preview:-1"},"canonical":"https:\/\/gotouchup.com\/da\/privacy-policy\/","og_locale":"da_DK","og_type":"article","og_title":"Privacy Policy","og_description":"Privacy policy Please read this privacy policy (&#8220;Policy&#8221;) carefully to understand how we will use and protect your personal information.&nbsp;This","og_url":"https:\/\/gotouchup.com\/da\/privacy-policy\/","og_site_name":"GoTouchUp","article_modified_time":"2024-11-06T03:49:02+00:00","twitter_card":"summary_large_image","twitter_misc":{"Est. reading time":"11 minutter"},"schema":{"@context":"https:\/\/schema.org","@graph":[{"@type":"WebPage","@id":"https:\/\/gotouchup.com\/privacy-policy\/","url":"https:\/\/gotouchup.com\/privacy-policy\/","name":"Privacy Policy - GoTouchUp","isPartOf":{"@id":"https:\/\/gotouchup.com\/#website"},"datePublished":"2024-10-16T10:03:22+00:00","dateModified":"2024-11-06T03:49:02+00:00","breadcrumb":{"@id":"https:\/\/gotouchup.com\/privacy-policy\/#breadcrumb"},"inLanguage":"da-DK","potentialAction":[{"@type":"ReadAction","target":["https:\/\/gotouchup.com\/privacy-policy\/"]}]},{"@type":"BreadcrumbList","@id":"https:\/\/gotouchup.com\/privacy-policy\/#breadcrumb","itemListElement":[{"@type":"ListItem","position":1,"name":"Home","item":"https:\/\/gotouchup.com\/"},{"@type":"ListItem","position":2,"name":"Privacy Policy"}]},{"@type":"WebSite","@id":"https:\/\/gotouchup.com\/#website","url":"https:\/\/gotouchup.com\/","name":"GoTouchUp","description":"Genopliv din finish med GoTouchUp","publisher":{"@id":"https:\/\/gotouchup.com\/#organization"},"potentialAction":[{"@type":"SearchAction","target":{"@type":"EntryPoint","urlTemplate":"https:\/\/gotouchup.com\/?s={search_term_string}"},"query-input":{"@type":"PropertyValueSpecification","valueRequired":true,"valueName":"search_term_string"}}],"inLanguage":"da-DK"},{"@type":"Organization","@id":"https:\/\/gotouchup.com\/#organization","name":"GTUSTECH LLC","url":"https:\/\/gotouchup.com\/","logo":{"@type":"ImageObject","inLanguage":"da-DK","@id":"https:\/\/gotouchup.com\/#\/schema\/logo\/image\/","url":"https:\/\/gotouchup.com\/wp-content\/uploads\/2024\/10\/Asset-1@5x.png","contentUrl":"https:\/\/gotouchup.com\/wp-content\/uploads\/2024\/10\/Asset-1@5x.png","width":1060,"height":246,"caption":"GTUSTECH LLC"},"image":{"@id":"https:\/\/gotouchup.com\/#\/schema\/logo\/image\/"}}]}},"_links":{"self":[{"href":"https:\/\/gotouchup.com\/da\/wp-json\/wp\/v2\/pages\/3","targetHints":{"allow":["GET"]}}],"collection":[{"href":"https:\/\/gotouchup.com\/da\/wp-json\/wp\/v2\/pages"}],"about":[{"href":"https:\/\/gotouchup.com\/da\/wp-json\/wp\/v2\/types\/page"}],"author":[{"embeddable":true,"href":"https:\/\/gotouchup.com\/da\/wp-json\/wp\/v2\/users\/1"}],"replies":[{"embeddable":true,"href":"https:\/\/gotouchup.com\/da\/wp-json\/wp\/v2\/comments?post=3"}],"version-history":[{"count":0,"href":"https:\/\/gotouchup.com\/da\/wp-json\/wp\/v2\/pages\/3\/revisions"}],"wp:attachment":[{"href":"https:\/\/gotouchup.com\/da\/wp-json\/wp\/v2\/media?parent=3"}],"curies":[{"name":"wp","href":"https:\/\/api.w.org\/{rel}","templated":true}]}}