{"id":10003,"date":"2024-10-19T08:52:35","date_gmt":"2024-10-19T08:52:35","guid":{"rendered":"https:\/\/gotouchup.com\/?page_id=10003"},"modified":"2024-10-19T08:53:35","modified_gmt":"2024-10-19T08:53:35","slug":"shipping-policy","status":"publish","type":"page","link":"https:\/\/gotouchup.com\/da\/shipping-policy\/","title":{"rendered":"Forsendelsespolitik"},"content":{"rendered":"<h3 class=\"wp-block-heading\">Forsendelsespolitik<\/h3>\n\n\n\n<p>Leveringstiden afh\u00e6nger af produktet.<\/p>\n\n\n\n<p>Gratis fragt p\u00e5 alle ordrer&nbsp;<strong>$59+&nbsp;<\/strong>verden over!&nbsp;<\/p>\n\n\n\n<p>For alle ordrer under $59 er forsendelsesgebyret $5,99.<\/p>\n\n\n\n<h3 class=\"wp-block-heading\"><strong>Leveringstider<\/strong><\/h3>\n\n\n\n<figure class=\"wp-block-table\"><table class=\"has-fixed-layout\"><tbody><tr><td>Produkttype<\/td><td>H\u00e5ndteringstid<\/td><td>Leveringstid<\/td><\/tr><tr><td>Standardprodukt<\/td><td>1-2 kalenderdage<\/td><td>3-7 kalenderdage<\/td><\/tr><\/tbody><\/table><\/figure>\n\n\n\n<p>Vi vil g\u00f8re alt for at levere din pakke hurtigst muligt. Der kan dog v\u00e6re behov for yderligere tid p\u00e5 grund af ugyldige adresser og problemer med toldbehandlingen.<\/p>\n\n\n\n<p>Vi har mange samarbejdsvillige ekspresfirmaer, s\u00e5som DHL, EMS, FedEx, HK Post og UPS. Vi v\u00e6lger den transportform, der passer bedst til dit land.<\/p>\n\n\n\n<h3 class=\"wp-block-heading\"><strong>Forsendelsesundtagelser:<\/strong><\/h3>\n\n\n\n<p>Bem\u00e6rk venligst, at postboksadressen er tilg\u00e6ngelig (<strong>eksklusive APO\/FPO\/DPO-adresse<\/strong>). Indtast venligst en bop\u00e6ls- eller virksomhedsadresse ved kassen.<\/p>\n\n\n\n<h3 class=\"wp-block-heading\">Hvem betaler told\/skatter?<\/h3>\n\n\n\n<p>Hvert land har sine egne toldregler og -politikker. Kontakt venligst det lokale toldv\u00e6sen for yderligere information. Hvis der i sj\u00e6ldne tilf\u00e6lde opkr\u00e6ves importafgifter eller skatter, er kunden ansvarlig for at betale dem.<\/p>\n\n\n\n<h3 class=\"wp-block-heading\"><strong>Hvad hvis jeg aldrig har modtaget min ordre?<\/strong><\/h3>\n\n\n\n<p>Pakker kan lejlighedsvis blive v\u00e6k under transport, blive leveret til en forkert adresse, ankomme i separate pakker eller blive efterladt et andet sted i dit hjem.<br><br>Hvis din ordre er over den forventede leveringsdato, eller hvis den er markeret som leveret, men ikke kan findes, bedes du kontakte kundeservice for at f\u00e5 hj\u00e6lp. Kontakt os:<strong>&nbsp;support@gotouchup.com<\/strong><\/p>\n\n\n\n<h4 class=\"wp-block-heading\">Hvad skal man g\u00f8re, hvis der er en forsinkelse?<\/h4>\n\n\n\n<p>Det er fuldt ud muligt, at din pakke bliver forsinket p\u00e5 grund af vejrforhold eller andre force majeure-faktorer. Hvis forsinkelsen p\u00e5virker din brug, bedes du kontakte vores toldservice via&nbsp;<strong>support@gotouchup.com<\/strong>&nbsp;for kompensation.<\/p>","protected":false},"excerpt":{"rendered":"<p>Shipping policy Shipping time depends on the product. Free shipping on all orders&nbsp;$59+&nbsp;worldwide!&nbsp; For all orders under $59, the shipping<\/p>","protected":false},"author":1,"featured_media":0,"parent":0,"menu_order":0,"comment_status":"closed","ping_status":"closed","template":"","meta":{"_acf_changed":false,"_monsterinsights_skip_tracking":false,"_monsterinsights_sitenote_active":false,"_monsterinsights_sitenote_note":"","_monsterinsights_sitenote_category":0,"footnotes":""},"class_list":["post-10003","page","type-page","status-publish","hentry"],"acf":[],"yoast_head":"<!-- This site is optimized with the Yoast SEO Premium plugin v25.7.1 (Yoast SEO v25.7) - https:\/\/yoast.com\/wordpress\/plugins\/seo\/ -->\n<title>Shipping Policy - GoTouchUp<\/title>\n<meta name=\"robots\" content=\"index, follow, max-snippet:-1, max-image-preview:large, max-video-preview:-1\" \/>\n<link rel=\"canonical\" href=\"https:\/\/gotouchup.com\/da\/shipping-policy\/\" \/>\n<meta property=\"og:locale\" content=\"da_DK\" \/>\n<meta property=\"og:type\" content=\"article\" \/>\n<meta property=\"og:title\" content=\"Shipping Policy\" \/>\n<meta property=\"og:description\" content=\"Shipping policy Shipping time depends on the product. Free shipping on all orders&nbsp;$59+&nbsp;worldwide!&nbsp; For all orders under $59, the shipping\" \/>\n<meta property=\"og:url\" content=\"https:\/\/gotouchup.com\/da\/shipping-policy\/\" \/>\n<meta property=\"og:site_name\" content=\"GoTouchUp\" \/>\n<meta property=\"article:modified_time\" content=\"2024-10-19T08:53:35+00:00\" \/>\n<meta name=\"twitter:card\" content=\"summary_large_image\" \/>\n<meta name=\"twitter:label1\" content=\"Est. reading time\" \/>\n\t<meta name=\"twitter:data1\" content=\"1 minut\" \/>\n<script type=\"application\/ld+json\" class=\"yoast-schema-graph\">{\"@context\":\"https:\/\/schema.org\",\"@graph\":[{\"@type\":\"WebPage\",\"@id\":\"https:\/\/gotouchup.com\/shipping-policy\/\",\"url\":\"https:\/\/gotouchup.com\/shipping-policy\/\",\"name\":\"Shipping Policy - GoTouchUp\",\"isPartOf\":{\"@id\":\"https:\/\/gotouchup.com\/#website\"},\"datePublished\":\"2024-10-19T08:52:35+00:00\",\"dateModified\":\"2024-10-19T08:53:35+00:00\",\"breadcrumb\":{\"@id\":\"https:\/\/gotouchup.com\/shipping-policy\/#breadcrumb\"},\"inLanguage\":\"da-DK\",\"potentialAction\":[{\"@type\":\"ReadAction\",\"target\":[\"https:\/\/gotouchup.com\/shipping-policy\/\"]}]},{\"@type\":\"BreadcrumbList\",\"@id\":\"https:\/\/gotouchup.com\/shipping-policy\/#breadcrumb\",\"itemListElement\":[{\"@type\":\"ListItem\",\"position\":1,\"name\":\"Home\",\"item\":\"https:\/\/gotouchup.com\/\"},{\"@type\":\"ListItem\",\"position\":2,\"name\":\"Shipping Policy\"}]},{\"@type\":\"WebSite\",\"@id\":\"https:\/\/gotouchup.com\/#website\",\"url\":\"https:\/\/gotouchup.com\/\",\"name\":\"GoTouchUp\",\"description\":\"Revive Your Finish with GoTouchUp\",\"publisher\":{\"@id\":\"https:\/\/gotouchup.com\/#organization\"},\"potentialAction\":[{\"@type\":\"SearchAction\",\"target\":{\"@type\":\"EntryPoint\",\"urlTemplate\":\"https:\/\/gotouchup.com\/?s={search_term_string}\"},\"query-input\":{\"@type\":\"PropertyValueSpecification\",\"valueRequired\":true,\"valueName\":\"search_term_string\"}}],\"inLanguage\":\"da-DK\"},{\"@type\":\"Organization\",\"@id\":\"https:\/\/gotouchup.com\/#organization\",\"name\":\"GTUSTECH LLC\",\"url\":\"https:\/\/gotouchup.com\/\",\"logo\":{\"@type\":\"ImageObject\",\"inLanguage\":\"da-DK\",\"@id\":\"https:\/\/gotouchup.com\/#\/schema\/logo\/image\/\",\"url\":\"https:\/\/gotouchup.com\/wp-content\/uploads\/2024\/10\/Asset-1@5x.png\",\"contentUrl\":\"https:\/\/gotouchup.com\/wp-content\/uploads\/2024\/10\/Asset-1@5x.png\",\"width\":1060,\"height\":246,\"caption\":\"GTUSTECH LLC\"},\"image\":{\"@id\":\"https:\/\/gotouchup.com\/#\/schema\/logo\/image\/\"}}]}<\/script>\n<!-- \/ Yoast SEO Premium plugin. -->","yoast_head_json":{"title":"Shipping Policy - GoTouchUp","robots":{"index":"index","follow":"follow","max-snippet":"max-snippet:-1","max-image-preview":"max-image-preview:large","max-video-preview":"max-video-preview:-1"},"canonical":"https:\/\/gotouchup.com\/da\/shipping-policy\/","og_locale":"da_DK","og_type":"article","og_title":"Shipping Policy","og_description":"Shipping policy Shipping time depends on the product. Free shipping on all orders&nbsp;$59+&nbsp;worldwide!&nbsp; For all orders under $59, the shipping","og_url":"https:\/\/gotouchup.com\/da\/shipping-policy\/","og_site_name":"GoTouchUp","article_modified_time":"2024-10-19T08:53:35+00:00","twitter_card":"summary_large_image","twitter_misc":{"Est. reading time":"1 minut"},"schema":{"@context":"https:\/\/schema.org","@graph":[{"@type":"WebPage","@id":"https:\/\/gotouchup.com\/shipping-policy\/","url":"https:\/\/gotouchup.com\/shipping-policy\/","name":"Shipping Policy - GoTouchUp","isPartOf":{"@id":"https:\/\/gotouchup.com\/#website"},"datePublished":"2024-10-19T08:52:35+00:00","dateModified":"2024-10-19T08:53:35+00:00","breadcrumb":{"@id":"https:\/\/gotouchup.com\/shipping-policy\/#breadcrumb"},"inLanguage":"da-DK","potentialAction":[{"@type":"ReadAction","target":["https:\/\/gotouchup.com\/shipping-policy\/"]}]},{"@type":"BreadcrumbList","@id":"https:\/\/gotouchup.com\/shipping-policy\/#breadcrumb","itemListElement":[{"@type":"ListItem","position":1,"name":"Home","item":"https:\/\/gotouchup.com\/"},{"@type":"ListItem","position":2,"name":"Shipping Policy"}]},{"@type":"WebSite","@id":"https:\/\/gotouchup.com\/#website","url":"https:\/\/gotouchup.com\/","name":"GoTouchUp","description":"Genopliv din finish med GoTouchUp","publisher":{"@id":"https:\/\/gotouchup.com\/#organization"},"potentialAction":[{"@type":"SearchAction","target":{"@type":"EntryPoint","urlTemplate":"https:\/\/gotouchup.com\/?s={search_term_string}"},"query-input":{"@type":"PropertyValueSpecification","valueRequired":true,"valueName":"search_term_string"}}],"inLanguage":"da-DK"},{"@type":"Organization","@id":"https:\/\/gotouchup.com\/#organization","name":"GTUSTECH LLC","url":"https:\/\/gotouchup.com\/","logo":{"@type":"ImageObject","inLanguage":"da-DK","@id":"https:\/\/gotouchup.com\/#\/schema\/logo\/image\/","url":"https:\/\/gotouchup.com\/wp-content\/uploads\/2024\/10\/Asset-1@5x.png","contentUrl":"https:\/\/gotouchup.com\/wp-content\/uploads\/2024\/10\/Asset-1@5x.png","width":1060,"height":246,"caption":"GTUSTECH LLC"},"image":{"@id":"https:\/\/gotouchup.com\/#\/schema\/logo\/image\/"}}]}},"_links":{"self":[{"href":"https:\/\/gotouchup.com\/da\/wp-json\/wp\/v2\/pages\/10003","targetHints":{"allow":["GET"]}}],"collection":[{"href":"https:\/\/gotouchup.com\/da\/wp-json\/wp\/v2\/pages"}],"about":[{"href":"https:\/\/gotouchup.com\/da\/wp-json\/wp\/v2\/types\/page"}],"author":[{"embeddable":true,"href":"https:\/\/gotouchup.com\/da\/wp-json\/wp\/v2\/users\/1"}],"replies":[{"embeddable":true,"href":"https:\/\/gotouchup.com\/da\/wp-json\/wp\/v2\/comments?post=10003"}],"version-history":[{"count":0,"href":"https:\/\/gotouchup.com\/da\/wp-json\/wp\/v2\/pages\/10003\/revisions"}],"wp:attachment":[{"href":"https:\/\/gotouchup.com\/da\/wp-json\/wp\/v2\/media?parent=10003"}],"curies":[{"name":"wp","href":"https:\/\/api.w.org\/{rel}","templated":true}]}}